{"id":7664,"date":"2023-01-16T16:26:56","date_gmt":"2023-01-16T16:26:56","guid":{"rendered":"https:\/\/tikowi.ch\/?page_id=7664"},"modified":"2025-12-03T08:59:27","modified_gmt":"2025-12-03T07:59:27","slug":"ntz","status":"publish","type":"page","link":"https:\/\/tikowi.ch\/index.php\/ntz\/","title":{"rendered":"NTZ &#8211; die neue TiKoWi-Zeitung"},"content":{"rendered":"\t\t<div data-elementor-type=\"wp-post\" data-elementor-id=\"10163\" class=\"elementor elementor-10163\" data-elementor-post-type=\"post\">\n\t\t\t\t<div class=\"elementor-element elementor-element-26e58e6 e-flex e-con-boxed e-con e-parent\" data-id=\"26e58e6\" data-element_type=\"container\" data-e-type=\"container\">\n\t\t\t\t\t<div class=\"e-con-inner\">\n\t\t<div class=\"elementor-element elementor-element-a692428 e-con-full e-flex e-con e-child\" data-id=\"a692428\" data-element_type=\"container\" data-e-type=\"container\">\n\t\t\t\t<div class=\"elementor-element elementor-element-5ccfb1f elementor-widget elementor-widget-text-editor\" data-id=\"5ccfb1f\" data-element_type=\"widget\" data-e-type=\"widget\" data-widget_type=\"text-editor.default\">\n\t\t\t\t<div class=\"elementor-widget-container\">\n\t\t\t\t\t\t\t\t\t<p style=\"text-align: left;\">Das m\u00e4ssige Sommerwetter hat auch sein Gutes. Wir r\u00e4umen auf und um, schlafen viel und haben Zeit f\u00fcr Kreatives.\u00a0<\/p><p style=\"text-align: left;\">Das neue E-Book von Pr\u00fclla, die &#171;Projekttasche To Go!&#187; wollte ich l\u00e4ngst ausprobieren. Voil\u00e0<\/p><p style=\"text-align: left;\">Alle Stoffe innen von Cloud 9 Fabrics, braun eigentlich nicht meine Farbe, aber die Kombination gef\u00e4llt mir sehr. Sehr, sehr sogar!<\/p><p style=\"text-align: left;\">Das n\u00e4chste Projekt ist in der Pipeline, zwei Hoodies f\u00fcr den Herbst sind bestellt&#8230; es wird hier wieder etwas aktiver, versprochen!<\/p><p style=\"text-align: left;\">Und die Projekttasche geht an einen lieben Mitmenschen, der mir diese Woche trotz Feiertag, Ferien und weissn\u00f6dwas mit Rat und Tat zur Seite gestanden hat.\u00a0<\/p><p style=\"text-align: left;\">\u00a0<\/p>\t\t\t\t\t\t\t\t<\/div>\n\t\t\t\t<\/div>\n\t\t\t\t<\/div>\n\t\t<div class=\"elementor-element elementor-element-9c2220f e-con-full e-flex e-con e-child\" data-id=\"9c2220f\" data-element_type=\"container\" data-e-type=\"container\">\n\t\t\t\t<div class=\"elementor-element elementor-element-36cc513 elementor-widget elementor-widget-image\" data-id=\"36cc513\" data-element_type=\"widget\" data-e-type=\"widget\" data-widget_type=\"image.default\">\n\t\t\t\t<div class=\"elementor-widget-container\">\n\t\t\t\t\t\t\t\t\t\t\t\t\t\t\t<img fetchpriority=\"high\" decoding=\"async\" width=\"768\" height=\"1024\" src=\"https:\/\/tikowi.ch\/wp-content\/uploads\/2025\/08\/IMG_6409-768x1024.jpeg\" class=\"attachment-large size-large wp-image-10167\" alt=\"\" srcset=\"https:\/\/tikowi.ch\/wp-content\/uploads\/2025\/08\/IMG_6409-768x1024.jpeg 768w, https:\/\/tikowi.ch\/wp-content\/uploads\/2025\/08\/IMG_6409-225x300.jpeg 225w, https:\/\/tikowi.ch\/wp-content\/uploads\/2025\/08\/IMG_6409-1152x1536.jpeg 1152w, https:\/\/tikowi.ch\/wp-content\/uploads\/2025\/08\/IMG_6409-1536x2048.jpeg 1536w, https:\/\/tikowi.ch\/wp-content\/uploads\/2025\/08\/IMG_6409-1024x1365.jpeg 1024w, https:\/\/tikowi.ch\/wp-content\/uploads\/2025\/08\/IMG_6409-810x1080.jpeg 810w, https:\/\/tikowi.ch\/wp-content\/uploads\/2025\/08\/IMG_6409-scaled.jpeg 1920w\" sizes=\"(max-width: 768px) 100vw, 768px\" \/>\t\t\t\t\t\t\t\t\t\t\t\t\t\t\t<\/div>\n\t\t\t\t<\/div>\n\t\t\t\t<\/div>\n\t\t<div class=\"elementor-element elementor-element-1bcf3f4 e-con-full e-flex e-con e-child\" data-id=\"1bcf3f4\" data-element_type=\"container\" data-e-type=\"container\">\n\t\t\t\t<div class=\"elementor-element elementor-element-7fcf3d0 elementor-widget elementor-widget-text-editor\" data-id=\"7fcf3d0\" data-element_type=\"widget\" data-e-type=\"widget\" data-widget_type=\"text-editor.default\">\n\t\t\t\t<div class=\"elementor-widget-container\">\n\t\t\t\t\t\t\t\t\t<p>Schnitt: <a href=\"https:\/\/pruella.shop\/en\/p\/ebook-project-bag-togo\" target=\"_blank\" rel=\"noopener\">Projekttasche To G<\/a>o<\/p><p style=\"text-align: left;\">Stoffe innen: alle Cloud 9 \u00fcber Kreando, Aussenstoff ist eine stabile Jute, ebenfalls \u00fcber <a href=\"http:\/\/www.kreando.ch\" target=\"_blank\" rel=\"noopener\">www.kreando.ch<\/a><\/p>\t\t\t\t\t\t\t\t<\/div>\n\t\t\t\t<\/div>\n\t\t\t\t<\/div>\n\t\t<div class=\"elementor-element elementor-element-6dde1f6 e-con-full e-flex e-con e-child\" data-id=\"6dde1f6\" data-element_type=\"container\" data-e-type=\"container\">\n\t\t\t\t<div class=\"elementor-element elementor-element-cab90e9 elementor-widget elementor-widget-gallery\" data-id=\"cab90e9\" data-element_type=\"widget\" data-e-type=\"widget\" data-settings=\"{&quot;lazyload&quot;:&quot;yes&quot;,&quot;gallery_layout&quot;:&quot;grid&quot;,&quot;columns&quot;:4,&quot;columns_tablet&quot;:2,&quot;columns_mobile&quot;:1,&quot;gap&quot;:{&quot;unit&quot;:&quot;px&quot;,&quot;size&quot;:10,&quot;sizes&quot;:[]},&quot;gap_tablet&quot;:{&quot;unit&quot;:&quot;px&quot;,&quot;size&quot;:10,&quot;sizes&quot;:[]},&quot;gap_mobile&quot;:{&quot;unit&quot;:&quot;px&quot;,&quot;size&quot;:10,&quot;sizes&quot;:[]},&quot;link_to&quot;:&quot;file&quot;,&quot;aspect_ratio&quot;:&quot;3:2&quot;,&quot;overlay_background&quot;:&quot;yes&quot;,&quot;content_hover_animation&quot;:&quot;fade-in&quot;}\" data-widget_type=\"gallery.default\">\n\t\t\t\t<div class=\"elementor-widget-container\">\n\t\t\t\t\t\t\t<div class=\"elementor-gallery__container\">\n\t\t\t\t\t\t\t<a class=\"e-gallery-item elementor-gallery-item elementor-animated-content\" href=\"https:\/\/tikowi.ch\/wp-content\/uploads\/2025\/08\/IMG_6407-scaled.jpeg\" data-elementor-open-lightbox=\"yes\" data-elementor-lightbox-slideshow=\"cab90e9\" data-elementor-lightbox-title=\"IMG_6407\" data-e-action-hash=\"#elementor-action%3Aaction%3Dlightbox%26settings%3DeyJpZCI6MTAxNjUsInVybCI6Imh0dHBzOlwvXC90aWtvd2kuY2hcL3dwLWNvbnRlbnRcL3VwbG9hZHNcLzIwMjVcLzA4XC9JTUdfNjQwNy1zY2FsZWQuanBlZyIsInNsaWRlc2hvdyI6ImNhYjkwZTkifQ%3D%3D\">\n\t\t\t\t\t<div class=\"e-gallery-image elementor-gallery-item__image\" data-thumbnail=\"https:\/\/tikowi.ch\/wp-content\/uploads\/2025\/08\/IMG_6407-300x225.jpeg\" data-width=\"300\" data-height=\"225\" aria-label=\"\" role=\"img\" ><\/div>\n\t\t\t\t\t\t\t\t\t\t\t<div class=\"elementor-gallery-item__overlay\"><\/div>\n\t\t\t\t\t\t\t\t\t\t\t\t\t\t<\/a>\n\t\t\t\t\t\t\t<a class=\"e-gallery-item elementor-gallery-item elementor-animated-content\" href=\"https:\/\/tikowi.ch\/wp-content\/uploads\/2025\/08\/IMG_6408-scaled.jpeg\" data-elementor-open-lightbox=\"yes\" data-elementor-lightbox-slideshow=\"cab90e9\" data-elementor-lightbox-title=\"IMG_6408\" data-e-action-hash=\"#elementor-action%3Aaction%3Dlightbox%26settings%3DeyJpZCI6MTAxNjYsInVybCI6Imh0dHBzOlwvXC90aWtvd2kuY2hcL3dwLWNvbnRlbnRcL3VwbG9hZHNcLzIwMjVcLzA4XC9JTUdfNjQwOC1zY2FsZWQuanBlZyIsInNsaWRlc2hvdyI6ImNhYjkwZTkifQ%3D%3D\">\n\t\t\t\t\t<div class=\"e-gallery-image elementor-gallery-item__image\" data-thumbnail=\"https:\/\/tikowi.ch\/wp-content\/uploads\/2025\/08\/IMG_6408-225x300.jpeg\" data-width=\"225\" data-height=\"300\" aria-label=\"\" role=\"img\" ><\/div>\n\t\t\t\t\t\t\t\t\t\t\t<div class=\"elementor-gallery-item__overlay\"><\/div>\n\t\t\t\t\t\t\t\t\t\t\t\t\t\t<\/a>\n\t\t\t\t\t\t\t<a class=\"e-gallery-item elementor-gallery-item elementor-animated-content\" href=\"https:\/\/tikowi.ch\/wp-content\/uploads\/2025\/08\/IMG_6410-scaled.jpeg\" data-elementor-open-lightbox=\"yes\" data-elementor-lightbox-slideshow=\"cab90e9\" data-elementor-lightbox-title=\"IMG_6410\" data-e-action-hash=\"#elementor-action%3Aaction%3Dlightbox%26settings%3DeyJpZCI6MTAxNjgsInVybCI6Imh0dHBzOlwvXC90aWtvd2kuY2hcL3dwLWNvbnRlbnRcL3VwbG9hZHNcLzIwMjVcLzA4XC9JTUdfNjQxMC1zY2FsZWQuanBlZyIsInNsaWRlc2hvdyI6ImNhYjkwZTkifQ%3D%3D\">\n\t\t\t\t\t<div class=\"e-gallery-image elementor-gallery-item__image\" data-thumbnail=\"https:\/\/tikowi.ch\/wp-content\/uploads\/2025\/08\/IMG_6410-225x300.jpeg\" data-width=\"225\" data-height=\"300\" aria-label=\"\" role=\"img\" ><\/div>\n\t\t\t\t\t\t\t\t\t\t\t<div class=\"elementor-gallery-item__overlay\"><\/div>\n\t\t\t\t\t\t\t\t\t\t\t\t\t\t<\/a>\n\t\t\t\t\t<\/div>\n\t\t\t\t\t<\/div>\n\t\t\t\t<\/div>\n\t\t\t\t<\/div>\n\t\t\t\t\t<\/div>\n\t\t\t\t<\/div>\n\t\t\t\t<\/div>\n\t\t","protected":false},"excerpt":{"rendered":"<p>NTZ 2025 NTZ Deutsche Version NTZ 2025 &#8211; English Version &#8211; thanks to Deepl and Koni Unsere NTZ Unsere NTZ, die Neue TiK0Wi-Zeitung entstand im ersten Jahr nach AnnAs Geburtstag \u2013 einfach, um all\u203a die wahnsinnig vielen Fotos irgendwie noch einmal Revue passieren zu lassen. Entstanden ist ein mehr oder weniger am\u00fcsantse Sammelsurium unserer Familiengeschichte&hellip; <br \/> <a class=\"button small blue\" href=\"https:\/\/tikowi.ch\/index.php\/2025\/08\/04\/projekttasche-to-go\/\">Read more<\/a><\/p>\n","protected":false},"author":1,"featured_media":0,"parent":0,"menu_order":0,"comment_status":"closed","ping_status":"closed","template":"full-width-page.php","meta":{"ngg_post_thumbnail":0,"footnotes":""},"class_list":["post-7664","page","type-page","status-publish","hentry"],"_links":{"self":[{"href":"https:\/\/tikowi.ch\/index.php\/wp-json\/wp\/v2\/pages\/7664","targetHints":{"allow":["GET"]}}],"collection":[{"href":"https:\/\/tikowi.ch\/index.php\/wp-json\/wp\/v2\/pages"}],"about":[{"href":"https:\/\/tikowi.ch\/index.php\/wp-json\/wp\/v2\/types\/page"}],"author":[{"embeddable":true,"href":"https:\/\/tikowi.ch\/index.php\/wp-json\/wp\/v2\/users\/1"}],"replies":[{"embeddable":true,"href":"https:\/\/tikowi.ch\/index.php\/wp-json\/wp\/v2\/comments?post=7664"}],"version-history":[{"count":19,"href":"https:\/\/tikowi.ch\/index.php\/wp-json\/wp\/v2\/pages\/7664\/revisions"}],"predecessor-version":[{"id":10197,"href":"https:\/\/tikowi.ch\/index.php\/wp-json\/wp\/v2\/pages\/7664\/revisions\/10197"}],"wp:attachment":[{"href":"https:\/\/tikowi.ch\/index.php\/wp-json\/wp\/v2\/media?parent=7664"}],"curies":[{"name":"wp","href":"https:\/\/api.w.org\/{rel}","templated":true}]}}