{"id":76,"date":"2018-08-17T12:15:09","date_gmt":"2018-08-17T12:15:09","guid":{"rendered":"https:\/\/tikowi.ch\/?page_id=76"},"modified":"2023-01-23T19:42:42","modified_gmt":"2023-01-23T19:42:42","slug":"links","status":"publish","type":"page","link":"https:\/\/tikowi.ch\/index.php\/links\/","title":{"rendered":"Links"},"content":{"rendered":"<p>Damit hier wenigstens mal was steht&#8230;<\/p>\n<h3>Thema: Allgemein<\/h3>\n<ul>\n<li><a href=\"http:\/\/www.zvv.ch\">www.zvv.ch<\/a> &#8211; f\u00fcr Reisen in der CHF<\/li>\n<li><a href=\"http:\/\/www.db.de\">www.db.de<\/a> &#8211; f\u00fcr Reisen in Europa<\/li>\n<li>www.local.ch &#8211; das Telefonbuch der CH<\/li>\n<li><a href=\"http:\/\/www.winterthur.ch\">www.winterthur.ch<\/a>&nbsp;&#8211; die netteste Stadt in der CH<\/li>\n<li><a href=\"http:\/\/www.ksw.ch\">www.ksw.ch<\/a> &#8211; das Spital in der N\u00e4he<\/li>\n<li><a href=\"http:\/\/www.lindberg.ch\">www.lindberg.ch<\/a> &#8211; das Privatspital, hat eine extrem effiziente Notfall<\/li>\n<\/ul>\n\n\n<h3 class=\"wp-block-heading\">Thema: Hund<\/h3>\n\n\n\n<ul class=\"wp-block-list\">\n<li><a href=\"http:\/\/www.littledragonfromfirefighter.de\">www.littledragonfromfirefighter.de<\/a> &#8211; da kommen sie her, unsere<\/li>\n\n\n\n<li><a href=\"http:\/\/www.gundogchallenge.ch\">www.gundogchallenge.ch<\/a> &#8211; da werden sie besch\u00e4ftigt und ich auch<\/li>\n\n\n\n<li><a href=\"http:\/\/www.dogschool.ch\">www.dogschool.ch<\/a> &#8211; da beginnt&#8217;s!<\/li>\n\n\n\n<li>Falls der Hund knochenm\u00e4ssig versch(r)oben oder blockiert ist: <a href=\"http:\/\/www.vetchiropraktik.ch\">www.vetchiropraktik.ch<\/a> <\/li>\n\n\n\n<li><a rel=\"noreferrer noopener\" href=\"http:\/\/www.harkila.com\" target=\"_blank\">www.harkila.com<\/a> &#8211; nette Bekleidung f\u00fcr garstiges Wetter<\/li>\n\n\n\n<li><a rel=\"noreferrer noopener\" aria-label=\"www.netap.ch (\u00f6ffnet in neuem Tab)\" href=\"http:\/\/www.netap.ch\" target=\"_blank\">www.netap.ch<\/a> &#8211; NETAP (unter anderm unser Haustierarzt Clavadetscher samt Team) kastriert laufend freilaufende Katzen und Hunde &#8211; auch in der CH. Damit das Katzenelend ein Ende hat &#8211; sinnvollerweise g\u00e4be es endlich eine Kastrationspflicht f\u00fcr Freig\u00e4nger&#8230;<\/li>\n<\/ul>\n\n\n\n<h3 class=\"wp-block-heading\">Thema: spannend<\/h3>\n\n\n\n<ul class=\"wp-block-list\">\n<li><a href=\"http:\/\/www.lern-werk.ch\">www.lern-werk.ch<\/a> &#8211; Neurofeedback. Sehr spannende Geschichte f\u00fcrs Hirn<\/li>\n\n\n\n<li><a rel=\"noreferrer noopener\" aria-label=\"www.The-Global-Rambler.blogspot.com - ein englischer Blog der von 43 Jahren Erfahrung im Reisebusiness berichte. 43 Jahre Reisen organisieren, begleiten, Reisen zum Annapurna, nach China, Tibet, Afrika, Neuseeland oder in die CH in Zeiten vor dem WWW. Oder dem Handy! AKTUELL NICHT ONLINE 6.8.19 (\u00f6ffnet in neuem Tab)\" href=\"https:\/\/the-global-rambler.blogspot.com\" target=\"_blank\">www.The-Global-Rambler.blogspot.com &#8211; <\/a>ein englischer Blog der von 43 Jahren Erfahrung im Reisebusiness berichte. 43 Jahre Reisen organisieren, begleiten, Reisen zum Annapurna, nach China, Tibet, Afrika, Neuseeland oder in die CH in Zeiten vor dem WWW. Oder dem Handy! <\/li>\n<\/ul>\n\n\n\n<h3 class=\"wp-block-heading\">Thema: Musik<\/h3>\n\n\n\n<p><a href=\"http:\/\/www.ericcblue.com\">www.ericcblue.com<\/a> &#8211; bester Gitarrist oder so. Jaja, ich bin nicht ganz objektiv<\/p>\n\n\n\n<h3 class=\"wp-block-heading\">Thema Textil<\/h3>\n\n\n\n<ul class=\"wp-block-list\">\n<li><a rel=\"noreferrer noopener\" href=\"http:\/\/www.kreando.ch\" target=\"_blank\">www.kreando.ch<\/a><\/li>\n\n\n\n<li>www.pruella.de &#8211; sportlich, farbig, sch\u00f6n!<\/li>\n\n\n\n<li><a rel=\"noreferrer noopener\" href=\"https:\/\/www.kuntundbunt.ch\" target=\"_blank\">www.kuntundbunt.ch<\/a> &#8211; neu im Valley Kemptthal daheim, ein Stoffladen zum eintauchen und dem Shoppingwahn verfallen. Auch gut f\u00fcr technische Probleme!<\/li>\n\n\n\n<li><a rel=\"noreferrer noopener\" href=\"https:\/\/www.helloheidifabrics.com\" target=\"_blank\">Hello Heidi Fabrics<\/a> &#8211; kleine, feine Auswahl von laufend neuen Spezialit\u00e4ten f\u00fcr Erwachsene. Nur online &#8211; \u00f6fter mal vorbei gucken,  lohnt sich!<\/li>\n\n\n\n<li><a rel=\"noreferrer noopener\" href=\"https:\/\/stoffart.ch\" target=\"_blank\">Stoffart<\/a> &#8211; Feuerthalen. Kleines, feines, L\u00e4deli mit inspirierender Ausstellung<\/li>\n\n\n\n<li><a rel=\"noreferrer noopener\" href=\"http:\/\/alles-fuer-selbermacher.de\" target=\"_blank\">alles f\u00fcr Selbermacher<\/a> &#8211; Versand aus DE, perfekt f\u00fcr Label und Aufdrucke<\/li>\n\n\n\n<li><a rel=\"noreferrer noopener\" href=\"http:\/\/www.snaply.de\" target=\"_blank\">Snaply<\/a> &#8211; Versand aus DE, gute Wahl an Oilskin<\/li>\n\n\n\n<li><a rel=\"noreferrer noopener\" href=\"https:\/\/www.stoffundstil.de\" target=\"_blank\">Stoff &amp; Stil<\/a> &#8211; liefert leider nicht in die CH, aber inspiriert trotzdem<\/li>\n<\/ul>\n\n\n\n<p><\/p>\n","protected":false},"excerpt":{"rendered":"<p>Damit hier wenigstens mal was steht&#8230; Thema: Allgemein www.zvv.ch &#8211; f\u00fcr Reisen in der CHF www.db.de &#8211; f\u00fcr Reisen in Europa www.local.ch &#8211; das Telefonbuch der CH www.winterthur.ch&nbsp;&#8211; die netteste Stadt in der CH www.ksw.ch &#8211; das Spital in der N\u00e4he www.lindberg.ch &#8211; das Privatspital, hat eine extrem effiziente Notfall Thema: Hund Thema: spannend Thema:&hellip; <br \/> <a class=\"button small blue\" href=\"https:\/\/tikowi.ch\/index.php\/links\/\">Read more<\/a><\/p>\n","protected":false},"author":1,"featured_media":0,"parent":0,"menu_order":90,"comment_status":"closed","ping_status":"closed","template":"","meta":{"ngg_post_thumbnail":0,"footnotes":""},"class_list":["post-76","page","type-page","status-publish","hentry"],"_links":{"self":[{"href":"https:\/\/tikowi.ch\/index.php\/wp-json\/wp\/v2\/pages\/76","targetHints":{"allow":["GET"]}}],"collection":[{"href":"https:\/\/tikowi.ch\/index.php\/wp-json\/wp\/v2\/pages"}],"about":[{"href":"https:\/\/tikowi.ch\/index.php\/wp-json\/wp\/v2\/types\/page"}],"author":[{"embeddable":true,"href":"https:\/\/tikowi.ch\/index.php\/wp-json\/wp\/v2\/users\/1"}],"replies":[{"embeddable":true,"href":"https:\/\/tikowi.ch\/index.php\/wp-json\/wp\/v2\/comments?post=76"}],"version-history":[{"count":26,"href":"https:\/\/tikowi.ch\/index.php\/wp-json\/wp\/v2\/pages\/76\/revisions"}],"predecessor-version":[{"id":7991,"href":"https:\/\/tikowi.ch\/index.php\/wp-json\/wp\/v2\/pages\/76\/revisions\/7991"}],"wp:attachment":[{"href":"https:\/\/tikowi.ch\/index.php\/wp-json\/wp\/v2\/media?parent=76"}],"curies":[{"name":"wp","href":"https:\/\/api.w.org\/{rel}","templated":true}]}}