{"id":71,"date":"2018-08-17T12:13:42","date_gmt":"2018-08-17T12:13:42","guid":{"rendered":"https:\/\/tikowi.ch\/?page_id=71"},"modified":"2021-06-27T11:46:48","modified_gmt":"2021-06-27T11:46:48","slug":"koni","status":"publish","type":"page","link":"https:\/\/tikowi.ch\/index.php\/the-tikowis\/koni\/","title":{"rendered":"Koni"},"content":{"rendered":"\n<p>Mitbegr\u00fcnder der TiKoWis, chaotische Grundz\u00fcge und Blues-Man mit Hang zu sportlichen W\u00e4gelchen, einem guten Glas Wein und netter Musik. Sonst noch was?<\/p>\n\n\n\n<figure class=\"wp-block-image size-large\"><img fetchpriority=\"high\" decoding=\"async\" width=\"1024\" height=\"684\" src=\"https:\/\/tikowi.ch\/wp-content\/uploads\/2021\/06\/d2b059a2-0c94-464e-8c7c-bc11abed93c4-1024x684.jpg\" alt=\"\" class=\"wp-image-5390\" srcset=\"https:\/\/tikowi.ch\/wp-content\/uploads\/2021\/06\/d2b059a2-0c94-464e-8c7c-bc11abed93c4-1024x684.jpg 1024w, https:\/\/tikowi.ch\/wp-content\/uploads\/2021\/06\/d2b059a2-0c94-464e-8c7c-bc11abed93c4-300x200.jpg 300w, https:\/\/tikowi.ch\/wp-content\/uploads\/2021\/06\/d2b059a2-0c94-464e-8c7c-bc11abed93c4-768x513.jpg 768w, https:\/\/tikowi.ch\/wp-content\/uploads\/2021\/06\/d2b059a2-0c94-464e-8c7c-bc11abed93c4-1536x1026.jpg 1536w, https:\/\/tikowi.ch\/wp-content\/uploads\/2021\/06\/d2b059a2-0c94-464e-8c7c-bc11abed93c4-800x534.jpg 800w, https:\/\/tikowi.ch\/wp-content\/uploads\/2021\/06\/d2b059a2-0c94-464e-8c7c-bc11abed93c4.jpg 2048w\" sizes=\"(max-width: 1024px) 100vw, 1024px\" \/><figcaption>24.06.21 &#8211; Altstadt<\/figcaption><\/figure>\n\n\n\n<figure class=\"wp-block-image size-large\"><img decoding=\"async\" width=\"1024\" height=\"768\" src=\"https:\/\/tikowi.ch\/wp-content\/uploads\/2021\/04\/IMG_1742-1-1024x768.jpeg\" alt=\"\" class=\"wp-image-4943\" srcset=\"https:\/\/tikowi.ch\/wp-content\/uploads\/2021\/04\/IMG_1742-1-1024x768.jpeg 1024w, https:\/\/tikowi.ch\/wp-content\/uploads\/2021\/04\/IMG_1742-1-300x225.jpeg 300w, https:\/\/tikowi.ch\/wp-content\/uploads\/2021\/04\/IMG_1742-1-768x576.jpeg 768w, https:\/\/tikowi.ch\/wp-content\/uploads\/2021\/04\/IMG_1742-1-1536x1152.jpeg 1536w, https:\/\/tikowi.ch\/wp-content\/uploads\/2021\/04\/IMG_1742-1-2048x1536.jpeg 2048w, https:\/\/tikowi.ch\/wp-content\/uploads\/2021\/04\/IMG_1742-1-800x600.jpeg 800w, https:\/\/tikowi.ch\/wp-content\/uploads\/2021\/04\/IMG_1742-1-400x300.jpeg 400w\" sizes=\"(max-width: 1024px) 100vw, 1024px\" \/><figcaption>Ich will Fr\u00fchling &#8211; Miralago Ostern 2021<\/figcaption><\/figure>\n\n\n\n<figure class=\"wp-block-image size-large\"><img decoding=\"async\" width=\"768\" height=\"1024\" src=\"https:\/\/tikowi.ch\/wp-content\/uploads\/2021\/04\/82d0559a-adaf-436f-aa4b-17217398184b.jpg\" alt=\"\" class=\"wp-image-4940\" srcset=\"https:\/\/tikowi.ch\/wp-content\/uploads\/2021\/04\/82d0559a-adaf-436f-aa4b-17217398184b.jpg 768w, https:\/\/tikowi.ch\/wp-content\/uploads\/2021\/04\/82d0559a-adaf-436f-aa4b-17217398184b-225x300.jpg 225w\" sizes=\"(max-width: 768px) 100vw, 768px\" \/><figcaption>Neue Frisur 08.03.21<\/figcaption><\/figure>\n","protected":false},"excerpt":{"rendered":"<p>Mitbegr\u00fcnder der TiKoWis, chaotische Grundz\u00fcge und Blues-Man mit Hang zu sportlichen W\u00e4gelchen, einem guten Glas Wein und netter Musik. Sonst noch was?<\/p>\n","protected":false},"author":1,"featured_media":0,"parent":16,"menu_order":0,"comment_status":"closed","ping_status":"closed","template":"","meta":{"ngg_post_thumbnail":0,"footnotes":""},"class_list":["post-71","page","type-page","status-publish","hentry"],"_links":{"self":[{"href":"https:\/\/tikowi.ch\/index.php\/wp-json\/wp\/v2\/pages\/71","targetHints":{"allow":["GET"]}}],"collection":[{"href":"https:\/\/tikowi.ch\/index.php\/wp-json\/wp\/v2\/pages"}],"about":[{"href":"https:\/\/tikowi.ch\/index.php\/wp-json\/wp\/v2\/types\/page"}],"author":[{"embeddable":true,"href":"https:\/\/tikowi.ch\/index.php\/wp-json\/wp\/v2\/users\/1"}],"replies":[{"embeddable":true,"href":"https:\/\/tikowi.ch\/index.php\/wp-json\/wp\/v2\/comments?post=71"}],"version-history":[{"count":6,"href":"https:\/\/tikowi.ch\/index.php\/wp-json\/wp\/v2\/pages\/71\/revisions"}],"predecessor-version":[{"id":5391,"href":"https:\/\/tikowi.ch\/index.php\/wp-json\/wp\/v2\/pages\/71\/revisions\/5391"}],"up":[{"embeddable":true,"href":"https:\/\/tikowi.ch\/index.php\/wp-json\/wp\/v2\/pages\/16"}],"wp:attachment":[{"href":"https:\/\/tikowi.ch\/index.php\/wp-json\/wp\/v2\/media?parent=71"}],"curies":[{"name":"wp","href":"https:\/\/api.w.org\/{rel}","templated":true}]}}