{"id":6651,"date":"2022-04-03T13:11:43","date_gmt":"2022-04-03T13:11:43","guid":{"rendered":"https:\/\/tikowi.ch\/?page_id=6651"},"modified":"2022-05-01T12:05:40","modified_gmt":"2022-05-01T12:05:40","slug":"woody-april-2022","status":"publish","type":"page","link":"https:\/\/tikowi.ch\/index.php\/the-tikowis\/woody-woodpecker\/woody-april-2022\/","title":{"rendered":"Woody April 2022"},"content":{"rendered":"\n<p>Wie gesagt, Ende M\u00e4rz wurde endlich die seit November ersehnte Veranda geliefert und das Ger\u00fcst umgestellt. Und einen Kran haben wir ja auch nicht mehr. Aber Toggenburger sei Dank, wird montiert. Beeindruckend, mit welcher Pr\u00e4zision der Krantechniker das riesige Gef\u00e4hrt zwischen die H\u00e4user bastelt, daselbst liebevoll horizontal (Wasserwaage!!!) arretiert und dann Teil um teil montiert. Also montieren l\u00e4sst. Jetzt sieht man etwas die H\u00f6he unserer Veranda. Und auch, dass der Winter zur\u00fcckgekommen ist. Es schneit und ist ziemlich \u00fcbel&#8230;<\/p>\n\n\n\n<figure class=\"wp-block-gallery has-nested-images columns-default is-cropped wp-block-gallery-1 is-layout-flex wp-block-gallery-is-layout-flex\">\n<figure class=\"wp-block-image size-large\"><img fetchpriority=\"high\" decoding=\"async\" width=\"768\" height=\"1024\" data-id=\"6662\" src=\"https:\/\/tikowi.ch\/wp-content\/uploads\/2022\/04\/IMG_6276-768x1024.jpeg\" alt=\"\" class=\"wp-image-6662\" srcset=\"https:\/\/tikowi.ch\/wp-content\/uploads\/2022\/04\/IMG_6276-768x1024.jpeg 768w, https:\/\/tikowi.ch\/wp-content\/uploads\/2022\/04\/IMG_6276-225x300.jpeg 225w, https:\/\/tikowi.ch\/wp-content\/uploads\/2022\/04\/IMG_6276-1152x1536.jpeg 1152w, https:\/\/tikowi.ch\/wp-content\/uploads\/2022\/04\/IMG_6276-1536x2048.jpeg 1536w, https:\/\/tikowi.ch\/wp-content\/uploads\/2022\/04\/IMG_6276-scaled.jpeg 1920w\" sizes=\"(max-width: 768px) 100vw, 768px\" \/><figcaption>Blick gegen Dietschis<\/figcaption><\/figure>\n\n\n\n<figure class=\"wp-block-image size-large\"><img decoding=\"async\" width=\"1024\" height=\"768\" data-id=\"6656\" src=\"https:\/\/tikowi.ch\/wp-content\/uploads\/2022\/04\/b1e81af1-55c6-42c2-9b0e-3205fcd3bf3c-1024x768.jpg\" alt=\"\" class=\"wp-image-6656\" srcset=\"https:\/\/tikowi.ch\/wp-content\/uploads\/2022\/04\/b1e81af1-55c6-42c2-9b0e-3205fcd3bf3c-1024x768.jpg 1024w, https:\/\/tikowi.ch\/wp-content\/uploads\/2022\/04\/b1e81af1-55c6-42c2-9b0e-3205fcd3bf3c-300x225.jpg 300w, https:\/\/tikowi.ch\/wp-content\/uploads\/2022\/04\/b1e81af1-55c6-42c2-9b0e-3205fcd3bf3c-768x576.jpg 768w, https:\/\/tikowi.ch\/wp-content\/uploads\/2022\/04\/b1e81af1-55c6-42c2-9b0e-3205fcd3bf3c-1536x1152.jpg 1536w, https:\/\/tikowi.ch\/wp-content\/uploads\/2022\/04\/b1e81af1-55c6-42c2-9b0e-3205fcd3bf3c.jpg 2048w\" sizes=\"(max-width: 1024px) 100vw, 1024px\" \/><figcaption>aus AnnAs B\u00fcro<\/figcaption><\/figure>\n\n\n\n<figure class=\"wp-block-image size-large\"><img decoding=\"async\" width=\"768\" height=\"1024\" data-id=\"6653\" src=\"https:\/\/tikowi.ch\/wp-content\/uploads\/2022\/04\/522b69f0-c33b-41dc-bdeb-db494495ed55-768x1024.jpg\" alt=\"\" class=\"wp-image-6653\" srcset=\"https:\/\/tikowi.ch\/wp-content\/uploads\/2022\/04\/522b69f0-c33b-41dc-bdeb-db494495ed55-768x1024.jpg 768w, https:\/\/tikowi.ch\/wp-content\/uploads\/2022\/04\/522b69f0-c33b-41dc-bdeb-db494495ed55-225x300.jpg 225w, https:\/\/tikowi.ch\/wp-content\/uploads\/2022\/04\/522b69f0-c33b-41dc-bdeb-db494495ed55-1152x1536.jpg 1152w, https:\/\/tikowi.ch\/wp-content\/uploads\/2022\/04\/522b69f0-c33b-41dc-bdeb-db494495ed55.jpg 1512w\" sizes=\"(max-width: 768px) 100vw, 768px\" \/><figcaption>aus Doras K\u00fcche<\/figcaption><\/figure>\n\n\n\n<figure class=\"wp-block-image size-large\"><img loading=\"lazy\" decoding=\"async\" width=\"768\" height=\"1024\" data-id=\"6660\" src=\"https:\/\/tikowi.ch\/wp-content\/uploads\/2022\/04\/IMG_6274-768x1024.jpeg\" alt=\"\" class=\"wp-image-6660\" srcset=\"https:\/\/tikowi.ch\/wp-content\/uploads\/2022\/04\/IMG_6274-768x1024.jpeg 768w, https:\/\/tikowi.ch\/wp-content\/uploads\/2022\/04\/IMG_6274-225x300.jpeg 225w, https:\/\/tikowi.ch\/wp-content\/uploads\/2022\/04\/IMG_6274-1152x1536.jpeg 1152w, https:\/\/tikowi.ch\/wp-content\/uploads\/2022\/04\/IMG_6274-1536x2048.jpeg 1536w, https:\/\/tikowi.ch\/wp-content\/uploads\/2022\/04\/IMG_6274-scaled.jpeg 1920w\" sizes=\"(max-width: 768px) 100vw, 768px\" \/><figcaption>vor unserer Haust\u00fcre, respektive der Liftt\u00fcre<\/figcaption><\/figure>\n<\/figure>\n\n\n\n<p>Wir kriegen einen Parkettboden und haben uuuhmega Freude, dass alles so sch\u00f6n zueinander passt. Jetzt, wo das Parkett liegt, kann auch Eric&#8217;s Wand (und diejenige von Konis B\u00fcro) drauf gestellt werden. Jetzt fehlt noch unsere dezente K\u00fcche..<\/p>\n\n\n\n<p>Und kaum ist der Schnee weg und noch 3 Tage vor Ansage kommt die K\u00fcche. Ich sage dazu nur eines: &#171;GEIL!&#187; Ich bin schockverliebt. <\/p>\n\n\n\n<figure class=\"wp-block-gallery has-nested-images columns-2 is-cropped wp-block-gallery-2 is-layout-flex wp-block-gallery-is-layout-flex\">\n<figure class=\"wp-block-image size-full\"><img loading=\"lazy\" decoding=\"async\" width=\"2560\" height=\"1920\" data-id=\"6701\" src=\"https:\/\/tikowi.ch\/wp-content\/uploads\/2022\/04\/IMG_6374-scaled.jpeg\" alt=\"\" class=\"wp-image-6701\" srcset=\"https:\/\/tikowi.ch\/wp-content\/uploads\/2022\/04\/IMG_6374-scaled.jpeg 2560w, https:\/\/tikowi.ch\/wp-content\/uploads\/2022\/04\/IMG_6374-300x225.jpeg 300w, https:\/\/tikowi.ch\/wp-content\/uploads\/2022\/04\/IMG_6374-1024x768.jpeg 1024w, https:\/\/tikowi.ch\/wp-content\/uploads\/2022\/04\/IMG_6374-768x576.jpeg 768w, https:\/\/tikowi.ch\/wp-content\/uploads\/2022\/04\/IMG_6374-1536x1152.jpeg 1536w, https:\/\/tikowi.ch\/wp-content\/uploads\/2022\/04\/IMG_6374-2048x1536.jpeg 2048w\" sizes=\"(max-width: 2560px) 100vw, 2560px\" \/><\/figure>\n\n\n\n<figure class=\"wp-block-image size-full\"><img loading=\"lazy\" decoding=\"async\" width=\"2560\" height=\"1920\" data-id=\"6702\" src=\"https:\/\/tikowi.ch\/wp-content\/uploads\/2022\/04\/IMG_6426-scaled.jpeg\" alt=\"\" class=\"wp-image-6702\" srcset=\"https:\/\/tikowi.ch\/wp-content\/uploads\/2022\/04\/IMG_6426-scaled.jpeg 2560w, https:\/\/tikowi.ch\/wp-content\/uploads\/2022\/04\/IMG_6426-300x225.jpeg 300w, https:\/\/tikowi.ch\/wp-content\/uploads\/2022\/04\/IMG_6426-1024x768.jpeg 1024w, https:\/\/tikowi.ch\/wp-content\/uploads\/2022\/04\/IMG_6426-768x576.jpeg 768w, https:\/\/tikowi.ch\/wp-content\/uploads\/2022\/04\/IMG_6426-1536x1152.jpeg 1536w, https:\/\/tikowi.ch\/wp-content\/uploads\/2022\/04\/IMG_6426-2048x1536.jpeg 2048w\" sizes=\"(max-width: 2560px) 100vw, 2560px\" \/><\/figure>\n\n\n\n<figure class=\"wp-block-image size-full\"><img loading=\"lazy\" decoding=\"async\" width=\"1920\" height=\"2560\" data-id=\"6703\" src=\"https:\/\/tikowi.ch\/wp-content\/uploads\/2022\/04\/IMG_6430-scaled.jpeg\" alt=\"\" class=\"wp-image-6703\" srcset=\"https:\/\/tikowi.ch\/wp-content\/uploads\/2022\/04\/IMG_6430-scaled.jpeg 1920w, https:\/\/tikowi.ch\/wp-content\/uploads\/2022\/04\/IMG_6430-225x300.jpeg 225w, https:\/\/tikowi.ch\/wp-content\/uploads\/2022\/04\/IMG_6430-768x1024.jpeg 768w, https:\/\/tikowi.ch\/wp-content\/uploads\/2022\/04\/IMG_6430-1152x1536.jpeg 1152w, https:\/\/tikowi.ch\/wp-content\/uploads\/2022\/04\/IMG_6430-1536x2048.jpeg 1536w\" sizes=\"(max-width: 1920px) 100vw, 1920px\" \/><\/figure>\n<\/figure>\n\n\n\n<figure class=\"wp-block-gallery has-nested-images columns-default is-cropped wp-block-gallery-3 is-layout-flex wp-block-gallery-is-layout-flex\">\n<figure class=\"wp-block-image size-large\"><img loading=\"lazy\" decoding=\"async\" width=\"1024\" height=\"768\" data-id=\"6702\" src=\"https:\/\/tikowi.ch\/wp-content\/uploads\/2022\/04\/IMG_6426-1024x768.jpeg\" alt=\"\" class=\"wp-image-6702\" srcset=\"https:\/\/tikowi.ch\/wp-content\/uploads\/2022\/04\/IMG_6426-1024x768.jpeg 1024w, https:\/\/tikowi.ch\/wp-content\/uploads\/2022\/04\/IMG_6426-300x225.jpeg 300w, https:\/\/tikowi.ch\/wp-content\/uploads\/2022\/04\/IMG_6426-768x576.jpeg 768w, https:\/\/tikowi.ch\/wp-content\/uploads\/2022\/04\/IMG_6426-1536x1152.jpeg 1536w, https:\/\/tikowi.ch\/wp-content\/uploads\/2022\/04\/IMG_6426-2048x1536.jpeg 2048w\" sizes=\"(max-width: 1024px) 100vw, 1024px\" \/><\/figure>\n\n\n\n<figure class=\"wp-block-image size-large\"><img loading=\"lazy\" decoding=\"async\" width=\"768\" height=\"1024\" data-id=\"6703\" src=\"https:\/\/tikowi.ch\/wp-content\/uploads\/2022\/04\/IMG_6430-768x1024.jpeg\" alt=\"\" class=\"wp-image-6703\" srcset=\"https:\/\/tikowi.ch\/wp-content\/uploads\/2022\/04\/IMG_6430-768x1024.jpeg 768w, https:\/\/tikowi.ch\/wp-content\/uploads\/2022\/04\/IMG_6430-225x300.jpeg 225w, https:\/\/tikowi.ch\/wp-content\/uploads\/2022\/04\/IMG_6430-1152x1536.jpeg 1152w, https:\/\/tikowi.ch\/wp-content\/uploads\/2022\/04\/IMG_6430-1536x2048.jpeg 1536w, https:\/\/tikowi.ch\/wp-content\/uploads\/2022\/04\/IMG_6430-scaled.jpeg 1920w\" sizes=\"(max-width: 768px) 100vw, 768px\" \/><\/figure>\n<\/figure>\n\n\n\n<p>Und draussen vor der Stube wird das Holz f\u00fcr die Porch, die Veranda montiert. Und jetzt haben wir pl\u00f6tzlich eine Treppe ins Obergeschoss. Und ja, da geht es auch vorw\u00e4rts. Wird ja auch Zeit&#8230; in 4 Wochen sollen wir umziehen. <\/p>\n\n\n\n<p>Es geht weiter&#8230; die Einbaum\u00f6bel kommen. 5.3 Tonnen Holz hat der Schreiner bestellt. Wir sind vom Ergebnis aber sehr begeistert &#8211; DAS kommt richtig gut!<\/p>\n\n\n\n<figure class=\"wp-block-gallery has-nested-images columns-2 is-cropped wp-block-gallery-4 is-layout-flex wp-block-gallery-is-layout-flex\">\n<figure class=\"wp-block-image size-large\"><a href=\"https:\/\/tikowi.ch\/wp-content\/uploads\/2022\/04\/IMG_6536-scaled.jpeg\"><img loading=\"lazy\" decoding=\"async\" width=\"768\" height=\"1024\" data-id=\"6739\" src=\"https:\/\/tikowi.ch\/wp-content\/uploads\/2022\/04\/IMG_6536-768x1024.jpeg\" alt=\"\" class=\"wp-image-6739\" srcset=\"https:\/\/tikowi.ch\/wp-content\/uploads\/2022\/04\/IMG_6536-768x1024.jpeg 768w, https:\/\/tikowi.ch\/wp-content\/uploads\/2022\/04\/IMG_6536-225x300.jpeg 225w, https:\/\/tikowi.ch\/wp-content\/uploads\/2022\/04\/IMG_6536-1152x1536.jpeg 1152w, https:\/\/tikowi.ch\/wp-content\/uploads\/2022\/04\/IMG_6536-1536x2048.jpeg 1536w, https:\/\/tikowi.ch\/wp-content\/uploads\/2022\/04\/IMG_6536-scaled.jpeg 1920w\" sizes=\"(max-width: 768px) 100vw, 768px\" \/><\/a><\/figure>\n\n\n\n<figure class=\"wp-block-image size-large\"><a href=\"https:\/\/tikowi.ch\/wp-content\/uploads\/2022\/04\/IMG_6538-scaled.jpeg\"><img loading=\"lazy\" decoding=\"async\" width=\"768\" height=\"1024\" data-id=\"6743\" src=\"https:\/\/tikowi.ch\/wp-content\/uploads\/2022\/04\/IMG_6538-768x1024.jpeg\" alt=\"\" class=\"wp-image-6743\" srcset=\"https:\/\/tikowi.ch\/wp-content\/uploads\/2022\/04\/IMG_6538-768x1024.jpeg 768w, https:\/\/tikowi.ch\/wp-content\/uploads\/2022\/04\/IMG_6538-225x300.jpeg 225w, https:\/\/tikowi.ch\/wp-content\/uploads\/2022\/04\/IMG_6538-1152x1536.jpeg 1152w, https:\/\/tikowi.ch\/wp-content\/uploads\/2022\/04\/IMG_6538-1536x2048.jpeg 1536w, https:\/\/tikowi.ch\/wp-content\/uploads\/2022\/04\/IMG_6538-scaled.jpeg 1920w\" sizes=\"(max-width: 768px) 100vw, 768px\" \/><\/a><\/figure>\n\n\n\n<figure class=\"wp-block-image size-large\"><a href=\"https:\/\/tikowi.ch\/wp-content\/uploads\/2022\/04\/IMG_6561-scaled.jpeg\"><img loading=\"lazy\" decoding=\"async\" width=\"768\" height=\"1024\" data-id=\"6740\" src=\"https:\/\/tikowi.ch\/wp-content\/uploads\/2022\/04\/IMG_6561-768x1024.jpeg\" alt=\"\" class=\"wp-image-6740\" srcset=\"https:\/\/tikowi.ch\/wp-content\/uploads\/2022\/04\/IMG_6561-768x1024.jpeg 768w, https:\/\/tikowi.ch\/wp-content\/uploads\/2022\/04\/IMG_6561-225x300.jpeg 225w, https:\/\/tikowi.ch\/wp-content\/uploads\/2022\/04\/IMG_6561-1152x1536.jpeg 1152w, https:\/\/tikowi.ch\/wp-content\/uploads\/2022\/04\/IMG_6561-1536x2048.jpeg 1536w, https:\/\/tikowi.ch\/wp-content\/uploads\/2022\/04\/IMG_6561-scaled.jpeg 1920w\" sizes=\"(max-width: 768px) 100vw, 768px\" \/><\/a><\/figure>\n\n\n\n<figure class=\"wp-block-image size-large\"><a href=\"https:\/\/tikowi.ch\/wp-content\/uploads\/2022\/04\/IMG_6573-scaled.jpeg\"><img loading=\"lazy\" decoding=\"async\" width=\"1024\" height=\"768\" data-id=\"6742\" src=\"https:\/\/tikowi.ch\/wp-content\/uploads\/2022\/04\/IMG_6573-1024x768.jpeg\" alt=\"\" class=\"wp-image-6742\" srcset=\"https:\/\/tikowi.ch\/wp-content\/uploads\/2022\/04\/IMG_6573-1024x768.jpeg 1024w, https:\/\/tikowi.ch\/wp-content\/uploads\/2022\/04\/IMG_6573-300x225.jpeg 300w, https:\/\/tikowi.ch\/wp-content\/uploads\/2022\/04\/IMG_6573-768x576.jpeg 768w, https:\/\/tikowi.ch\/wp-content\/uploads\/2022\/04\/IMG_6573-1536x1152.jpeg 1536w, https:\/\/tikowi.ch\/wp-content\/uploads\/2022\/04\/IMG_6573-2048x1536.jpeg 2048w\" sizes=\"(max-width: 1024px) 100vw, 1024px\" \/><\/a><\/figure>\n\n\n\n<figure class=\"wp-block-image size-large\"><a href=\"https:\/\/tikowi.ch\/wp-content\/uploads\/2022\/04\/IMG_6575-1-scaled.jpeg\"><img loading=\"lazy\" decoding=\"async\" width=\"1024\" height=\"768\" data-id=\"6741\" src=\"https:\/\/tikowi.ch\/wp-content\/uploads\/2022\/04\/IMG_6575-1-1024x768.jpeg\" alt=\"\" class=\"wp-image-6741\" srcset=\"https:\/\/tikowi.ch\/wp-content\/uploads\/2022\/04\/IMG_6575-1-1024x768.jpeg 1024w, https:\/\/tikowi.ch\/wp-content\/uploads\/2022\/04\/IMG_6575-1-300x225.jpeg 300w, https:\/\/tikowi.ch\/wp-content\/uploads\/2022\/04\/IMG_6575-1-768x576.jpeg 768w, https:\/\/tikowi.ch\/wp-content\/uploads\/2022\/04\/IMG_6575-1-1536x1152.jpeg 1536w, https:\/\/tikowi.ch\/wp-content\/uploads\/2022\/04\/IMG_6575-1-2048x1536.jpeg 2048w\" sizes=\"(max-width: 1024px) 100vw, 1024px\" \/><\/a><\/figure>\n<\/figure>\n\n\n\n<p>Der Musikkeller bekommt noch den letzten Schliff (lies: einen Boden vom Eingang zum Eingang der Box) und auch am Carport geht&#8217;s weiter. Fundamente werden gegossen. <\/p>\n\n\n\n<figure class=\"wp-block-image size-large\"><img loading=\"lazy\" decoding=\"async\" width=\"768\" height=\"1024\" src=\"https:\/\/tikowi.ch\/wp-content\/uploads\/2022\/04\/IMG_6557-768x1024.jpeg\" alt=\"\" class=\"wp-image-6744\" srcset=\"https:\/\/tikowi.ch\/wp-content\/uploads\/2022\/04\/IMG_6557-768x1024.jpeg 768w, https:\/\/tikowi.ch\/wp-content\/uploads\/2022\/04\/IMG_6557-225x300.jpeg 225w, https:\/\/tikowi.ch\/wp-content\/uploads\/2022\/04\/IMG_6557-1152x1536.jpeg 1152w, https:\/\/tikowi.ch\/wp-content\/uploads\/2022\/04\/IMG_6557-1536x2048.jpeg 1536w, https:\/\/tikowi.ch\/wp-content\/uploads\/2022\/04\/IMG_6557-scaled.jpeg 1920w\" sizes=\"(max-width: 768px) 100vw, 768px\" \/><\/figure>\n\n\n\n<p>Der Monat April ist um und wir sind noch einmal eine rechte Portion vorw\u00e4rts gekommen. So viele Leute, wie grad jetzt waren noch selten gemeinsam auf der Baustelle. Das gibt ein heilloses Verkehrsdurcheinander und der nette Herr verteilt Bussen die Menge. Im Bad kommt pl\u00f6tzlich das Wichtigste, das Ger\u00fcst ist am Freitag weg &#8211; mindestens auf der Nordseite, das Flachdach ist dicht und begn\u00fcgt&#8230; und die M\u00f6bel nehmen WIRKLICH Formen an. Sch\u00f6n werden sie, sehr sch\u00f6n! <\/p>\n\n\n\n<figure class=\"wp-block-gallery has-nested-images columns-default is-cropped wp-block-gallery-5 is-layout-flex wp-block-gallery-is-layout-flex\">\n<figure class=\"wp-block-image size-large\"><img loading=\"lazy\" decoding=\"async\" width=\"768\" height=\"1024\" data-id=\"6793\" src=\"https:\/\/tikowi.ch\/wp-content\/uploads\/2022\/05\/d5e8dd5c-3382-479f-9cce-93d266d3e8a1-768x1024.jpg\" alt=\"\" class=\"wp-image-6793\" srcset=\"https:\/\/tikowi.ch\/wp-content\/uploads\/2022\/05\/d5e8dd5c-3382-479f-9cce-93d266d3e8a1-768x1024.jpg 768w, https:\/\/tikowi.ch\/wp-content\/uploads\/2022\/05\/d5e8dd5c-3382-479f-9cce-93d266d3e8a1-225x300.jpg 225w, https:\/\/tikowi.ch\/wp-content\/uploads\/2022\/05\/d5e8dd5c-3382-479f-9cce-93d266d3e8a1-1152x1536.jpg 1152w, https:\/\/tikowi.ch\/wp-content\/uploads\/2022\/05\/d5e8dd5c-3382-479f-9cce-93d266d3e8a1.jpg 1512w\" sizes=\"(max-width: 768px) 100vw, 768px\" \/><figcaption>die Strasse verstopft, die Zufahrt m\u00fchsam<\/figcaption><\/figure>\n\n\n\n<figure class=\"wp-block-image size-large\"><img loading=\"lazy\" decoding=\"async\" width=\"1024\" height=\"768\" data-id=\"6800\" src=\"https:\/\/tikowi.ch\/wp-content\/uploads\/2022\/05\/IMG_6660-1-1024x768.jpeg\" alt=\"\" class=\"wp-image-6800\" srcset=\"https:\/\/tikowi.ch\/wp-content\/uploads\/2022\/05\/IMG_6660-1-1024x768.jpeg 1024w, https:\/\/tikowi.ch\/wp-content\/uploads\/2022\/05\/IMG_6660-1-300x225.jpeg 300w, https:\/\/tikowi.ch\/wp-content\/uploads\/2022\/05\/IMG_6660-1-768x576.jpeg 768w, https:\/\/tikowi.ch\/wp-content\/uploads\/2022\/05\/IMG_6660-1-1536x1152.jpeg 1536w, https:\/\/tikowi.ch\/wp-content\/uploads\/2022\/05\/IMG_6660-1-2048x1536.jpeg 2048w\" sizes=\"(max-width: 1024px) 100vw, 1024px\" \/><figcaption>Badezimmerm\u00f6bel und Armatur<\/figcaption><\/figure>\n\n\n\n<figure class=\"wp-block-image size-large\"><img loading=\"lazy\" decoding=\"async\" width=\"768\" height=\"1024\" data-id=\"6797\" src=\"https:\/\/tikowi.ch\/wp-content\/uploads\/2022\/05\/IMG_6657-1-768x1024.jpeg\" alt=\"\" class=\"wp-image-6797\" srcset=\"https:\/\/tikowi.ch\/wp-content\/uploads\/2022\/05\/IMG_6657-1-768x1024.jpeg 768w, https:\/\/tikowi.ch\/wp-content\/uploads\/2022\/05\/IMG_6657-1-225x300.jpeg 225w, https:\/\/tikowi.ch\/wp-content\/uploads\/2022\/05\/IMG_6657-1-1152x1536.jpeg 1152w, https:\/\/tikowi.ch\/wp-content\/uploads\/2022\/05\/IMG_6657-1-1536x2048.jpeg 1536w, https:\/\/tikowi.ch\/wp-content\/uploads\/2022\/05\/IMG_6657-1-scaled.jpeg 1920w\" sizes=\"(max-width: 768px) 100vw, 768px\" \/><figcaption>WC &#8211; nicht nur Dr\u00fccker<\/figcaption><\/figure>\n\n\n\n<figure class=\"wp-block-image size-large\"><img loading=\"lazy\" decoding=\"async\" width=\"1024\" height=\"768\" data-id=\"6799\" src=\"https:\/\/tikowi.ch\/wp-content\/uploads\/2022\/05\/IMG_6663-1-1024x768.jpeg\" alt=\"\" class=\"wp-image-6799\" srcset=\"https:\/\/tikowi.ch\/wp-content\/uploads\/2022\/05\/IMG_6663-1-1024x768.jpeg 1024w, https:\/\/tikowi.ch\/wp-content\/uploads\/2022\/05\/IMG_6663-1-300x225.jpeg 300w, https:\/\/tikowi.ch\/wp-content\/uploads\/2022\/05\/IMG_6663-1-768x576.jpeg 768w, https:\/\/tikowi.ch\/wp-content\/uploads\/2022\/05\/IMG_6663-1-1536x1152.jpeg 1536w, https:\/\/tikowi.ch\/wp-content\/uploads\/2022\/05\/IMG_6663-1-2048x1536.jpeg 2048w\" sizes=\"(max-width: 1024px) 100vw, 1024px\" \/><figcaption>Ger\u00fcst weg<\/figcaption><\/figure>\n\n\n\n<figure class=\"wp-block-image size-large\"><img loading=\"lazy\" decoding=\"async\" width=\"1024\" height=\"766\" data-id=\"6795\" src=\"https:\/\/tikowi.ch\/wp-content\/uploads\/2022\/05\/6483319d-95e6-47c7-bec5-08f7ed8f7cfe-1.jpg\" alt=\"\" class=\"wp-image-6795\" srcset=\"https:\/\/tikowi.ch\/wp-content\/uploads\/2022\/05\/6483319d-95e6-47c7-bec5-08f7ed8f7cfe-1.jpg 1024w, https:\/\/tikowi.ch\/wp-content\/uploads\/2022\/05\/6483319d-95e6-47c7-bec5-08f7ed8f7cfe-1-300x224.jpg 300w, https:\/\/tikowi.ch\/wp-content\/uploads\/2022\/05\/6483319d-95e6-47c7-bec5-08f7ed8f7cfe-1-768x575.jpg 768w\" sizes=\"(max-width: 1024px) 100vw, 1024px\" \/><figcaption>Dachbelag<\/figcaption><\/figure>\n\n\n\n<figure class=\"wp-block-image size-large\"><img loading=\"lazy\" decoding=\"async\" width=\"1024\" height=\"766\" data-id=\"6794\" src=\"https:\/\/tikowi.ch\/wp-content\/uploads\/2022\/05\/f383b7a4-f2c3-4452-a06b-45e2e96330b9.jpg\" alt=\"\" class=\"wp-image-6794\" srcset=\"https:\/\/tikowi.ch\/wp-content\/uploads\/2022\/05\/f383b7a4-f2c3-4452-a06b-45e2e96330b9.jpg 1024w, https:\/\/tikowi.ch\/wp-content\/uploads\/2022\/05\/f383b7a4-f2c3-4452-a06b-45e2e96330b9-300x224.jpg 300w, https:\/\/tikowi.ch\/wp-content\/uploads\/2022\/05\/f383b7a4-f2c3-4452-a06b-45e2e96330b9-768x575.jpg 768w\" sizes=\"(max-width: 1024px) 100vw, 1024px\" \/><figcaption>Fundament f\u00fcr Carport<\/figcaption><\/figure>\n\n\n\n<figure class=\"wp-block-image size-large\"><img loading=\"lazy\" decoding=\"async\" width=\"1024\" height=\"768\" data-id=\"6796\" src=\"https:\/\/tikowi.ch\/wp-content\/uploads\/2022\/05\/IMG_6675-1024x768.jpeg\" alt=\"\" class=\"wp-image-6796\" srcset=\"https:\/\/tikowi.ch\/wp-content\/uploads\/2022\/05\/IMG_6675-1024x768.jpeg 1024w, https:\/\/tikowi.ch\/wp-content\/uploads\/2022\/05\/IMG_6675-300x225.jpeg 300w, https:\/\/tikowi.ch\/wp-content\/uploads\/2022\/05\/IMG_6675-768x576.jpeg 768w, https:\/\/tikowi.ch\/wp-content\/uploads\/2022\/05\/IMG_6675-1536x1152.jpeg 1536w, https:\/\/tikowi.ch\/wp-content\/uploads\/2022\/05\/IMG_6675-2048x1536.jpeg 2048w\" sizes=\"(max-width: 1024px) 100vw, 1024px\" \/><figcaption>Kasten AnnA<\/figcaption><\/figure>\n\n\n\n<figure class=\"wp-block-image size-large\"><img loading=\"lazy\" decoding=\"async\" width=\"1024\" height=\"768\" data-id=\"6798\" src=\"https:\/\/tikowi.ch\/wp-content\/uploads\/2022\/05\/IMG_6676-1024x768.jpeg\" alt=\"\" class=\"wp-image-6798\" srcset=\"https:\/\/tikowi.ch\/wp-content\/uploads\/2022\/05\/IMG_6676-1024x768.jpeg 1024w, https:\/\/tikowi.ch\/wp-content\/uploads\/2022\/05\/IMG_6676-300x225.jpeg 300w, https:\/\/tikowi.ch\/wp-content\/uploads\/2022\/05\/IMG_6676-768x576.jpeg 768w, https:\/\/tikowi.ch\/wp-content\/uploads\/2022\/05\/IMG_6676-1536x1152.jpeg 1536w, https:\/\/tikowi.ch\/wp-content\/uploads\/2022\/05\/IMG_6676-2048x1536.jpeg 2048w\" sizes=\"(max-width: 1024px) 100vw, 1024px\" \/><figcaption>Kasten Eric<\/figcaption><\/figure>\n<\/figure>\n","protected":false},"excerpt":{"rendered":"<p>Wie gesagt, Ende M\u00e4rz wurde endlich die seit November ersehnte Veranda geliefert und das Ger\u00fcst umgestellt. Und einen Kran haben wir ja auch nicht mehr. Aber Toggenburger sei Dank, wird montiert. Beeindruckend, mit welcher Pr\u00e4zision der Krantechniker das riesige Gef\u00e4hrt zwischen die H\u00e4user bastelt, daselbst liebevoll horizontal (Wasserwaage!!!) arretiert und dann Teil um teil montiert.&hellip; <br \/> <a class=\"button small blue\" href=\"https:\/\/tikowi.ch\/index.php\/the-tikowis\/woody-woodpecker\/woody-april-2022\/\">Read more<\/a><\/p>\n","protected":false},"author":1,"featured_media":0,"parent":4784,"menu_order":0,"comment_status":"closed","ping_status":"closed","template":"","meta":{"ngg_post_thumbnail":0,"footnotes":""},"class_list":["post-6651","page","type-page","status-publish","hentry"],"_links":{"self":[{"href":"https:\/\/tikowi.ch\/index.php\/wp-json\/wp\/v2\/pages\/6651","targetHints":{"allow":["GET"]}}],"collection":[{"href":"https:\/\/tikowi.ch\/index.php\/wp-json\/wp\/v2\/pages"}],"about":[{"href":"https:\/\/tikowi.ch\/index.php\/wp-json\/wp\/v2\/types\/page"}],"author":[{"embeddable":true,"href":"https:\/\/tikowi.ch\/index.php\/wp-json\/wp\/v2\/users\/1"}],"replies":[{"embeddable":true,"href":"https:\/\/tikowi.ch\/index.php\/wp-json\/wp\/v2\/comments?post=6651"}],"version-history":[{"count":5,"href":"https:\/\/tikowi.ch\/index.php\/wp-json\/wp\/v2\/pages\/6651\/revisions"}],"predecessor-version":[{"id":6801,"href":"https:\/\/tikowi.ch\/index.php\/wp-json\/wp\/v2\/pages\/6651\/revisions\/6801"}],"up":[{"embeddable":true,"href":"https:\/\/tikowi.ch\/index.php\/wp-json\/wp\/v2\/pages\/4784"}],"wp:attachment":[{"href":"https:\/\/tikowi.ch\/index.php\/wp-json\/wp\/v2\/media?parent=6651"}],"curies":[{"name":"wp","href":"https:\/\/api.w.org\/{rel}","templated":true}]}}