{"id":6576,"date":"2022-03-13T16:57:28","date_gmt":"2022-03-13T16:57:28","guid":{"rendered":"https:\/\/tikowi.ch\/?page_id=6576"},"modified":"2022-04-03T13:03:38","modified_gmt":"2022-04-03T13:03:38","slug":"woody-maerz-2022","status":"publish","type":"page","link":"https:\/\/tikowi.ch\/index.php\/the-tikowis\/woody-woodpecker\/woody-maerz-2022\/","title":{"rendered":"Woody M\u00e4rz 2022"},"content":{"rendered":"\n<p>Viel sieht man nicht von aussen&#8230; im Keller wuseln die Studiobauer aus Italien, emsig, sehr fleissig und ausdauernd. Und es wird wahnsinnig viel Material angeliefert.<\/p>\n\n\n\n<figure class=\"wp-block-gallery has-nested-images columns-default is-cropped wp-block-gallery-1 is-layout-flex wp-block-gallery-is-layout-flex\">\n<figure class=\"wp-block-image size-large\"><img fetchpriority=\"high\" decoding=\"async\" width=\"1024\" height=\"768\" data-id=\"6577\" src=\"https:\/\/tikowi.ch\/wp-content\/uploads\/2022\/03\/IMG_5969-1024x768.jpeg\" alt=\"\" class=\"wp-image-6577\" srcset=\"https:\/\/tikowi.ch\/wp-content\/uploads\/2022\/03\/IMG_5969-1024x768.jpeg 1024w, https:\/\/tikowi.ch\/wp-content\/uploads\/2022\/03\/IMG_5969-300x225.jpeg 300w, https:\/\/tikowi.ch\/wp-content\/uploads\/2022\/03\/IMG_5969-768x576.jpeg 768w, https:\/\/tikowi.ch\/wp-content\/uploads\/2022\/03\/IMG_5969-1536x1152.jpeg 1536w, https:\/\/tikowi.ch\/wp-content\/uploads\/2022\/03\/IMG_5969-2048x1536.jpeg 2048w\" sizes=\"(max-width: 1024px) 100vw, 1024px\" \/><\/figure>\n\n\n\n<figure class=\"wp-block-image size-large\"><img decoding=\"async\" width=\"768\" height=\"1024\" data-id=\"6579\" src=\"https:\/\/tikowi.ch\/wp-content\/uploads\/2022\/03\/IMG_5973-768x1024.jpeg\" alt=\"\" class=\"wp-image-6579\" srcset=\"https:\/\/tikowi.ch\/wp-content\/uploads\/2022\/03\/IMG_5973-768x1024.jpeg 768w, https:\/\/tikowi.ch\/wp-content\/uploads\/2022\/03\/IMG_5973-225x300.jpeg 225w, https:\/\/tikowi.ch\/wp-content\/uploads\/2022\/03\/IMG_5973-1152x1536.jpeg 1152w, https:\/\/tikowi.ch\/wp-content\/uploads\/2022\/03\/IMG_5973-1536x2048.jpeg 1536w, https:\/\/tikowi.ch\/wp-content\/uploads\/2022\/03\/IMG_5973-scaled.jpeg 1920w\" sizes=\"(max-width: 768px) 100vw, 768px\" \/><\/figure>\n\n\n\n<figure class=\"wp-block-image size-large\"><img decoding=\"async\" width=\"768\" height=\"1024\" data-id=\"6580\" src=\"https:\/\/tikowi.ch\/wp-content\/uploads\/2022\/03\/IMG_6037-768x1024.jpeg\" alt=\"\" class=\"wp-image-6580\" srcset=\"https:\/\/tikowi.ch\/wp-content\/uploads\/2022\/03\/IMG_6037-768x1024.jpeg 768w, https:\/\/tikowi.ch\/wp-content\/uploads\/2022\/03\/IMG_6037-225x300.jpeg 225w, https:\/\/tikowi.ch\/wp-content\/uploads\/2022\/03\/IMG_6037-1152x1536.jpeg 1152w, https:\/\/tikowi.ch\/wp-content\/uploads\/2022\/03\/IMG_6037-1536x2048.jpeg 1536w, https:\/\/tikowi.ch\/wp-content\/uploads\/2022\/03\/IMG_6037-scaled.jpeg 1920w\" sizes=\"(max-width: 768px) 100vw, 768px\" \/><\/figure>\n<\/figure>\n\n\n\n<p>Die Fensterscheiben zwischen den einzelnen R\u00e4umen, das D\u00e4mmmaterial, die schallnette Oberfl\u00e4chenverkleidung&#8230; es sieht schon ganz gut aus und das Strahlen von Koni &#8211; unbezahlbar!<\/p>\n\n\n\n<figure class=\"wp-block-video\"><video controls src=\"https:\/\/tikowi.ch\/wp-content\/uploads\/2022\/03\/IMG_5987.mov\"><\/video><\/figure>\n\n\n\n<p>Aber es baut nicht nur im Studio. Unser Carport wird dem Erdboden gleich gemacht und es wird gebaggert und geackert, bis die Stadt Winterthur auf die gloriose Idee kommt, dass das hier Sonderm\u00fcll sein k\u00f6nnte&#8230; Baustopp. Chaos.<\/p>\n\n\n\n<figure class=\"wp-block-gallery has-nested-images columns-default is-cropped wp-block-gallery-2 is-layout-flex wp-block-gallery-is-layout-flex\">\n<figure class=\"wp-block-image size-large\"><img loading=\"lazy\" decoding=\"async\" width=\"2560\" height=\"1920\" data-id=\"6581\" src=\"https:\/\/tikowi.ch\/wp-content\/uploads\/2022\/03\/IMG_5983-scaled.jpeg\" alt=\"\" class=\"wp-image-6581\" srcset=\"https:\/\/tikowi.ch\/wp-content\/uploads\/2022\/03\/IMG_5983-scaled.jpeg 2560w, https:\/\/tikowi.ch\/wp-content\/uploads\/2022\/03\/IMG_5983-300x225.jpeg 300w, https:\/\/tikowi.ch\/wp-content\/uploads\/2022\/03\/IMG_5983-1024x768.jpeg 1024w, https:\/\/tikowi.ch\/wp-content\/uploads\/2022\/03\/IMG_5983-768x576.jpeg 768w, https:\/\/tikowi.ch\/wp-content\/uploads\/2022\/03\/IMG_5983-1536x1152.jpeg 1536w, https:\/\/tikowi.ch\/wp-content\/uploads\/2022\/03\/IMG_5983-2048x1536.jpeg 2048w\" sizes=\"(max-width: 2560px) 100vw, 2560px\" \/><\/figure>\n<\/figure>\n\n\n\n<p>Und ja, das TV-Kabel brauchen wir noch. BITTE&#8230;<\/p>\n\n\n\n<div class=\"wp-block-columns is-layout-flex wp-container-core-columns-is-layout-9d6595d7 wp-block-columns-is-layout-flex\">\n<div class=\"wp-block-column is-layout-flow wp-block-column-is-layout-flow\">\n<figure class=\"wp-block-image size-large\"><img loading=\"lazy\" decoding=\"async\" width=\"1024\" height=\"768\" src=\"https:\/\/tikowi.ch\/wp-content\/uploads\/2022\/03\/IMG_6056-1024x768.jpeg\" alt=\"\" class=\"wp-image-6578\" srcset=\"https:\/\/tikowi.ch\/wp-content\/uploads\/2022\/03\/IMG_6056-1024x768.jpeg 1024w, https:\/\/tikowi.ch\/wp-content\/uploads\/2022\/03\/IMG_6056-300x225.jpeg 300w, https:\/\/tikowi.ch\/wp-content\/uploads\/2022\/03\/IMG_6056-768x576.jpeg 768w, https:\/\/tikowi.ch\/wp-content\/uploads\/2022\/03\/IMG_6056-1536x1152.jpeg 1536w, https:\/\/tikowi.ch\/wp-content\/uploads\/2022\/03\/IMG_6056-2048x1536.jpeg 2048w\" sizes=\"(max-width: 1024px) 100vw, 1024px\" \/><\/figure>\n<\/div>\n\n\n\n<div class=\"wp-block-column is-layout-flow wp-block-column-is-layout-flow\">\n<p>Innendrin malt der Maler erste W\u00e4nde. Die &#171;weissen&#187; sind uninteressant, aber dieses schlammgraubraune Exemplar gef\u00e4llt uns allen wahnsinnig gut. Wir freuen uns. Blick von Stube gegen K\u00fcche &#8211; an der Wand rechts kommen die Hochschr\u00e4nke und davor die Insel. Blau&#8230;<\/p>\n<\/div>\n<\/div>\n\n\n\n<p>Wir kriegen einen Parkettboden und haben uuuhmega Freude, dass alles so sch\u00f6n zueinander passt. Jetzt, wo das Parkett liegt, kann auch Eric&#8217;s Wand (und diejenige von Konis B\u00fcro) drauf gestellt werden. Jetzt fehlt noch unsere dezente K\u00fcche&#8230;<\/p>\n\n\n\n<figure class=\"wp-block-gallery has-nested-images columns-2 is-cropped wp-block-gallery-3 is-layout-flex wp-block-gallery-is-layout-flex\">\n<figure class=\"wp-block-image size-large\"><img loading=\"lazy\" decoding=\"async\" width=\"2560\" height=\"1920\" data-id=\"6646\" src=\"https:\/\/tikowi.ch\/wp-content\/uploads\/2022\/04\/IMG_6112-scaled.jpeg\" alt=\"\" class=\"wp-image-6646\" srcset=\"https:\/\/tikowi.ch\/wp-content\/uploads\/2022\/04\/IMG_6112-scaled.jpeg 2560w, https:\/\/tikowi.ch\/wp-content\/uploads\/2022\/04\/IMG_6112-300x225.jpeg 300w, https:\/\/tikowi.ch\/wp-content\/uploads\/2022\/04\/IMG_6112-1024x768.jpeg 1024w, https:\/\/tikowi.ch\/wp-content\/uploads\/2022\/04\/IMG_6112-768x576.jpeg 768w, https:\/\/tikowi.ch\/wp-content\/uploads\/2022\/04\/IMG_6112-1536x1152.jpeg 1536w, https:\/\/tikowi.ch\/wp-content\/uploads\/2022\/04\/IMG_6112-2048x1536.jpeg 2048w\" sizes=\"(max-width: 2560px) 100vw, 2560px\" \/><figcaption>unser Schlafzimmer<\/figcaption><\/figure>\n\n\n\n<figure class=\"wp-block-image size-large\"><img loading=\"lazy\" decoding=\"async\" width=\"768\" height=\"1024\" data-id=\"6642\" src=\"https:\/\/tikowi.ch\/wp-content\/uploads\/2022\/04\/7f962c84-d842-4e54-86a7-30f49a88b2b8-768x1024.jpg\" alt=\"\" class=\"wp-image-6642\" srcset=\"https:\/\/tikowi.ch\/wp-content\/uploads\/2022\/04\/7f962c84-d842-4e54-86a7-30f49a88b2b8-768x1024.jpg 768w, https:\/\/tikowi.ch\/wp-content\/uploads\/2022\/04\/7f962c84-d842-4e54-86a7-30f49a88b2b8-225x300.jpg 225w, https:\/\/tikowi.ch\/wp-content\/uploads\/2022\/04\/7f962c84-d842-4e54-86a7-30f49a88b2b8-1152x1536.jpg 1152w, https:\/\/tikowi.ch\/wp-content\/uploads\/2022\/04\/7f962c84-d842-4e54-86a7-30f49a88b2b8.jpg 1536w\" sizes=\"(max-width: 768px) 100vw, 768px\" \/><\/figure>\n\n\n\n<figure class=\"wp-block-image size-large\"><img loading=\"lazy\" decoding=\"async\" width=\"1024\" height=\"768\" data-id=\"6644\" src=\"https:\/\/tikowi.ch\/wp-content\/uploads\/2022\/04\/IMG_6229-1024x768.jpeg\" alt=\"\" class=\"wp-image-6644\" srcset=\"https:\/\/tikowi.ch\/wp-content\/uploads\/2022\/04\/IMG_6229-1024x768.jpeg 1024w, https:\/\/tikowi.ch\/wp-content\/uploads\/2022\/04\/IMG_6229-300x225.jpeg 300w, https:\/\/tikowi.ch\/wp-content\/uploads\/2022\/04\/IMG_6229-768x576.jpeg 768w, https:\/\/tikowi.ch\/wp-content\/uploads\/2022\/04\/IMG_6229-1536x1152.jpeg 1536w, https:\/\/tikowi.ch\/wp-content\/uploads\/2022\/04\/IMG_6229-2048x1536.jpeg 2048w\" sizes=\"(max-width: 1024px) 100vw, 1024px\" \/><\/figure>\n<\/figure>\n\n\n\n<p>Und auch der Studiobau macht grosse Freude, wie das Bild zeigt&#8230;<\/p>\n\n\n\n<figure class=\"wp-block-image size-large\"><img loading=\"lazy\" decoding=\"async\" width=\"1024\" height=\"768\" src=\"https:\/\/tikowi.ch\/wp-content\/uploads\/2022\/04\/IMG_6181-1024x768.jpeg\" alt=\"\" class=\"wp-image-6645\" srcset=\"https:\/\/tikowi.ch\/wp-content\/uploads\/2022\/04\/IMG_6181-1024x768.jpeg 1024w, https:\/\/tikowi.ch\/wp-content\/uploads\/2022\/04\/IMG_6181-300x225.jpeg 300w, https:\/\/tikowi.ch\/wp-content\/uploads\/2022\/04\/IMG_6181-768x576.jpeg 768w, https:\/\/tikowi.ch\/wp-content\/uploads\/2022\/04\/IMG_6181-1536x1152.jpeg 1536w, https:\/\/tikowi.ch\/wp-content\/uploads\/2022\/04\/IMG_6181-2048x1536.jpeg 2048w\" sizes=\"(max-width: 1024px) 100vw, 1024px\" \/><\/figure>\n\n\n\n<p>Ziemlich \u00fcberraschend trudelt Ende M\u00e4rz auch noch die Veranda ein. Die Farbe&#8230; gr\u00e4sslich. Wir sind alle etwas schockiert und hoffen, dass das im Ensemble mit der Fassade besser aussieht. Oder wir riskieren noch einen Farbanstrich.<\/p>\n\n\n\n<figure class=\"wp-block-gallery has-nested-images columns-default is-cropped wp-block-gallery-4 is-layout-flex wp-block-gallery-is-layout-flex\">\n<figure class=\"wp-block-image size-large\"><img loading=\"lazy\" decoding=\"async\" width=\"1920\" height=\"2560\" data-id=\"6643\" src=\"https:\/\/tikowi.ch\/wp-content\/uploads\/2022\/04\/IMG_6168-scaled.jpeg\" alt=\"\" class=\"wp-image-6643\" srcset=\"https:\/\/tikowi.ch\/wp-content\/uploads\/2022\/04\/IMG_6168-scaled.jpeg 1920w, https:\/\/tikowi.ch\/wp-content\/uploads\/2022\/04\/IMG_6168-225x300.jpeg 225w, https:\/\/tikowi.ch\/wp-content\/uploads\/2022\/04\/IMG_6168-768x1024.jpeg 768w, https:\/\/tikowi.ch\/wp-content\/uploads\/2022\/04\/IMG_6168-1152x1536.jpeg 1152w, https:\/\/tikowi.ch\/wp-content\/uploads\/2022\/04\/IMG_6168-1536x2048.jpeg 1536w\" sizes=\"(max-width: 1920px) 100vw, 1920px\" \/><figcaption>gr\u00fcn brrrr<\/figcaption><\/figure>\n\n\n\n<figure class=\"wp-block-image size-large\"><img loading=\"lazy\" decoding=\"async\" width=\"1920\" height=\"2560\" data-id=\"6647\" src=\"https:\/\/tikowi.ch\/wp-content\/uploads\/2022\/04\/IMG_6164-scaled.jpeg\" alt=\"\" class=\"wp-image-6647\" srcset=\"https:\/\/tikowi.ch\/wp-content\/uploads\/2022\/04\/IMG_6164-scaled.jpeg 1920w, https:\/\/tikowi.ch\/wp-content\/uploads\/2022\/04\/IMG_6164-225x300.jpeg 225w, https:\/\/tikowi.ch\/wp-content\/uploads\/2022\/04\/IMG_6164-768x1024.jpeg 768w, https:\/\/tikowi.ch\/wp-content\/uploads\/2022\/04\/IMG_6164-1152x1536.jpeg 1152w, https:\/\/tikowi.ch\/wp-content\/uploads\/2022\/04\/IMG_6164-1536x2048.jpeg 1536w\" sizes=\"(max-width: 1920px) 100vw, 1920px\" \/><\/figure>\n\n\n\n<figure class=\"wp-block-image size-large\"><img loading=\"lazy\" decoding=\"async\" width=\"1920\" height=\"2560\" data-id=\"6648\" src=\"https:\/\/tikowi.ch\/wp-content\/uploads\/2022\/04\/IMG_6165-scaled.jpeg\" alt=\"\" class=\"wp-image-6648\" srcset=\"https:\/\/tikowi.ch\/wp-content\/uploads\/2022\/04\/IMG_6165-scaled.jpeg 1920w, https:\/\/tikowi.ch\/wp-content\/uploads\/2022\/04\/IMG_6165-225x300.jpeg 225w, https:\/\/tikowi.ch\/wp-content\/uploads\/2022\/04\/IMG_6165-768x1024.jpeg 768w, https:\/\/tikowi.ch\/wp-content\/uploads\/2022\/04\/IMG_6165-1152x1536.jpeg 1152w, https:\/\/tikowi.ch\/wp-content\/uploads\/2022\/04\/IMG_6165-1536x2048.jpeg 1536w\" sizes=\"(max-width: 1920px) 100vw, 1920px\" \/><\/figure>\n<\/figure>\n\n\n\n<p>Und eine neuen Umzugstermin haben wir auch&#8230; ab 7. Mai sollte alles ready sein. Wir sind gespannt. <\/p>\n","protected":false},"excerpt":{"rendered":"<p>Viel sieht man nicht von aussen&#8230; im Keller wuseln die Studiobauer aus Italien, emsig, sehr fleissig und ausdauernd. Und es wird wahnsinnig viel Material angeliefert. Die Fensterscheiben zwischen den einzelnen R\u00e4umen, das D\u00e4mmmaterial, die schallnette Oberfl\u00e4chenverkleidung&#8230; es sieht schon ganz gut aus und das Strahlen von Koni &#8211; unbezahlbar! Aber es baut nicht nur im&hellip; <br \/> <a class=\"button small blue\" href=\"https:\/\/tikowi.ch\/index.php\/the-tikowis\/woody-woodpecker\/woody-maerz-2022\/\">Read more<\/a><\/p>\n","protected":false},"author":1,"featured_media":0,"parent":4784,"menu_order":0,"comment_status":"closed","ping_status":"closed","template":"","meta":{"ngg_post_thumbnail":0,"footnotes":""},"class_list":["post-6576","page","type-page","status-publish","hentry"],"_links":{"self":[{"href":"https:\/\/tikowi.ch\/index.php\/wp-json\/wp\/v2\/pages\/6576","targetHints":{"allow":["GET"]}}],"collection":[{"href":"https:\/\/tikowi.ch\/index.php\/wp-json\/wp\/v2\/pages"}],"about":[{"href":"https:\/\/tikowi.ch\/index.php\/wp-json\/wp\/v2\/types\/page"}],"author":[{"embeddable":true,"href":"https:\/\/tikowi.ch\/index.php\/wp-json\/wp\/v2\/users\/1"}],"replies":[{"embeddable":true,"href":"https:\/\/tikowi.ch\/index.php\/wp-json\/wp\/v2\/comments?post=6576"}],"version-history":[{"count":2,"href":"https:\/\/tikowi.ch\/index.php\/wp-json\/wp\/v2\/pages\/6576\/revisions"}],"predecessor-version":[{"id":6649,"href":"https:\/\/tikowi.ch\/index.php\/wp-json\/wp\/v2\/pages\/6576\/revisions\/6649"}],"up":[{"embeddable":true,"href":"https:\/\/tikowi.ch\/index.php\/wp-json\/wp\/v2\/pages\/4784"}],"wp:attachment":[{"href":"https:\/\/tikowi.ch\/index.php\/wp-json\/wp\/v2\/media?parent=6576"}],"curies":[{"name":"wp","href":"https:\/\/api.w.org\/{rel}","templated":true}]}}