{"id":6537,"date":"2022-02-27T13:28:23","date_gmt":"2022-02-27T13:28:23","guid":{"rendered":"https:\/\/tikowi.ch\/?page_id=6537"},"modified":"2022-02-27T13:28:24","modified_gmt":"2022-02-27T13:28:24","slug":"woody-januar-2022","status":"publish","type":"page","link":"https:\/\/tikowi.ch\/index.php\/the-tikowis\/woody-woodpecker\/woody-januar-2022\/","title":{"rendered":"Woody Januar 2022"},"content":{"rendered":"\n<p>Die Baustelle schl\u00e4ft. Ruhig und tief! und offensichtlich gut. So alle paar Tage huscht mal einer durch die R\u00e4ume, werkelt etwas vor sich hin&#8230; immerhin haben wir eine Badewanne und einen WC-Dr\u00fccker. Zwar noch kein Klo, aber bitte, man muss ja Priorit\u00e4ten setzen. Der Baucontainer kommt weg und die Stadt \u00f6ffnet und schliesst in gem\u00fctlichem Tempo Gr\u00e4ben f\u00fcr Abwasser, Elektro, Fernw\u00e4rme. Einer nach dem anderen. In aller Gem\u00fctsruhe. <\/p>\n\n\n\n<figure class=\"wp-block-gallery columns-0 is-cropped wp-block-gallery-1 is-layout-flex wp-block-gallery-is-layout-flex\"><ul class=\"blocks-gallery-grid\"><li class=\"blocks-gallery-item\"><figure><a href=\"https:\/\/tikowi.ch\/wp-content\/uploads\/2022\/02\/IMG_5590-scaled.jpeg\"><img fetchpriority=\"high\" decoding=\"async\" width=\"768\" height=\"1024\" src=\"https:\/\/tikowi.ch\/wp-content\/uploads\/2022\/02\/IMG_5590-768x1024.jpeg\" alt=\"\" data-id=\"6539\" data-full-url=\"https:\/\/tikowi.ch\/wp-content\/uploads\/2022\/02\/IMG_5590-scaled.jpeg\" data-link=\"https:\/\/tikowi.ch\/?attachment_id=6539\" class=\"wp-image-6539\" srcset=\"https:\/\/tikowi.ch\/wp-content\/uploads\/2022\/02\/IMG_5590-768x1024.jpeg 768w, https:\/\/tikowi.ch\/wp-content\/uploads\/2022\/02\/IMG_5590-225x300.jpeg 225w, https:\/\/tikowi.ch\/wp-content\/uploads\/2022\/02\/IMG_5590-1152x1536.jpeg 1152w, https:\/\/tikowi.ch\/wp-content\/uploads\/2022\/02\/IMG_5590-1536x2048.jpeg 1536w, https:\/\/tikowi.ch\/wp-content\/uploads\/2022\/02\/IMG_5590-scaled.jpeg 1920w\" sizes=\"(max-width: 768px) 100vw, 768px\" \/><\/a><\/figure><\/li><li class=\"blocks-gallery-item\"><figure><a href=\"https:\/\/tikowi.ch\/wp-content\/uploads\/2022\/02\/IMG_5690-scaled.jpeg\"><img decoding=\"async\" width=\"768\" height=\"1024\" src=\"https:\/\/tikowi.ch\/wp-content\/uploads\/2022\/02\/IMG_5690-768x1024.jpeg\" alt=\"\" data-id=\"6538\" data-full-url=\"https:\/\/tikowi.ch\/wp-content\/uploads\/2022\/02\/IMG_5690-scaled.jpeg\" data-link=\"https:\/\/tikowi.ch\/?attachment_id=6538\" class=\"wp-image-6538\" srcset=\"https:\/\/tikowi.ch\/wp-content\/uploads\/2022\/02\/IMG_5690-768x1024.jpeg 768w, https:\/\/tikowi.ch\/wp-content\/uploads\/2022\/02\/IMG_5690-225x300.jpeg 225w, https:\/\/tikowi.ch\/wp-content\/uploads\/2022\/02\/IMG_5690-1152x1536.jpeg 1152w, https:\/\/tikowi.ch\/wp-content\/uploads\/2022\/02\/IMG_5690-1536x2048.jpeg 1536w, https:\/\/tikowi.ch\/wp-content\/uploads\/2022\/02\/IMG_5690-scaled.jpeg 1920w\" sizes=\"(max-width: 768px) 100vw, 768px\" \/><\/a><\/figure><\/li><li class=\"blocks-gallery-item\"><figure><a href=\"https:\/\/tikowi.ch\/wp-content\/uploads\/2022\/02\/IMG_5695-scaled.jpeg\"><img decoding=\"async\" width=\"768\" height=\"1024\" src=\"https:\/\/tikowi.ch\/wp-content\/uploads\/2022\/02\/IMG_5695-768x1024.jpeg\" alt=\"\" data-id=\"6540\" data-full-url=\"https:\/\/tikowi.ch\/wp-content\/uploads\/2022\/02\/IMG_5695-scaled.jpeg\" data-link=\"https:\/\/tikowi.ch\/?attachment_id=6540\" class=\"wp-image-6540\" srcset=\"https:\/\/tikowi.ch\/wp-content\/uploads\/2022\/02\/IMG_5695-768x1024.jpeg 768w, https:\/\/tikowi.ch\/wp-content\/uploads\/2022\/02\/IMG_5695-225x300.jpeg 225w, https:\/\/tikowi.ch\/wp-content\/uploads\/2022\/02\/IMG_5695-1152x1536.jpeg 1152w, https:\/\/tikowi.ch\/wp-content\/uploads\/2022\/02\/IMG_5695-1536x2048.jpeg 1536w, https:\/\/tikowi.ch\/wp-content\/uploads\/2022\/02\/IMG_5695-scaled.jpeg 1920w\" sizes=\"(max-width: 768px) 100vw, 768px\" \/><\/a><\/figure><\/li><\/ul><\/figure>\n\n\n\n<p><\/p>\n","protected":false},"excerpt":{"rendered":"<p>Die Baustelle schl\u00e4ft. Ruhig und tief! und offensichtlich gut. So alle paar Tage huscht mal einer durch die R\u00e4ume, werkelt etwas vor sich hin&#8230; immerhin haben wir eine Badewanne und einen WC-Dr\u00fccker. Zwar noch kein Klo, aber bitte, man muss ja Priorit\u00e4ten setzen. Der Baucontainer kommt weg und die Stadt \u00f6ffnet und schliesst in gem\u00fctlichem&hellip; <br \/> <a class=\"button small blue\" href=\"https:\/\/tikowi.ch\/index.php\/the-tikowis\/woody-woodpecker\/woody-januar-2022\/\">Read more<\/a><\/p>\n","protected":false},"author":1,"featured_media":0,"parent":4784,"menu_order":0,"comment_status":"closed","ping_status":"closed","template":"","meta":{"ngg_post_thumbnail":0,"footnotes":""},"class_list":["post-6537","page","type-page","status-publish","hentry"],"_links":{"self":[{"href":"https:\/\/tikowi.ch\/index.php\/wp-json\/wp\/v2\/pages\/6537","targetHints":{"allow":["GET"]}}],"collection":[{"href":"https:\/\/tikowi.ch\/index.php\/wp-json\/wp\/v2\/pages"}],"about":[{"href":"https:\/\/tikowi.ch\/index.php\/wp-json\/wp\/v2\/types\/page"}],"author":[{"embeddable":true,"href":"https:\/\/tikowi.ch\/index.php\/wp-json\/wp\/v2\/users\/1"}],"replies":[{"embeddable":true,"href":"https:\/\/tikowi.ch\/index.php\/wp-json\/wp\/v2\/comments?post=6537"}],"version-history":[{"count":1,"href":"https:\/\/tikowi.ch\/index.php\/wp-json\/wp\/v2\/pages\/6537\/revisions"}],"predecessor-version":[{"id":6541,"href":"https:\/\/tikowi.ch\/index.php\/wp-json\/wp\/v2\/pages\/6537\/revisions\/6541"}],"up":[{"embeddable":true,"href":"https:\/\/tikowi.ch\/index.php\/wp-json\/wp\/v2\/pages\/4784"}],"wp:attachment":[{"href":"https:\/\/tikowi.ch\/index.php\/wp-json\/wp\/v2\/media?parent=6537"}],"curies":[{"name":"wp","href":"https:\/\/api.w.org\/{rel}","templated":true}]}}