{"id":6527,"date":"2022-02-27T13:24:07","date_gmt":"2022-02-27T13:24:07","guid":{"rendered":"https:\/\/tikowi.ch\/?page_id=6527"},"modified":"2022-02-27T13:24:07","modified_gmt":"2022-02-27T13:24:07","slug":"woody-februar-2022","status":"publish","type":"page","link":"https:\/\/tikowi.ch\/index.php\/the-tikowis\/woody-woodpecker\/woody-februar-2022\/","title":{"rendered":"Woody Februar 2022"},"content":{"rendered":"\n<p>Die Baustelle ist aus dem Winterschlaf erwacht &#8211; pl\u00f6tzlich herrscht wieder emsiges Treiben. Der Plattenleger (wir haben die allersch\u00f6nste Dusche der n\u00f6rdlichen Hemisph\u00e4re), der Gipser (Abrieb ist eben nicht Abrieb &#8211; wir haben uns auf zweimal gestrichen geeinigt), der Elektriker (vermutlich hat der den 5. und 6. Kilometer Kabel verlegt), daneben wird die Baustrasse zur\u00fcck gebaut und schwupps, sind auch schon die Studiobauer auf der Baustelle!<\/p>\n\n\n\n<figure class=\"wp-block-gallery columns-2 is-cropped wp-block-gallery-1 is-layout-flex wp-block-gallery-is-layout-flex\"><ul class=\"blocks-gallery-grid\"><li class=\"blocks-gallery-item\"><figure><a href=\"https:\/\/tikowi.ch\/wp-content\/uploads\/2022\/02\/IMG_5706-1-1024x768.jpeg\"><img fetchpriority=\"high\" decoding=\"async\" width=\"1024\" height=\"768\" src=\"https:\/\/tikowi.ch\/wp-content\/uploads\/2022\/02\/IMG_5706-1-1024x768.jpeg\" alt=\"\" data-id=\"6528\" data-link=\"https:\/\/tikowi.ch\/?attachment_id=6528\" class=\"wp-image-6528\" srcset=\"https:\/\/tikowi.ch\/wp-content\/uploads\/2022\/02\/IMG_5706-1-1024x768.jpeg 1024w, https:\/\/tikowi.ch\/wp-content\/uploads\/2022\/02\/IMG_5706-1-300x225.jpeg 300w, https:\/\/tikowi.ch\/wp-content\/uploads\/2022\/02\/IMG_5706-1-768x576.jpeg 768w, https:\/\/tikowi.ch\/wp-content\/uploads\/2022\/02\/IMG_5706-1-1536x1152.jpeg 1536w, https:\/\/tikowi.ch\/wp-content\/uploads\/2022\/02\/IMG_5706-1-2048x1536.jpeg 2048w\" sizes=\"(max-width: 1024px) 100vw, 1024px\" \/><\/a><figcaption class=\"blocks-gallery-item__caption\">Abriebfester<\/figcaption><\/figure><\/li><li class=\"blocks-gallery-item\"><figure><a href=\"https:\/\/tikowi.ch\/wp-content\/uploads\/2022\/02\/IMG_5707-1024x768.jpeg\"><img decoding=\"async\" width=\"1024\" height=\"768\" src=\"https:\/\/tikowi.ch\/wp-content\/uploads\/2022\/02\/IMG_5707-1024x768.jpeg\" alt=\"\" data-id=\"6529\" data-link=\"https:\/\/tikowi.ch\/?attachment_id=6529\" class=\"wp-image-6529\" srcset=\"https:\/\/tikowi.ch\/wp-content\/uploads\/2022\/02\/IMG_5707-1024x768.jpeg 1024w, https:\/\/tikowi.ch\/wp-content\/uploads\/2022\/02\/IMG_5707-300x225.jpeg 300w, https:\/\/tikowi.ch\/wp-content\/uploads\/2022\/02\/IMG_5707-768x576.jpeg 768w, https:\/\/tikowi.ch\/wp-content\/uploads\/2022\/02\/IMG_5707-1536x1152.jpeg 1536w, https:\/\/tikowi.ch\/wp-content\/uploads\/2022\/02\/IMG_5707-2048x1536.jpeg 2048w\" sizes=\"(max-width: 1024px) 100vw, 1024px\" \/><\/a><figcaption class=\"blocks-gallery-item__caption\">L\u00fcftungseinheiten<\/figcaption><\/figure><\/li><li class=\"blocks-gallery-item\"><figure><a href=\"https:\/\/tikowi.ch\/wp-content\/uploads\/2022\/02\/IMG_5887-768x1024.jpeg\"><img decoding=\"async\" width=\"768\" height=\"1024\" src=\"https:\/\/tikowi.ch\/wp-content\/uploads\/2022\/02\/IMG_5887-768x1024.jpeg\" alt=\"\" data-id=\"6530\" data-link=\"https:\/\/tikowi.ch\/?attachment_id=6530\" class=\"wp-image-6530\" srcset=\"https:\/\/tikowi.ch\/wp-content\/uploads\/2022\/02\/IMG_5887-768x1024.jpeg 768w, https:\/\/tikowi.ch\/wp-content\/uploads\/2022\/02\/IMG_5887-225x300.jpeg 225w, https:\/\/tikowi.ch\/wp-content\/uploads\/2022\/02\/IMG_5887-1152x1536.jpeg 1152w, https:\/\/tikowi.ch\/wp-content\/uploads\/2022\/02\/IMG_5887-1536x2048.jpeg 1536w, https:\/\/tikowi.ch\/wp-content\/uploads\/2022\/02\/IMG_5887-scaled.jpeg 1920w\" sizes=\"(max-width: 768px) 100vw, 768px\" \/><\/a><figcaption class=\"blocks-gallery-item__caption\">der Kran kommt weg<\/figcaption><\/figure><\/li><li class=\"blocks-gallery-item\"><figure><a href=\"https:\/\/tikowi.ch\/wp-content\/uploads\/2022\/02\/ce0bb68b-acba-4ea6-9de7-9a6cddd51b26-1024x768.jpg\"><img loading=\"lazy\" decoding=\"async\" width=\"1024\" height=\"768\" src=\"https:\/\/tikowi.ch\/wp-content\/uploads\/2022\/02\/ce0bb68b-acba-4ea6-9de7-9a6cddd51b26-1024x768.jpg\" alt=\"\" data-id=\"6531\" data-link=\"https:\/\/tikowi.ch\/?attachment_id=6531\" class=\"wp-image-6531\" srcset=\"https:\/\/tikowi.ch\/wp-content\/uploads\/2022\/02\/ce0bb68b-acba-4ea6-9de7-9a6cddd51b26-1024x768.jpg 1024w, https:\/\/tikowi.ch\/wp-content\/uploads\/2022\/02\/ce0bb68b-acba-4ea6-9de7-9a6cddd51b26-300x225.jpg 300w, https:\/\/tikowi.ch\/wp-content\/uploads\/2022\/02\/ce0bb68b-acba-4ea6-9de7-9a6cddd51b26-768x576.jpg 768w, https:\/\/tikowi.ch\/wp-content\/uploads\/2022\/02\/ce0bb68b-acba-4ea6-9de7-9a6cddd51b26-1536x1152.jpg 1536w, https:\/\/tikowi.ch\/wp-content\/uploads\/2022\/02\/ce0bb68b-acba-4ea6-9de7-9a6cddd51b26.jpg 2048w\" sizes=\"(max-width: 1024px) 100vw, 1024px\" \/><\/a><figcaption class=\"blocks-gallery-item__caption\">Vorarbeiten f\u00fcr den Carport &#8211; Ruedis Dschungel lichten<\/figcaption><\/figure><\/li><li class=\"blocks-gallery-item\"><figure><a href=\"https:\/\/tikowi.ch\/wp-content\/uploads\/2022\/02\/IMG_5925-1024x768.jpeg\"><img loading=\"lazy\" decoding=\"async\" width=\"1024\" height=\"768\" src=\"https:\/\/tikowi.ch\/wp-content\/uploads\/2022\/02\/IMG_5925-1024x768.jpeg\" alt=\"\" data-id=\"6532\" data-link=\"https:\/\/tikowi.ch\/?attachment_id=6532\" class=\"wp-image-6532\" srcset=\"https:\/\/tikowi.ch\/wp-content\/uploads\/2022\/02\/IMG_5925-1024x768.jpeg 1024w, https:\/\/tikowi.ch\/wp-content\/uploads\/2022\/02\/IMG_5925-300x225.jpeg 300w, https:\/\/tikowi.ch\/wp-content\/uploads\/2022\/02\/IMG_5925-768x576.jpeg 768w, https:\/\/tikowi.ch\/wp-content\/uploads\/2022\/02\/IMG_5925-1536x1152.jpeg 1536w, https:\/\/tikowi.ch\/wp-content\/uploads\/2022\/02\/IMG_5925-2048x1536.jpeg 2048w\" sizes=\"(max-width: 1024px) 100vw, 1024px\" \/><\/a><figcaption class=\"blocks-gallery-item__caption\">Lastwagen 1 f\u00fcrs Studio<\/figcaption><\/figure><\/li><li class=\"blocks-gallery-item\"><figure><a href=\"https:\/\/tikowi.ch\/wp-content\/uploads\/2022\/02\/IMG_5934-1024x768.jpeg\"><img loading=\"lazy\" decoding=\"async\" width=\"1024\" height=\"768\" src=\"https:\/\/tikowi.ch\/wp-content\/uploads\/2022\/02\/IMG_5934-1024x768.jpeg\" alt=\"\" data-id=\"6533\" data-link=\"https:\/\/tikowi.ch\/?attachment_id=6533\" class=\"wp-image-6533\" srcset=\"https:\/\/tikowi.ch\/wp-content\/uploads\/2022\/02\/IMG_5934-1024x768.jpeg 1024w, https:\/\/tikowi.ch\/wp-content\/uploads\/2022\/02\/IMG_5934-300x225.jpeg 300w, https:\/\/tikowi.ch\/wp-content\/uploads\/2022\/02\/IMG_5934-768x576.jpeg 768w, https:\/\/tikowi.ch\/wp-content\/uploads\/2022\/02\/IMG_5934-1536x1152.jpeg 1536w, https:\/\/tikowi.ch\/wp-content\/uploads\/2022\/02\/IMG_5934-2048x1536.jpeg 2048w\" sizes=\"(max-width: 1024px) 100vw, 1024px\" \/><\/a><figcaption class=\"blocks-gallery-item__caption\">Studiomaterial<\/figcaption><\/figure><\/li><li class=\"blocks-gallery-item\"><figure><a href=\"https:\/\/tikowi.ch\/wp-content\/uploads\/2022\/02\/IMG_5935-1024x768.jpeg\"><img loading=\"lazy\" decoding=\"async\" width=\"1024\" height=\"768\" src=\"https:\/\/tikowi.ch\/wp-content\/uploads\/2022\/02\/IMG_5935-1024x768.jpeg\" alt=\"\" data-id=\"6534\" data-link=\"https:\/\/tikowi.ch\/?attachment_id=6534\" class=\"wp-image-6534\" srcset=\"https:\/\/tikowi.ch\/wp-content\/uploads\/2022\/02\/IMG_5935-1024x768.jpeg 1024w, https:\/\/tikowi.ch\/wp-content\/uploads\/2022\/02\/IMG_5935-300x225.jpeg 300w, https:\/\/tikowi.ch\/wp-content\/uploads\/2022\/02\/IMG_5935-768x576.jpeg 768w, https:\/\/tikowi.ch\/wp-content\/uploads\/2022\/02\/IMG_5935-1536x1152.jpeg 1536w, https:\/\/tikowi.ch\/wp-content\/uploads\/2022\/02\/IMG_5935-2048x1536.jpeg 2048w\" sizes=\"(max-width: 1024px) 100vw, 1024px\" \/><\/a><figcaption class=\"blocks-gallery-item__caption\">R\u00fcckbau Carport<\/figcaption><\/figure><\/li><li class=\"blocks-gallery-item\"><figure><a href=\"https:\/\/tikowi.ch\/wp-content\/uploads\/2022\/02\/IMG_5919-scaled.jpeg\"><img loading=\"lazy\" decoding=\"async\" width=\"1024\" height=\"768\" src=\"https:\/\/tikowi.ch\/wp-content\/uploads\/2022\/02\/IMG_5919-1024x768.jpeg\" alt=\"\" data-id=\"6535\" data-full-url=\"https:\/\/tikowi.ch\/wp-content\/uploads\/2022\/02\/IMG_5919-scaled.jpeg\" data-link=\"https:\/\/tikowi.ch\/?attachment_id=6535\" class=\"wp-image-6535\" srcset=\"https:\/\/tikowi.ch\/wp-content\/uploads\/2022\/02\/IMG_5919-1024x768.jpeg 1024w, https:\/\/tikowi.ch\/wp-content\/uploads\/2022\/02\/IMG_5919-300x225.jpeg 300w, https:\/\/tikowi.ch\/wp-content\/uploads\/2022\/02\/IMG_5919-768x576.jpeg 768w, https:\/\/tikowi.ch\/wp-content\/uploads\/2022\/02\/IMG_5919-1536x1152.jpeg 1536w, https:\/\/tikowi.ch\/wp-content\/uploads\/2022\/02\/IMG_5919-2048x1536.jpeg 2048w\" sizes=\"(max-width: 1024px) 100vw, 1024px\" \/><\/a><figcaption class=\"blocks-gallery-item__caption\">die allersch\u00f6nste Dusche der Welt<\/figcaption><\/figure><\/li><\/ul><\/figure>\n\n\n\n<p>Was lange w\u00e4hrt, kommt dann doch noch zum fliegen! wir haben zwar immer noch keine Porch, aber wer weiss, vielleicht kommt die doch noch vor Juli. <\/p>\n","protected":false},"excerpt":{"rendered":"<p>Die Baustelle ist aus dem Winterschlaf erwacht &#8211; pl\u00f6tzlich herrscht wieder emsiges Treiben. Der Plattenleger (wir haben die allersch\u00f6nste Dusche der n\u00f6rdlichen Hemisph\u00e4re), der Gipser (Abrieb ist eben nicht Abrieb &#8211; wir haben uns auf zweimal gestrichen geeinigt), der Elektriker (vermutlich hat der den 5. und 6. Kilometer Kabel verlegt), daneben wird die Baustrasse zur\u00fcck&hellip; <br \/> <a class=\"button small blue\" href=\"https:\/\/tikowi.ch\/index.php\/the-tikowis\/woody-woodpecker\/woody-februar-2022\/\">Read more<\/a><\/p>\n","protected":false},"author":1,"featured_media":0,"parent":4784,"menu_order":0,"comment_status":"closed","ping_status":"closed","template":"","meta":{"ngg_post_thumbnail":0,"footnotes":""},"class_list":["post-6527","page","type-page","status-publish","hentry"],"_links":{"self":[{"href":"https:\/\/tikowi.ch\/index.php\/wp-json\/wp\/v2\/pages\/6527","targetHints":{"allow":["GET"]}}],"collection":[{"href":"https:\/\/tikowi.ch\/index.php\/wp-json\/wp\/v2\/pages"}],"about":[{"href":"https:\/\/tikowi.ch\/index.php\/wp-json\/wp\/v2\/types\/page"}],"author":[{"embeddable":true,"href":"https:\/\/tikowi.ch\/index.php\/wp-json\/wp\/v2\/users\/1"}],"replies":[{"embeddable":true,"href":"https:\/\/tikowi.ch\/index.php\/wp-json\/wp\/v2\/comments?post=6527"}],"version-history":[{"count":1,"href":"https:\/\/tikowi.ch\/index.php\/wp-json\/wp\/v2\/pages\/6527\/revisions"}],"predecessor-version":[{"id":6536,"href":"https:\/\/tikowi.ch\/index.php\/wp-json\/wp\/v2\/pages\/6527\/revisions\/6536"}],"up":[{"embeddable":true,"href":"https:\/\/tikowi.ch\/index.php\/wp-json\/wp\/v2\/pages\/4784"}],"wp:attachment":[{"href":"https:\/\/tikowi.ch\/index.php\/wp-json\/wp\/v2\/media?parent=6527"}],"curies":[{"name":"wp","href":"https:\/\/api.w.org\/{rel}","templated":true}]}}