{"id":6253,"date":"2021-12-12T11:08:34","date_gmt":"2021-12-12T11:08:34","guid":{"rendered":"https:\/\/tikowi.ch\/?page_id=6253"},"modified":"2021-12-12T11:08:34","modified_gmt":"2021-12-12T11:08:34","slug":"kw-49-05-12-21","status":"publish","type":"page","link":"https:\/\/tikowi.ch\/index.php\/the-tikowis\/woody-woodpecker\/kw-49-05-12-21\/","title":{"rendered":"KW 49 05.12.21"},"content":{"rendered":"\n<p>Es wird warm &#8211; ab sofort wird geheizt. T\u00e4glich 5\u00b0C mehr. Und kr\u00e4ftig l\u00fcften! das ist auch dringend n\u00f6tig, schliesslich tropft es von der Decke und die Fenstergriffe sind jeden Morgen feucht, oder eher nass.<\/p>\n\n\n\n<p>Auf dem Dach wird endlich&#8230; fleissig abgedichtet und isoliert, bei eisiger Bise vermutlich ein ganz besonderer Spass. Im Keller steht die Bauheizung &#8211; t\u00e4glich 5\u00b0 h\u00f6her stellen mein neuer Job \ud83d\ude42<\/p>\n\n\n\n<figure class=\"wp-block-gallery columns-3 is-cropped wp-block-gallery-1 is-layout-flex wp-block-gallery-is-layout-flex\"><ul class=\"blocks-gallery-grid\"><li class=\"blocks-gallery-item\"><figure><img fetchpriority=\"high\" decoding=\"async\" width=\"768\" height=\"1024\" src=\"https:\/\/tikowi.ch\/wp-content\/uploads\/2021\/12\/1d9dd22e-fb2a-40a9-b5cd-dad8ca0aba8f-768x1024.jpg\" alt=\"\" data-id=\"6258\" data-full-url=\"https:\/\/tikowi.ch\/wp-content\/uploads\/2021\/12\/1d9dd22e-fb2a-40a9-b5cd-dad8ca0aba8f.jpg\" data-link=\"https:\/\/tikowi.ch\/?attachment_id=6258\" class=\"wp-image-6258\" srcset=\"https:\/\/tikowi.ch\/wp-content\/uploads\/2021\/12\/1d9dd22e-fb2a-40a9-b5cd-dad8ca0aba8f-768x1024.jpg 768w, https:\/\/tikowi.ch\/wp-content\/uploads\/2021\/12\/1d9dd22e-fb2a-40a9-b5cd-dad8ca0aba8f-225x300.jpg 225w, https:\/\/tikowi.ch\/wp-content\/uploads\/2021\/12\/1d9dd22e-fb2a-40a9-b5cd-dad8ca0aba8f-1152x1536.jpg 1152w, https:\/\/tikowi.ch\/wp-content\/uploads\/2021\/12\/1d9dd22e-fb2a-40a9-b5cd-dad8ca0aba8f.jpg 1512w\" sizes=\"(max-width: 768px) 100vw, 768px\" \/><\/figure><\/li><li class=\"blocks-gallery-item\"><figure><img decoding=\"async\" width=\"768\" height=\"1024\" src=\"https:\/\/tikowi.ch\/wp-content\/uploads\/2021\/12\/a4f385fe-6793-495a-80ce-bd13c3f9b50d-768x1024.jpg\" alt=\"\" data-id=\"6259\" data-full-url=\"https:\/\/tikowi.ch\/wp-content\/uploads\/2021\/12\/a4f385fe-6793-495a-80ce-bd13c3f9b50d.jpg\" data-link=\"https:\/\/tikowi.ch\/?attachment_id=6259\" class=\"wp-image-6259\" srcset=\"https:\/\/tikowi.ch\/wp-content\/uploads\/2021\/12\/a4f385fe-6793-495a-80ce-bd13c3f9b50d-768x1024.jpg 768w, https:\/\/tikowi.ch\/wp-content\/uploads\/2021\/12\/a4f385fe-6793-495a-80ce-bd13c3f9b50d-225x300.jpg 225w, https:\/\/tikowi.ch\/wp-content\/uploads\/2021\/12\/a4f385fe-6793-495a-80ce-bd13c3f9b50d-1152x1536.jpg 1152w, https:\/\/tikowi.ch\/wp-content\/uploads\/2021\/12\/a4f385fe-6793-495a-80ce-bd13c3f9b50d.jpg 1512w\" sizes=\"(max-width: 768px) 100vw, 768px\" \/><\/figure><\/li><li class=\"blocks-gallery-item\"><figure><img decoding=\"async\" width=\"768\" height=\"1024\" src=\"https:\/\/tikowi.ch\/wp-content\/uploads\/2021\/12\/IMG_5223-768x1024.jpeg\" alt=\"\" data-id=\"6262\" data-full-url=\"https:\/\/tikowi.ch\/wp-content\/uploads\/2021\/12\/IMG_5223-scaled.jpeg\" data-link=\"https:\/\/tikowi.ch\/?attachment_id=6262\" class=\"wp-image-6262\" srcset=\"https:\/\/tikowi.ch\/wp-content\/uploads\/2021\/12\/IMG_5223-768x1024.jpeg 768w, https:\/\/tikowi.ch\/wp-content\/uploads\/2021\/12\/IMG_5223-225x300.jpeg 225w, https:\/\/tikowi.ch\/wp-content\/uploads\/2021\/12\/IMG_5223-1152x1536.jpeg 1152w, https:\/\/tikowi.ch\/wp-content\/uploads\/2021\/12\/IMG_5223-1536x2048.jpeg 1536w, https:\/\/tikowi.ch\/wp-content\/uploads\/2021\/12\/IMG_5223-scaled.jpeg 1920w\" sizes=\"(max-width: 768px) 100vw, 768px\" \/><\/figure><\/li><li class=\"blocks-gallery-item\"><figure><img loading=\"lazy\" decoding=\"async\" width=\"1024\" height=\"768\" src=\"https:\/\/tikowi.ch\/wp-content\/uploads\/2021\/12\/IMG_5224-1024x768.jpeg\" alt=\"\" data-id=\"6263\" data-full-url=\"https:\/\/tikowi.ch\/wp-content\/uploads\/2021\/12\/IMG_5224-scaled.jpeg\" data-link=\"https:\/\/tikowi.ch\/?attachment_id=6263\" class=\"wp-image-6263\" srcset=\"https:\/\/tikowi.ch\/wp-content\/uploads\/2021\/12\/IMG_5224-1024x768.jpeg 1024w, https:\/\/tikowi.ch\/wp-content\/uploads\/2021\/12\/IMG_5224-300x225.jpeg 300w, https:\/\/tikowi.ch\/wp-content\/uploads\/2021\/12\/IMG_5224-768x576.jpeg 768w, https:\/\/tikowi.ch\/wp-content\/uploads\/2021\/12\/IMG_5224-1536x1152.jpeg 1536w, https:\/\/tikowi.ch\/wp-content\/uploads\/2021\/12\/IMG_5224-2048x1536.jpeg 2048w\" sizes=\"(max-width: 1024px) 100vw, 1024px\" \/><\/figure><\/li><\/ul><\/figure>\n","protected":false},"excerpt":{"rendered":"<p>Es wird warm &#8211; ab sofort wird geheizt. T\u00e4glich 5\u00b0C mehr. Und kr\u00e4ftig l\u00fcften! das ist auch dringend n\u00f6tig, schliesslich tropft es von der Decke und die Fenstergriffe sind jeden Morgen feucht, oder eher nass. Auf dem Dach wird endlich&#8230; fleissig abgedichtet und isoliert, bei eisiger Bise vermutlich ein ganz besonderer Spass. Im Keller steht&hellip; <br \/> <a class=\"button small blue\" href=\"https:\/\/tikowi.ch\/index.php\/the-tikowis\/woody-woodpecker\/kw-49-05-12-21\/\">Read more<\/a><\/p>\n","protected":false},"author":1,"featured_media":0,"parent":4784,"menu_order":0,"comment_status":"closed","ping_status":"closed","template":"","meta":{"ngg_post_thumbnail":0,"footnotes":""},"class_list":["post-6253","page","type-page","status-publish","hentry"],"_links":{"self":[{"href":"https:\/\/tikowi.ch\/index.php\/wp-json\/wp\/v2\/pages\/6253","targetHints":{"allow":["GET"]}}],"collection":[{"href":"https:\/\/tikowi.ch\/index.php\/wp-json\/wp\/v2\/pages"}],"about":[{"href":"https:\/\/tikowi.ch\/index.php\/wp-json\/wp\/v2\/types\/page"}],"author":[{"embeddable":true,"href":"https:\/\/tikowi.ch\/index.php\/wp-json\/wp\/v2\/users\/1"}],"replies":[{"embeddable":true,"href":"https:\/\/tikowi.ch\/index.php\/wp-json\/wp\/v2\/comments?post=6253"}],"version-history":[{"count":1,"href":"https:\/\/tikowi.ch\/index.php\/wp-json\/wp\/v2\/pages\/6253\/revisions"}],"predecessor-version":[{"id":6264,"href":"https:\/\/tikowi.ch\/index.php\/wp-json\/wp\/v2\/pages\/6253\/revisions\/6264"}],"up":[{"embeddable":true,"href":"https:\/\/tikowi.ch\/index.php\/wp-json\/wp\/v2\/pages\/4784"}],"wp:attachment":[{"href":"https:\/\/tikowi.ch\/index.php\/wp-json\/wp\/v2\/media?parent=6253"}],"curies":[{"name":"wp","href":"https:\/\/api.w.org\/{rel}","templated":true}]}}