{"id":6135,"date":"2021-11-14T13:24:28","date_gmt":"2021-11-14T13:24:28","guid":{"rendered":"https:\/\/tikowi.ch\/?page_id=6135"},"modified":"2021-11-21T12:48:50","modified_gmt":"2021-11-21T12:48:50","slug":"kw-45-08-11-2021","status":"publish","type":"page","link":"https:\/\/tikowi.ch\/index.php\/the-tikowis\/woody-woodpecker\/kw-45-08-11-2021\/","title":{"rendered":"KW 46 15.11.2021"},"content":{"rendered":"\n<p>Verputzt und zugemauert! die letzten Rohre werden eingelegt, mit Fermacellplatten wird im Bad die Installationswand versorgt &#8211; in einer Nacht- und Nebelaktion gilt es noch Nischen f\u00fcr die Trafos der indirekten Beleuchtung zu bohren und anschliessend wird auch der Kabelkanal im R\u00e9duit zugemauert und die Mauern werden verputzt. Es ist feucht-k\u00fchl im Haus. Und draussen auch nicht besser&#8230;<\/p>\n\n\n\n<figure class=\"wp-block-gallery columns-2 is-cropped wp-block-gallery-1 is-layout-flex wp-block-gallery-is-layout-flex\"><ul class=\"blocks-gallery-grid\"><li class=\"blocks-gallery-item\"><figure><img fetchpriority=\"high\" decoding=\"async\" width=\"1024\" height=\"768\" src=\"https:\/\/tikowi.ch\/wp-content\/uploads\/2021\/11\/IMG_0954-1024x768.jpeg\" alt=\"\" data-id=\"6151\" data-full-url=\"https:\/\/tikowi.ch\/wp-content\/uploads\/2021\/11\/IMG_0954-scaled.jpeg\" data-link=\"https:\/\/tikowi.ch\/index.php\/2021\/11\/21\/leben-in-nerdville\/img_0954\/\" class=\"wp-image-6151\" srcset=\"https:\/\/tikowi.ch\/wp-content\/uploads\/2021\/11\/IMG_0954-1024x768.jpeg 1024w, https:\/\/tikowi.ch\/wp-content\/uploads\/2021\/11\/IMG_0954-300x225.jpeg 300w, https:\/\/tikowi.ch\/wp-content\/uploads\/2021\/11\/IMG_0954-768x576.jpeg 768w, https:\/\/tikowi.ch\/wp-content\/uploads\/2021\/11\/IMG_0954-1536x1152.jpeg 1536w, https:\/\/tikowi.ch\/wp-content\/uploads\/2021\/11\/IMG_0954-2048x1536.jpeg 2048w\" sizes=\"(max-width: 1024px) 100vw, 1024px\" \/><figcaption class=\"blocks-gallery-item__caption\">Stube EG West<\/figcaption><\/figure><\/li><li class=\"blocks-gallery-item\"><figure><img decoding=\"async\" width=\"1024\" height=\"768\" src=\"https:\/\/tikowi.ch\/wp-content\/uploads\/2021\/11\/IMG_0970-1024x768.jpeg\" alt=\"\" data-id=\"6157\" data-full-url=\"https:\/\/tikowi.ch\/wp-content\/uploads\/2021\/11\/IMG_0970-scaled.jpeg\" data-link=\"https:\/\/tikowi.ch\/index.php\/2021\/11\/21\/leben-in-nerdville\/img_0970\/\" class=\"wp-image-6157\" srcset=\"https:\/\/tikowi.ch\/wp-content\/uploads\/2021\/11\/IMG_0970-1024x768.jpeg 1024w, https:\/\/tikowi.ch\/wp-content\/uploads\/2021\/11\/IMG_0970-300x225.jpeg 300w, https:\/\/tikowi.ch\/wp-content\/uploads\/2021\/11\/IMG_0970-768x576.jpeg 768w, https:\/\/tikowi.ch\/wp-content\/uploads\/2021\/11\/IMG_0970-1536x1152.jpeg 1536w, https:\/\/tikowi.ch\/wp-content\/uploads\/2021\/11\/IMG_0970-2048x1536.jpeg 2048w\" sizes=\"(max-width: 1024px) 100vw, 1024px\" \/><figcaption class=\"blocks-gallery-item__caption\">Ausblick aus Stube EG Ost<\/figcaption><\/figure><\/li><li class=\"blocks-gallery-item\"><figure><img decoding=\"async\" width=\"1024\" height=\"768\" src=\"https:\/\/tikowi.ch\/wp-content\/uploads\/2021\/11\/IMG_0968-1024x768.jpeg\" alt=\"\" data-id=\"6156\" data-full-url=\"https:\/\/tikowi.ch\/wp-content\/uploads\/2021\/11\/IMG_0968-scaled.jpeg\" data-link=\"https:\/\/tikowi.ch\/index.php\/2021\/11\/21\/leben-in-nerdville\/img_0968\/\" class=\"wp-image-6156\" srcset=\"https:\/\/tikowi.ch\/wp-content\/uploads\/2021\/11\/IMG_0968-1024x768.jpeg 1024w, https:\/\/tikowi.ch\/wp-content\/uploads\/2021\/11\/IMG_0968-300x225.jpeg 300w, https:\/\/tikowi.ch\/wp-content\/uploads\/2021\/11\/IMG_0968-768x576.jpeg 768w, https:\/\/tikowi.ch\/wp-content\/uploads\/2021\/11\/IMG_0968-1536x1152.jpeg 1536w, https:\/\/tikowi.ch\/wp-content\/uploads\/2021\/11\/IMG_0968-2048x1536.jpeg 2048w\" sizes=\"(max-width: 1024px) 100vw, 1024px\" \/><figcaption class=\"blocks-gallery-item__caption\">Bad EG Ost mit Nische<\/figcaption><\/figure><\/li><li class=\"blocks-gallery-item\"><figure><img loading=\"lazy\" decoding=\"async\" width=\"1024\" height=\"768\" src=\"https:\/\/tikowi.ch\/wp-content\/uploads\/2021\/11\/IMG_0966-1024x768.jpeg\" alt=\"\" data-id=\"6155\" data-full-url=\"https:\/\/tikowi.ch\/wp-content\/uploads\/2021\/11\/IMG_0966-scaled.jpeg\" data-link=\"https:\/\/tikowi.ch\/index.php\/2021\/11\/21\/leben-in-nerdville\/img_0966-2\/\" class=\"wp-image-6155\" srcset=\"https:\/\/tikowi.ch\/wp-content\/uploads\/2021\/11\/IMG_0966-1024x768.jpeg 1024w, https:\/\/tikowi.ch\/wp-content\/uploads\/2021\/11\/IMG_0966-300x225.jpeg 300w, https:\/\/tikowi.ch\/wp-content\/uploads\/2021\/11\/IMG_0966-768x576.jpeg 768w, https:\/\/tikowi.ch\/wp-content\/uploads\/2021\/11\/IMG_0966-1536x1152.jpeg 1536w, https:\/\/tikowi.ch\/wp-content\/uploads\/2021\/11\/IMG_0966-2048x1536.jpeg 2048w\" sizes=\"(max-width: 1024px) 100vw, 1024px\" \/><figcaption class=\"blocks-gallery-item__caption\">Stube EG Ost &#8211; noch ohne Erics Zimmer<\/figcaption><\/figure><\/li><li class=\"blocks-gallery-item\"><figure><img loading=\"lazy\" decoding=\"async\" width=\"768\" height=\"1024\" src=\"https:\/\/tikowi.ch\/wp-content\/uploads\/2021\/11\/IMG_0963-768x1024.jpeg\" alt=\"\" data-id=\"6154\" data-full-url=\"https:\/\/tikowi.ch\/wp-content\/uploads\/2021\/11\/IMG_0963-scaled.jpeg\" data-link=\"https:\/\/tikowi.ch\/index.php\/2021\/11\/21\/leben-in-nerdville\/img_0963\/\" class=\"wp-image-6154\" srcset=\"https:\/\/tikowi.ch\/wp-content\/uploads\/2021\/11\/IMG_0963-768x1024.jpeg 768w, https:\/\/tikowi.ch\/wp-content\/uploads\/2021\/11\/IMG_0963-225x300.jpeg 225w, https:\/\/tikowi.ch\/wp-content\/uploads\/2021\/11\/IMG_0963-1152x1536.jpeg 1152w, https:\/\/tikowi.ch\/wp-content\/uploads\/2021\/11\/IMG_0963-1536x2048.jpeg 1536w, https:\/\/tikowi.ch\/wp-content\/uploads\/2021\/11\/IMG_0963-scaled.jpeg 1920w\" sizes=\"(max-width: 768px) 100vw, 768px\" \/><figcaption class=\"blocks-gallery-item__caption\">Durchgang &#8211; Blick aus Wohnung West<\/figcaption><\/figure><\/li><li class=\"blocks-gallery-item\"><figure><img loading=\"lazy\" decoding=\"async\" width=\"768\" height=\"1024\" src=\"https:\/\/tikowi.ch\/wp-content\/uploads\/2021\/11\/IMG_0962-768x1024.jpeg\" alt=\"\" data-id=\"6153\" data-full-url=\"https:\/\/tikowi.ch\/wp-content\/uploads\/2021\/11\/IMG_0962-scaled.jpeg\" data-link=\"https:\/\/tikowi.ch\/index.php\/2021\/11\/21\/leben-in-nerdville\/img_0962\/\" class=\"wp-image-6153\" srcset=\"https:\/\/tikowi.ch\/wp-content\/uploads\/2021\/11\/IMG_0962-768x1024.jpeg 768w, https:\/\/tikowi.ch\/wp-content\/uploads\/2021\/11\/IMG_0962-225x300.jpeg 225w, https:\/\/tikowi.ch\/wp-content\/uploads\/2021\/11\/IMG_0962-1152x1536.jpeg 1152w, https:\/\/tikowi.ch\/wp-content\/uploads\/2021\/11\/IMG_0962-1536x2048.jpeg 1536w, https:\/\/tikowi.ch\/wp-content\/uploads\/2021\/11\/IMG_0962-scaled.jpeg 1920w\" sizes=\"(max-width: 768px) 100vw, 768px\" \/><figcaption class=\"blocks-gallery-item__caption\">mein B\u00fcro \ud83d\ude42<\/figcaption><\/figure><\/li><li class=\"blocks-gallery-item\"><figure><img loading=\"lazy\" decoding=\"async\" width=\"1024\" height=\"768\" src=\"https:\/\/tikowi.ch\/wp-content\/uploads\/2021\/11\/IMG_0957-1024x768.jpeg\" alt=\"\" data-id=\"6152\" data-full-url=\"https:\/\/tikowi.ch\/wp-content\/uploads\/2021\/11\/IMG_0957-scaled.jpeg\" data-link=\"https:\/\/tikowi.ch\/index.php\/2021\/11\/21\/leben-in-nerdville\/img_0957\/\" class=\"wp-image-6152\" srcset=\"https:\/\/tikowi.ch\/wp-content\/uploads\/2021\/11\/IMG_0957-1024x768.jpeg 1024w, https:\/\/tikowi.ch\/wp-content\/uploads\/2021\/11\/IMG_0957-300x225.jpeg 300w, https:\/\/tikowi.ch\/wp-content\/uploads\/2021\/11\/IMG_0957-768x576.jpeg 768w, https:\/\/tikowi.ch\/wp-content\/uploads\/2021\/11\/IMG_0957-1536x1152.jpeg 1536w, https:\/\/tikowi.ch\/wp-content\/uploads\/2021\/11\/IMG_0957-2048x1536.jpeg 2048w\" sizes=\"(max-width: 1024px) 100vw, 1024px\" \/><figcaption class=\"blocks-gallery-item__caption\">Bad EG West mit Installationswand<\/figcaption><\/figure><\/li><\/ul><\/figure>\n\n\n\n<p>Der Beton trocknet langsam, aber sicher ab. Auch im tiefen Keller! Noch ist alles g\u00e4hnend leer im M\u00e4nnerparadies, aber es wird. GARANTIERT!<\/p>\n\n\n\n<figure class=\"wp-block-gallery columns-2 is-cropped wp-block-gallery-2 is-layout-flex wp-block-gallery-is-layout-flex\"><ul class=\"blocks-gallery-grid\"><li class=\"blocks-gallery-item\"><figure><img loading=\"lazy\" decoding=\"async\" width=\"1024\" height=\"768\" src=\"https:\/\/tikowi.ch\/wp-content\/uploads\/2021\/11\/IMG_0976-1024x768.jpeg\" alt=\"\" data-id=\"6159\" data-full-url=\"https:\/\/tikowi.ch\/wp-content\/uploads\/2021\/11\/IMG_0976-scaled.jpeg\" data-link=\"https:\/\/tikowi.ch\/index.php\/2021\/11\/21\/leben-in-nerdville\/img_0976\/\" class=\"wp-image-6159\" srcset=\"https:\/\/tikowi.ch\/wp-content\/uploads\/2021\/11\/IMG_0976-1024x768.jpeg 1024w, https:\/\/tikowi.ch\/wp-content\/uploads\/2021\/11\/IMG_0976-300x225.jpeg 300w, https:\/\/tikowi.ch\/wp-content\/uploads\/2021\/11\/IMG_0976-768x576.jpeg 768w, https:\/\/tikowi.ch\/wp-content\/uploads\/2021\/11\/IMG_0976-1536x1152.jpeg 1536w, https:\/\/tikowi.ch\/wp-content\/uploads\/2021\/11\/IMG_0976-2048x1536.jpeg 2048w\" sizes=\"(max-width: 1024px) 100vw, 1024px\" \/><figcaption class=\"blocks-gallery-item__caption\">Eingang ins M\u00e4nnerparadies<\/figcaption><\/figure><\/li><li class=\"blocks-gallery-item\"><figure><img loading=\"lazy\" decoding=\"async\" width=\"1024\" height=\"768\" src=\"https:\/\/tikowi.ch\/wp-content\/uploads\/2021\/11\/IMG_0980-1024x768.jpeg\" alt=\"\" data-id=\"6160\" data-full-url=\"https:\/\/tikowi.ch\/wp-content\/uploads\/2021\/11\/IMG_0980-scaled.jpeg\" data-link=\"https:\/\/tikowi.ch\/index.php\/2021\/11\/21\/leben-in-nerdville\/img_0980\/\" class=\"wp-image-6160\" srcset=\"https:\/\/tikowi.ch\/wp-content\/uploads\/2021\/11\/IMG_0980-1024x768.jpeg 1024w, https:\/\/tikowi.ch\/wp-content\/uploads\/2021\/11\/IMG_0980-300x225.jpeg 300w, https:\/\/tikowi.ch\/wp-content\/uploads\/2021\/11\/IMG_0980-768x576.jpeg 768w, https:\/\/tikowi.ch\/wp-content\/uploads\/2021\/11\/IMG_0980-1536x1152.jpeg 1536w, https:\/\/tikowi.ch\/wp-content\/uploads\/2021\/11\/IMG_0980-2048x1536.jpeg 2048w\" sizes=\"(max-width: 1024px) 100vw, 1024px\" \/><figcaption class=\"blocks-gallery-item__caption\">DAS wird das M\u00e4nnerparadies.<\/figcaption><\/figure><\/li><\/ul><\/figure>\n\n\n\n<p>Von aussen sieht man wenig Neues&#8230; Fassade noch immer hinter Ger\u00fcst, die Veranda fehlt nach, wie vor!<\/p>\n\n\n\n<figure class=\"wp-block-gallery columns-2 is-cropped wp-block-gallery-3 is-layout-flex wp-block-gallery-is-layout-flex\"><ul class=\"blocks-gallery-grid\"><li class=\"blocks-gallery-item\"><figure><img loading=\"lazy\" decoding=\"async\" width=\"1024\" height=\"768\" src=\"https:\/\/tikowi.ch\/wp-content\/uploads\/2021\/11\/IMG_0984-1024x768.jpeg\" alt=\"\" data-id=\"6161\" data-full-url=\"https:\/\/tikowi.ch\/wp-content\/uploads\/2021\/11\/IMG_0984-scaled.jpeg\" data-link=\"https:\/\/tikowi.ch\/index.php\/2021\/11\/21\/leben-in-nerdville\/img_0984\/\" class=\"wp-image-6161\" srcset=\"https:\/\/tikowi.ch\/wp-content\/uploads\/2021\/11\/IMG_0984-1024x768.jpeg 1024w, https:\/\/tikowi.ch\/wp-content\/uploads\/2021\/11\/IMG_0984-300x225.jpeg 300w, https:\/\/tikowi.ch\/wp-content\/uploads\/2021\/11\/IMG_0984-768x576.jpeg 768w, https:\/\/tikowi.ch\/wp-content\/uploads\/2021\/11\/IMG_0984-1536x1152.jpeg 1536w, https:\/\/tikowi.ch\/wp-content\/uploads\/2021\/11\/IMG_0984-2048x1536.jpeg 2048w\" sizes=\"(max-width: 1024px) 100vw, 1024px\" \/><\/figure><\/li><li class=\"blocks-gallery-item\"><figure><img loading=\"lazy\" decoding=\"async\" width=\"1024\" height=\"768\" src=\"https:\/\/tikowi.ch\/wp-content\/uploads\/2021\/11\/IMG_0974-1024x768.jpeg\" alt=\"\" data-id=\"6158\" data-full-url=\"https:\/\/tikowi.ch\/wp-content\/uploads\/2021\/11\/IMG_0974-scaled.jpeg\" data-link=\"https:\/\/tikowi.ch\/index.php\/2021\/11\/21\/leben-in-nerdville\/img_0974\/\" class=\"wp-image-6158\" srcset=\"https:\/\/tikowi.ch\/wp-content\/uploads\/2021\/11\/IMG_0974-1024x768.jpeg 1024w, https:\/\/tikowi.ch\/wp-content\/uploads\/2021\/11\/IMG_0974-300x225.jpeg 300w, https:\/\/tikowi.ch\/wp-content\/uploads\/2021\/11\/IMG_0974-768x576.jpeg 768w, https:\/\/tikowi.ch\/wp-content\/uploads\/2021\/11\/IMG_0974-1536x1151.jpeg 1536w, https:\/\/tikowi.ch\/wp-content\/uploads\/2021\/11\/IMG_0974-2048x1535.jpeg 2048w\" sizes=\"(max-width: 1024px) 100vw, 1024px\" \/><\/figure><\/li><\/ul><\/figure>\n\n\n\n<p>N\u00e4chste Woche soll die Photovoltaikanlage aufs Dach und weiter am Innenausbau gewerkelt werden. Wir sind gespannt!<\/p>\n","protected":false},"excerpt":{"rendered":"<p>Verputzt und zugemauert! die letzten Rohre werden eingelegt, mit Fermacellplatten wird im Bad die Installationswand versorgt &#8211; in einer Nacht- und Nebelaktion gilt es noch Nischen f\u00fcr die Trafos der indirekten Beleuchtung zu bohren und anschliessend wird auch der Kabelkanal im R\u00e9duit zugemauert und die Mauern werden verputzt. Es ist feucht-k\u00fchl im Haus. Und draussen&hellip; <br \/> <a class=\"button small blue\" href=\"https:\/\/tikowi.ch\/index.php\/the-tikowis\/woody-woodpecker\/kw-45-08-11-2021\/\">Read more<\/a><\/p>\n","protected":false},"author":1,"featured_media":0,"parent":4784,"menu_order":0,"comment_status":"closed","ping_status":"closed","template":"","meta":{"ngg_post_thumbnail":0,"footnotes":""},"class_list":["post-6135","page","type-page","status-publish","hentry"],"_links":{"self":[{"href":"https:\/\/tikowi.ch\/index.php\/wp-json\/wp\/v2\/pages\/6135","targetHints":{"allow":["GET"]}}],"collection":[{"href":"https:\/\/tikowi.ch\/index.php\/wp-json\/wp\/v2\/pages"}],"about":[{"href":"https:\/\/tikowi.ch\/index.php\/wp-json\/wp\/v2\/types\/page"}],"author":[{"embeddable":true,"href":"https:\/\/tikowi.ch\/index.php\/wp-json\/wp\/v2\/users\/1"}],"replies":[{"embeddable":true,"href":"https:\/\/tikowi.ch\/index.php\/wp-json\/wp\/v2\/comments?post=6135"}],"version-history":[{"count":3,"href":"https:\/\/tikowi.ch\/index.php\/wp-json\/wp\/v2\/pages\/6135\/revisions"}],"predecessor-version":[{"id":6171,"href":"https:\/\/tikowi.ch\/index.php\/wp-json\/wp\/v2\/pages\/6135\/revisions\/6171"}],"up":[{"embeddable":true,"href":"https:\/\/tikowi.ch\/index.php\/wp-json\/wp\/v2\/pages\/4784"}],"wp:attachment":[{"href":"https:\/\/tikowi.ch\/index.php\/wp-json\/wp\/v2\/media?parent=6135"}],"curies":[{"name":"wp","href":"https:\/\/api.w.org\/{rel}","templated":true}]}}