{"id":6099,"date":"2021-11-07T16:02:19","date_gmt":"2021-11-07T16:02:19","guid":{"rendered":"https:\/\/tikowi.ch\/?page_id=6099"},"modified":"2021-11-07T16:02:19","modified_gmt":"2021-11-07T16:02:19","slug":"kw-44-01-11-2021","status":"publish","type":"page","link":"https:\/\/tikowi.ch\/index.php\/the-tikowis\/woody-woodpecker\/kw-44-01-11-2021\/","title":{"rendered":"KW 44 01.11.2021"},"content":{"rendered":"\n<p>Die augenscheinlichen Ver\u00e4nderungen werden weniger. Eindeutig. Es war aber auch nur m\u00e4ssig was los auf der Baustelle diese Woche, daf\u00fcr mussten wir pl\u00f6tzlich Entscheidungen f\u00e4llen. Mit Betonung auf pl\u00f6tzlich&#8230;<\/p>\n\n\n\n<p>Die Stadt bastelt noch immer an der Fernw\u00e4rme herum, doch doch, wir haben jetzt Anschl\u00fcsse. Der Ofen kriegt ein Kamin samt Revisionsklappe, Eric umrundet das Geb\u00e4ude zuoberst auf dem Ger\u00fcst und man darf weder rauchen im Geb\u00e4ude, noch die Schwellen betreten \ud83d\ude42<\/p>\n\n\n\n<figure class=\"wp-block-gallery columns-3 is-cropped wp-block-gallery-1 is-layout-flex wp-block-gallery-is-layout-flex\"><ul class=\"blocks-gallery-grid\"><li class=\"blocks-gallery-item\"><figure><img fetchpriority=\"high\" decoding=\"async\" width=\"1024\" height=\"768\" src=\"https:\/\/tikowi.ch\/wp-content\/uploads\/2021\/11\/IMG_4883-1024x768.jpeg\" alt=\"\" data-id=\"6100\" data-full-url=\"https:\/\/tikowi.ch\/wp-content\/uploads\/2021\/11\/IMG_4883-scaled.jpeg\" data-link=\"https:\/\/tikowi.ch\/?attachment_id=6100\" class=\"wp-image-6100\" srcset=\"https:\/\/tikowi.ch\/wp-content\/uploads\/2021\/11\/IMG_4883-1024x768.jpeg 1024w, https:\/\/tikowi.ch\/wp-content\/uploads\/2021\/11\/IMG_4883-300x225.jpeg 300w, https:\/\/tikowi.ch\/wp-content\/uploads\/2021\/11\/IMG_4883-768x576.jpeg 768w, https:\/\/tikowi.ch\/wp-content\/uploads\/2021\/11\/IMG_4883-1536x1152.jpeg 1536w, https:\/\/tikowi.ch\/wp-content\/uploads\/2021\/11\/IMG_4883-2048x1536.jpeg 2048w\" sizes=\"(max-width: 1024px) 100vw, 1024px\" \/><\/figure><\/li><li class=\"blocks-gallery-item\"><figure><img decoding=\"async\" width=\"768\" height=\"1024\" src=\"https:\/\/tikowi.ch\/wp-content\/uploads\/2021\/11\/IMG_4887-768x1024.jpeg\" alt=\"\" data-id=\"6101\" data-full-url=\"https:\/\/tikowi.ch\/wp-content\/uploads\/2021\/11\/IMG_4887-scaled.jpeg\" data-link=\"https:\/\/tikowi.ch\/?attachment_id=6101\" class=\"wp-image-6101\" srcset=\"https:\/\/tikowi.ch\/wp-content\/uploads\/2021\/11\/IMG_4887-768x1024.jpeg 768w, https:\/\/tikowi.ch\/wp-content\/uploads\/2021\/11\/IMG_4887-225x300.jpeg 225w, https:\/\/tikowi.ch\/wp-content\/uploads\/2021\/11\/IMG_4887-1152x1536.jpeg 1152w, https:\/\/tikowi.ch\/wp-content\/uploads\/2021\/11\/IMG_4887-1536x2048.jpeg 1536w, https:\/\/tikowi.ch\/wp-content\/uploads\/2021\/11\/IMG_4887-scaled.jpeg 1920w\" sizes=\"(max-width: 768px) 100vw, 768px\" \/><\/figure><\/li><li class=\"blocks-gallery-item\"><figure><img decoding=\"async\" width=\"1024\" height=\"768\" src=\"https:\/\/tikowi.ch\/wp-content\/uploads\/2021\/11\/IMG_4889-1024x768.jpeg\" alt=\"\" data-id=\"6102\" data-full-url=\"https:\/\/tikowi.ch\/wp-content\/uploads\/2021\/11\/IMG_4889-scaled.jpeg\" data-link=\"https:\/\/tikowi.ch\/?attachment_id=6102\" class=\"wp-image-6102\" srcset=\"https:\/\/tikowi.ch\/wp-content\/uploads\/2021\/11\/IMG_4889-1024x768.jpeg 1024w, https:\/\/tikowi.ch\/wp-content\/uploads\/2021\/11\/IMG_4889-300x225.jpeg 300w, https:\/\/tikowi.ch\/wp-content\/uploads\/2021\/11\/IMG_4889-768x576.jpeg 768w, https:\/\/tikowi.ch\/wp-content\/uploads\/2021\/11\/IMG_4889-1536x1152.jpeg 1536w, https:\/\/tikowi.ch\/wp-content\/uploads\/2021\/11\/IMG_4889-2048x1536.jpeg 2048w\" sizes=\"(max-width: 1024px) 100vw, 1024px\" \/><\/figure><\/li><li class=\"blocks-gallery-item\"><figure><img loading=\"lazy\" decoding=\"async\" width=\"1024\" height=\"768\" src=\"https:\/\/tikowi.ch\/wp-content\/uploads\/2021\/11\/IMG_4893-1024x768.jpeg\" alt=\"\" data-id=\"6103\" data-full-url=\"https:\/\/tikowi.ch\/wp-content\/uploads\/2021\/11\/IMG_4893-scaled.jpeg\" data-link=\"https:\/\/tikowi.ch\/?attachment_id=6103\" class=\"wp-image-6103\" srcset=\"https:\/\/tikowi.ch\/wp-content\/uploads\/2021\/11\/IMG_4893-1024x768.jpeg 1024w, https:\/\/tikowi.ch\/wp-content\/uploads\/2021\/11\/IMG_4893-300x225.jpeg 300w, https:\/\/tikowi.ch\/wp-content\/uploads\/2021\/11\/IMG_4893-768x576.jpeg 768w, https:\/\/tikowi.ch\/wp-content\/uploads\/2021\/11\/IMG_4893-1536x1152.jpeg 1536w, https:\/\/tikowi.ch\/wp-content\/uploads\/2021\/11\/IMG_4893-2048x1536.jpeg 2048w\" sizes=\"(max-width: 1024px) 100vw, 1024px\" \/><\/figure><\/li><li class=\"blocks-gallery-item\"><figure><img loading=\"lazy\" decoding=\"async\" width=\"768\" height=\"1024\" src=\"https:\/\/tikowi.ch\/wp-content\/uploads\/2021\/11\/IMG_4902-768x1024.jpeg\" alt=\"\" data-id=\"6104\" data-full-url=\"https:\/\/tikowi.ch\/wp-content\/uploads\/2021\/11\/IMG_4902-scaled.jpeg\" data-link=\"https:\/\/tikowi.ch\/?attachment_id=6104\" class=\"wp-image-6104\" srcset=\"https:\/\/tikowi.ch\/wp-content\/uploads\/2021\/11\/IMG_4902-768x1024.jpeg 768w, https:\/\/tikowi.ch\/wp-content\/uploads\/2021\/11\/IMG_4902-225x300.jpeg 225w, https:\/\/tikowi.ch\/wp-content\/uploads\/2021\/11\/IMG_4902-1152x1536.jpeg 1152w, https:\/\/tikowi.ch\/wp-content\/uploads\/2021\/11\/IMG_4902-1536x2048.jpeg 1536w, https:\/\/tikowi.ch\/wp-content\/uploads\/2021\/11\/IMG_4902-scaled.jpeg 1920w\" sizes=\"(max-width: 768px) 100vw, 768px\" \/><\/figure><\/li><li class=\"blocks-gallery-item\"><figure><img loading=\"lazy\" decoding=\"async\" width=\"768\" height=\"1024\" src=\"https:\/\/tikowi.ch\/wp-content\/uploads\/2021\/11\/IMG_4906-768x1024.jpeg\" alt=\"\" data-id=\"6105\" data-full-url=\"https:\/\/tikowi.ch\/wp-content\/uploads\/2021\/11\/IMG_4906-scaled.jpeg\" data-link=\"https:\/\/tikowi.ch\/?attachment_id=6105\" class=\"wp-image-6105\" srcset=\"https:\/\/tikowi.ch\/wp-content\/uploads\/2021\/11\/IMG_4906-768x1024.jpeg 768w, https:\/\/tikowi.ch\/wp-content\/uploads\/2021\/11\/IMG_4906-225x300.jpeg 225w, https:\/\/tikowi.ch\/wp-content\/uploads\/2021\/11\/IMG_4906-1152x1536.jpeg 1152w, https:\/\/tikowi.ch\/wp-content\/uploads\/2021\/11\/IMG_4906-1536x2048.jpeg 1536w, https:\/\/tikowi.ch\/wp-content\/uploads\/2021\/11\/IMG_4906-scaled.jpeg 1920w\" sizes=\"(max-width: 768px) 100vw, 768px\" \/><\/figure><\/li><\/ul><\/figure>\n\n\n\n<p>Wir testen indirektes LED-Licht und sind begeistert &#8211; der Lichtmensch, scheint ein Gl\u00fccksgriff zu sein. Die Offerte des Schrankbauers verhilft zu Schnappatmung und die Ideen sind hm&#8230; sagen wir es mal so, wenig \u00fcberzeugend. Etwas Standard&#8230; vielleicht h\u00e4tte ich doch die Anzahl Tablare vorgeben sollen? schauen wir mal &#8211; eine zweite Offerte von Pascal Drescher steht noch aus und DER ist definitiv nicht Standard. Pascal ist der Sohn von Andi und Andi hat unsere Holzskulptur vor dem Haus geschaffen. Auch nicht Standard, aber toll! Wir lassen uns \u00fcberraschen-<\/p>\n","protected":false},"excerpt":{"rendered":"<p>Die augenscheinlichen Ver\u00e4nderungen werden weniger. Eindeutig. Es war aber auch nur m\u00e4ssig was los auf der Baustelle diese Woche, daf\u00fcr mussten wir pl\u00f6tzlich Entscheidungen f\u00e4llen. Mit Betonung auf pl\u00f6tzlich&#8230; Die Stadt bastelt noch immer an der Fernw\u00e4rme herum, doch doch, wir haben jetzt Anschl\u00fcsse. Der Ofen kriegt ein Kamin samt Revisionsklappe, Eric umrundet das Geb\u00e4ude&hellip; <br \/> <a class=\"button small blue\" href=\"https:\/\/tikowi.ch\/index.php\/the-tikowis\/woody-woodpecker\/kw-44-01-11-2021\/\">Read more<\/a><\/p>\n","protected":false},"author":1,"featured_media":0,"parent":4784,"menu_order":0,"comment_status":"closed","ping_status":"closed","template":"","meta":{"ngg_post_thumbnail":0,"footnotes":""},"class_list":["post-6099","page","type-page","status-publish","hentry"],"_links":{"self":[{"href":"https:\/\/tikowi.ch\/index.php\/wp-json\/wp\/v2\/pages\/6099","targetHints":{"allow":["GET"]}}],"collection":[{"href":"https:\/\/tikowi.ch\/index.php\/wp-json\/wp\/v2\/pages"}],"about":[{"href":"https:\/\/tikowi.ch\/index.php\/wp-json\/wp\/v2\/types\/page"}],"author":[{"embeddable":true,"href":"https:\/\/tikowi.ch\/index.php\/wp-json\/wp\/v2\/users\/1"}],"replies":[{"embeddable":true,"href":"https:\/\/tikowi.ch\/index.php\/wp-json\/wp\/v2\/comments?post=6099"}],"version-history":[{"count":1,"href":"https:\/\/tikowi.ch\/index.php\/wp-json\/wp\/v2\/pages\/6099\/revisions"}],"predecessor-version":[{"id":6106,"href":"https:\/\/tikowi.ch\/index.php\/wp-json\/wp\/v2\/pages\/6099\/revisions\/6106"}],"up":[{"embeddable":true,"href":"https:\/\/tikowi.ch\/index.php\/wp-json\/wp\/v2\/pages\/4784"}],"wp:attachment":[{"href":"https:\/\/tikowi.ch\/index.php\/wp-json\/wp\/v2\/media?parent=6099"}],"curies":[{"name":"wp","href":"https:\/\/api.w.org\/{rel}","templated":true}]}}