{"id":6080,"date":"2021-10-30T13:35:20","date_gmt":"2021-10-30T13:35:20","guid":{"rendered":"https:\/\/tikowi.ch\/?page_id=6080"},"modified":"2021-10-30T13:35:54","modified_gmt":"2021-10-30T13:35:54","slug":"kw-43-25-10-21","status":"publish","type":"page","link":"https:\/\/tikowi.ch\/index.php\/the-tikowis\/woody-woodpecker\/kw-43-25-10-21\/","title":{"rendered":"KW 43 25.10.21"},"content":{"rendered":"\n<div class=\"wp-block-columns is-layout-flex wp-container-core-columns-is-layout-9d6595d7 wp-block-columns-is-layout-flex\">\n<div class=\"wp-block-column is-layout-flow wp-block-column-is-layout-flow\">\n<figure class=\"wp-block-image size-large\"><img fetchpriority=\"high\" decoding=\"async\" width=\"1024\" height=\"768\" src=\"https:\/\/tikowi.ch\/wp-content\/uploads\/2021\/10\/IMG_4766-1024x768.jpeg\" alt=\"\" class=\"wp-image-6075\" srcset=\"https:\/\/tikowi.ch\/wp-content\/uploads\/2021\/10\/IMG_4766-1024x768.jpeg 1024w, https:\/\/tikowi.ch\/wp-content\/uploads\/2021\/10\/IMG_4766-300x225.jpeg 300w, https:\/\/tikowi.ch\/wp-content\/uploads\/2021\/10\/IMG_4766-768x576.jpeg 768w, https:\/\/tikowi.ch\/wp-content\/uploads\/2021\/10\/IMG_4766-1536x1152.jpeg 1536w, https:\/\/tikowi.ch\/wp-content\/uploads\/2021\/10\/IMG_4766-2048x1536.jpeg 2048w\" sizes=\"(max-width: 1024px) 100vw, 1024px\" \/><\/figure>\n<\/div>\n\n\n\n<div class=\"wp-block-column is-layout-flow wp-block-column-is-layout-flow\">\n<p>Man ist slightly shocked in der Nachbarschaft&#8230; f\u00fcr unseren Fernw\u00e4rmeanschluss wird der halbe Nachbargarten umgegraben, B\u00e4ume werden aus- und hoffentlich sp\u00e4ter wieder eingegraben, es wird gebaggert und geschaufelt&#8230; ok, am Freitag um 1009h ist Schluss. Feierabend. Sind ja auch Staatsangestellte&#8230;<\/p>\n<\/div>\n<\/div>\n\n\n\n<figure class=\"wp-block-gallery columns-2 is-cropped wp-block-gallery-1 is-layout-flex wp-block-gallery-is-layout-flex\"><ul class=\"blocks-gallery-grid\"><li class=\"blocks-gallery-item\"><figure><a href=\"https:\/\/tikowi.ch\/wp-content\/uploads\/2021\/10\/IMG_4692-scaled.jpeg\"><img decoding=\"async\" width=\"768\" height=\"1024\" src=\"https:\/\/tikowi.ch\/wp-content\/uploads\/2021\/10\/IMG_4692-768x1024.jpeg\" alt=\"\" data-id=\"6081\" data-full-url=\"https:\/\/tikowi.ch\/wp-content\/uploads\/2021\/10\/IMG_4692-scaled.jpeg\" data-link=\"https:\/\/tikowi.ch\/?attachment_id=6081\" class=\"wp-image-6081\" srcset=\"https:\/\/tikowi.ch\/wp-content\/uploads\/2021\/10\/IMG_4692-768x1024.jpeg 768w, https:\/\/tikowi.ch\/wp-content\/uploads\/2021\/10\/IMG_4692-225x300.jpeg 225w, https:\/\/tikowi.ch\/wp-content\/uploads\/2021\/10\/IMG_4692-1152x1536.jpeg 1152w, https:\/\/tikowi.ch\/wp-content\/uploads\/2021\/10\/IMG_4692-1536x2048.jpeg 1536w, https:\/\/tikowi.ch\/wp-content\/uploads\/2021\/10\/IMG_4692-scaled.jpeg 1920w\" sizes=\"(max-width: 768px) 100vw, 768px\" \/><\/a><\/figure><\/li><li class=\"blocks-gallery-item\"><figure><a href=\"https:\/\/tikowi.ch\/wp-content\/uploads\/2021\/10\/IMG_4713-scaled.jpeg\"><img decoding=\"async\" width=\"1024\" height=\"768\" src=\"https:\/\/tikowi.ch\/wp-content\/uploads\/2021\/10\/IMG_4713-1024x768.jpeg\" alt=\"\" data-id=\"6082\" data-full-url=\"https:\/\/tikowi.ch\/wp-content\/uploads\/2021\/10\/IMG_4713-scaled.jpeg\" data-link=\"https:\/\/tikowi.ch\/?attachment_id=6082\" class=\"wp-image-6082\" srcset=\"https:\/\/tikowi.ch\/wp-content\/uploads\/2021\/10\/IMG_4713-1024x768.jpeg 1024w, https:\/\/tikowi.ch\/wp-content\/uploads\/2021\/10\/IMG_4713-300x225.jpeg 300w, https:\/\/tikowi.ch\/wp-content\/uploads\/2021\/10\/IMG_4713-768x576.jpeg 768w, https:\/\/tikowi.ch\/wp-content\/uploads\/2021\/10\/IMG_4713-1536x1152.jpeg 1536w, https:\/\/tikowi.ch\/wp-content\/uploads\/2021\/10\/IMG_4713-2048x1536.jpeg 2048w\" sizes=\"(max-width: 1024px) 100vw, 1024px\" \/><\/a><\/figure><\/li><li class=\"blocks-gallery-item\"><figure><a href=\"https:\/\/tikowi.ch\/wp-content\/uploads\/2021\/10\/IMG_4775-scaled.jpeg\"><img loading=\"lazy\" decoding=\"async\" width=\"768\" height=\"1024\" src=\"https:\/\/tikowi.ch\/wp-content\/uploads\/2021\/10\/IMG_4775-768x1024.jpeg\" alt=\"\" data-id=\"6083\" data-full-url=\"https:\/\/tikowi.ch\/wp-content\/uploads\/2021\/10\/IMG_4775-scaled.jpeg\" data-link=\"https:\/\/tikowi.ch\/?attachment_id=6083\" class=\"wp-image-6083\" srcset=\"https:\/\/tikowi.ch\/wp-content\/uploads\/2021\/10\/IMG_4775-768x1024.jpeg 768w, https:\/\/tikowi.ch\/wp-content\/uploads\/2021\/10\/IMG_4775-225x300.jpeg 225w, https:\/\/tikowi.ch\/wp-content\/uploads\/2021\/10\/IMG_4775-1152x1536.jpeg 1152w, https:\/\/tikowi.ch\/wp-content\/uploads\/2021\/10\/IMG_4775-1536x2048.jpeg 1536w, https:\/\/tikowi.ch\/wp-content\/uploads\/2021\/10\/IMG_4775-scaled.jpeg 1920w\" sizes=\"(max-width: 768px) 100vw, 768px\" \/><\/a><\/figure><\/li><\/ul><\/figure>\n\n\n\n<p>Wir kriegen T\u00fcrzargen &#8211; der Parkplatz ist grad voll, wir kriegen Heizungs-, L\u00fcftung-, Wasser- und Abwasserrohre, es werden kilometerlange Dr\u00e4hte in allen Farben verlegt, nur die T\u00fcre im oberen Bild rechts, ist immer noch nicht ganz am richtigen Ort. <\/p>\n","protected":false},"excerpt":{"rendered":"<p>Man ist slightly shocked in der Nachbarschaft&#8230; f\u00fcr unseren Fernw\u00e4rmeanschluss wird der halbe Nachbargarten umgegraben, B\u00e4ume werden aus- und hoffentlich sp\u00e4ter wieder eingegraben, es wird gebaggert und geschaufelt&#8230; ok, am Freitag um 1009h ist Schluss. Feierabend. Sind ja auch Staatsangestellte&#8230; Wir kriegen T\u00fcrzargen &#8211; der Parkplatz ist grad voll, wir kriegen Heizungs-, L\u00fcftung-, Wasser- und&hellip; <br \/> <a class=\"button small blue\" href=\"https:\/\/tikowi.ch\/index.php\/the-tikowis\/woody-woodpecker\/kw-43-25-10-21\/\">Read more<\/a><\/p>\n","protected":false},"author":1,"featured_media":0,"parent":4784,"menu_order":0,"comment_status":"closed","ping_status":"closed","template":"","meta":{"ngg_post_thumbnail":0,"footnotes":""},"class_list":["post-6080","page","type-page","status-publish","hentry"],"_links":{"self":[{"href":"https:\/\/tikowi.ch\/index.php\/wp-json\/wp\/v2\/pages\/6080","targetHints":{"allow":["GET"]}}],"collection":[{"href":"https:\/\/tikowi.ch\/index.php\/wp-json\/wp\/v2\/pages"}],"about":[{"href":"https:\/\/tikowi.ch\/index.php\/wp-json\/wp\/v2\/types\/page"}],"author":[{"embeddable":true,"href":"https:\/\/tikowi.ch\/index.php\/wp-json\/wp\/v2\/users\/1"}],"replies":[{"embeddable":true,"href":"https:\/\/tikowi.ch\/index.php\/wp-json\/wp\/v2\/comments?post=6080"}],"version-history":[{"count":3,"href":"https:\/\/tikowi.ch\/index.php\/wp-json\/wp\/v2\/pages\/6080\/revisions"}],"predecessor-version":[{"id":6087,"href":"https:\/\/tikowi.ch\/index.php\/wp-json\/wp\/v2\/pages\/6080\/revisions\/6087"}],"up":[{"embeddable":true,"href":"https:\/\/tikowi.ch\/index.php\/wp-json\/wp\/v2\/pages\/4784"}],"wp:attachment":[{"href":"https:\/\/tikowi.ch\/index.php\/wp-json\/wp\/v2\/media?parent=6080"}],"curies":[{"name":"wp","href":"https:\/\/api.w.org\/{rel}","templated":true}]}}