{"id":6051,"date":"2021-10-24T10:16:50","date_gmt":"2021-10-24T10:16:50","guid":{"rendered":"https:\/\/tikowi.ch\/?page_id=6051"},"modified":"2021-10-24T10:16:50","modified_gmt":"2021-10-24T10:16:50","slug":"kw-42-18-10-21","status":"publish","type":"page","link":"https:\/\/tikowi.ch\/index.php\/the-tikowis\/woody-woodpecker\/kw-42-18-10-21\/","title":{"rendered":"KW 42 18.10.21"},"content":{"rendered":"\n<div class=\"wp-block-columns is-layout-flex wp-container-core-columns-is-layout-9d6595d7 wp-block-columns-is-layout-flex\">\n<div class=\"wp-block-column is-layout-flow wp-block-column-is-layout-flow\">\n<p>Wir bekommen Fenster! Fertig Villa Durchzug! P\u00fcnktlich zum Kaltwettereinbruch, zu den ersten Herbstst\u00fcrmen werden die Fenster geliefert!<\/p>\n\n\n\n<p>Unmengen von Fensterrahmen, Glaspaketen, Klappfl\u00fcgeln und Schiebet\u00fcren fliegen St\u00fcck und St\u00fcck in den unteren Garten. <\/p>\n<\/div>\n\n\n\n<div class=\"wp-block-column is-layout-flow wp-block-column-is-layout-flow\">\n<figure class=\"wp-block-image size-large\"><img fetchpriority=\"high\" decoding=\"async\" width=\"768\" height=\"1024\" src=\"https:\/\/tikowi.ch\/wp-content\/uploads\/2021\/10\/597de1ca-bd53-43f2-93d7-0b09f16fb5bd-768x1024.jpg\" alt=\"\" class=\"wp-image-6054\" srcset=\"https:\/\/tikowi.ch\/wp-content\/uploads\/2021\/10\/597de1ca-bd53-43f2-93d7-0b09f16fb5bd-768x1024.jpg 768w, https:\/\/tikowi.ch\/wp-content\/uploads\/2021\/10\/597de1ca-bd53-43f2-93d7-0b09f16fb5bd-225x300.jpg 225w, https:\/\/tikowi.ch\/wp-content\/uploads\/2021\/10\/597de1ca-bd53-43f2-93d7-0b09f16fb5bd-1152x1536.jpg 1152w, https:\/\/tikowi.ch\/wp-content\/uploads\/2021\/10\/597de1ca-bd53-43f2-93d7-0b09f16fb5bd.jpg 1512w\" sizes=\"(max-width: 768px) 100vw, 768px\" \/><\/figure>\n<\/div>\n<\/div>\n\n\n\n<figure class=\"wp-block-gallery columns-2 is-cropped wp-block-gallery-1 is-layout-flex wp-block-gallery-is-layout-flex\"><ul class=\"blocks-gallery-grid\"><li class=\"blocks-gallery-item\"><figure><a href=\"https:\/\/tikowi.ch\/wp-content\/uploads\/2021\/10\/IMG_4646-scaled.jpeg\"><img decoding=\"async\" width=\"1024\" height=\"768\" src=\"https:\/\/tikowi.ch\/wp-content\/uploads\/2021\/10\/IMG_4646-1024x768.jpeg\" alt=\"\" data-id=\"6046\" data-full-url=\"https:\/\/tikowi.ch\/wp-content\/uploads\/2021\/10\/IMG_4646-scaled.jpeg\" data-link=\"https:\/\/tikowi.ch\/index.php\/2021\/10\/24\/kilometerfressen\/img_4646\/\" class=\"wp-image-6046\" srcset=\"https:\/\/tikowi.ch\/wp-content\/uploads\/2021\/10\/IMG_4646-1024x768.jpeg 1024w, https:\/\/tikowi.ch\/wp-content\/uploads\/2021\/10\/IMG_4646-300x225.jpeg 300w, https:\/\/tikowi.ch\/wp-content\/uploads\/2021\/10\/IMG_4646-768x576.jpeg 768w, https:\/\/tikowi.ch\/wp-content\/uploads\/2021\/10\/IMG_4646-1536x1152.jpeg 1536w, https:\/\/tikowi.ch\/wp-content\/uploads\/2021\/10\/IMG_4646-2048x1536.jpeg 2048w\" sizes=\"(max-width: 1024px) 100vw, 1024px\" \/><\/a><figcaption class=\"blocks-gallery-item__caption\">Eric testet seine Schlafzimmerfenster<\/figcaption><\/figure><\/li><li class=\"blocks-gallery-item\"><figure><a href=\"https:\/\/tikowi.ch\/wp-content\/uploads\/2021\/10\/IMG_4650-scaled.jpeg\"><img decoding=\"async\" width=\"1024\" height=\"768\" src=\"https:\/\/tikowi.ch\/wp-content\/uploads\/2021\/10\/IMG_4650-1024x768.jpeg\" alt=\"\" data-id=\"6047\" data-full-url=\"https:\/\/tikowi.ch\/wp-content\/uploads\/2021\/10\/IMG_4650-scaled.jpeg\" data-link=\"https:\/\/tikowi.ch\/index.php\/2021\/10\/24\/kilometerfressen\/img_4650\/\" class=\"wp-image-6047\" srcset=\"https:\/\/tikowi.ch\/wp-content\/uploads\/2021\/10\/IMG_4650-1024x768.jpeg 1024w, https:\/\/tikowi.ch\/wp-content\/uploads\/2021\/10\/IMG_4650-300x225.jpeg 300w, https:\/\/tikowi.ch\/wp-content\/uploads\/2021\/10\/IMG_4650-768x576.jpeg 768w, https:\/\/tikowi.ch\/wp-content\/uploads\/2021\/10\/IMG_4650-1536x1152.jpeg 1536w, https:\/\/tikowi.ch\/wp-content\/uploads\/2021\/10\/IMG_4650-2048x1536.jpeg 2048w\" sizes=\"(max-width: 1024px) 100vw, 1024px\" \/><\/a><\/figure><\/li><li class=\"blocks-gallery-item\"><figure><a href=\"https:\/\/tikowi.ch\/wp-content\/uploads\/2021\/10\/IMG_4655-scaled.jpeg\"><img loading=\"lazy\" decoding=\"async\" width=\"1024\" height=\"768\" src=\"https:\/\/tikowi.ch\/wp-content\/uploads\/2021\/10\/IMG_4655-1024x768.jpeg\" alt=\"\" data-id=\"6048\" data-full-url=\"https:\/\/tikowi.ch\/wp-content\/uploads\/2021\/10\/IMG_4655-scaled.jpeg\" data-link=\"https:\/\/tikowi.ch\/index.php\/2021\/10\/24\/kilometerfressen\/img_4655\/\" class=\"wp-image-6048\" srcset=\"https:\/\/tikowi.ch\/wp-content\/uploads\/2021\/10\/IMG_4655-1024x768.jpeg 1024w, https:\/\/tikowi.ch\/wp-content\/uploads\/2021\/10\/IMG_4655-300x225.jpeg 300w, https:\/\/tikowi.ch\/wp-content\/uploads\/2021\/10\/IMG_4655-768x576.jpeg 768w, https:\/\/tikowi.ch\/wp-content\/uploads\/2021\/10\/IMG_4655-1536x1152.jpeg 1536w, https:\/\/tikowi.ch\/wp-content\/uploads\/2021\/10\/IMG_4655-2048x1536.jpeg 2048w\" sizes=\"(max-width: 1024px) 100vw, 1024px\" \/><\/a><figcaption class=\"blocks-gallery-item__caption\">im OG sind sie geteilt &#8211; schade!<\/figcaption><\/figure><\/li><\/ul><\/figure>\n\n\n\n<div class=\"wp-block-columns is-layout-flex wp-container-core-columns-is-layout-9d6595d7 wp-block-columns-is-layout-flex\">\n<div class=\"wp-block-column is-layout-flow wp-block-column-is-layout-flow\">\n<figure class=\"wp-block-image size-large\"><img loading=\"lazy\" decoding=\"async\" width=\"768\" height=\"1024\" src=\"https:\/\/tikowi.ch\/wp-content\/uploads\/2021\/10\/IMG_4640-768x1024.jpeg\" alt=\"\" class=\"wp-image-6053\" srcset=\"https:\/\/tikowi.ch\/wp-content\/uploads\/2021\/10\/IMG_4640-768x1024.jpeg 768w, https:\/\/tikowi.ch\/wp-content\/uploads\/2021\/10\/IMG_4640-225x300.jpeg 225w, https:\/\/tikowi.ch\/wp-content\/uploads\/2021\/10\/IMG_4640-1152x1536.jpeg 1152w, https:\/\/tikowi.ch\/wp-content\/uploads\/2021\/10\/IMG_4640-1536x2048.jpeg 1536w, https:\/\/tikowi.ch\/wp-content\/uploads\/2021\/10\/IMG_4640-scaled.jpeg 1920w\" sizes=\"(max-width: 768px) 100vw, 768px\" \/><\/figure>\n<\/div>\n\n\n\n<div class=\"wp-block-column is-layout-flow wp-block-column-is-layout-flow\">\n<p>Und sonst? die Mitarbeiter der Fernw\u00e4rme ackern stundenlang und arbeiten ganz gem\u00fctlich, derweilen die Holzbauer, wie von der Tarantel gestochen \u00fcber den Bau flitzen,<\/p>\n<\/div>\n<\/div>\n\n\n\n<p>auf dem Dach klebt neuerdings Pappe&#8230; wobei das farbenfrohe Geschlirgg am Himmel mindestens so sehenswert ist \ud83d\ude42<\/p>\n\n\n\n<figure class=\"wp-block-image size-full\"><img loading=\"lazy\" decoding=\"async\" width=\"1024\" height=\"768\" src=\"https:\/\/tikowi.ch\/wp-content\/uploads\/2021\/10\/7b16c852-cab2-47b6-8766-0487a68a78bc.jpg\" alt=\"\" class=\"wp-image-6041\" srcset=\"https:\/\/tikowi.ch\/wp-content\/uploads\/2021\/10\/7b16c852-cab2-47b6-8766-0487a68a78bc.jpg 1024w, https:\/\/tikowi.ch\/wp-content\/uploads\/2021\/10\/7b16c852-cab2-47b6-8766-0487a68a78bc-300x225.jpg 300w, https:\/\/tikowi.ch\/wp-content\/uploads\/2021\/10\/7b16c852-cab2-47b6-8766-0487a68a78bc-768x576.jpg 768w\" sizes=\"(max-width: 1024px) 100vw, 1024px\" \/><\/figure>\n\n\n\n<p><\/p>\n","protected":false},"excerpt":{"rendered":"<p>Wir bekommen Fenster! Fertig Villa Durchzug! P\u00fcnktlich zum Kaltwettereinbruch, zu den ersten Herbstst\u00fcrmen werden die Fenster geliefert! Unmengen von Fensterrahmen, Glaspaketen, Klappfl\u00fcgeln und Schiebet\u00fcren fliegen St\u00fcck und St\u00fcck in den unteren Garten. Und sonst? die Mitarbeiter der Fernw\u00e4rme ackern stundenlang und arbeiten ganz gem\u00fctlich, derweilen die Holzbauer, wie von der Tarantel gestochen \u00fcber den Bau&hellip; <br \/> <a class=\"button small blue\" href=\"https:\/\/tikowi.ch\/index.php\/the-tikowis\/woody-woodpecker\/kw-42-18-10-21\/\">Read more<\/a><\/p>\n","protected":false},"author":1,"featured_media":0,"parent":4784,"menu_order":0,"comment_status":"closed","ping_status":"closed","template":"","meta":{"ngg_post_thumbnail":0,"footnotes":""},"class_list":["post-6051","page","type-page","status-publish","hentry"],"_links":{"self":[{"href":"https:\/\/tikowi.ch\/index.php\/wp-json\/wp\/v2\/pages\/6051","targetHints":{"allow":["GET"]}}],"collection":[{"href":"https:\/\/tikowi.ch\/index.php\/wp-json\/wp\/v2\/pages"}],"about":[{"href":"https:\/\/tikowi.ch\/index.php\/wp-json\/wp\/v2\/types\/page"}],"author":[{"embeddable":true,"href":"https:\/\/tikowi.ch\/index.php\/wp-json\/wp\/v2\/users\/1"}],"replies":[{"embeddable":true,"href":"https:\/\/tikowi.ch\/index.php\/wp-json\/wp\/v2\/comments?post=6051"}],"version-history":[{"count":2,"href":"https:\/\/tikowi.ch\/index.php\/wp-json\/wp\/v2\/pages\/6051\/revisions"}],"predecessor-version":[{"id":6055,"href":"https:\/\/tikowi.ch\/index.php\/wp-json\/wp\/v2\/pages\/6051\/revisions\/6055"}],"up":[{"embeddable":true,"href":"https:\/\/tikowi.ch\/index.php\/wp-json\/wp\/v2\/pages\/4784"}],"wp:attachment":[{"href":"https:\/\/tikowi.ch\/index.php\/wp-json\/wp\/v2\/media?parent=6051"}],"curies":[{"name":"wp","href":"https:\/\/api.w.org\/{rel}","templated":true}]}}