{"id":6025,"date":"2021-10-16T16:02:12","date_gmt":"2021-10-16T16:02:12","guid":{"rendered":"https:\/\/tikowi.ch\/?page_id=6025"},"modified":"2021-10-16T16:02:12","modified_gmt":"2021-10-16T16:02:12","slug":"kw-41-11-10-21","status":"publish","type":"page","link":"https:\/\/tikowi.ch\/index.php\/the-tikowis\/woody-woodpecker\/kw-41-11-10-21\/","title":{"rendered":"KW 41 11.10.21"},"content":{"rendered":"\n<p>Wir sind in den Ferien und geniessen blauen Himmel und gelbe L\u00e4rchen und daheim? Koni ist begl\u00fcckt &#8211; unsere Eckschlafzimmer sind massiv heller. Das penetrante Durchsetzen der je zwei zus\u00e4tzlichen Fenster ist einfach oberaffenhammergeil!<\/p>\n\n\n\n<figure class=\"wp-block-gallery columns-2 is-cropped wp-block-gallery-1 is-layout-flex wp-block-gallery-is-layout-flex\"><ul class=\"blocks-gallery-grid\"><li class=\"blocks-gallery-item\"><figure><a href=\"https:\/\/tikowi.ch\/wp-content\/uploads\/2021\/10\/f68a416f-db06-4328-8967-f899e2907f1f-1.jpg\"><img fetchpriority=\"high\" decoding=\"async\" width=\"1024\" height=\"768\" src=\"https:\/\/tikowi.ch\/wp-content\/uploads\/2021\/10\/f68a416f-db06-4328-8967-f899e2907f1f-1.jpg\" alt=\"\" data-id=\"6029\" data-full-url=\"https:\/\/tikowi.ch\/wp-content\/uploads\/2021\/10\/f68a416f-db06-4328-8967-f899e2907f1f-1.jpg\" data-link=\"https:\/\/tikowi.ch\/?attachment_id=6029\" class=\"wp-image-6029\" srcset=\"https:\/\/tikowi.ch\/wp-content\/uploads\/2021\/10\/f68a416f-db06-4328-8967-f899e2907f1f-1.jpg 1024w, https:\/\/tikowi.ch\/wp-content\/uploads\/2021\/10\/f68a416f-db06-4328-8967-f899e2907f1f-1-300x225.jpg 300w, https:\/\/tikowi.ch\/wp-content\/uploads\/2021\/10\/f68a416f-db06-4328-8967-f899e2907f1f-1-768x576.jpg 768w\" sizes=\"(max-width: 1024px) 100vw, 1024px\" \/><\/a><figcaption class=\"blocks-gallery-item__caption\">AnnAs Schlafzimmer &#8211; massiv heller<\/figcaption><\/figure><\/li><li class=\"blocks-gallery-item\"><figure><a href=\"https:\/\/tikowi.ch\/wp-content\/uploads\/2021\/10\/d63671d7-17d1-40c5-b9a0-eb9661a37185-1.jpg\"><img decoding=\"async\" width=\"2048\" height=\"1536\" src=\"https:\/\/tikowi.ch\/wp-content\/uploads\/2021\/10\/d63671d7-17d1-40c5-b9a0-eb9661a37185-1.jpg\" alt=\"\" data-id=\"6030\" data-full-url=\"https:\/\/tikowi.ch\/wp-content\/uploads\/2021\/10\/d63671d7-17d1-40c5-b9a0-eb9661a37185-1.jpg\" data-link=\"https:\/\/tikowi.ch\/?attachment_id=6030\" class=\"wp-image-6030\" srcset=\"https:\/\/tikowi.ch\/wp-content\/uploads\/2021\/10\/d63671d7-17d1-40c5-b9a0-eb9661a37185-1.jpg 2048w, https:\/\/tikowi.ch\/wp-content\/uploads\/2021\/10\/d63671d7-17d1-40c5-b9a0-eb9661a37185-1-300x225.jpg 300w, https:\/\/tikowi.ch\/wp-content\/uploads\/2021\/10\/d63671d7-17d1-40c5-b9a0-eb9661a37185-1-1024x768.jpg 1024w, https:\/\/tikowi.ch\/wp-content\/uploads\/2021\/10\/d63671d7-17d1-40c5-b9a0-eb9661a37185-1-768x576.jpg 768w, https:\/\/tikowi.ch\/wp-content\/uploads\/2021\/10\/d63671d7-17d1-40c5-b9a0-eb9661a37185-1-1536x1152.jpg 1536w\" sizes=\"(max-width: 2048px) 100vw, 2048px\" \/><\/a><\/figure><\/li><\/ul><\/figure>\n\n\n\n<p>Es ist nicht so, dass nichts gegangen w\u00e4re diese Woche, aber man sieht halt nicht mehr so viel&#8230;<\/p>\n\n\n\n<p><\/p>\n\n\n\n<figure class=\"wp-block-gallery columns-2 is-cropped wp-block-gallery-2 is-layout-flex wp-block-gallery-is-layout-flex\"><ul class=\"blocks-gallery-grid\"><li class=\"blocks-gallery-item\"><figure><img decoding=\"async\" width=\"768\" height=\"1024\" src=\"https:\/\/tikowi.ch\/wp-content\/uploads\/2021\/10\/IMG_4564-768x1024.jpeg\" alt=\"\" data-id=\"6027\" data-full-url=\"https:\/\/tikowi.ch\/wp-content\/uploads\/2021\/10\/IMG_4564-scaled.jpeg\" data-link=\"https:\/\/tikowi.ch\/?attachment_id=6027\" class=\"wp-image-6027\" srcset=\"https:\/\/tikowi.ch\/wp-content\/uploads\/2021\/10\/IMG_4564-768x1024.jpeg 768w, https:\/\/tikowi.ch\/wp-content\/uploads\/2021\/10\/IMG_4564-225x300.jpeg 225w, https:\/\/tikowi.ch\/wp-content\/uploads\/2021\/10\/IMG_4564-1152x1536.jpeg 1152w, https:\/\/tikowi.ch\/wp-content\/uploads\/2021\/10\/IMG_4564-1536x2048.jpeg 1536w, https:\/\/tikowi.ch\/wp-content\/uploads\/2021\/10\/IMG_4564-scaled.jpeg 1920w\" sizes=\"(max-width: 768px) 100vw, 768px\" \/><\/figure><\/li><li class=\"blocks-gallery-item\"><figure><img loading=\"lazy\" decoding=\"async\" width=\"768\" height=\"1024\" src=\"https:\/\/tikowi.ch\/wp-content\/uploads\/2021\/10\/IMG_4563-768x1024.jpeg\" alt=\"\" data-id=\"6026\" data-full-url=\"https:\/\/tikowi.ch\/wp-content\/uploads\/2021\/10\/IMG_4563-scaled.jpeg\" data-link=\"https:\/\/tikowi.ch\/?attachment_id=6026\" class=\"wp-image-6026\" srcset=\"https:\/\/tikowi.ch\/wp-content\/uploads\/2021\/10\/IMG_4563-768x1024.jpeg 768w, https:\/\/tikowi.ch\/wp-content\/uploads\/2021\/10\/IMG_4563-225x300.jpeg 225w, https:\/\/tikowi.ch\/wp-content\/uploads\/2021\/10\/IMG_4563-1152x1536.jpeg 1152w, https:\/\/tikowi.ch\/wp-content\/uploads\/2021\/10\/IMG_4563-1536x2048.jpeg 1536w, https:\/\/tikowi.ch\/wp-content\/uploads\/2021\/10\/IMG_4563-scaled.jpeg 1920w\" sizes=\"(max-width: 768px) 100vw, 768px\" \/><\/figure><\/li><\/ul><\/figure>\n\n\n\n<p>L\u00fcftungsleitungen in unserem R\u00e9duit und die Kaminklappe. Tja, da h\u00e4tten wir ja gerne den Kasten hingestellt. Nun ja, dann eben anders. Wir sind ja flexibel. <\/p>\n","protected":false},"excerpt":{"rendered":"<p>Wir sind in den Ferien und geniessen blauen Himmel und gelbe L\u00e4rchen und daheim? Koni ist begl\u00fcckt &#8211; unsere Eckschlafzimmer sind massiv heller. Das penetrante Durchsetzen der je zwei zus\u00e4tzlichen Fenster ist einfach oberaffenhammergeil! Es ist nicht so, dass nichts gegangen w\u00e4re diese Woche, aber man sieht halt nicht mehr so viel&#8230; L\u00fcftungsleitungen in unserem&hellip; <br \/> <a class=\"button small blue\" href=\"https:\/\/tikowi.ch\/index.php\/the-tikowis\/woody-woodpecker\/kw-41-11-10-21\/\">Read more<\/a><\/p>\n","protected":false},"author":1,"featured_media":0,"parent":4784,"menu_order":0,"comment_status":"closed","ping_status":"closed","template":"","meta":{"ngg_post_thumbnail":0,"footnotes":""},"class_list":["post-6025","page","type-page","status-publish","hentry"],"_links":{"self":[{"href":"https:\/\/tikowi.ch\/index.php\/wp-json\/wp\/v2\/pages\/6025","targetHints":{"allow":["GET"]}}],"collection":[{"href":"https:\/\/tikowi.ch\/index.php\/wp-json\/wp\/v2\/pages"}],"about":[{"href":"https:\/\/tikowi.ch\/index.php\/wp-json\/wp\/v2\/types\/page"}],"author":[{"embeddable":true,"href":"https:\/\/tikowi.ch\/index.php\/wp-json\/wp\/v2\/users\/1"}],"replies":[{"embeddable":true,"href":"https:\/\/tikowi.ch\/index.php\/wp-json\/wp\/v2\/comments?post=6025"}],"version-history":[{"count":1,"href":"https:\/\/tikowi.ch\/index.php\/wp-json\/wp\/v2\/pages\/6025\/revisions"}],"predecessor-version":[{"id":6031,"href":"https:\/\/tikowi.ch\/index.php\/wp-json\/wp\/v2\/pages\/6025\/revisions\/6031"}],"up":[{"embeddable":true,"href":"https:\/\/tikowi.ch\/index.php\/wp-json\/wp\/v2\/pages\/4784"}],"wp:attachment":[{"href":"https:\/\/tikowi.ch\/index.php\/wp-json\/wp\/v2\/media?parent=6025"}],"curies":[{"name":"wp","href":"https:\/\/api.w.org\/{rel}","templated":true}]}}