{"id":5958,"date":"2021-10-04T17:43:16","date_gmt":"2021-10-04T17:43:16","guid":{"rendered":"https:\/\/tikowi.ch\/?page_id=5958"},"modified":"2021-10-04T17:44:25","modified_gmt":"2021-10-04T17:44:25","slug":"kw-39-27-09-21","status":"publish","type":"page","link":"https:\/\/tikowi.ch\/index.php\/the-tikowis\/woody-woodpecker\/kw-39-27-09-21\/","title":{"rendered":"KW 39 27.09.21"},"content":{"rendered":"\n<p>Die sichtbaren Unterschiede zur Vorwoche werden kleiner. Wir haben einen Kamin erhalten &#8211; f\u00fcr unser Chemin\u00e9e \ud83d\ude42<\/p>\n\n\n\n<figure class=\"wp-block-gallery columns-2 is-cropped wp-block-gallery-1 is-layout-flex wp-block-gallery-is-layout-flex\"><ul class=\"blocks-gallery-grid\"><li class=\"blocks-gallery-item\"><figure><a href=\"https:\/\/tikowi.ch\/wp-content\/uploads\/2021\/10\/IMG_4331-scaled.jpeg\"><img fetchpriority=\"high\" decoding=\"async\" width=\"768\" height=\"1024\" src=\"https:\/\/tikowi.ch\/wp-content\/uploads\/2021\/10\/IMG_4331-768x1024.jpeg\" alt=\"\" data-id=\"5959\" data-full-url=\"https:\/\/tikowi.ch\/wp-content\/uploads\/2021\/10\/IMG_4331-scaled.jpeg\" data-link=\"https:\/\/tikowi.ch\/?attachment_id=5959\" class=\"wp-image-5959\" srcset=\"https:\/\/tikowi.ch\/wp-content\/uploads\/2021\/10\/IMG_4331-768x1024.jpeg 768w, https:\/\/tikowi.ch\/wp-content\/uploads\/2021\/10\/IMG_4331-225x300.jpeg 225w, https:\/\/tikowi.ch\/wp-content\/uploads\/2021\/10\/IMG_4331-1152x1536.jpeg 1152w, https:\/\/tikowi.ch\/wp-content\/uploads\/2021\/10\/IMG_4331-1536x2048.jpeg 1536w, https:\/\/tikowi.ch\/wp-content\/uploads\/2021\/10\/IMG_4331-scaled.jpeg 1920w\" sizes=\"(max-width: 768px) 100vw, 768px\" \/><\/a><\/figure><\/li><li class=\"blocks-gallery-item\"><figure><a href=\"https:\/\/tikowi.ch\/wp-content\/uploads\/2021\/10\/IMG_4333-scaled.jpeg\"><img decoding=\"async\" width=\"768\" height=\"1024\" src=\"https:\/\/tikowi.ch\/wp-content\/uploads\/2021\/10\/IMG_4333-768x1024.jpeg\" alt=\"\" data-id=\"5960\" data-full-url=\"https:\/\/tikowi.ch\/wp-content\/uploads\/2021\/10\/IMG_4333-scaled.jpeg\" data-link=\"https:\/\/tikowi.ch\/?attachment_id=5960\" class=\"wp-image-5960\" srcset=\"https:\/\/tikowi.ch\/wp-content\/uploads\/2021\/10\/IMG_4333-768x1024.jpeg 768w, https:\/\/tikowi.ch\/wp-content\/uploads\/2021\/10\/IMG_4333-225x300.jpeg 225w, https:\/\/tikowi.ch\/wp-content\/uploads\/2021\/10\/IMG_4333-1152x1536.jpeg 1152w, https:\/\/tikowi.ch\/wp-content\/uploads\/2021\/10\/IMG_4333-1536x2048.jpeg 1536w, https:\/\/tikowi.ch\/wp-content\/uploads\/2021\/10\/IMG_4333-scaled.jpeg 1920w\" sizes=\"(max-width: 768px) 100vw, 768px\" \/><\/a><\/figure><\/li><\/ul><\/figure>\n\n\n\n<p>Es gibt viele neue Zuleitungen &#8211; Gr\u00e4ben werden auf- und wieder zugesch\u00fcttet und wir werden an die Fernw\u00e4rme angeschlossen.<\/p>\n\n\n\n<figure class=\"wp-block-image size-large\"><img decoding=\"async\" width=\"768\" height=\"1024\" src=\"https:\/\/tikowi.ch\/wp-content\/uploads\/2021\/10\/IMG_4329-768x1024.jpeg\" alt=\"\" class=\"wp-image-5961\" srcset=\"https:\/\/tikowi.ch\/wp-content\/uploads\/2021\/10\/IMG_4329-768x1024.jpeg 768w, https:\/\/tikowi.ch\/wp-content\/uploads\/2021\/10\/IMG_4329-225x300.jpeg 225w, https:\/\/tikowi.ch\/wp-content\/uploads\/2021\/10\/IMG_4329-1152x1536.jpeg 1152w, https:\/\/tikowi.ch\/wp-content\/uploads\/2021\/10\/IMG_4329-1536x2048.jpeg 1536w, https:\/\/tikowi.ch\/wp-content\/uploads\/2021\/10\/IMG_4329-scaled.jpeg 1920w\" sizes=\"(max-width: 768px) 100vw, 768px\" \/><\/figure>\n\n\n\n<p><\/p>\n","protected":false},"excerpt":{"rendered":"<p>Die sichtbaren Unterschiede zur Vorwoche werden kleiner. Wir haben einen Kamin erhalten &#8211; f\u00fcr unser Chemin\u00e9e \ud83d\ude42 Es gibt viele neue Zuleitungen &#8211; Gr\u00e4ben werden auf- und wieder zugesch\u00fcttet und wir werden an die Fernw\u00e4rme angeschlossen.<\/p>\n","protected":false},"author":1,"featured_media":0,"parent":4784,"menu_order":0,"comment_status":"closed","ping_status":"closed","template":"","meta":{"ngg_post_thumbnail":0,"footnotes":""},"class_list":["post-5958","page","type-page","status-publish","hentry"],"_links":{"self":[{"href":"https:\/\/tikowi.ch\/index.php\/wp-json\/wp\/v2\/pages\/5958","targetHints":{"allow":["GET"]}}],"collection":[{"href":"https:\/\/tikowi.ch\/index.php\/wp-json\/wp\/v2\/pages"}],"about":[{"href":"https:\/\/tikowi.ch\/index.php\/wp-json\/wp\/v2\/types\/page"}],"author":[{"embeddable":true,"href":"https:\/\/tikowi.ch\/index.php\/wp-json\/wp\/v2\/users\/1"}],"replies":[{"embeddable":true,"href":"https:\/\/tikowi.ch\/index.php\/wp-json\/wp\/v2\/comments?post=5958"}],"version-history":[{"count":1,"href":"https:\/\/tikowi.ch\/index.php\/wp-json\/wp\/v2\/pages\/5958\/revisions"}],"predecessor-version":[{"id":5962,"href":"https:\/\/tikowi.ch\/index.php\/wp-json\/wp\/v2\/pages\/5958\/revisions\/5962"}],"up":[{"embeddable":true,"href":"https:\/\/tikowi.ch\/index.php\/wp-json\/wp\/v2\/pages\/4784"}],"wp:attachment":[{"href":"https:\/\/tikowi.ch\/index.php\/wp-json\/wp\/v2\/media?parent=5958"}],"curies":[{"name":"wp","href":"https:\/\/api.w.org\/{rel}","templated":true}]}}