{"id":5925,"date":"2021-09-26T10:17:19","date_gmt":"2021-09-26T10:17:19","guid":{"rendered":"https:\/\/tikowi.ch\/?page_id=5925"},"modified":"2021-09-26T10:21:18","modified_gmt":"2021-09-26T10:21:18","slug":"kw-38-20-09-21","status":"publish","type":"page","link":"https:\/\/tikowi.ch\/index.php\/the-tikowis\/woody-woodpecker\/kw-38-20-09-21\/","title":{"rendered":"KW 38 20.09.21"},"content":{"rendered":"\n<p>Wir bekommen ein Dach \u00fcber den Kopf! am Dienstag, 21.09.21 wird die oberste Decke betoniert und bereits am Nachmittag wird die Decke aufger\u00e4umt und die Elemente f\u00fcr den Liftschacht werden darauf gestellt!<\/p>\n\n\n\n<figure class=\"wp-block-gallery columns-2 is-cropped wp-block-gallery-1 is-layout-flex wp-block-gallery-is-layout-flex\"><ul class=\"blocks-gallery-grid\"><li class=\"blocks-gallery-item\"><figure><a href=\"https:\/\/tikowi.ch\/wp-content\/uploads\/2021\/09\/IMG_4222-scaled.jpeg\"><img fetchpriority=\"high\" decoding=\"async\" width=\"1024\" height=\"768\" src=\"https:\/\/tikowi.ch\/wp-content\/uploads\/2021\/09\/IMG_4222-1024x768.jpeg\" alt=\"\" data-id=\"5926\" data-full-url=\"https:\/\/tikowi.ch\/wp-content\/uploads\/2021\/09\/IMG_4222-scaled.jpeg\" data-link=\"https:\/\/tikowi.ch\/?attachment_id=5926\" class=\"wp-image-5926\" srcset=\"https:\/\/tikowi.ch\/wp-content\/uploads\/2021\/09\/IMG_4222-1024x768.jpeg 1024w, https:\/\/tikowi.ch\/wp-content\/uploads\/2021\/09\/IMG_4222-300x225.jpeg 300w, https:\/\/tikowi.ch\/wp-content\/uploads\/2021\/09\/IMG_4222-768x576.jpeg 768w, https:\/\/tikowi.ch\/wp-content\/uploads\/2021\/09\/IMG_4222-1536x1152.jpeg 1536w, https:\/\/tikowi.ch\/wp-content\/uploads\/2021\/09\/IMG_4222-2048x1536.jpeg 2048w\" sizes=\"(max-width: 1024px) 100vw, 1024px\" \/><\/a><\/figure><\/li><li class=\"blocks-gallery-item\"><figure><a href=\"https:\/\/tikowi.ch\/wp-content\/uploads\/2021\/09\/62ecb240-3e9b-48ff-a4d6-678f49b62709.jpg\"><img decoding=\"async\" width=\"768\" height=\"1024\" src=\"https:\/\/tikowi.ch\/wp-content\/uploads\/2021\/09\/62ecb240-3e9b-48ff-a4d6-678f49b62709-768x1024.jpg\" alt=\"\" data-id=\"5928\" data-full-url=\"https:\/\/tikowi.ch\/wp-content\/uploads\/2021\/09\/62ecb240-3e9b-48ff-a4d6-678f49b62709.jpg\" data-link=\"https:\/\/tikowi.ch\/?attachment_id=5928\" class=\"wp-image-5928\" srcset=\"https:\/\/tikowi.ch\/wp-content\/uploads\/2021\/09\/62ecb240-3e9b-48ff-a4d6-678f49b62709-768x1024.jpg 768w, https:\/\/tikowi.ch\/wp-content\/uploads\/2021\/09\/62ecb240-3e9b-48ff-a4d6-678f49b62709-225x300.jpg 225w, https:\/\/tikowi.ch\/wp-content\/uploads\/2021\/09\/62ecb240-3e9b-48ff-a4d6-678f49b62709-1152x1536.jpg 1152w, https:\/\/tikowi.ch\/wp-content\/uploads\/2021\/09\/62ecb240-3e9b-48ff-a4d6-678f49b62709.jpg 1512w\" sizes=\"(max-width: 768px) 100vw, 768px\" \/><\/a><\/figure><\/li><li class=\"blocks-gallery-item\"><figure><a href=\"https:\/\/tikowi.ch\/wp-content\/uploads\/2021\/09\/IMG_4231-scaled.jpeg\"><img decoding=\"async\" width=\"768\" height=\"1024\" src=\"https:\/\/tikowi.ch\/wp-content\/uploads\/2021\/09\/IMG_4231-768x1024.jpeg\" alt=\"\" data-id=\"5927\" data-full-url=\"https:\/\/tikowi.ch\/wp-content\/uploads\/2021\/09\/IMG_4231-scaled.jpeg\" data-link=\"https:\/\/tikowi.ch\/?attachment_id=5927\" class=\"wp-image-5927\" srcset=\"https:\/\/tikowi.ch\/wp-content\/uploads\/2021\/09\/IMG_4231-768x1024.jpeg 768w, https:\/\/tikowi.ch\/wp-content\/uploads\/2021\/09\/IMG_4231-225x300.jpeg 225w, https:\/\/tikowi.ch\/wp-content\/uploads\/2021\/09\/IMG_4231-1152x1536.jpeg 1152w, https:\/\/tikowi.ch\/wp-content\/uploads\/2021\/09\/IMG_4231-1536x2048.jpeg 1536w, https:\/\/tikowi.ch\/wp-content\/uploads\/2021\/09\/IMG_4231-scaled.jpeg 1920w\" sizes=\"(max-width: 768px) 100vw, 768px\" \/><\/a><figcaption class=\"blocks-gallery-item__caption\">Abfallentsorgung<\/figcaption><\/figure><\/li><li class=\"blocks-gallery-item\"><figure><a href=\"https:\/\/tikowi.ch\/wp-content\/uploads\/2021\/09\/IMG_4249-scaled.jpeg\"><img loading=\"lazy\" decoding=\"async\" width=\"1024\" height=\"768\" src=\"https:\/\/tikowi.ch\/wp-content\/uploads\/2021\/09\/IMG_4249-1024x768.jpeg\" alt=\"\" data-id=\"5931\" data-full-url=\"https:\/\/tikowi.ch\/wp-content\/uploads\/2021\/09\/IMG_4249-scaled.jpeg\" data-link=\"https:\/\/tikowi.ch\/?attachment_id=5931\" class=\"wp-image-5931\" srcset=\"https:\/\/tikowi.ch\/wp-content\/uploads\/2021\/09\/IMG_4249-1024x768.jpeg 1024w, https:\/\/tikowi.ch\/wp-content\/uploads\/2021\/09\/IMG_4249-300x225.jpeg 300w, https:\/\/tikowi.ch\/wp-content\/uploads\/2021\/09\/IMG_4249-768x576.jpeg 768w, https:\/\/tikowi.ch\/wp-content\/uploads\/2021\/09\/IMG_4249-1536x1152.jpeg 1536w, https:\/\/tikowi.ch\/wp-content\/uploads\/2021\/09\/IMG_4249-2048x1536.jpeg 2048w\" sizes=\"(max-width: 1024px) 100vw, 1024px\" \/><\/a><figcaption class=\"blocks-gallery-item__caption\">der Liftschachtdeckel wird eingepasst<\/figcaption><\/figure><\/li><li class=\"blocks-gallery-item\"><figure><a href=\"https:\/\/tikowi.ch\/wp-content\/uploads\/2021\/09\/IMG_4248-scaled.jpeg\"><img loading=\"lazy\" decoding=\"async\" width=\"1024\" height=\"768\" src=\"https:\/\/tikowi.ch\/wp-content\/uploads\/2021\/09\/IMG_4248-1024x768.jpeg\" alt=\"\" data-id=\"5930\" data-full-url=\"https:\/\/tikowi.ch\/wp-content\/uploads\/2021\/09\/IMG_4248-scaled.jpeg\" data-link=\"https:\/\/tikowi.ch\/?attachment_id=5930\" class=\"wp-image-5930\" srcset=\"https:\/\/tikowi.ch\/wp-content\/uploads\/2021\/09\/IMG_4248-1024x768.jpeg 1024w, https:\/\/tikowi.ch\/wp-content\/uploads\/2021\/09\/IMG_4248-300x225.jpeg 300w, https:\/\/tikowi.ch\/wp-content\/uploads\/2021\/09\/IMG_4248-768x576.jpeg 768w, https:\/\/tikowi.ch\/wp-content\/uploads\/2021\/09\/IMG_4248-1536x1152.jpeg 1536w, https:\/\/tikowi.ch\/wp-content\/uploads\/2021\/09\/IMG_4248-2048x1536.jpeg 2048w\" sizes=\"(max-width: 1024px) 100vw, 1024px\" \/><\/a><\/figure><\/li><\/ul><\/figure>\n\n\n\n<p>Die Zufahrtsstrasse vorbei am K\u00fcchenfenster wird teilweise zur\u00fcck gebaut, es werden viele Leitungen verlegt, einbetoniert, an Sch\u00e4chte angeschlossen und es gibt so etwas wie einen &#171;Zugangsweg&#187; und die Idylle vor der Haust\u00fcre mit Helm auf Bank ist sehenswert.<\/p>\n\n\n\n<figure class=\"wp-block-image size-large\"><img loading=\"lazy\" decoding=\"async\" width=\"1024\" height=\"768\" src=\"https:\/\/tikowi.ch\/wp-content\/uploads\/2021\/09\/IMG_4265-1024x768.jpeg\" alt=\"\" class=\"wp-image-5934\" srcset=\"https:\/\/tikowi.ch\/wp-content\/uploads\/2021\/09\/IMG_4265-1024x768.jpeg 1024w, https:\/\/tikowi.ch\/wp-content\/uploads\/2021\/09\/IMG_4265-300x225.jpeg 300w, https:\/\/tikowi.ch\/wp-content\/uploads\/2021\/09\/IMG_4265-768x576.jpeg 768w, https:\/\/tikowi.ch\/wp-content\/uploads\/2021\/09\/IMG_4265-1536x1152.jpeg 1536w, https:\/\/tikowi.ch\/wp-content\/uploads\/2021\/09\/IMG_4265-2048x1536.jpeg 2048w\" sizes=\"(max-width: 1024px) 100vw, 1024px\" \/><\/figure>\n\n\n\n<p>Am Freitagabend m\u00fcssen wir unbedingt aufs Dach steigen &#8211; die Aussicht auf die Geleise, die Baustelle des Justizcampus gegen\u00fcber und in Ruedis Garten ist beeindruckend.<\/p>\n\n\n\n<figure class=\"wp-block-gallery columns-2 is-cropped wp-block-gallery-2 is-layout-flex wp-block-gallery-is-layout-flex\"><ul class=\"blocks-gallery-grid\"><li class=\"blocks-gallery-item\"><figure><img loading=\"lazy\" decoding=\"async\" width=\"1024\" height=\"768\" src=\"https:\/\/tikowi.ch\/wp-content\/uploads\/2021\/09\/IMG_4259-1024x768.jpeg\" alt=\"\" data-id=\"5932\" data-full-url=\"https:\/\/tikowi.ch\/wp-content\/uploads\/2021\/09\/IMG_4259-scaled.jpeg\" data-link=\"https:\/\/tikowi.ch\/?attachment_id=5932\" class=\"wp-image-5932\" srcset=\"https:\/\/tikowi.ch\/wp-content\/uploads\/2021\/09\/IMG_4259-1024x768.jpeg 1024w, https:\/\/tikowi.ch\/wp-content\/uploads\/2021\/09\/IMG_4259-300x225.jpeg 300w, https:\/\/tikowi.ch\/wp-content\/uploads\/2021\/09\/IMG_4259-768x576.jpeg 768w, https:\/\/tikowi.ch\/wp-content\/uploads\/2021\/09\/IMG_4259-1536x1152.jpeg 1536w, https:\/\/tikowi.ch\/wp-content\/uploads\/2021\/09\/IMG_4259-2048x1536.jpeg 2048w\" sizes=\"(max-width: 1024px) 100vw, 1024px\" \/><\/figure><\/li><li class=\"blocks-gallery-item\"><figure><img loading=\"lazy\" decoding=\"async\" width=\"1024\" height=\"768\" src=\"https:\/\/tikowi.ch\/wp-content\/uploads\/2021\/09\/IMG_4263-1024x768.jpeg\" alt=\"\" data-id=\"5933\" data-full-url=\"https:\/\/tikowi.ch\/wp-content\/uploads\/2021\/09\/IMG_4263-scaled.jpeg\" data-link=\"https:\/\/tikowi.ch\/?attachment_id=5933\" class=\"wp-image-5933\" srcset=\"https:\/\/tikowi.ch\/wp-content\/uploads\/2021\/09\/IMG_4263-1024x768.jpeg 1024w, https:\/\/tikowi.ch\/wp-content\/uploads\/2021\/09\/IMG_4263-300x225.jpeg 300w, https:\/\/tikowi.ch\/wp-content\/uploads\/2021\/09\/IMG_4263-768x576.jpeg 768w, https:\/\/tikowi.ch\/wp-content\/uploads\/2021\/09\/IMG_4263-1536x1152.jpeg 1536w, https:\/\/tikowi.ch\/wp-content\/uploads\/2021\/09\/IMG_4263-2048x1536.jpeg 2048w\" sizes=\"(max-width: 1024px) 100vw, 1024px\" \/><\/figure><\/li><\/ul><\/figure>\n\n\n\n<p>Mit Blick auf den Bauplan realisieren wir, dass 2\/3 der Bauzeit jetzt um sind wir uns dem langersehnten Ziel n\u00e4hern. <\/p>\n","protected":false},"excerpt":{"rendered":"<p>Wir bekommen ein Dach \u00fcber den Kopf! am Dienstag, 21.09.21 wird die oberste Decke betoniert und bereits am Nachmittag wird die Decke aufger\u00e4umt und die Elemente f\u00fcr den Liftschacht werden darauf gestellt! Die Zufahrtsstrasse vorbei am K\u00fcchenfenster wird teilweise zur\u00fcck gebaut, es werden viele Leitungen verlegt, einbetoniert, an Sch\u00e4chte angeschlossen und es gibt so etwas&hellip; <br \/> <a class=\"button small blue\" href=\"https:\/\/tikowi.ch\/index.php\/the-tikowis\/woody-woodpecker\/kw-38-20-09-21\/\">Read more<\/a><\/p>\n","protected":false},"author":1,"featured_media":0,"parent":4784,"menu_order":0,"comment_status":"closed","ping_status":"closed","template":"","meta":{"ngg_post_thumbnail":0,"footnotes":""},"class_list":["post-5925","page","type-page","status-publish","hentry"],"_links":{"self":[{"href":"https:\/\/tikowi.ch\/index.php\/wp-json\/wp\/v2\/pages\/5925","targetHints":{"allow":["GET"]}}],"collection":[{"href":"https:\/\/tikowi.ch\/index.php\/wp-json\/wp\/v2\/pages"}],"about":[{"href":"https:\/\/tikowi.ch\/index.php\/wp-json\/wp\/v2\/types\/page"}],"author":[{"embeddable":true,"href":"https:\/\/tikowi.ch\/index.php\/wp-json\/wp\/v2\/users\/1"}],"replies":[{"embeddable":true,"href":"https:\/\/tikowi.ch\/index.php\/wp-json\/wp\/v2\/comments?post=5925"}],"version-history":[{"count":4,"href":"https:\/\/tikowi.ch\/index.php\/wp-json\/wp\/v2\/pages\/5925\/revisions"}],"predecessor-version":[{"id":5943,"href":"https:\/\/tikowi.ch\/index.php\/wp-json\/wp\/v2\/pages\/5925\/revisions\/5943"}],"up":[{"embeddable":true,"href":"https:\/\/tikowi.ch\/index.php\/wp-json\/wp\/v2\/pages\/4784"}],"wp:attachment":[{"href":"https:\/\/tikowi.ch\/index.php\/wp-json\/wp\/v2\/media?parent=5925"}],"curies":[{"name":"wp","href":"https:\/\/api.w.org\/{rel}","templated":true}]}}