{"id":59,"date":"2018-08-17T12:11:37","date_gmt":"2018-08-17T12:11:37","guid":{"rendered":"https:\/\/tikowi.ch\/?page_id=59"},"modified":"2025-04-15T14:57:20","modified_gmt":"2025-04-15T13:57:20","slug":"hunde","status":"publish","type":"page","link":"https:\/\/tikowi.ch\/index.php\/the-tikowis\/hunde\/","title":{"rendered":"Unser Zoo"},"content":{"rendered":"\n<p>Wie bereits erw\u00e4hnt, aktuell wird unser Haus und unser Leben durch drei Labrador Retriever belebt. Dreimal so viele Haare, dreimal so viel Futter, aber auch ungleich viel mehr Spass und Freude und irgendeiner will immer geknuddelt werden.<\/p>\n\n\n\n<p>Als erstes w\u00e4re da unser Senior Bob, unser<\/p>\n\n\n\n<div class=\"wp-block-media-text alignwide is-stacked-on-mobile\"><figure class=\"wp-block-media-text__media\"><img fetchpriority=\"high\" decoding=\"async\" width=\"640\" height=\"427\" src=\"https:\/\/tikowi.ch\/wp-content\/uploads\/2018\/08\/DSC_0162.jpeg\" alt=\"\" class=\"wp-image-143 size-full\" srcset=\"https:\/\/tikowi.ch\/wp-content\/uploads\/2018\/08\/DSC_0162.jpeg 640w, https:\/\/tikowi.ch\/wp-content\/uploads\/2018\/08\/DSC_0162-300x200.jpeg 300w\" sizes=\"(max-width: 640px) 100vw, 640px\" \/><\/figure><div class=\"wp-block-media-text__content\">\n<p>Unser Fels in der Brandung<\/p>\n\n\n\n<p><strong>Bob Marley, little Dragon from Firefighter<\/strong><\/p>\n\n\n\n<p>15.09.2010 &#8211; 15.04.2025<\/p>\n<\/div><\/div>\n\n\n\n<p>Als Nachfolger von Bam-Bam kam er nur 10 Wochen nach dessen Tod im November 2010 zu uns und hat unsere Herzen mit seinem ruhigen, feinf\u00fchligen Wesen im Sturm erobert. Er ist und bleibt unser ruhiger Fels in der Brandung, er ist f\u00fcr sein Alter sehr gut erhalten, macht noch immer jeden Quatsch mit und hilft erzieherisch wertvoll mit, Prinzessin Jodie -vorab am Futternapf- im Zaum zu halten. Er hat sie einmal dermassen zurecht gebrummt, dass sie geschlagene vier Stunden unterm Bett lag und sich nicht mehr hervor getraute. Recht so, an Bobs Napf hat auch niemand was zu suchen!<\/p>\n\n\n\n<p>Bob ist angek\u00f6rter Deckr\u00fcde. Details auf Verlangen. Bob ist ausgebildet in jagdlicher Arbeit. Das macht er mit Freude, aber nie mit derselben Passion, wie sein Halbbruder Elio. Bob macht es uns, seinen Menschen zuliebe.<\/p>\n\n\n\n<div class=\"wp-block-media-text alignwide is-stacked-on-mobile\"><figure class=\"wp-block-media-text__media\"><img decoding=\"async\" width=\"800\" height=\"530\" src=\"https:\/\/tikowi.ch\/wp-content\/uploads\/2018\/08\/IMG_0905.jpg\" alt=\"\" class=\"wp-image-146 size-full\" srcset=\"https:\/\/tikowi.ch\/wp-content\/uploads\/2018\/08\/IMG_0905.jpg 800w, https:\/\/tikowi.ch\/wp-content\/uploads\/2018\/08\/IMG_0905-300x199.jpg 300w, https:\/\/tikowi.ch\/wp-content\/uploads\/2018\/08\/IMG_0905-768x509.jpg 768w\" sizes=\"(max-width: 800px) 100vw, 800px\" \/><\/figure><div class=\"wp-block-media-text__content\">\n<p>Unsere Hibbelblondine<\/p>\n\n\n\n<p><strong>Elio Ray, little Dragon from Firefighter<\/strong><\/p>\n\n\n\n<p>05.05.2013<\/p>\n<\/div><\/div>\n\n\n\n<p>Elio kam eher zuf\u00e4llig in unsere Familie, war er doch der &#171;Kummerbub&#187; des E-Wurfes und hat bereits in Meerschweinchegr\u00f6sse das Herz von Tina erobert und schwupps war er da. Mittlerweile hat er durchaus aufgeholt, auch wenn Koni manchmal b\u00f6sartig knurrt, er sei intellektuell etwas gar blond. Elio ist Mamas Liebling und kann, wenn er dann seine Nervosit\u00e4t im Griff hat, ganz anst\u00e4ndig jagdlich arbeiten.<\/p>\n\n\n\n<div class=\"wp-block-media-text alignwide is-stacked-on-mobile\"><figure class=\"wp-block-media-text__media\"><img decoding=\"async\" width=\"640\" height=\"427\" src=\"https:\/\/tikowi.ch\/wp-content\/uploads\/2018\/08\/DSC_0175.jpeg\" alt=\"\" class=\"wp-image-150 size-full\" srcset=\"https:\/\/tikowi.ch\/wp-content\/uploads\/2018\/08\/DSC_0175.jpeg 640w, https:\/\/tikowi.ch\/wp-content\/uploads\/2018\/08\/DSC_0175-300x200.jpeg 300w\" sizes=\"(max-width: 640px) 100vw, 640px\" \/><\/figure><div class=\"wp-block-media-text__content\">\n<p>Unser Sozialfall<\/p>\n\n\n\n<p><strong>Kenquartz, That Thing you Do &#8211; aka Jodie <\/strong><\/p>\n\n\n\n<p>19.03.2014<\/p>\n<\/div><\/div>\n\n\n\n<p>Jodie kam wegen &#171;chemischer Unvertr\u00e4glichkeit mit dem Rudel&#187; im Alter von gut zwei Jahren zu uns. Sie hat sich zwischenzeitlich sehr gut eingelebt und ihre Unsicherheit hat sich durch ihre m\u00e4nnlichen Begleiter komplett reduziert. Mittlerweile ist sie absolut &#171;stadtg\u00e4ngig&#187;, sie ist ruhig und gelassen, l\u00e4sst sich auch im Gedr\u00e4nge von jedem anfassen, auch wenn sie mit Abstand die Reservierteste im Rudel ist und auf dem Spaziergang prinzipiell an meiner Seite l\u00e4uft und h\u00f6chstens f\u00fcr einen Fuchsdreck oder eine andere Delikatesse diskret von dannen verschwindet.<\/p>\n\n\n\n<p>Jodie hat eine chronische Krankheit, eine Kaumuskeldystrophie, weshalb sie mit zunehmendem Alter einen immer gebrechlicher wirkenden Kopf bekommt. Die Krankheit ist nur im Akutfall behandelbar &#8211; wir geniessen Jodie, solange sie bei uns ist.<\/p>\n\n\n\n<div class=\"wp-block-media-text alignwide is-stacked-on-mobile\"><figure class=\"wp-block-media-text__media\"><img loading=\"lazy\" decoding=\"async\" width=\"768\" height=\"1024\" src=\"https:\/\/tikowi.ch\/wp-content\/uploads\/2023\/01\/07d058b6-f965-4d31-8e32-e89209a0c25d-768x1024.jpg\" alt=\"\" class=\"wp-image-7661 size-full\" srcset=\"https:\/\/tikowi.ch\/wp-content\/uploads\/2023\/01\/07d058b6-f965-4d31-8e32-e89209a0c25d-768x1024.jpg 768w, https:\/\/tikowi.ch\/wp-content\/uploads\/2023\/01\/07d058b6-f965-4d31-8e32-e89209a0c25d-225x300.jpg 225w, https:\/\/tikowi.ch\/wp-content\/uploads\/2023\/01\/07d058b6-f965-4d31-8e32-e89209a0c25d-1152x1536.jpg 1152w, https:\/\/tikowi.ch\/wp-content\/uploads\/2023\/01\/07d058b6-f965-4d31-8e32-e89209a0c25d-1024x1365.jpg 1024w, https:\/\/tikowi.ch\/wp-content\/uploads\/2023\/01\/07d058b6-f965-4d31-8e32-e89209a0c25d-810x1080.jpg 810w, https:\/\/tikowi.ch\/wp-content\/uploads\/2023\/01\/07d058b6-f965-4d31-8e32-e89209a0c25d.jpg 1536w\" sizes=\"(max-width: 768px) 100vw, 768px\" \/><\/figure><div class=\"wp-block-media-text__content\">\n<p>Unser Terrorkater<\/p>\n\n\n\n<p>Nero &#8211; von der Rychenbergstrasse<\/p>\n\n\n\n<p>2011<\/p>\n<\/div><\/div>\n\n\n\n<p>Da ist er wieder, unser Terrorkater. 5 Jahre und 3 Monate war er verschwunden &#8211; dann kam er auf wundersame Art und Weise (Chip sei Dank) wieder zum Vorschein. <\/p>\n","protected":false},"excerpt":{"rendered":"<p>Wie bereits erw\u00e4hnt, aktuell wird unser Haus und unser Leben durch drei Labrador Retriever belebt. Dreimal so viele Haare, dreimal so viel Futter, aber auch ungleich viel mehr Spass und Freude und irgendeiner will immer geknuddelt werden. Als erstes w\u00e4re da unser Senior Bob, unser Unser Fels in der Brandung Bob Marley, little Dragon from&hellip; <br \/> <a class=\"button small blue\" href=\"https:\/\/tikowi.ch\/index.php\/the-tikowis\/hunde\/\">Read more<\/a><\/p>\n","protected":false},"author":1,"featured_media":0,"parent":16,"menu_order":50,"comment_status":"closed","ping_status":"closed","template":"","meta":{"ngg_post_thumbnail":0,"footnotes":""},"class_list":["post-59","page","type-page","status-publish","hentry"],"_links":{"self":[{"href":"https:\/\/tikowi.ch\/index.php\/wp-json\/wp\/v2\/pages\/59","targetHints":{"allow":["GET"]}}],"collection":[{"href":"https:\/\/tikowi.ch\/index.php\/wp-json\/wp\/v2\/pages"}],"about":[{"href":"https:\/\/tikowi.ch\/index.php\/wp-json\/wp\/v2\/types\/page"}],"author":[{"embeddable":true,"href":"https:\/\/tikowi.ch\/index.php\/wp-json\/wp\/v2\/users\/1"}],"replies":[{"embeddable":true,"href":"https:\/\/tikowi.ch\/index.php\/wp-json\/wp\/v2\/comments?post=59"}],"version-history":[{"count":16,"href":"https:\/\/tikowi.ch\/index.php\/wp-json\/wp\/v2\/pages\/59\/revisions"}],"predecessor-version":[{"id":10085,"href":"https:\/\/tikowi.ch\/index.php\/wp-json\/wp\/v2\/pages\/59\/revisions\/10085"}],"up":[{"embeddable":true,"href":"https:\/\/tikowi.ch\/index.php\/wp-json\/wp\/v2\/pages\/16"}],"wp:attachment":[{"href":"https:\/\/tikowi.ch\/index.php\/wp-json\/wp\/v2\/media?parent=59"}],"curies":[{"name":"wp","href":"https:\/\/api.w.org\/{rel}","templated":true}]}}