{"id":5893,"date":"2021-09-26T10:09:54","date_gmt":"2021-09-26T10:09:54","guid":{"rendered":"https:\/\/tikowi.ch\/?page_id=5893"},"modified":"2021-09-26T10:11:05","modified_gmt":"2021-09-26T10:11:05","slug":"kw-36-06-09-21-2","status":"publish","type":"page","link":"https:\/\/tikowi.ch\/index.php\/the-tikowis\/woody-woodpecker\/kw-36-06-09-21-2\/","title":{"rendered":"KW 36 06.09.21"},"content":{"rendered":"\n<p>Das Obergeschoss bekommt Seitenw\u00e4nde und ansatzweise eine Decke, der Blick ist den Liftschacht (vom Ger\u00fcst aus) ist erschreckend tiiiief, der Innenhof nimmt Formen an und der Ausblick auf die Bahngeleise gef\u00e4llt.<\/p>\n\n\n\n<figure class=\"wp-block-gallery columns-2 is-cropped wp-block-gallery-1 is-layout-flex wp-block-gallery-is-layout-flex\"><ul class=\"blocks-gallery-grid\"><li class=\"blocks-gallery-item\"><figure><img fetchpriority=\"high\" decoding=\"async\" width=\"1024\" height=\"768\" src=\"https:\/\/tikowi.ch\/wp-content\/uploads\/2021\/09\/IMG_3995-1024x768.jpeg\" alt=\"\" data-id=\"5834\" data-link=\"https:\/\/tikowi.ch\/?attachment_id=5834\" class=\"wp-image-5834\" srcset=\"https:\/\/tikowi.ch\/wp-content\/uploads\/2021\/09\/IMG_3995-1024x768.jpeg 1024w, https:\/\/tikowi.ch\/wp-content\/uploads\/2021\/09\/IMG_3995-300x225.jpeg 300w, https:\/\/tikowi.ch\/wp-content\/uploads\/2021\/09\/IMG_3995-768x576.jpeg 768w, https:\/\/tikowi.ch\/wp-content\/uploads\/2021\/09\/IMG_3995-1536x1152.jpeg 1536w, https:\/\/tikowi.ch\/wp-content\/uploads\/2021\/09\/IMG_3995-2048x1536.jpeg 2048w\" sizes=\"(max-width: 1024px) 100vw, 1024px\" \/><figcaption class=\"blocks-gallery-item__caption\">Liftschacht und Servicezone OG<\/figcaption><\/figure><\/li><li class=\"blocks-gallery-item\"><figure><img decoding=\"async\" width=\"1024\" height=\"768\" src=\"https:\/\/tikowi.ch\/wp-content\/uploads\/2021\/09\/IMG_4006-1024x768.jpeg\" alt=\"\" data-id=\"5835\" data-link=\"https:\/\/tikowi.ch\/?attachment_id=5835\" class=\"wp-image-5835\" srcset=\"https:\/\/tikowi.ch\/wp-content\/uploads\/2021\/09\/IMG_4006-1024x768.jpeg 1024w, https:\/\/tikowi.ch\/wp-content\/uploads\/2021\/09\/IMG_4006-300x225.jpeg 300w, https:\/\/tikowi.ch\/wp-content\/uploads\/2021\/09\/IMG_4006-768x576.jpeg 768w, https:\/\/tikowi.ch\/wp-content\/uploads\/2021\/09\/IMG_4006-1536x1152.jpeg 1536w, https:\/\/tikowi.ch\/wp-content\/uploads\/2021\/09\/IMG_4006-2048x1536.jpeg 2048w\" sizes=\"(max-width: 1024px) 100vw, 1024px\" \/><figcaption class=\"blocks-gallery-item__caption\">Ausblick aus K\u00fcche OG<\/figcaption><\/figure><\/li><li class=\"blocks-gallery-item\"><figure><img decoding=\"async\" width=\"1024\" height=\"768\" src=\"https:\/\/tikowi.ch\/wp-content\/uploads\/2021\/09\/IMG_4007-1024x768.jpeg\" alt=\"\" data-id=\"5836\" data-link=\"https:\/\/tikowi.ch\/?attachment_id=5836\" class=\"wp-image-5836\" srcset=\"https:\/\/tikowi.ch\/wp-content\/uploads\/2021\/09\/IMG_4007-1024x768.jpeg 1024w, https:\/\/tikowi.ch\/wp-content\/uploads\/2021\/09\/IMG_4007-300x225.jpeg 300w, https:\/\/tikowi.ch\/wp-content\/uploads\/2021\/09\/IMG_4007-768x576.jpeg 768w, https:\/\/tikowi.ch\/wp-content\/uploads\/2021\/09\/IMG_4007-1536x1152.jpeg 1536w, https:\/\/tikowi.ch\/wp-content\/uploads\/2021\/09\/IMG_4007-2048x1536.jpeg 2048w\" sizes=\"(max-width: 1024px) 100vw, 1024px\" \/><figcaption class=\"blocks-gallery-item__caption\">Schattenspiel OG<\/figcaption><\/figure><\/li><li class=\"blocks-gallery-item\"><figure><img loading=\"lazy\" decoding=\"async\" width=\"1024\" height=\"684\" src=\"https:\/\/tikowi.ch\/wp-content\/uploads\/2021\/09\/b96eae1a-b024-477d-8ee0-5c0a9aadad77-1024x684.jpg\" alt=\"\" data-id=\"5837\" data-link=\"https:\/\/tikowi.ch\/?attachment_id=5837\" class=\"wp-image-5837\" srcset=\"https:\/\/tikowi.ch\/wp-content\/uploads\/2021\/09\/b96eae1a-b024-477d-8ee0-5c0a9aadad77-1024x684.jpg 1024w, https:\/\/tikowi.ch\/wp-content\/uploads\/2021\/09\/b96eae1a-b024-477d-8ee0-5c0a9aadad77-300x200.jpg 300w, https:\/\/tikowi.ch\/wp-content\/uploads\/2021\/09\/b96eae1a-b024-477d-8ee0-5c0a9aadad77-768x513.jpg 768w, https:\/\/tikowi.ch\/wp-content\/uploads\/2021\/09\/b96eae1a-b024-477d-8ee0-5c0a9aadad77.jpg 1084w\" sizes=\"(max-width: 1024px) 100vw, 1024px\" \/><figcaption class=\"blocks-gallery-item__caption\">Seitenw\u00e4nde OG sind auch dran!<\/figcaption><\/figure><\/li><li class=\"blocks-gallery-item\"><figure><img loading=\"lazy\" decoding=\"async\" width=\"684\" height=\"1024\" src=\"https:\/\/tikowi.ch\/wp-content\/uploads\/2021\/09\/f408cb6e-5e99-4fbf-90cb-15a7fbc39c7c-684x1024.jpg\" alt=\"\" data-id=\"5838\" data-link=\"https:\/\/tikowi.ch\/?attachment_id=5838\" class=\"wp-image-5838\" srcset=\"https:\/\/tikowi.ch\/wp-content\/uploads\/2021\/09\/f408cb6e-5e99-4fbf-90cb-15a7fbc39c7c-684x1024.jpg 684w, https:\/\/tikowi.ch\/wp-content\/uploads\/2021\/09\/f408cb6e-5e99-4fbf-90cb-15a7fbc39c7c-200x300.jpg 200w, https:\/\/tikowi.ch\/wp-content\/uploads\/2021\/09\/f408cb6e-5e99-4fbf-90cb-15a7fbc39c7c.jpg 724w\" sizes=\"(max-width: 684px) 100vw, 684px\" \/><figcaption class=\"blocks-gallery-item__caption\">der Laubengang &#8211; na ja, das Ger\u00fcst halt<\/figcaption><\/figure><\/li><li class=\"blocks-gallery-item\"><figure><img loading=\"lazy\" decoding=\"async\" width=\"684\" height=\"1024\" src=\"https:\/\/tikowi.ch\/wp-content\/uploads\/2021\/09\/b499f563-748e-4903-b2eb-8042a620a6a2-684x1024.jpg\" alt=\"\" data-id=\"5839\" data-full-url=\"https:\/\/tikowi.ch\/wp-content\/uploads\/2021\/09\/b499f563-748e-4903-b2eb-8042a620a6a2.jpg\" data-link=\"https:\/\/tikowi.ch\/?attachment_id=5839\" class=\"wp-image-5839\" srcset=\"https:\/\/tikowi.ch\/wp-content\/uploads\/2021\/09\/b499f563-748e-4903-b2eb-8042a620a6a2-684x1024.jpg 684w, https:\/\/tikowi.ch\/wp-content\/uploads\/2021\/09\/b499f563-748e-4903-b2eb-8042a620a6a2-200x300.jpg 200w, https:\/\/tikowi.ch\/wp-content\/uploads\/2021\/09\/b499f563-748e-4903-b2eb-8042a620a6a2-768x1151.jpg 768w, https:\/\/tikowi.ch\/wp-content\/uploads\/2021\/09\/b499f563-748e-4903-b2eb-8042a620a6a2-1025x1536.jpg 1025w, https:\/\/tikowi.ch\/wp-content\/uploads\/2021\/09\/b499f563-748e-4903-b2eb-8042a620a6a2.jpg 1367w\" sizes=\"(max-width: 684px) 100vw, 684px\" \/><figcaption class=\"blocks-gallery-item__caption\">Durchblick Stube EG bis Zimmer AnnA ganz im Westen. <\/figcaption><\/figure><\/li><\/ul><\/figure>\n\n\n\n<p>Und tataaa, ich habe einen Terminplan bekommen. Decke OG und Dach abschliessen die n\u00e4chsten Highlights. Bis bald!<\/p>\n","protected":false},"excerpt":{"rendered":"<p>Das Obergeschoss bekommt Seitenw\u00e4nde und ansatzweise eine Decke, der Blick ist den Liftschacht (vom Ger\u00fcst aus) ist erschreckend tiiiief, der Innenhof nimmt Formen an und der Ausblick auf die Bahngeleise gef\u00e4llt. Und tataaa, ich habe einen Terminplan bekommen. Decke OG und Dach abschliessen die n\u00e4chsten Highlights. Bis bald!<\/p>\n","protected":false},"author":1,"featured_media":0,"parent":4784,"menu_order":0,"comment_status":"closed","ping_status":"closed","template":"","meta":{"ngg_post_thumbnail":0,"footnotes":""},"class_list":["post-5893","page","type-page","status-publish","hentry"],"_links":{"self":[{"href":"https:\/\/tikowi.ch\/index.php\/wp-json\/wp\/v2\/pages\/5893","targetHints":{"allow":["GET"]}}],"collection":[{"href":"https:\/\/tikowi.ch\/index.php\/wp-json\/wp\/v2\/pages"}],"about":[{"href":"https:\/\/tikowi.ch\/index.php\/wp-json\/wp\/v2\/types\/page"}],"author":[{"embeddable":true,"href":"https:\/\/tikowi.ch\/index.php\/wp-json\/wp\/v2\/users\/1"}],"replies":[{"embeddable":true,"href":"https:\/\/tikowi.ch\/index.php\/wp-json\/wp\/v2\/comments?post=5893"}],"version-history":[{"count":1,"href":"https:\/\/tikowi.ch\/index.php\/wp-json\/wp\/v2\/pages\/5893\/revisions"}],"predecessor-version":[{"id":5924,"href":"https:\/\/tikowi.ch\/index.php\/wp-json\/wp\/v2\/pages\/5893\/revisions\/5924"}],"up":[{"embeddable":true,"href":"https:\/\/tikowi.ch\/index.php\/wp-json\/wp\/v2\/pages\/4784"}],"wp:attachment":[{"href":"https:\/\/tikowi.ch\/index.php\/wp-json\/wp\/v2\/media?parent=5893"}],"curies":[{"name":"wp","href":"https:\/\/api.w.org\/{rel}","templated":true}]}}