{"id":5833,"date":"2021-09-11T13:44:01","date_gmt":"2021-09-11T13:44:01","guid":{"rendered":"https:\/\/tikowi.ch\/?page_id=5833"},"modified":"2021-09-19T17:50:26","modified_gmt":"2021-09-19T17:50:26","slug":"kw-36-06-09-21","status":"publish","type":"page","link":"https:\/\/tikowi.ch\/index.php\/the-tikowis\/woody-woodpecker\/kw-36-06-09-21\/","title":{"rendered":"KW 37 13.09.21"},"content":{"rendered":"\n<p>Nun ja, so richtig viel geben die Fotos nicht her&#8230; Immerhin sieht man, dass das Haus die finale H\u00f6he erreicht hat, aktuell wird die oberste Decke geschalt, isoliert, mit Elektro-, Wasser- und sonstigen -Leitungen best\u00fcckt und vermutlich in den n\u00e4chsten Tagen betoniert. Das Erdgeschoss wird ausgeschalt &#8211; sch\u00f6n ist sie geworden, die Betondecke! Das Keller-Dach, also unsere Loggia mit Abgang zum Keller wird gegen eindringendes Wasser gesch\u00fctzt (siehe Bild ganz rechts).<\/p>\n\n\n\n<figure class=\"wp-block-gallery columns-3 is-cropped wp-block-gallery-1 is-layout-flex wp-block-gallery-is-layout-flex\"><ul class=\"blocks-gallery-grid\"><li class=\"blocks-gallery-item\"><figure><img fetchpriority=\"high\" decoding=\"async\" width=\"1024\" height=\"768\" src=\"https:\/\/tikowi.ch\/wp-content\/uploads\/2021\/09\/IMG_4109-1024x768.jpeg\" alt=\"\" data-id=\"5895\" data-full-url=\"https:\/\/tikowi.ch\/wp-content\/uploads\/2021\/09\/IMG_4109-scaled.jpeg\" data-link=\"https:\/\/tikowi.ch\/index.php\/the-tikowis\/woody-woodpecker\/kw-36-06-09-21\/img_4109\/\" class=\"wp-image-5895\" srcset=\"https:\/\/tikowi.ch\/wp-content\/uploads\/2021\/09\/IMG_4109-1024x768.jpeg 1024w, https:\/\/tikowi.ch\/wp-content\/uploads\/2021\/09\/IMG_4109-300x225.jpeg 300w, https:\/\/tikowi.ch\/wp-content\/uploads\/2021\/09\/IMG_4109-768x576.jpeg 768w, https:\/\/tikowi.ch\/wp-content\/uploads\/2021\/09\/IMG_4109-1536x1152.jpeg 1536w, https:\/\/tikowi.ch\/wp-content\/uploads\/2021\/09\/IMG_4109-2048x1536.jpeg 2048w\" sizes=\"(max-width: 1024px) 100vw, 1024px\" \/><\/figure><\/li><li class=\"blocks-gallery-item\"><figure><img decoding=\"async\" width=\"1024\" height=\"768\" src=\"https:\/\/tikowi.ch\/wp-content\/uploads\/2021\/09\/IMG_4169-1024x768.jpeg\" alt=\"\" data-id=\"5897\" data-full-url=\"https:\/\/tikowi.ch\/wp-content\/uploads\/2021\/09\/IMG_4169-scaled.jpeg\" data-link=\"https:\/\/tikowi.ch\/index.php\/the-tikowis\/woody-woodpecker\/kw-36-06-09-21\/img_4169\/\" class=\"wp-image-5897\" srcset=\"https:\/\/tikowi.ch\/wp-content\/uploads\/2021\/09\/IMG_4169-1024x768.jpeg 1024w, https:\/\/tikowi.ch\/wp-content\/uploads\/2021\/09\/IMG_4169-300x225.jpeg 300w, https:\/\/tikowi.ch\/wp-content\/uploads\/2021\/09\/IMG_4169-768x576.jpeg 768w, https:\/\/tikowi.ch\/wp-content\/uploads\/2021\/09\/IMG_4169-1536x1152.jpeg 1536w, https:\/\/tikowi.ch\/wp-content\/uploads\/2021\/09\/IMG_4169-2048x1536.jpeg 2048w\" sizes=\"(max-width: 1024px) 100vw, 1024px\" \/><\/figure><\/li><li class=\"blocks-gallery-item\"><figure><img decoding=\"async\" width=\"768\" height=\"1024\" src=\"https:\/\/tikowi.ch\/wp-content\/uploads\/2021\/09\/IMG_4170-768x1024.jpeg\" alt=\"\" data-id=\"5898\" data-full-url=\"https:\/\/tikowi.ch\/wp-content\/uploads\/2021\/09\/IMG_4170-scaled.jpeg\" data-link=\"https:\/\/tikowi.ch\/index.php\/the-tikowis\/woody-woodpecker\/kw-36-06-09-21\/img_4170\/\" class=\"wp-image-5898\" srcset=\"https:\/\/tikowi.ch\/wp-content\/uploads\/2021\/09\/IMG_4170-768x1024.jpeg 768w, https:\/\/tikowi.ch\/wp-content\/uploads\/2021\/09\/IMG_4170-225x300.jpeg 225w, https:\/\/tikowi.ch\/wp-content\/uploads\/2021\/09\/IMG_4170-1152x1536.jpeg 1152w, https:\/\/tikowi.ch\/wp-content\/uploads\/2021\/09\/IMG_4170-1536x2048.jpeg 1536w, https:\/\/tikowi.ch\/wp-content\/uploads\/2021\/09\/IMG_4170-scaled.jpeg 1920w\" sizes=\"(max-width: 768px) 100vw, 768px\" \/><\/figure><\/li><\/ul><\/figure>\n\n\n\n<p>Und AnnA hat sich ein Fotoshooting auf der Baustelle gew\u00fcnscht. Wir hatten ein innerfamil\u00e4res Ch\u00e4ferfest!<\/p>\n\n\n\n<figure class=\"wp-block-gallery columns-3 is-cropped wp-block-gallery-2 is-layout-flex wp-block-gallery-is-layout-flex\"><ul class=\"blocks-gallery-grid\"><li class=\"blocks-gallery-item\"><figure><img loading=\"lazy\" decoding=\"async\" width=\"1024\" height=\"684\" src=\"https:\/\/tikowi.ch\/wp-content\/uploads\/2021\/09\/245b282b-fee1-4bc6-a941-b9e7ae6a3f35-1-1024x684.jpg\" alt=\"\" data-id=\"5900\" data-full-url=\"https:\/\/tikowi.ch\/wp-content\/uploads\/2021\/09\/245b282b-fee1-4bc6-a941-b9e7ae6a3f35-1.jpg\" data-link=\"https:\/\/tikowi.ch\/index.php\/the-tikowis\/woody-woodpecker\/kw-36-06-09-21\/245b282b-fee1-4bc6-a941-b9e7ae6a3f35-2\/\" class=\"wp-image-5900\" srcset=\"https:\/\/tikowi.ch\/wp-content\/uploads\/2021\/09\/245b282b-fee1-4bc6-a941-b9e7ae6a3f35-1-1024x684.jpg 1024w, https:\/\/tikowi.ch\/wp-content\/uploads\/2021\/09\/245b282b-fee1-4bc6-a941-b9e7ae6a3f35-1-300x200.jpg 300w, https:\/\/tikowi.ch\/wp-content\/uploads\/2021\/09\/245b282b-fee1-4bc6-a941-b9e7ae6a3f35-1-768x513.jpg 768w, https:\/\/tikowi.ch\/wp-content\/uploads\/2021\/09\/245b282b-fee1-4bc6-a941-b9e7ae6a3f35-1.jpg 1084w\" sizes=\"(max-width: 1024px) 100vw, 1024px\" \/><\/figure><\/li><li class=\"blocks-gallery-item\"><figure><img loading=\"lazy\" decoding=\"async\" width=\"1024\" height=\"684\" src=\"https:\/\/tikowi.ch\/wp-content\/uploads\/2021\/09\/e5113710-80ab-498a-9cd4-fcef400c88a0-1-1024x684.jpg\" alt=\"\" data-id=\"5901\" data-full-url=\"https:\/\/tikowi.ch\/wp-content\/uploads\/2021\/09\/e5113710-80ab-498a-9cd4-fcef400c88a0-1.jpg\" data-link=\"https:\/\/tikowi.ch\/index.php\/the-tikowis\/woody-woodpecker\/kw-36-06-09-21\/e5113710-80ab-498a-9cd4-fcef400c88a0-2\/\" class=\"wp-image-5901\" srcset=\"https:\/\/tikowi.ch\/wp-content\/uploads\/2021\/09\/e5113710-80ab-498a-9cd4-fcef400c88a0-1-1024x684.jpg 1024w, https:\/\/tikowi.ch\/wp-content\/uploads\/2021\/09\/e5113710-80ab-498a-9cd4-fcef400c88a0-1-300x200.jpg 300w, https:\/\/tikowi.ch\/wp-content\/uploads\/2021\/09\/e5113710-80ab-498a-9cd4-fcef400c88a0-1-768x513.jpg 768w, https:\/\/tikowi.ch\/wp-content\/uploads\/2021\/09\/e5113710-80ab-498a-9cd4-fcef400c88a0-1.jpg 1084w\" sizes=\"(max-width: 1024px) 100vw, 1024px\" \/><\/figure><\/li><li class=\"blocks-gallery-item\"><figure><img loading=\"lazy\" decoding=\"async\" width=\"1024\" height=\"684\" src=\"https:\/\/tikowi.ch\/wp-content\/uploads\/2021\/09\/f1d318a9-57b9-4243-8d33-7077f6d68cad-1024x684.jpg\" alt=\"\" data-id=\"5902\" data-full-url=\"https:\/\/tikowi.ch\/wp-content\/uploads\/2021\/09\/f1d318a9-57b9-4243-8d33-7077f6d68cad.jpg\" data-link=\"https:\/\/tikowi.ch\/index.php\/the-tikowis\/woody-woodpecker\/kw-36-06-09-21\/f1d318a9-57b9-4243-8d33-7077f6d68cad\/\" class=\"wp-image-5902\" srcset=\"https:\/\/tikowi.ch\/wp-content\/uploads\/2021\/09\/f1d318a9-57b9-4243-8d33-7077f6d68cad-1024x684.jpg 1024w, https:\/\/tikowi.ch\/wp-content\/uploads\/2021\/09\/f1d318a9-57b9-4243-8d33-7077f6d68cad-300x200.jpg 300w, https:\/\/tikowi.ch\/wp-content\/uploads\/2021\/09\/f1d318a9-57b9-4243-8d33-7077f6d68cad-768x513.jpg 768w, https:\/\/tikowi.ch\/wp-content\/uploads\/2021\/09\/f1d318a9-57b9-4243-8d33-7077f6d68cad.jpg 1084w\" sizes=\"(max-width: 1024px) 100vw, 1024px\" \/><\/figure><\/li><li class=\"blocks-gallery-item\"><figure><img loading=\"lazy\" decoding=\"async\" width=\"1024\" height=\"685\" src=\"https:\/\/tikowi.ch\/wp-content\/uploads\/2021\/09\/6890e649-1b2c-4926-a815-f042b3aa0e25-1-1024x685.jpg\" alt=\"\" data-id=\"5903\" data-full-url=\"https:\/\/tikowi.ch\/wp-content\/uploads\/2021\/09\/6890e649-1b2c-4926-a815-f042b3aa0e25-1.jpg\" data-link=\"https:\/\/tikowi.ch\/index.php\/the-tikowis\/woody-woodpecker\/kw-36-06-09-21\/6890e649-1b2c-4926-a815-f042b3aa0e25-2\/\" class=\"wp-image-5903\" srcset=\"https:\/\/tikowi.ch\/wp-content\/uploads\/2021\/09\/6890e649-1b2c-4926-a815-f042b3aa0e25-1-1024x685.jpg 1024w, https:\/\/tikowi.ch\/wp-content\/uploads\/2021\/09\/6890e649-1b2c-4926-a815-f042b3aa0e25-1-300x201.jpg 300w, https:\/\/tikowi.ch\/wp-content\/uploads\/2021\/09\/6890e649-1b2c-4926-a815-f042b3aa0e25-1-768x514.jpg 768w, https:\/\/tikowi.ch\/wp-content\/uploads\/2021\/09\/6890e649-1b2c-4926-a815-f042b3aa0e25-1.jpg 1084w\" sizes=\"(max-width: 1024px) 100vw, 1024px\" \/><\/figure><\/li><li class=\"blocks-gallery-item\"><figure><img loading=\"lazy\" decoding=\"async\" width=\"684\" height=\"1024\" src=\"https:\/\/tikowi.ch\/wp-content\/uploads\/2021\/09\/8b28e5ae-8a81-4e31-9e15-0a3c7091a0e0-684x1024.jpg\" alt=\"\" data-id=\"5904\" data-full-url=\"https:\/\/tikowi.ch\/wp-content\/uploads\/2021\/09\/8b28e5ae-8a81-4e31-9e15-0a3c7091a0e0.jpg\" data-link=\"https:\/\/tikowi.ch\/index.php\/the-tikowis\/woody-woodpecker\/kw-36-06-09-21\/8b28e5ae-8a81-4e31-9e15-0a3c7091a0e0\/\" class=\"wp-image-5904\" srcset=\"https:\/\/tikowi.ch\/wp-content\/uploads\/2021\/09\/8b28e5ae-8a81-4e31-9e15-0a3c7091a0e0-684x1024.jpg 684w, https:\/\/tikowi.ch\/wp-content\/uploads\/2021\/09\/8b28e5ae-8a81-4e31-9e15-0a3c7091a0e0-200x300.jpg 200w, https:\/\/tikowi.ch\/wp-content\/uploads\/2021\/09\/8b28e5ae-8a81-4e31-9e15-0a3c7091a0e0.jpg 724w\" sizes=\"(max-width: 684px) 100vw, 684px\" \/><\/figure><\/li><li class=\"blocks-gallery-item\"><figure><img loading=\"lazy\" decoding=\"async\" width=\"684\" height=\"1024\" src=\"https:\/\/tikowi.ch\/wp-content\/uploads\/2021\/09\/9930783d-3f81-4d82-a63b-a7615ad71d60-684x1024.jpg\" alt=\"\" data-id=\"5905\" data-full-url=\"https:\/\/tikowi.ch\/wp-content\/uploads\/2021\/09\/9930783d-3f81-4d82-a63b-a7615ad71d60.jpg\" data-link=\"https:\/\/tikowi.ch\/index.php\/the-tikowis\/woody-woodpecker\/kw-36-06-09-21\/9930783d-3f81-4d82-a63b-a7615ad71d60\/\" class=\"wp-image-5905\" srcset=\"https:\/\/tikowi.ch\/wp-content\/uploads\/2021\/09\/9930783d-3f81-4d82-a63b-a7615ad71d60-684x1024.jpg 684w, https:\/\/tikowi.ch\/wp-content\/uploads\/2021\/09\/9930783d-3f81-4d82-a63b-a7615ad71d60-200x300.jpg 200w, https:\/\/tikowi.ch\/wp-content\/uploads\/2021\/09\/9930783d-3f81-4d82-a63b-a7615ad71d60.jpg 724w\" sizes=\"(max-width: 684px) 100vw, 684px\" \/><\/figure><\/li><li class=\"blocks-gallery-item\"><figure><img loading=\"lazy\" decoding=\"async\" width=\"684\" height=\"1024\" src=\"https:\/\/tikowi.ch\/wp-content\/uploads\/2021\/09\/b8290b98-66ef-4266-9f72-30bd79de5b68-684x1024.jpg\" alt=\"\" data-id=\"5906\" data-full-url=\"https:\/\/tikowi.ch\/wp-content\/uploads\/2021\/09\/b8290b98-66ef-4266-9f72-30bd79de5b68.jpg\" data-link=\"https:\/\/tikowi.ch\/index.php\/the-tikowis\/woody-woodpecker\/kw-36-06-09-21\/b8290b98-66ef-4266-9f72-30bd79de5b68\/\" class=\"wp-image-5906\" srcset=\"https:\/\/tikowi.ch\/wp-content\/uploads\/2021\/09\/b8290b98-66ef-4266-9f72-30bd79de5b68-684x1024.jpg 684w, https:\/\/tikowi.ch\/wp-content\/uploads\/2021\/09\/b8290b98-66ef-4266-9f72-30bd79de5b68-200x300.jpg 200w, https:\/\/tikowi.ch\/wp-content\/uploads\/2021\/09\/b8290b98-66ef-4266-9f72-30bd79de5b68.jpg 724w\" sizes=\"(max-width: 684px) 100vw, 684px\" \/><\/figure><\/li><li class=\"blocks-gallery-item\"><figure><img loading=\"lazy\" decoding=\"async\" width=\"684\" height=\"1024\" src=\"https:\/\/tikowi.ch\/wp-content\/uploads\/2021\/09\/ef2f842f-e752-475e-bf3c-160caa217bbb-684x1024.jpg\" alt=\"\" data-id=\"5907\" data-full-url=\"https:\/\/tikowi.ch\/wp-content\/uploads\/2021\/09\/ef2f842f-e752-475e-bf3c-160caa217bbb.jpg\" data-link=\"https:\/\/tikowi.ch\/index.php\/the-tikowis\/woody-woodpecker\/kw-36-06-09-21\/ef2f842f-e752-475e-bf3c-160caa217bbb\/\" class=\"wp-image-5907\" srcset=\"https:\/\/tikowi.ch\/wp-content\/uploads\/2021\/09\/ef2f842f-e752-475e-bf3c-160caa217bbb-684x1024.jpg 684w, https:\/\/tikowi.ch\/wp-content\/uploads\/2021\/09\/ef2f842f-e752-475e-bf3c-160caa217bbb-200x300.jpg 200w, https:\/\/tikowi.ch\/wp-content\/uploads\/2021\/09\/ef2f842f-e752-475e-bf3c-160caa217bbb.jpg 724w\" sizes=\"(max-width: 684px) 100vw, 684px\" \/><\/figure><\/li><li class=\"blocks-gallery-item\"><figure><img loading=\"lazy\" decoding=\"async\" width=\"684\" height=\"1024\" src=\"https:\/\/tikowi.ch\/wp-content\/uploads\/2021\/09\/ff188b9c-f160-40ca-ae69-240ec89e3ffe-684x1024.jpg\" alt=\"\" data-id=\"5908\" data-full-url=\"https:\/\/tikowi.ch\/wp-content\/uploads\/2021\/09\/ff188b9c-f160-40ca-ae69-240ec89e3ffe.jpg\" data-link=\"https:\/\/tikowi.ch\/index.php\/the-tikowis\/woody-woodpecker\/kw-36-06-09-21\/ff188b9c-f160-40ca-ae69-240ec89e3ffe\/\" class=\"wp-image-5908\" srcset=\"https:\/\/tikowi.ch\/wp-content\/uploads\/2021\/09\/ff188b9c-f160-40ca-ae69-240ec89e3ffe-684x1024.jpg 684w, https:\/\/tikowi.ch\/wp-content\/uploads\/2021\/09\/ff188b9c-f160-40ca-ae69-240ec89e3ffe-200x300.jpg 200w, https:\/\/tikowi.ch\/wp-content\/uploads\/2021\/09\/ff188b9c-f160-40ca-ae69-240ec89e3ffe.jpg 724w\" sizes=\"(max-width: 684px) 100vw, 684px\" \/><\/figure><\/li><\/ul><\/figure>\n","protected":false},"excerpt":{"rendered":"<p>Nun ja, so richtig viel geben die Fotos nicht her&#8230; Immerhin sieht man, dass das Haus die finale H\u00f6he erreicht hat, aktuell wird die oberste Decke geschalt, isoliert, mit Elektro-, Wasser- und sonstigen -Leitungen best\u00fcckt und vermutlich in den n\u00e4chsten Tagen betoniert. Das Erdgeschoss wird ausgeschalt &#8211; sch\u00f6n ist sie geworden, die Betondecke! Das Keller-Dach,&hellip; <br \/> <a class=\"button small blue\" href=\"https:\/\/tikowi.ch\/index.php\/the-tikowis\/woody-woodpecker\/kw-36-06-09-21\/\">Read more<\/a><\/p>\n","protected":false},"author":1,"featured_media":0,"parent":4784,"menu_order":0,"comment_status":"closed","ping_status":"closed","template":"","meta":{"ngg_post_thumbnail":0,"footnotes":""},"class_list":["post-5833","page","type-page","status-publish","hentry"],"_links":{"self":[{"href":"https:\/\/tikowi.ch\/index.php\/wp-json\/wp\/v2\/pages\/5833","targetHints":{"allow":["GET"]}}],"collection":[{"href":"https:\/\/tikowi.ch\/index.php\/wp-json\/wp\/v2\/pages"}],"about":[{"href":"https:\/\/tikowi.ch\/index.php\/wp-json\/wp\/v2\/types\/page"}],"author":[{"embeddable":true,"href":"https:\/\/tikowi.ch\/index.php\/wp-json\/wp\/v2\/users\/1"}],"replies":[{"embeddable":true,"href":"https:\/\/tikowi.ch\/index.php\/wp-json\/wp\/v2\/comments?post=5833"}],"version-history":[{"count":4,"href":"https:\/\/tikowi.ch\/index.php\/wp-json\/wp\/v2\/pages\/5833\/revisions"}],"predecessor-version":[{"id":5910,"href":"https:\/\/tikowi.ch\/index.php\/wp-json\/wp\/v2\/pages\/5833\/revisions\/5910"}],"up":[{"embeddable":true,"href":"https:\/\/tikowi.ch\/index.php\/wp-json\/wp\/v2\/pages\/4784"}],"wp:attachment":[{"href":"https:\/\/tikowi.ch\/index.php\/wp-json\/wp\/v2\/media?parent=5833"}],"curies":[{"name":"wp","href":"https:\/\/api.w.org\/{rel}","templated":true}]}}