{"id":5775,"date":"2021-08-29T10:59:20","date_gmt":"2021-08-29T10:59:20","guid":{"rendered":"https:\/\/tikowi.ch\/?page_id=5775"},"modified":"2021-08-29T11:40:25","modified_gmt":"2021-08-29T11:40:25","slug":"kw-34-23-08-21","status":"publish","type":"page","link":"https:\/\/tikowi.ch\/index.php\/the-tikowis\/woody-woodpecker\/kw-34-23-08-21\/","title":{"rendered":"KW 34 23.08.21"},"content":{"rendered":"\n<p>Die Sommerferien sind vor\u00fcber, die Schule beginnt wieder. Wir kriegen eine Decke \u00fcber den Kopf und staunen, wieviele Rohre und Kabel darin verstaut werden. <\/p>\n\n\n\n<figure class=\"wp-block-gallery columns-2 is-cropped wp-block-gallery-1 is-layout-flex wp-block-gallery-is-layout-flex\"><ul class=\"blocks-gallery-grid\"><li class=\"blocks-gallery-item\"><figure><a href=\"https:\/\/tikowi.ch\/wp-content\/uploads\/2021\/08\/IMG_3757-scaled.jpeg\"><img fetchpriority=\"high\" decoding=\"async\" width=\"1024\" height=\"768\" src=\"https:\/\/tikowi.ch\/wp-content\/uploads\/2021\/08\/IMG_3757-1024x768.jpeg\" alt=\"\" data-id=\"5776\" data-full-url=\"https:\/\/tikowi.ch\/wp-content\/uploads\/2021\/08\/IMG_3757-scaled.jpeg\" data-link=\"https:\/\/tikowi.ch\/?attachment_id=5776\" class=\"wp-image-5776\" srcset=\"https:\/\/tikowi.ch\/wp-content\/uploads\/2021\/08\/IMG_3757-1024x768.jpeg 1024w, https:\/\/tikowi.ch\/wp-content\/uploads\/2021\/08\/IMG_3757-300x225.jpeg 300w, https:\/\/tikowi.ch\/wp-content\/uploads\/2021\/08\/IMG_3757-768x576.jpeg 768w, https:\/\/tikowi.ch\/wp-content\/uploads\/2021\/08\/IMG_3757-1536x1152.jpeg 1536w, https:\/\/tikowi.ch\/wp-content\/uploads\/2021\/08\/IMG_3757-2048x1536.jpeg 2048w\" sizes=\"(max-width: 1024px) 100vw, 1024px\" \/><\/a><\/figure><\/li><li class=\"blocks-gallery-item\"><figure><a href=\"https:\/\/tikowi.ch\/wp-content\/uploads\/2021\/08\/IMG_3773-scaled.jpeg\"><img decoding=\"async\" width=\"1024\" height=\"768\" src=\"https:\/\/tikowi.ch\/wp-content\/uploads\/2021\/08\/IMG_3773-1024x768.jpeg\" alt=\"\" data-id=\"5777\" data-full-url=\"https:\/\/tikowi.ch\/wp-content\/uploads\/2021\/08\/IMG_3773-scaled.jpeg\" data-link=\"https:\/\/tikowi.ch\/?attachment_id=5777\" class=\"wp-image-5777\" srcset=\"https:\/\/tikowi.ch\/wp-content\/uploads\/2021\/08\/IMG_3773-1024x768.jpeg 1024w, https:\/\/tikowi.ch\/wp-content\/uploads\/2021\/08\/IMG_3773-300x225.jpeg 300w, https:\/\/tikowi.ch\/wp-content\/uploads\/2021\/08\/IMG_3773-768x576.jpeg 768w, https:\/\/tikowi.ch\/wp-content\/uploads\/2021\/08\/IMG_3773-1536x1152.jpeg 1536w, https:\/\/tikowi.ch\/wp-content\/uploads\/2021\/08\/IMG_3773-2048x1536.jpeg 2048w\" sizes=\"(max-width: 1024px) 100vw, 1024px\" \/><\/a><\/figure><\/li><li class=\"blocks-gallery-item\"><figure><a href=\"https:\/\/tikowi.ch\/wp-content\/uploads\/2021\/08\/IMG_3793-scaled.jpeg\"><img decoding=\"async\" width=\"1024\" height=\"768\" src=\"https:\/\/tikowi.ch\/wp-content\/uploads\/2021\/08\/IMG_3793-1024x768.jpeg\" alt=\"\" data-id=\"5778\" data-full-url=\"https:\/\/tikowi.ch\/wp-content\/uploads\/2021\/08\/IMG_3793-scaled.jpeg\" data-link=\"https:\/\/tikowi.ch\/?attachment_id=5778\" class=\"wp-image-5778\" srcset=\"https:\/\/tikowi.ch\/wp-content\/uploads\/2021\/08\/IMG_3793-1024x768.jpeg 1024w, https:\/\/tikowi.ch\/wp-content\/uploads\/2021\/08\/IMG_3793-300x225.jpeg 300w, https:\/\/tikowi.ch\/wp-content\/uploads\/2021\/08\/IMG_3793-768x576.jpeg 768w, https:\/\/tikowi.ch\/wp-content\/uploads\/2021\/08\/IMG_3793-1536x1152.jpeg 1536w, https:\/\/tikowi.ch\/wp-content\/uploads\/2021\/08\/IMG_3793-2048x1536.jpeg 2048w\" sizes=\"(max-width: 1024px) 100vw, 1024px\" \/><\/a><\/figure><\/li><\/ul><\/figure>\n\n\n\n<p>Die Decke \u00fcber dem EG wird geschalt, armiert, mit jeder Menge Kabel und R\u00f6hren best\u00fcckt (Wasser, Elektro, Luft) und n\u00e4chste Woche wird betoniert. <\/p>\n\n\n\n<p>Und ganz unverhofft kommen am Sonntagmittag noch Baustellenfotos bei Regen. Etwas depro ist das schon, aber die Fotos (mit der Leica, nix Iphone-Knipsi) sind der Hammer!<\/p>\n\n\n\n<figure class=\"wp-block-gallery columns-3 is-cropped wp-block-gallery-2 is-layout-flex wp-block-gallery-is-layout-flex\"><ul class=\"blocks-gallery-grid\"><li class=\"blocks-gallery-item\"><figure><a href=\"https:\/\/tikowi.ch\/wp-content\/uploads\/2021\/08\/bed21aff-414d-44e8-abef-cb346d0831eb.jpg\"><img loading=\"lazy\" decoding=\"async\" width=\"1024\" height=\"684\" src=\"https:\/\/tikowi.ch\/wp-content\/uploads\/2021\/08\/bed21aff-414d-44e8-abef-cb346d0831eb-1024x684.jpg\" alt=\"\" data-id=\"5782\" data-full-url=\"https:\/\/tikowi.ch\/wp-content\/uploads\/2021\/08\/bed21aff-414d-44e8-abef-cb346d0831eb.jpg\" data-link=\"https:\/\/tikowi.ch\/index.php\/the-tikowis\/woody-woodpecker\/kw-34-23-08-21\/bed21aff-414d-44e8-abef-cb346d0831eb\/\" class=\"wp-image-5782\" srcset=\"https:\/\/tikowi.ch\/wp-content\/uploads\/2021\/08\/bed21aff-414d-44e8-abef-cb346d0831eb-1024x684.jpg 1024w, https:\/\/tikowi.ch\/wp-content\/uploads\/2021\/08\/bed21aff-414d-44e8-abef-cb346d0831eb-300x200.jpg 300w, https:\/\/tikowi.ch\/wp-content\/uploads\/2021\/08\/bed21aff-414d-44e8-abef-cb346d0831eb-768x513.jpg 768w, https:\/\/tikowi.ch\/wp-content\/uploads\/2021\/08\/bed21aff-414d-44e8-abef-cb346d0831eb-1536x1026.jpg 1536w, https:\/\/tikowi.ch\/wp-content\/uploads\/2021\/08\/bed21aff-414d-44e8-abef-cb346d0831eb.jpg 2048w\" sizes=\"(max-width: 1024px) 100vw, 1024px\" \/><\/a><figcaption class=\"blocks-gallery-item__caption\">Baunebenger\u00e4usche<\/figcaption><\/figure><\/li><li class=\"blocks-gallery-item\"><figure><a href=\"https:\/\/tikowi.ch\/wp-content\/uploads\/2021\/08\/4153948c-3e4e-4f2a-90a3-ae2595470196.jpg\"><img loading=\"lazy\" decoding=\"async\" width=\"1024\" height=\"684\" src=\"https:\/\/tikowi.ch\/wp-content\/uploads\/2021\/08\/4153948c-3e4e-4f2a-90a3-ae2595470196-1024x684.jpg\" alt=\"\" data-id=\"5783\" data-full-url=\"https:\/\/tikowi.ch\/wp-content\/uploads\/2021\/08\/4153948c-3e4e-4f2a-90a3-ae2595470196.jpg\" data-link=\"https:\/\/tikowi.ch\/index.php\/the-tikowis\/woody-woodpecker\/kw-34-23-08-21\/4153948c-3e4e-4f2a-90a3-ae2595470196\/\" class=\"wp-image-5783\" srcset=\"https:\/\/tikowi.ch\/wp-content\/uploads\/2021\/08\/4153948c-3e4e-4f2a-90a3-ae2595470196-1024x684.jpg 1024w, https:\/\/tikowi.ch\/wp-content\/uploads\/2021\/08\/4153948c-3e4e-4f2a-90a3-ae2595470196-300x200.jpg 300w, https:\/\/tikowi.ch\/wp-content\/uploads\/2021\/08\/4153948c-3e4e-4f2a-90a3-ae2595470196-768x513.jpg 768w, https:\/\/tikowi.ch\/wp-content\/uploads\/2021\/08\/4153948c-3e4e-4f2a-90a3-ae2595470196-1536x1026.jpg 1536w, https:\/\/tikowi.ch\/wp-content\/uploads\/2021\/08\/4153948c-3e4e-4f2a-90a3-ae2595470196.jpg 2048w\" sizes=\"(max-width: 1024px) 100vw, 1024px\" \/><\/a><figcaption class=\"blocks-gallery-item__caption\">Unsere Stube<\/figcaption><\/figure><\/li><li class=\"blocks-gallery-item\"><figure><a href=\"https:\/\/tikowi.ch\/wp-content\/uploads\/2021\/08\/c7d0ee72-fc6b-4020-8093-22fdcb40c321.jpg\"><img loading=\"lazy\" decoding=\"async\" width=\"1024\" height=\"684\" src=\"https:\/\/tikowi.ch\/wp-content\/uploads\/2021\/08\/c7d0ee72-fc6b-4020-8093-22fdcb40c321-1024x684.jpg\" alt=\"\" data-id=\"5784\" data-full-url=\"https:\/\/tikowi.ch\/wp-content\/uploads\/2021\/08\/c7d0ee72-fc6b-4020-8093-22fdcb40c321.jpg\" data-link=\"https:\/\/tikowi.ch\/index.php\/the-tikowis\/woody-woodpecker\/kw-34-23-08-21\/c7d0ee72-fc6b-4020-8093-22fdcb40c321\/\" class=\"wp-image-5784\" srcset=\"https:\/\/tikowi.ch\/wp-content\/uploads\/2021\/08\/c7d0ee72-fc6b-4020-8093-22fdcb40c321-1024x684.jpg 1024w, https:\/\/tikowi.ch\/wp-content\/uploads\/2021\/08\/c7d0ee72-fc6b-4020-8093-22fdcb40c321-300x200.jpg 300w, https:\/\/tikowi.ch\/wp-content\/uploads\/2021\/08\/c7d0ee72-fc6b-4020-8093-22fdcb40c321-768x513.jpg 768w, https:\/\/tikowi.ch\/wp-content\/uploads\/2021\/08\/c7d0ee72-fc6b-4020-8093-22fdcb40c321-1536x1026.jpg 1536w, https:\/\/tikowi.ch\/wp-content\/uploads\/2021\/08\/c7d0ee72-fc6b-4020-8093-22fdcb40c321.jpg 2048w\" sizes=\"(max-width: 1024px) 100vw, 1024px\" \/><\/a><figcaption class=\"blocks-gallery-item__caption\">Schlafzimmer<\/figcaption><\/figure><\/li><li class=\"blocks-gallery-item\"><figure><a href=\"https:\/\/tikowi.ch\/wp-content\/uploads\/2021\/08\/cb481626-b24d-4f23-8bbe-f9950d9ce762.jpg\"><img loading=\"lazy\" decoding=\"async\" width=\"1024\" height=\"684\" src=\"https:\/\/tikowi.ch\/wp-content\/uploads\/2021\/08\/cb481626-b24d-4f23-8bbe-f9950d9ce762-1024x684.jpg\" alt=\"\" data-id=\"5785\" data-full-url=\"https:\/\/tikowi.ch\/wp-content\/uploads\/2021\/08\/cb481626-b24d-4f23-8bbe-f9950d9ce762.jpg\" data-link=\"https:\/\/tikowi.ch\/index.php\/the-tikowis\/woody-woodpecker\/kw-34-23-08-21\/cb481626-b24d-4f23-8bbe-f9950d9ce762\/\" class=\"wp-image-5785\" srcset=\"https:\/\/tikowi.ch\/wp-content\/uploads\/2021\/08\/cb481626-b24d-4f23-8bbe-f9950d9ce762-1024x684.jpg 1024w, https:\/\/tikowi.ch\/wp-content\/uploads\/2021\/08\/cb481626-b24d-4f23-8bbe-f9950d9ce762-300x200.jpg 300w, https:\/\/tikowi.ch\/wp-content\/uploads\/2021\/08\/cb481626-b24d-4f23-8bbe-f9950d9ce762-768x513.jpg 768w, https:\/\/tikowi.ch\/wp-content\/uploads\/2021\/08\/cb481626-b24d-4f23-8bbe-f9950d9ce762-1536x1026.jpg 1536w, https:\/\/tikowi.ch\/wp-content\/uploads\/2021\/08\/cb481626-b24d-4f23-8bbe-f9950d9ce762.jpg 2048w\" sizes=\"(max-width: 1024px) 100vw, 1024px\" \/><\/a><figcaption class=\"blocks-gallery-item__caption\">Ausblick aus K\u00fcche<\/figcaption><\/figure><\/li><li class=\"blocks-gallery-item\"><figure><a href=\"https:\/\/tikowi.ch\/wp-content\/uploads\/2021\/08\/a9c72872-2672-4a09-8488-a262d30e0059.jpg\"><img loading=\"lazy\" decoding=\"async\" width=\"684\" height=\"1024\" src=\"https:\/\/tikowi.ch\/wp-content\/uploads\/2021\/08\/a9c72872-2672-4a09-8488-a262d30e0059-684x1024.jpg\" alt=\"\" data-id=\"5786\" data-full-url=\"https:\/\/tikowi.ch\/wp-content\/uploads\/2021\/08\/a9c72872-2672-4a09-8488-a262d30e0059.jpg\" data-link=\"https:\/\/tikowi.ch\/index.php\/the-tikowis\/woody-woodpecker\/kw-34-23-08-21\/a9c72872-2672-4a09-8488-a262d30e0059\/\" class=\"wp-image-5786\" srcset=\"https:\/\/tikowi.ch\/wp-content\/uploads\/2021\/08\/a9c72872-2672-4a09-8488-a262d30e0059-684x1024.jpg 684w, https:\/\/tikowi.ch\/wp-content\/uploads\/2021\/08\/a9c72872-2672-4a09-8488-a262d30e0059-200x300.jpg 200w, https:\/\/tikowi.ch\/wp-content\/uploads\/2021\/08\/a9c72872-2672-4a09-8488-a262d30e0059-768x1150.jpg 768w, https:\/\/tikowi.ch\/wp-content\/uploads\/2021\/08\/a9c72872-2672-4a09-8488-a262d30e0059-1026x1536.jpg 1026w, https:\/\/tikowi.ch\/wp-content\/uploads\/2021\/08\/a9c72872-2672-4a09-8488-a262d30e0059.jpg 1368w\" sizes=\"(max-width: 684px) 100vw, 684px\" \/><\/a><\/figure><\/li><li class=\"blocks-gallery-item\"><figure><a href=\"https:\/\/tikowi.ch\/wp-content\/uploads\/2021\/08\/079a5d42-0141-40b1-a3f0-fb8b8d646b4a.jpg\"><img loading=\"lazy\" decoding=\"async\" width=\"684\" height=\"1024\" src=\"https:\/\/tikowi.ch\/wp-content\/uploads\/2021\/08\/079a5d42-0141-40b1-a3f0-fb8b8d646b4a-684x1024.jpg\" alt=\"\" data-id=\"5787\" data-full-url=\"https:\/\/tikowi.ch\/wp-content\/uploads\/2021\/08\/079a5d42-0141-40b1-a3f0-fb8b8d646b4a.jpg\" data-link=\"https:\/\/tikowi.ch\/index.php\/the-tikowis\/woody-woodpecker\/kw-34-23-08-21\/079a5d42-0141-40b1-a3f0-fb8b8d646b4a\/\" class=\"wp-image-5787\" srcset=\"https:\/\/tikowi.ch\/wp-content\/uploads\/2021\/08\/079a5d42-0141-40b1-a3f0-fb8b8d646b4a-684x1024.jpg 684w, https:\/\/tikowi.ch\/wp-content\/uploads\/2021\/08\/079a5d42-0141-40b1-a3f0-fb8b8d646b4a-200x300.jpg 200w, https:\/\/tikowi.ch\/wp-content\/uploads\/2021\/08\/079a5d42-0141-40b1-a3f0-fb8b8d646b4a-768x1150.jpg 768w, https:\/\/tikowi.ch\/wp-content\/uploads\/2021\/08\/079a5d42-0141-40b1-a3f0-fb8b8d646b4a-1026x1536.jpg 1026w, https:\/\/tikowi.ch\/wp-content\/uploads\/2021\/08\/079a5d42-0141-40b1-a3f0-fb8b8d646b4a.jpg 1368w\" sizes=\"(max-width: 684px) 100vw, 684px\" \/><\/a><figcaption class=\"blocks-gallery-item__caption\">Durchblick<\/figcaption><\/figure><\/li><li class=\"blocks-gallery-item\"><figure><a href=\"https:\/\/tikowi.ch\/wp-content\/uploads\/2021\/08\/71d71599-94e1-43b6-a5ef-a0d635b69d37.jpg\"><img loading=\"lazy\" decoding=\"async\" width=\"1024\" height=\"684\" src=\"https:\/\/tikowi.ch\/wp-content\/uploads\/2021\/08\/71d71599-94e1-43b6-a5ef-a0d635b69d37-1024x684.jpg\" alt=\"\" data-id=\"5788\" data-full-url=\"https:\/\/tikowi.ch\/wp-content\/uploads\/2021\/08\/71d71599-94e1-43b6-a5ef-a0d635b69d37.jpg\" data-link=\"https:\/\/tikowi.ch\/index.php\/the-tikowis\/woody-woodpecker\/kw-34-23-08-21\/71d71599-94e1-43b6-a5ef-a0d635b69d37\/\" class=\"wp-image-5788\" srcset=\"https:\/\/tikowi.ch\/wp-content\/uploads\/2021\/08\/71d71599-94e1-43b6-a5ef-a0d635b69d37-1024x684.jpg 1024w, https:\/\/tikowi.ch\/wp-content\/uploads\/2021\/08\/71d71599-94e1-43b6-a5ef-a0d635b69d37-300x200.jpg 300w, https:\/\/tikowi.ch\/wp-content\/uploads\/2021\/08\/71d71599-94e1-43b6-a5ef-a0d635b69d37-768x513.jpg 768w, https:\/\/tikowi.ch\/wp-content\/uploads\/2021\/08\/71d71599-94e1-43b6-a5ef-a0d635b69d37-1536x1026.jpg 1536w, https:\/\/tikowi.ch\/wp-content\/uploads\/2021\/08\/71d71599-94e1-43b6-a5ef-a0d635b69d37.jpg 2048w\" sizes=\"(max-width: 1024px) 100vw, 1024px\" \/><\/a><figcaption class=\"blocks-gallery-item__caption\">mein B\u00fcron\u00e4hzimmer &#8211; jetzt schon ein Puff \ud83d\ude42<\/figcaption><\/figure><\/li><li class=\"blocks-gallery-item\"><figure><a href=\"https:\/\/tikowi.ch\/wp-content\/uploads\/2021\/08\/0d91a71c-f29e-45c4-9823-d64f62778a20.jpg\"><img loading=\"lazy\" decoding=\"async\" width=\"1024\" height=\"684\" src=\"https:\/\/tikowi.ch\/wp-content\/uploads\/2021\/08\/0d91a71c-f29e-45c4-9823-d64f62778a20-1024x684.jpg\" alt=\"\" data-id=\"5789\" data-full-url=\"https:\/\/tikowi.ch\/wp-content\/uploads\/2021\/08\/0d91a71c-f29e-45c4-9823-d64f62778a20.jpg\" data-link=\"https:\/\/tikowi.ch\/index.php\/the-tikowis\/woody-woodpecker\/kw-34-23-08-21\/0d91a71c-f29e-45c4-9823-d64f62778a20\/\" class=\"wp-image-5789\" srcset=\"https:\/\/tikowi.ch\/wp-content\/uploads\/2021\/08\/0d91a71c-f29e-45c4-9823-d64f62778a20-1024x684.jpg 1024w, https:\/\/tikowi.ch\/wp-content\/uploads\/2021\/08\/0d91a71c-f29e-45c4-9823-d64f62778a20-300x200.jpg 300w, https:\/\/tikowi.ch\/wp-content\/uploads\/2021\/08\/0d91a71c-f29e-45c4-9823-d64f62778a20-768x513.jpg 768w, https:\/\/tikowi.ch\/wp-content\/uploads\/2021\/08\/0d91a71c-f29e-45c4-9823-d64f62778a20-1536x1026.jpg 1536w, https:\/\/tikowi.ch\/wp-content\/uploads\/2021\/08\/0d91a71c-f29e-45c4-9823-d64f62778a20.jpg 2048w\" sizes=\"(max-width: 1024px) 100vw, 1024px\" \/><\/a><figcaption class=\"blocks-gallery-item__caption\">Ausblick aus der guten Stube<\/figcaption><\/figure><\/li><\/ul><\/figure>\n\n\n\n<p>Koni schiebt die Krise&#8230; das Schlafzimmer hat zu wenig Fenster. Schauen wir mal! daf\u00fcr l\u00f6st sich fast von alleine meine N\u00e4h-Zuschneide-B\u00fcrotischproblem. 3m sollten reichen&#8230;<\/p>\n\n\n\n<figure class=\"wp-block-image size-large\"><img loading=\"lazy\" decoding=\"async\" width=\"1024\" height=\"768\" src=\"https:\/\/tikowi.ch\/wp-content\/uploads\/2021\/08\/IMG_3802-1024x768.jpeg\" alt=\"\" class=\"wp-image-5779\" srcset=\"https:\/\/tikowi.ch\/wp-content\/uploads\/2021\/08\/IMG_3802-1024x768.jpeg 1024w, https:\/\/tikowi.ch\/wp-content\/uploads\/2021\/08\/IMG_3802-300x225.jpeg 300w, https:\/\/tikowi.ch\/wp-content\/uploads\/2021\/08\/IMG_3802-768x576.jpeg 768w, https:\/\/tikowi.ch\/wp-content\/uploads\/2021\/08\/IMG_3802-1536x1152.jpeg 1536w, https:\/\/tikowi.ch\/wp-content\/uploads\/2021\/08\/IMG_3802-2048x1536.jpeg 2048w\" sizes=\"(max-width: 1024px) 100vw, 1024px\" \/><figcaption>noch steht in der Casa Faoro&#8230;<\/figcaption><\/figure>\n\n\n\n<p>&#8230;aber demn\u00e4chst bei uns. <\/p>\n","protected":false},"excerpt":{"rendered":"<p>Die Sommerferien sind vor\u00fcber, die Schule beginnt wieder. Wir kriegen eine Decke \u00fcber den Kopf und staunen, wieviele Rohre und Kabel darin verstaut werden. Die Decke \u00fcber dem EG wird geschalt, armiert, mit jeder Menge Kabel und R\u00f6hren best\u00fcckt (Wasser, Elektro, Luft) und n\u00e4chste Woche wird betoniert. Und ganz unverhofft kommen am Sonntagmittag noch Baustellenfotos&hellip; <br \/> <a class=\"button small blue\" href=\"https:\/\/tikowi.ch\/index.php\/the-tikowis\/woody-woodpecker\/kw-34-23-08-21\/\">Read more<\/a><\/p>\n","protected":false},"author":1,"featured_media":0,"parent":4784,"menu_order":0,"comment_status":"closed","ping_status":"closed","template":"","meta":{"ngg_post_thumbnail":0,"footnotes":""},"class_list":["post-5775","page","type-page","status-publish","hentry"],"_links":{"self":[{"href":"https:\/\/tikowi.ch\/index.php\/wp-json\/wp\/v2\/pages\/5775","targetHints":{"allow":["GET"]}}],"collection":[{"href":"https:\/\/tikowi.ch\/index.php\/wp-json\/wp\/v2\/pages"}],"about":[{"href":"https:\/\/tikowi.ch\/index.php\/wp-json\/wp\/v2\/types\/page"}],"author":[{"embeddable":true,"href":"https:\/\/tikowi.ch\/index.php\/wp-json\/wp\/v2\/users\/1"}],"replies":[{"embeddable":true,"href":"https:\/\/tikowi.ch\/index.php\/wp-json\/wp\/v2\/comments?post=5775"}],"version-history":[{"count":2,"href":"https:\/\/tikowi.ch\/index.php\/wp-json\/wp\/v2\/pages\/5775\/revisions"}],"predecessor-version":[{"id":5790,"href":"https:\/\/tikowi.ch\/index.php\/wp-json\/wp\/v2\/pages\/5775\/revisions\/5790"}],"up":[{"embeddable":true,"href":"https:\/\/tikowi.ch\/index.php\/wp-json\/wp\/v2\/pages\/4784"}],"wp:attachment":[{"href":"https:\/\/tikowi.ch\/index.php\/wp-json\/wp\/v2\/media?parent=5775"}],"curies":[{"name":"wp","href":"https:\/\/api.w.org\/{rel}","templated":true}]}}