{"id":5714,"date":"2021-08-15T11:27:50","date_gmt":"2021-08-15T11:27:50","guid":{"rendered":"https:\/\/tikowi.ch\/?page_id=5714"},"modified":"2021-08-15T11:30:17","modified_gmt":"2021-08-15T11:30:17","slug":"kw-32-09-08-21","status":"publish","type":"page","link":"https:\/\/tikowi.ch\/index.php\/the-tikowis\/woody-woodpecker\/kw-32-09-08-21\/","title":{"rendered":"KW 32 09.08.21"},"content":{"rendered":"\n<p>Die Backsteine, die Reto letzte Woche geliefert hat, m\u00fcssen verbaut werden. Das geht erstaunlich schnell und flugs, begehen wir erstmals unsere neuen R\u00e4ume. <\/p>\n\n\n\n<figure class=\"wp-block-gallery columns-2 is-cropped wp-block-gallery-1 is-layout-flex wp-block-gallery-is-layout-flex\"><ul class=\"blocks-gallery-grid\"><li class=\"blocks-gallery-item\"><figure><a href=\"https:\/\/tikowi.ch\/wp-content\/uploads\/2021\/08\/4ad1b49b-c2c8-48d0-851b-c12d96b7f6d1.jpg\"><img fetchpriority=\"high\" decoding=\"async\" width=\"1024\" height=\"768\" src=\"https:\/\/tikowi.ch\/wp-content\/uploads\/2021\/08\/4ad1b49b-c2c8-48d0-851b-c12d96b7f6d1-1024x768.jpg\" alt=\"\" data-id=\"5715\" data-full-url=\"https:\/\/tikowi.ch\/wp-content\/uploads\/2021\/08\/4ad1b49b-c2c8-48d0-851b-c12d96b7f6d1.jpg\" data-link=\"https:\/\/tikowi.ch\/?attachment_id=5715\" class=\"wp-image-5715\" srcset=\"https:\/\/tikowi.ch\/wp-content\/uploads\/2021\/08\/4ad1b49b-c2c8-48d0-851b-c12d96b7f6d1-1024x768.jpg 1024w, https:\/\/tikowi.ch\/wp-content\/uploads\/2021\/08\/4ad1b49b-c2c8-48d0-851b-c12d96b7f6d1-300x225.jpg 300w, https:\/\/tikowi.ch\/wp-content\/uploads\/2021\/08\/4ad1b49b-c2c8-48d0-851b-c12d96b7f6d1-768x576.jpg 768w, https:\/\/tikowi.ch\/wp-content\/uploads\/2021\/08\/4ad1b49b-c2c8-48d0-851b-c12d96b7f6d1-1536x1152.jpg 1536w, https:\/\/tikowi.ch\/wp-content\/uploads\/2021\/08\/4ad1b49b-c2c8-48d0-851b-c12d96b7f6d1.jpg 2048w\" sizes=\"(max-width: 1024px) 100vw, 1024px\" \/><\/a><figcaption class=\"blocks-gallery-item__caption\">vorne links das G\u00e4ste-WC<\/figcaption><\/figure><\/li><li class=\"blocks-gallery-item\"><figure><a href=\"https:\/\/tikowi.ch\/wp-content\/uploads\/2021\/08\/7beb252a-6f05-49cf-9483-f456d5ee3bb2.jpg\"><img decoding=\"async\" width=\"1024\" height=\"682\" src=\"https:\/\/tikowi.ch\/wp-content\/uploads\/2021\/08\/7beb252a-6f05-49cf-9483-f456d5ee3bb2-1024x682.jpg\" alt=\"\" data-id=\"5716\" data-full-url=\"https:\/\/tikowi.ch\/wp-content\/uploads\/2021\/08\/7beb252a-6f05-49cf-9483-f456d5ee3bb2.jpg\" data-link=\"https:\/\/tikowi.ch\/?attachment_id=5716\" class=\"wp-image-5716\" srcset=\"https:\/\/tikowi.ch\/wp-content\/uploads\/2021\/08\/7beb252a-6f05-49cf-9483-f456d5ee3bb2-1024x682.jpg 1024w, https:\/\/tikowi.ch\/wp-content\/uploads\/2021\/08\/7beb252a-6f05-49cf-9483-f456d5ee3bb2-300x200.jpg 300w, https:\/\/tikowi.ch\/wp-content\/uploads\/2021\/08\/7beb252a-6f05-49cf-9483-f456d5ee3bb2-768x512.jpg 768w, https:\/\/tikowi.ch\/wp-content\/uploads\/2021\/08\/7beb252a-6f05-49cf-9483-f456d5ee3bb2-1536x1023.jpg 1536w, https:\/\/tikowi.ch\/wp-content\/uploads\/2021\/08\/7beb252a-6f05-49cf-9483-f456d5ee3bb2.jpg 2048w\" sizes=\"(max-width: 1024px) 100vw, 1024px\" \/><\/a><figcaption class=\"blocks-gallery-item__caption\">Blick in die gute Stube \/ Schlafzimmer der Wohnung EG West<\/figcaption><\/figure><\/li><li class=\"blocks-gallery-item\"><figure><a href=\"https:\/\/tikowi.ch\/wp-content\/uploads\/2021\/08\/b5f9e381-35f5-4f0d-9226-3e3a27d4b122.jpg\"><img decoding=\"async\" width=\"1024\" height=\"683\" src=\"https:\/\/tikowi.ch\/wp-content\/uploads\/2021\/08\/b5f9e381-35f5-4f0d-9226-3e3a27d4b122-1024x683.jpg\" alt=\"\" data-id=\"5717\" data-full-url=\"https:\/\/tikowi.ch\/wp-content\/uploads\/2021\/08\/b5f9e381-35f5-4f0d-9226-3e3a27d4b122.jpg\" data-link=\"https:\/\/tikowi.ch\/?attachment_id=5717\" class=\"wp-image-5717\" srcset=\"https:\/\/tikowi.ch\/wp-content\/uploads\/2021\/08\/b5f9e381-35f5-4f0d-9226-3e3a27d4b122-1024x683.jpg 1024w, https:\/\/tikowi.ch\/wp-content\/uploads\/2021\/08\/b5f9e381-35f5-4f0d-9226-3e3a27d4b122-300x200.jpg 300w, https:\/\/tikowi.ch\/wp-content\/uploads\/2021\/08\/b5f9e381-35f5-4f0d-9226-3e3a27d4b122-768x512.jpg 768w, https:\/\/tikowi.ch\/wp-content\/uploads\/2021\/08\/b5f9e381-35f5-4f0d-9226-3e3a27d4b122-1536x1025.jpg 1536w, https:\/\/tikowi.ch\/wp-content\/uploads\/2021\/08\/b5f9e381-35f5-4f0d-9226-3e3a27d4b122.jpg 2048w\" sizes=\"(max-width: 1024px) 100vw, 1024px\" \/><\/a><figcaption class=\"blocks-gallery-item__caption\">Wohnung EG Ost: Zimmer AnnA, Bad, Living Room&#8230;<\/figcaption><\/figure><\/li><li class=\"blocks-gallery-item\"><figure><a href=\"https:\/\/tikowi.ch\/wp-content\/uploads\/2021\/08\/2969e455-2283-4099-b5cc-ce97b37f66bc.jpg\"><img loading=\"lazy\" decoding=\"async\" width=\"1024\" height=\"682\" src=\"https:\/\/tikowi.ch\/wp-content\/uploads\/2021\/08\/2969e455-2283-4099-b5cc-ce97b37f66bc-1024x682.jpg\" alt=\"\" data-id=\"5718\" data-full-url=\"https:\/\/tikowi.ch\/wp-content\/uploads\/2021\/08\/2969e455-2283-4099-b5cc-ce97b37f66bc.jpg\" data-link=\"https:\/\/tikowi.ch\/?attachment_id=5718\" class=\"wp-image-5718\" srcset=\"https:\/\/tikowi.ch\/wp-content\/uploads\/2021\/08\/2969e455-2283-4099-b5cc-ce97b37f66bc-1024x682.jpg 1024w, https:\/\/tikowi.ch\/wp-content\/uploads\/2021\/08\/2969e455-2283-4099-b5cc-ce97b37f66bc-300x200.jpg 300w, https:\/\/tikowi.ch\/wp-content\/uploads\/2021\/08\/2969e455-2283-4099-b5cc-ce97b37f66bc-768x512.jpg 768w, https:\/\/tikowi.ch\/wp-content\/uploads\/2021\/08\/2969e455-2283-4099-b5cc-ce97b37f66bc-1536x1023.jpg 1536w, https:\/\/tikowi.ch\/wp-content\/uploads\/2021\/08\/2969e455-2283-4099-b5cc-ce97b37f66bc.jpg 2048w\" sizes=\"(max-width: 1024px) 100vw, 1024px\" \/><\/a><figcaption class=\"blocks-gallery-item__caption\">aber auch gegen\u00fcber geht die Post ab<\/figcaption><\/figure><\/li><li class=\"blocks-gallery-item\"><figure><a href=\"https:\/\/tikowi.ch\/wp-content\/uploads\/2021\/08\/e73c1e12-6930-43ab-b777-dd5e11067bf1.jpg\"><img loading=\"lazy\" decoding=\"async\" width=\"1024\" height=\"768\" src=\"https:\/\/tikowi.ch\/wp-content\/uploads\/2021\/08\/e73c1e12-6930-43ab-b777-dd5e11067bf1-1024x768.jpg\" alt=\"\" data-id=\"5719\" data-full-url=\"https:\/\/tikowi.ch\/wp-content\/uploads\/2021\/08\/e73c1e12-6930-43ab-b777-dd5e11067bf1.jpg\" data-link=\"https:\/\/tikowi.ch\/?attachment_id=5719\" class=\"wp-image-5719\" srcset=\"https:\/\/tikowi.ch\/wp-content\/uploads\/2021\/08\/e73c1e12-6930-43ab-b777-dd5e11067bf1-1024x768.jpg 1024w, https:\/\/tikowi.ch\/wp-content\/uploads\/2021\/08\/e73c1e12-6930-43ab-b777-dd5e11067bf1-300x225.jpg 300w, https:\/\/tikowi.ch\/wp-content\/uploads\/2021\/08\/e73c1e12-6930-43ab-b777-dd5e11067bf1-768x576.jpg 768w, https:\/\/tikowi.ch\/wp-content\/uploads\/2021\/08\/e73c1e12-6930-43ab-b777-dd5e11067bf1-1536x1152.jpg 1536w, https:\/\/tikowi.ch\/wp-content\/uploads\/2021\/08\/e73c1e12-6930-43ab-b777-dd5e11067bf1.jpg 2048w\" sizes=\"(max-width: 1024px) 100vw, 1024px\" \/><\/a><figcaption class=\"blocks-gallery-item__caption\">Blick vom k\u00fcnftigen Sofa &#8211; G\u00e4ste-WC, Reduit, Korridor in Wohnung Ost<\/figcaption><\/figure><\/li><li class=\"blocks-gallery-item\"><figure><a href=\"https:\/\/tikowi.ch\/wp-content\/uploads\/2021\/08\/IMG_3645-scaled.jpeg\"><img loading=\"lazy\" decoding=\"async\" width=\"1024\" height=\"768\" src=\"https:\/\/tikowi.ch\/wp-content\/uploads\/2021\/08\/IMG_3645-1024x768.jpeg\" alt=\"\" data-id=\"5720\" data-full-url=\"https:\/\/tikowi.ch\/wp-content\/uploads\/2021\/08\/IMG_3645-scaled.jpeg\" data-link=\"https:\/\/tikowi.ch\/?attachment_id=5720\" class=\"wp-image-5720\" srcset=\"https:\/\/tikowi.ch\/wp-content\/uploads\/2021\/08\/IMG_3645-1024x768.jpeg 1024w, https:\/\/tikowi.ch\/wp-content\/uploads\/2021\/08\/IMG_3645-300x225.jpeg 300w, https:\/\/tikowi.ch\/wp-content\/uploads\/2021\/08\/IMG_3645-768x576.jpeg 768w, https:\/\/tikowi.ch\/wp-content\/uploads\/2021\/08\/IMG_3645-1536x1152.jpeg 1536w, https:\/\/tikowi.ch\/wp-content\/uploads\/2021\/08\/IMG_3645-2048x1536.jpeg 2048w\" sizes=\"(max-width: 1024px) 100vw, 1024px\" \/><\/a><figcaption class=\"blocks-gallery-item__caption\">Mond \u00fcber Baustelle und Stadt<\/figcaption><\/figure><\/li><\/ul><\/figure>\n\n\n\n<p>Jetzt nimmt das Ganze pl\u00f6tzlich Formen an! aus zweidimensionalen Pl\u00e4nen werden R\u00e4ume, die H\u00f6he wird ersichtlich und wir richten mental ein. Und stellen fest, dass der alte Schrank vermutlich der verschobenen T\u00fcre zum Opfer fallen muss. N\u00e4chste Woche folgt die Aussenfassade &#8211; wir sind gespannt, ob am Dienstag &#171;nur&#187; die Fassade des Erdgeschosses geliefert wird, oder ob jetzt grad die ganze Fassade gestellt wird. Das Bauger\u00fcst tendiert zu Version 2. Spannende ist&#8217;s und spannend bleibt&#8217;s!<\/p>\n\n\n\n<div class=\"wp-block-media-text alignwide is-stacked-on-mobile\"><figure class=\"wp-block-media-text__media\"><img loading=\"lazy\" decoding=\"async\" width=\"1024\" height=\"597\" src=\"https:\/\/tikowi.ch\/wp-content\/uploads\/2021\/08\/IMG_3626-1024x597.jpeg\" alt=\"\" class=\"wp-image-5723 size-full\" srcset=\"https:\/\/tikowi.ch\/wp-content\/uploads\/2021\/08\/IMG_3626-1024x597.jpeg 1024w, https:\/\/tikowi.ch\/wp-content\/uploads\/2021\/08\/IMG_3626-300x175.jpeg 300w, https:\/\/tikowi.ch\/wp-content\/uploads\/2021\/08\/IMG_3626-768x448.jpeg 768w, https:\/\/tikowi.ch\/wp-content\/uploads\/2021\/08\/IMG_3626.jpeg 1170w\" sizes=\"(max-width: 1024px) 100vw, 1024px\" \/><\/figure><div class=\"wp-block-media-text__content\">\n<p class=\"has-large-font-size\">es muss alles seine Richtigkeit haben!<\/p>\n<\/div><\/div>\n","protected":false},"excerpt":{"rendered":"<p>Die Backsteine, die Reto letzte Woche geliefert hat, m\u00fcssen verbaut werden. Das geht erstaunlich schnell und flugs, begehen wir erstmals unsere neuen R\u00e4ume. Jetzt nimmt das Ganze pl\u00f6tzlich Formen an! aus zweidimensionalen Pl\u00e4nen werden R\u00e4ume, die H\u00f6he wird ersichtlich und wir richten mental ein. Und stellen fest, dass der alte Schrank vermutlich der verschobenen T\u00fcre&hellip; <br \/> <a class=\"button small blue\" href=\"https:\/\/tikowi.ch\/index.php\/the-tikowis\/woody-woodpecker\/kw-32-09-08-21\/\">Read more<\/a><\/p>\n","protected":false},"author":1,"featured_media":0,"parent":4784,"menu_order":0,"comment_status":"closed","ping_status":"closed","template":"","meta":{"ngg_post_thumbnail":0,"footnotes":""},"class_list":["post-5714","page","type-page","status-publish","hentry"],"_links":{"self":[{"href":"https:\/\/tikowi.ch\/index.php\/wp-json\/wp\/v2\/pages\/5714","targetHints":{"allow":["GET"]}}],"collection":[{"href":"https:\/\/tikowi.ch\/index.php\/wp-json\/wp\/v2\/pages"}],"about":[{"href":"https:\/\/tikowi.ch\/index.php\/wp-json\/wp\/v2\/types\/page"}],"author":[{"embeddable":true,"href":"https:\/\/tikowi.ch\/index.php\/wp-json\/wp\/v2\/users\/1"}],"replies":[{"embeddable":true,"href":"https:\/\/tikowi.ch\/index.php\/wp-json\/wp\/v2\/comments?post=5714"}],"version-history":[{"count":2,"href":"https:\/\/tikowi.ch\/index.php\/wp-json\/wp\/v2\/pages\/5714\/revisions"}],"predecessor-version":[{"id":5724,"href":"https:\/\/tikowi.ch\/index.php\/wp-json\/wp\/v2\/pages\/5714\/revisions\/5724"}],"up":[{"embeddable":true,"href":"https:\/\/tikowi.ch\/index.php\/wp-json\/wp\/v2\/pages\/4784"}],"wp:attachment":[{"href":"https:\/\/tikowi.ch\/index.php\/wp-json\/wp\/v2\/media?parent=5714"}],"curies":[{"name":"wp","href":"https:\/\/api.w.org\/{rel}","templated":true}]}}