{"id":5610,"date":"2021-08-04T14:47:52","date_gmt":"2021-08-04T14:47:52","guid":{"rendered":"https:\/\/tikowi.ch\/?page_id=5610"},"modified":"2021-08-04T14:51:40","modified_gmt":"2021-08-04T14:51:40","slug":"kw-29-30","status":"publish","type":"page","link":"https:\/\/tikowi.ch\/index.php\/the-tikowis\/woody-woodpecker\/kw-29-30\/","title":{"rendered":"KW 29 &#038; 30"},"content":{"rendered":"\n<p>Wir sind in den Ferien&#8230; daheim tobt der B\u00e4r. Die Bilder sind etwas sp\u00e4rlicher, AnnA arbeitet ja schliesslich daheim und hat nicht den ganzen Tag Zeit f\u00fcr uns Bilder zu schiessen. Aber der Fortschritt ist deutlich sichtbar!<\/p>\n\n\n\n<figure class=\"wp-block-gallery columns-3 is-cropped wp-block-gallery-1 is-layout-flex wp-block-gallery-is-layout-flex\"><ul class=\"blocks-gallery-grid\"><li class=\"blocks-gallery-item\"><figure><a href=\"https:\/\/tikowi.ch\/wp-content\/uploads\/2021\/08\/IMG_3329-scaled.jpeg\"><img fetchpriority=\"high\" decoding=\"async\" width=\"768\" height=\"1024\" src=\"https:\/\/tikowi.ch\/wp-content\/uploads\/2021\/08\/IMG_3329-768x1024.jpeg\" alt=\"\" data-id=\"5613\" data-full-url=\"https:\/\/tikowi.ch\/wp-content\/uploads\/2021\/08\/IMG_3329-scaled.jpeg\" data-link=\"https:\/\/tikowi.ch\/?attachment_id=5613\" class=\"wp-image-5613\" srcset=\"https:\/\/tikowi.ch\/wp-content\/uploads\/2021\/08\/IMG_3329-768x1024.jpeg 768w, https:\/\/tikowi.ch\/wp-content\/uploads\/2021\/08\/IMG_3329-225x300.jpeg 225w, https:\/\/tikowi.ch\/wp-content\/uploads\/2021\/08\/IMG_3329-1152x1536.jpeg 1152w, https:\/\/tikowi.ch\/wp-content\/uploads\/2021\/08\/IMG_3329-1536x2048.jpeg 1536w, https:\/\/tikowi.ch\/wp-content\/uploads\/2021\/08\/IMG_3329-scaled.jpeg 1920w\" sizes=\"(max-width: 768px) 100vw, 768px\" \/><\/a><figcaption class=\"blocks-gallery-item__caption\">R\u00f6hren vor dem Haus<\/figcaption><\/figure><\/li><li class=\"blocks-gallery-item\"><figure><a href=\"https:\/\/tikowi.ch\/wp-content\/uploads\/2021\/08\/a1d8b110-22af-4031-80a6-657239cf8f7d.jpg\"><img decoding=\"async\" width=\"1024\" height=\"768\" src=\"https:\/\/tikowi.ch\/wp-content\/uploads\/2021\/08\/a1d8b110-22af-4031-80a6-657239cf8f7d-1024x768.jpg\" alt=\"\" data-id=\"5612\" data-full-url=\"https:\/\/tikowi.ch\/wp-content\/uploads\/2021\/08\/a1d8b110-22af-4031-80a6-657239cf8f7d.jpg\" data-link=\"https:\/\/tikowi.ch\/?attachment_id=5612\" class=\"wp-image-5612\" srcset=\"https:\/\/tikowi.ch\/wp-content\/uploads\/2021\/08\/a1d8b110-22af-4031-80a6-657239cf8f7d-1024x768.jpg 1024w, https:\/\/tikowi.ch\/wp-content\/uploads\/2021\/08\/a1d8b110-22af-4031-80a6-657239cf8f7d-300x225.jpg 300w, https:\/\/tikowi.ch\/wp-content\/uploads\/2021\/08\/a1d8b110-22af-4031-80a6-657239cf8f7d-768x576.jpg 768w, https:\/\/tikowi.ch\/wp-content\/uploads\/2021\/08\/a1d8b110-22af-4031-80a6-657239cf8f7d-1536x1152.jpg 1536w, https:\/\/tikowi.ch\/wp-content\/uploads\/2021\/08\/a1d8b110-22af-4031-80a6-657239cf8f7d.jpg 2016w\" sizes=\"(max-width: 1024px) 100vw, 1024px\" \/><\/a><figcaption class=\"blocks-gallery-item__caption\">das Kellergeschoss<\/figcaption><\/figure><\/li><li class=\"blocks-gallery-item\"><figure><a href=\"https:\/\/tikowi.ch\/wp-content\/uploads\/2021\/08\/IMG_3331-scaled.jpeg\"><img decoding=\"async\" width=\"1024\" height=\"768\" src=\"https:\/\/tikowi.ch\/wp-content\/uploads\/2021\/08\/IMG_3331-1024x768.jpeg\" alt=\"\" data-id=\"5614\" data-full-url=\"https:\/\/tikowi.ch\/wp-content\/uploads\/2021\/08\/IMG_3331-scaled.jpeg\" data-link=\"https:\/\/tikowi.ch\/?attachment_id=5614\" class=\"wp-image-5614\" srcset=\"https:\/\/tikowi.ch\/wp-content\/uploads\/2021\/08\/IMG_3331-1024x768.jpeg 1024w, https:\/\/tikowi.ch\/wp-content\/uploads\/2021\/08\/IMG_3331-300x225.jpeg 300w, https:\/\/tikowi.ch\/wp-content\/uploads\/2021\/08\/IMG_3331-768x576.jpeg 768w, https:\/\/tikowi.ch\/wp-content\/uploads\/2021\/08\/IMG_3331-1536x1152.jpeg 1536w, https:\/\/tikowi.ch\/wp-content\/uploads\/2021\/08\/IMG_3331-2048x1536.jpeg 2048w\" sizes=\"(max-width: 1024px) 100vw, 1024px\" \/><\/a><figcaption class=\"blocks-gallery-item__caption\">Noppenfolie gegen die Feuchtigkeit<\/figcaption><\/figure><\/li><li class=\"blocks-gallery-item\"><figure><a href=\"https:\/\/tikowi.ch\/wp-content\/uploads\/2021\/08\/IMG_3332-scaled.jpeg\"><img loading=\"lazy\" decoding=\"async\" width=\"1024\" height=\"768\" src=\"https:\/\/tikowi.ch\/wp-content\/uploads\/2021\/08\/IMG_3332-1024x768.jpeg\" alt=\"\" data-id=\"5616\" data-full-url=\"https:\/\/tikowi.ch\/wp-content\/uploads\/2021\/08\/IMG_3332-scaled.jpeg\" data-link=\"https:\/\/tikowi.ch\/index.php\/the-tikowis\/woody-woodpecker\/kw-29-30\/img_3332\/\" class=\"wp-image-5616\" srcset=\"https:\/\/tikowi.ch\/wp-content\/uploads\/2021\/08\/IMG_3332-1024x768.jpeg 1024w, https:\/\/tikowi.ch\/wp-content\/uploads\/2021\/08\/IMG_3332-300x225.jpeg 300w, https:\/\/tikowi.ch\/wp-content\/uploads\/2021\/08\/IMG_3332-768x576.jpeg 768w, https:\/\/tikowi.ch\/wp-content\/uploads\/2021\/08\/IMG_3332-1536x1152.jpeg 1536w, https:\/\/tikowi.ch\/wp-content\/uploads\/2021\/08\/IMG_3332-2048x1536.jpeg 2048w\" sizes=\"(max-width: 1024px) 100vw, 1024px\" \/><\/a><figcaption class=\"blocks-gallery-item__caption\">Hinterf\u00fcllung mit Kies<\/figcaption><\/figure><\/li><li class=\"blocks-gallery-item\"><figure><a href=\"https:\/\/tikowi.ch\/wp-content\/uploads\/2021\/08\/6f5b4170-051c-40ce-8a15-33dc20de92eb.jpg\"><img loading=\"lazy\" decoding=\"async\" width=\"1024\" height=\"768\" src=\"https:\/\/tikowi.ch\/wp-content\/uploads\/2021\/08\/6f5b4170-051c-40ce-8a15-33dc20de92eb-1024x768.jpg\" alt=\"\" data-id=\"5617\" data-full-url=\"https:\/\/tikowi.ch\/wp-content\/uploads\/2021\/08\/6f5b4170-051c-40ce-8a15-33dc20de92eb.jpg\" data-link=\"https:\/\/tikowi.ch\/index.php\/the-tikowis\/woody-woodpecker\/kw-29-30\/6f5b4170-051c-40ce-8a15-33dc20de92eb\/\" class=\"wp-image-5617\" srcset=\"https:\/\/tikowi.ch\/wp-content\/uploads\/2021\/08\/6f5b4170-051c-40ce-8a15-33dc20de92eb-1024x768.jpg 1024w, https:\/\/tikowi.ch\/wp-content\/uploads\/2021\/08\/6f5b4170-051c-40ce-8a15-33dc20de92eb-300x225.jpg 300w, https:\/\/tikowi.ch\/wp-content\/uploads\/2021\/08\/6f5b4170-051c-40ce-8a15-33dc20de92eb-768x576.jpg 768w, https:\/\/tikowi.ch\/wp-content\/uploads\/2021\/08\/6f5b4170-051c-40ce-8a15-33dc20de92eb-1536x1152.jpg 1536w, https:\/\/tikowi.ch\/wp-content\/uploads\/2021\/08\/6f5b4170-051c-40ce-8a15-33dc20de92eb.jpg 2016w\" sizes=\"(max-width: 1024px) 100vw, 1024px\" \/><\/a><figcaption class=\"blocks-gallery-item__caption\">Decke wird geschalt<\/figcaption><\/figure><\/li><li class=\"blocks-gallery-item\"><figure><a href=\"https:\/\/tikowi.ch\/wp-content\/uploads\/2021\/08\/ec7976a2-a6ff-47da-878b-a97099eead98.jpg\"><img loading=\"lazy\" decoding=\"async\" width=\"1024\" height=\"768\" src=\"https:\/\/tikowi.ch\/wp-content\/uploads\/2021\/08\/ec7976a2-a6ff-47da-878b-a97099eead98-1024x768.jpg\" alt=\"\" data-id=\"5618\" data-full-url=\"https:\/\/tikowi.ch\/wp-content\/uploads\/2021\/08\/ec7976a2-a6ff-47da-878b-a97099eead98.jpg\" data-link=\"https:\/\/tikowi.ch\/index.php\/the-tikowis\/woody-woodpecker\/kw-29-30\/ec7976a2-a6ff-47da-878b-a97099eead98\/\" class=\"wp-image-5618\" srcset=\"https:\/\/tikowi.ch\/wp-content\/uploads\/2021\/08\/ec7976a2-a6ff-47da-878b-a97099eead98-1024x768.jpg 1024w, https:\/\/tikowi.ch\/wp-content\/uploads\/2021\/08\/ec7976a2-a6ff-47da-878b-a97099eead98-300x225.jpg 300w, https:\/\/tikowi.ch\/wp-content\/uploads\/2021\/08\/ec7976a2-a6ff-47da-878b-a97099eead98-768x576.jpg 768w, https:\/\/tikowi.ch\/wp-content\/uploads\/2021\/08\/ec7976a2-a6ff-47da-878b-a97099eead98-1536x1152.jpg 1536w, https:\/\/tikowi.ch\/wp-content\/uploads\/2021\/08\/ec7976a2-a6ff-47da-878b-a97099eead98.jpg 2016w\" sizes=\"(max-width: 1024px) 100vw, 1024px\" \/><\/a><figcaption class=\"blocks-gallery-item__caption\">Armierungseisen<\/figcaption><\/figure><\/li><li class=\"blocks-gallery-item\"><figure><a href=\"https:\/\/tikowi.ch\/wp-content\/uploads\/2021\/08\/3d89e88b-c972-4721-bd56-26706dad58c2.jpg\"><img loading=\"lazy\" decoding=\"async\" width=\"1024\" height=\"768\" src=\"https:\/\/tikowi.ch\/wp-content\/uploads\/2021\/08\/3d89e88b-c972-4721-bd56-26706dad58c2-1024x768.jpg\" alt=\"\" data-id=\"5619\" data-full-url=\"https:\/\/tikowi.ch\/wp-content\/uploads\/2021\/08\/3d89e88b-c972-4721-bd56-26706dad58c2.jpg\" data-link=\"https:\/\/tikowi.ch\/index.php\/the-tikowis\/woody-woodpecker\/kw-29-30\/3d89e88b-c972-4721-bd56-26706dad58c2\/\" class=\"wp-image-5619\" srcset=\"https:\/\/tikowi.ch\/wp-content\/uploads\/2021\/08\/3d89e88b-c972-4721-bd56-26706dad58c2-1024x768.jpg 1024w, https:\/\/tikowi.ch\/wp-content\/uploads\/2021\/08\/3d89e88b-c972-4721-bd56-26706dad58c2-300x225.jpg 300w, https:\/\/tikowi.ch\/wp-content\/uploads\/2021\/08\/3d89e88b-c972-4721-bd56-26706dad58c2-768x576.jpg 768w, https:\/\/tikowi.ch\/wp-content\/uploads\/2021\/08\/3d89e88b-c972-4721-bd56-26706dad58c2-1536x1152.jpg 1536w, https:\/\/tikowi.ch\/wp-content\/uploads\/2021\/08\/3d89e88b-c972-4721-bd56-26706dad58c2.jpg 2016w\" sizes=\"(max-width: 1024px) 100vw, 1024px\" \/><\/a><figcaption class=\"blocks-gallery-item__caption\">der Liftschacht<\/figcaption><\/figure><\/li><li class=\"blocks-gallery-item\"><figure><a href=\"https:\/\/tikowi.ch\/wp-content\/uploads\/2021\/08\/f988cf44-b268-483e-ba59-6f41c11f82ed.jpg\"><img loading=\"lazy\" decoding=\"async\" width=\"1024\" height=\"768\" src=\"https:\/\/tikowi.ch\/wp-content\/uploads\/2021\/08\/f988cf44-b268-483e-ba59-6f41c11f82ed-1024x768.jpg\" alt=\"\" data-id=\"5620\" data-full-url=\"https:\/\/tikowi.ch\/wp-content\/uploads\/2021\/08\/f988cf44-b268-483e-ba59-6f41c11f82ed.jpg\" data-link=\"https:\/\/tikowi.ch\/index.php\/the-tikowis\/woody-woodpecker\/kw-29-30\/f988cf44-b268-483e-ba59-6f41c11f82ed\/\" class=\"wp-image-5620\" srcset=\"https:\/\/tikowi.ch\/wp-content\/uploads\/2021\/08\/f988cf44-b268-483e-ba59-6f41c11f82ed-1024x768.jpg 1024w, https:\/\/tikowi.ch\/wp-content\/uploads\/2021\/08\/f988cf44-b268-483e-ba59-6f41c11f82ed-300x225.jpg 300w, https:\/\/tikowi.ch\/wp-content\/uploads\/2021\/08\/f988cf44-b268-483e-ba59-6f41c11f82ed-768x576.jpg 768w, https:\/\/tikowi.ch\/wp-content\/uploads\/2021\/08\/f988cf44-b268-483e-ba59-6f41c11f82ed-1536x1152.jpg 1536w, https:\/\/tikowi.ch\/wp-content\/uploads\/2021\/08\/f988cf44-b268-483e-ba59-6f41c11f82ed.jpg 2016w\" sizes=\"(max-width: 1024px) 100vw, 1024px\" \/><\/a><figcaption class=\"blocks-gallery-item__caption\">ein paar R\u00f6hren, Kabel&#8230;<\/figcaption><\/figure><\/li><\/ul><\/figure>\n\n\n\n<p>Das Kellergeschoss ausgebildet und gemauert, dann flugs aussen isoliert und hinterf\u00fcllt, die Decke wird geschalt, mit Armierung gef\u00fcllt (jajaja, ich begreife so langsam, wo das viele Eisen hingeht), dann werden Elektro-, Wasser-, Abwasser- und L\u00fcftungsrohre eingelegt&#8230; bevor dann die unser Fussboden gegossen wird. <\/p>\n","protected":false},"excerpt":{"rendered":"<p>Wir sind in den Ferien&#8230; daheim tobt der B\u00e4r. Die Bilder sind etwas sp\u00e4rlicher, AnnA arbeitet ja schliesslich daheim und hat nicht den ganzen Tag Zeit f\u00fcr uns Bilder zu schiessen. Aber der Fortschritt ist deutlich sichtbar! Das Kellergeschoss ausgebildet und gemauert, dann flugs aussen isoliert und hinterf\u00fcllt, die Decke wird geschalt, mit Armierung gef\u00fcllt&hellip; <br \/> <a class=\"button small blue\" href=\"https:\/\/tikowi.ch\/index.php\/the-tikowis\/woody-woodpecker\/kw-29-30\/\">Read more<\/a><\/p>\n","protected":false},"author":1,"featured_media":0,"parent":4784,"menu_order":0,"comment_status":"closed","ping_status":"closed","template":"","meta":{"ngg_post_thumbnail":0,"footnotes":""},"class_list":["post-5610","page","type-page","status-publish","hentry"],"_links":{"self":[{"href":"https:\/\/tikowi.ch\/index.php\/wp-json\/wp\/v2\/pages\/5610","targetHints":{"allow":["GET"]}}],"collection":[{"href":"https:\/\/tikowi.ch\/index.php\/wp-json\/wp\/v2\/pages"}],"about":[{"href":"https:\/\/tikowi.ch\/index.php\/wp-json\/wp\/v2\/types\/page"}],"author":[{"embeddable":true,"href":"https:\/\/tikowi.ch\/index.php\/wp-json\/wp\/v2\/users\/1"}],"replies":[{"embeddable":true,"href":"https:\/\/tikowi.ch\/index.php\/wp-json\/wp\/v2\/comments?post=5610"}],"version-history":[{"count":5,"href":"https:\/\/tikowi.ch\/index.php\/wp-json\/wp\/v2\/pages\/5610\/revisions"}],"predecessor-version":[{"id":5625,"href":"https:\/\/tikowi.ch\/index.php\/wp-json\/wp\/v2\/pages\/5610\/revisions\/5625"}],"up":[{"embeddable":true,"href":"https:\/\/tikowi.ch\/index.php\/wp-json\/wp\/v2\/pages\/4784"}],"wp:attachment":[{"href":"https:\/\/tikowi.ch\/index.php\/wp-json\/wp\/v2\/media?parent=5610"}],"curies":[{"name":"wp","href":"https:\/\/api.w.org\/{rel}","templated":true}]}}