{"id":5371,"date":"2021-06-27T11:37:03","date_gmt":"2021-06-27T11:37:03","guid":{"rendered":"https:\/\/tikowi.ch\/?page_id=5371"},"modified":"2021-06-27T11:37:04","modified_gmt":"2021-06-27T11:37:04","slug":"kw-25-21-06-21","status":"publish","type":"page","link":"https:\/\/tikowi.ch\/index.php\/the-tikowis\/woody-woodpecker\/kw-25-21-06-21\/","title":{"rendered":"KW 25 21.06.21"},"content":{"rendered":"\n<p>Der Verpackungsk\u00fcnstler Christo h\u00e4tte seine wahre Freude daran! Diese Woche stand definitiv unter dem Motto: einpacken, d\u00e4mmen, trennen&#8230;<\/p>\n\n\n\n<figure class=\"wp-block-gallery columns-3 is-cropped wp-block-gallery-1 is-layout-flex wp-block-gallery-is-layout-flex\"><ul class=\"blocks-gallery-grid\"><li class=\"blocks-gallery-item\"><figure><a href=\"https:\/\/tikowi.ch\/wp-content\/uploads\/2021\/06\/IMG_2618-1-1024x768.jpeg\"><img fetchpriority=\"high\" decoding=\"async\" width=\"1024\" height=\"768\" src=\"https:\/\/tikowi.ch\/wp-content\/uploads\/2021\/06\/IMG_2618-1-1024x768.jpeg\" alt=\"\" data-id=\"5372\" data-link=\"https:\/\/tikowi.ch\/?attachment_id=5372\" class=\"wp-image-5372\" srcset=\"https:\/\/tikowi.ch\/wp-content\/uploads\/2021\/06\/IMG_2618-1-1024x768.jpeg 1024w, https:\/\/tikowi.ch\/wp-content\/uploads\/2021\/06\/IMG_2618-1-300x225.jpeg 300w, https:\/\/tikowi.ch\/wp-content\/uploads\/2021\/06\/IMG_2618-1-768x576.jpeg 768w, https:\/\/tikowi.ch\/wp-content\/uploads\/2021\/06\/IMG_2618-1-1536x1152.jpeg 1536w, https:\/\/tikowi.ch\/wp-content\/uploads\/2021\/06\/IMG_2618-1-2048x1536.jpeg 2048w, https:\/\/tikowi.ch\/wp-content\/uploads\/2021\/06\/IMG_2618-1-800x600.jpeg 800w, https:\/\/tikowi.ch\/wp-content\/uploads\/2021\/06\/IMG_2618-1-400x300.jpeg 400w\" sizes=\"(max-width: 1024px) 100vw, 1024px\" \/><\/a><figcaption class=\"blocks-gallery-item__caption\">es wird ged\u00e4mmt&#8230;.<\/figcaption><\/figure><\/li><li class=\"blocks-gallery-item\"><figure><a href=\"https:\/\/tikowi.ch\/wp-content\/uploads\/2021\/06\/IMG_2154-scaled.jpg\"><img decoding=\"async\" width=\"1024\" height=\"683\" src=\"https:\/\/tikowi.ch\/wp-content\/uploads\/2021\/06\/IMG_2154-1024x683.jpg\" alt=\"\" data-id=\"5373\" data-full-url=\"https:\/\/tikowi.ch\/wp-content\/uploads\/2021\/06\/IMG_2154-scaled.jpg\" data-link=\"https:\/\/tikowi.ch\/?attachment_id=5373\" class=\"wp-image-5373\" srcset=\"https:\/\/tikowi.ch\/wp-content\/uploads\/2021\/06\/IMG_2154-1024x683.jpg 1024w, https:\/\/tikowi.ch\/wp-content\/uploads\/2021\/06\/IMG_2154-300x200.jpg 300w, https:\/\/tikowi.ch\/wp-content\/uploads\/2021\/06\/IMG_2154-768x512.jpg 768w, https:\/\/tikowi.ch\/wp-content\/uploads\/2021\/06\/IMG_2154-1536x1024.jpg 1536w, https:\/\/tikowi.ch\/wp-content\/uploads\/2021\/06\/IMG_2154-2048x1365.jpg 2048w, https:\/\/tikowi.ch\/wp-content\/uploads\/2021\/06\/IMG_2154-800x533.jpg 800w\" sizes=\"(max-width: 1024px) 100vw, 1024px\" \/><\/a><figcaption class=\"blocks-gallery-item__caption\">&#8230;und getrennt&#8230;<\/figcaption><\/figure><\/li><li class=\"blocks-gallery-item\"><figure><a href=\"https:\/\/tikowi.ch\/wp-content\/uploads\/2021\/06\/IMG_2157-scaled.jpg\"><img decoding=\"async\" width=\"1024\" height=\"683\" src=\"https:\/\/tikowi.ch\/wp-content\/uploads\/2021\/06\/IMG_2157-1024x683.jpg\" alt=\"\" data-id=\"5374\" data-full-url=\"https:\/\/tikowi.ch\/wp-content\/uploads\/2021\/06\/IMG_2157-scaled.jpg\" data-link=\"https:\/\/tikowi.ch\/?attachment_id=5374\" class=\"wp-image-5374\" srcset=\"https:\/\/tikowi.ch\/wp-content\/uploads\/2021\/06\/IMG_2157-1024x683.jpg 1024w, https:\/\/tikowi.ch\/wp-content\/uploads\/2021\/06\/IMG_2157-300x200.jpg 300w, https:\/\/tikowi.ch\/wp-content\/uploads\/2021\/06\/IMG_2157-768x512.jpg 768w, https:\/\/tikowi.ch\/wp-content\/uploads\/2021\/06\/IMG_2157-1536x1024.jpg 1536w, https:\/\/tikowi.ch\/wp-content\/uploads\/2021\/06\/IMG_2157-2048x1365.jpg 2048w, https:\/\/tikowi.ch\/wp-content\/uploads\/2021\/06\/IMG_2157-800x533.jpg 800w\" sizes=\"(max-width: 1024px) 100vw, 1024px\" \/><\/a><figcaption class=\"blocks-gallery-item__caption\">&#8230;und abgedichtet&#8230;<\/figcaption><\/figure><\/li><li class=\"blocks-gallery-item\"><figure><a href=\"https:\/\/tikowi.ch\/wp-content\/uploads\/2021\/06\/IMG_2159-scaled.jpg\"><img loading=\"lazy\" decoding=\"async\" width=\"1024\" height=\"683\" src=\"https:\/\/tikowi.ch\/wp-content\/uploads\/2021\/06\/IMG_2159-1024x683.jpg\" alt=\"\" data-id=\"5375\" data-full-url=\"https:\/\/tikowi.ch\/wp-content\/uploads\/2021\/06\/IMG_2159-scaled.jpg\" data-link=\"https:\/\/tikowi.ch\/?attachment_id=5375\" class=\"wp-image-5375\" srcset=\"https:\/\/tikowi.ch\/wp-content\/uploads\/2021\/06\/IMG_2159-1024x683.jpg 1024w, https:\/\/tikowi.ch\/wp-content\/uploads\/2021\/06\/IMG_2159-300x200.jpg 300w, https:\/\/tikowi.ch\/wp-content\/uploads\/2021\/06\/IMG_2159-768x512.jpg 768w, https:\/\/tikowi.ch\/wp-content\/uploads\/2021\/06\/IMG_2159-1536x1024.jpg 1536w, https:\/\/tikowi.ch\/wp-content\/uploads\/2021\/06\/IMG_2159-2048x1365.jpg 2048w, https:\/\/tikowi.ch\/wp-content\/uploads\/2021\/06\/IMG_2159-800x533.jpg 800w\" sizes=\"(max-width: 1024px) 100vw, 1024px\" \/><\/a><figcaption class=\"blocks-gallery-item__caption\">Die Treppe wird umgeh\u00e4ngt &#8211; von vorne&#8230;<\/figcaption><\/figure><\/li><li class=\"blocks-gallery-item\"><figure><a href=\"https:\/\/tikowi.ch\/wp-content\/uploads\/2021\/06\/8F881C25-2260-4B8F-AD74-5E7CD70DE6B6-scaled.jpg\"><img loading=\"lazy\" decoding=\"async\" width=\"576\" height=\"1024\" src=\"https:\/\/tikowi.ch\/wp-content\/uploads\/2021\/06\/8F881C25-2260-4B8F-AD74-5E7CD70DE6B6-576x1024.jpg\" alt=\"\" data-id=\"5376\" data-full-url=\"https:\/\/tikowi.ch\/wp-content\/uploads\/2021\/06\/8F881C25-2260-4B8F-AD74-5E7CD70DE6B6-scaled.jpg\" data-link=\"https:\/\/tikowi.ch\/?attachment_id=5376\" class=\"wp-image-5376\" srcset=\"https:\/\/tikowi.ch\/wp-content\/uploads\/2021\/06\/8F881C25-2260-4B8F-AD74-5E7CD70DE6B6-576x1024.jpg 576w, https:\/\/tikowi.ch\/wp-content\/uploads\/2021\/06\/8F881C25-2260-4B8F-AD74-5E7CD70DE6B6-169x300.jpg 169w, https:\/\/tikowi.ch\/wp-content\/uploads\/2021\/06\/8F881C25-2260-4B8F-AD74-5E7CD70DE6B6-768x1365.jpg 768w, https:\/\/tikowi.ch\/wp-content\/uploads\/2021\/06\/8F881C25-2260-4B8F-AD74-5E7CD70DE6B6-864x1536.jpg 864w, https:\/\/tikowi.ch\/wp-content\/uploads\/2021\/06\/8F881C25-2260-4B8F-AD74-5E7CD70DE6B6-1152x2048.jpg 1152w, https:\/\/tikowi.ch\/wp-content\/uploads\/2021\/06\/8F881C25-2260-4B8F-AD74-5E7CD70DE6B6-800x1422.jpg 800w, https:\/\/tikowi.ch\/wp-content\/uploads\/2021\/06\/8F881C25-2260-4B8F-AD74-5E7CD70DE6B6-scaled.jpg 1440w\" sizes=\"(max-width: 576px) 100vw, 576px\" \/><\/a><figcaption class=\"blocks-gallery-item__caption\">&#8230;nach hinten<\/figcaption><\/figure><\/li><li class=\"blocks-gallery-item\"><figure><a href=\"https:\/\/tikowi.ch\/wp-content\/uploads\/2021\/06\/IMG_2686-scaled.jpeg\"><img loading=\"lazy\" decoding=\"async\" width=\"1024\" height=\"768\" src=\"https:\/\/tikowi.ch\/wp-content\/uploads\/2021\/06\/IMG_2686-1024x768.jpeg\" alt=\"\" data-id=\"5377\" data-full-url=\"https:\/\/tikowi.ch\/wp-content\/uploads\/2021\/06\/IMG_2686-scaled.jpeg\" data-link=\"https:\/\/tikowi.ch\/?attachment_id=5377\" class=\"wp-image-5377\" srcset=\"https:\/\/tikowi.ch\/wp-content\/uploads\/2021\/06\/IMG_2686-1024x768.jpeg 1024w, https:\/\/tikowi.ch\/wp-content\/uploads\/2021\/06\/IMG_2686-300x225.jpeg 300w, https:\/\/tikowi.ch\/wp-content\/uploads\/2021\/06\/IMG_2686-768x576.jpeg 768w, https:\/\/tikowi.ch\/wp-content\/uploads\/2021\/06\/IMG_2686-1536x1152.jpeg 1536w, https:\/\/tikowi.ch\/wp-content\/uploads\/2021\/06\/IMG_2686-2048x1536.jpeg 2048w, https:\/\/tikowi.ch\/wp-content\/uploads\/2021\/06\/IMG_2686-800x600.jpeg 800w, https:\/\/tikowi.ch\/wp-content\/uploads\/2021\/06\/IMG_2686-400x300.jpeg 400w\" sizes=\"(max-width: 1024px) 100vw, 1024px\" \/><\/a><figcaption class=\"blocks-gallery-item__caption\">Und es wird weiter ged\u00e4mmt&#8230;<\/figcaption><\/figure><\/li><li class=\"blocks-gallery-item\"><figure><a href=\"https:\/\/tikowi.ch\/wp-content\/uploads\/2021\/06\/IMG_2702-scaled.jpeg\"><img loading=\"lazy\" decoding=\"async\" width=\"768\" height=\"1024\" src=\"https:\/\/tikowi.ch\/wp-content\/uploads\/2021\/06\/IMG_2702-768x1024.jpeg\" alt=\"\" data-id=\"5379\" data-full-url=\"https:\/\/tikowi.ch\/wp-content\/uploads\/2021\/06\/IMG_2702-scaled.jpeg\" data-link=\"https:\/\/tikowi.ch\/?attachment_id=5379\" class=\"wp-image-5379\" srcset=\"https:\/\/tikowi.ch\/wp-content\/uploads\/2021\/06\/IMG_2702-768x1024.jpeg 768w, https:\/\/tikowi.ch\/wp-content\/uploads\/2021\/06\/IMG_2702-225x300.jpeg 225w, https:\/\/tikowi.ch\/wp-content\/uploads\/2021\/06\/IMG_2702-1152x1536.jpeg 1152w, https:\/\/tikowi.ch\/wp-content\/uploads\/2021\/06\/IMG_2702-1536x2048.jpeg 1536w, https:\/\/tikowi.ch\/wp-content\/uploads\/2021\/06\/IMG_2702-800x1067.jpeg 800w, https:\/\/tikowi.ch\/wp-content\/uploads\/2021\/06\/IMG_2702-scaled.jpeg 1920w\" sizes=\"(max-width: 768px) 100vw, 768px\" \/><\/a><figcaption class=\"blocks-gallery-item__caption\">es ist bald alles bereit f\u00fcr den Betonboden &#8211; alles andere ist aus der Baustelle an den Rand deponiert worden. <\/figcaption><\/figure><\/li><li class=\"blocks-gallery-item\"><figure><a href=\"https:\/\/tikowi.ch\/wp-content\/uploads\/2021\/06\/IMG_2704-scaled.jpeg\"><img loading=\"lazy\" decoding=\"async\" width=\"1024\" height=\"768\" src=\"https:\/\/tikowi.ch\/wp-content\/uploads\/2021\/06\/IMG_2704-1024x768.jpeg\" alt=\"\" data-id=\"5380\" data-full-url=\"https:\/\/tikowi.ch\/wp-content\/uploads\/2021\/06\/IMG_2704-scaled.jpeg\" data-link=\"https:\/\/tikowi.ch\/?attachment_id=5380\" class=\"wp-image-5380\" srcset=\"https:\/\/tikowi.ch\/wp-content\/uploads\/2021\/06\/IMG_2704-1024x768.jpeg 1024w, https:\/\/tikowi.ch\/wp-content\/uploads\/2021\/06\/IMG_2704-300x225.jpeg 300w, https:\/\/tikowi.ch\/wp-content\/uploads\/2021\/06\/IMG_2704-768x576.jpeg 768w, https:\/\/tikowi.ch\/wp-content\/uploads\/2021\/06\/IMG_2704-1536x1152.jpeg 1536w, https:\/\/tikowi.ch\/wp-content\/uploads\/2021\/06\/IMG_2704-2048x1536.jpeg 2048w, https:\/\/tikowi.ch\/wp-content\/uploads\/2021\/06\/IMG_2704-800x600.jpeg 800w, https:\/\/tikowi.ch\/wp-content\/uploads\/2021\/06\/IMG_2704-400x300.jpeg 400w\" sizes=\"(max-width: 1024px) 100vw, 1024px\" \/><\/a><figcaption class=\"blocks-gallery-item__caption\">am Freitagmittag kommt noch etwas Alteisen<\/figcaption><\/figure><\/li><li class=\"blocks-gallery-item\"><figure><a href=\"https:\/\/tikowi.ch\/wp-content\/uploads\/2021\/06\/IMG_2709-scaled.jpeg\"><img loading=\"lazy\" decoding=\"async\" width=\"1024\" height=\"768\" src=\"https:\/\/tikowi.ch\/wp-content\/uploads\/2021\/06\/IMG_2709-1024x768.jpeg\" alt=\"\" data-id=\"5381\" data-full-url=\"https:\/\/tikowi.ch\/wp-content\/uploads\/2021\/06\/IMG_2709-scaled.jpeg\" data-link=\"https:\/\/tikowi.ch\/?attachment_id=5381\" class=\"wp-image-5381\" srcset=\"https:\/\/tikowi.ch\/wp-content\/uploads\/2021\/06\/IMG_2709-1024x768.jpeg 1024w, https:\/\/tikowi.ch\/wp-content\/uploads\/2021\/06\/IMG_2709-300x225.jpeg 300w, https:\/\/tikowi.ch\/wp-content\/uploads\/2021\/06\/IMG_2709-768x576.jpeg 768w, https:\/\/tikowi.ch\/wp-content\/uploads\/2021\/06\/IMG_2709-1536x1152.jpeg 1536w, https:\/\/tikowi.ch\/wp-content\/uploads\/2021\/06\/IMG_2709-2048x1536.jpeg 2048w, https:\/\/tikowi.ch\/wp-content\/uploads\/2021\/06\/IMG_2709-800x600.jpeg 800w, https:\/\/tikowi.ch\/wp-content\/uploads\/2021\/06\/IMG_2709-400x300.jpeg 400w\" sizes=\"(max-width: 1024px) 100vw, 1024px\" \/><\/a><\/figure><\/li><li class=\"blocks-gallery-item\"><figure><a href=\"https:\/\/tikowi.ch\/wp-content\/uploads\/2021\/06\/8cf2a76b-2b09-4ac2-a99c-82c1f4dae6ac.jpg\"><img loading=\"lazy\" decoding=\"async\" width=\"767\" height=\"1024\" src=\"https:\/\/tikowi.ch\/wp-content\/uploads\/2021\/06\/8cf2a76b-2b09-4ac2-a99c-82c1f4dae6ac-767x1024.jpg\" alt=\"\" data-id=\"5382\" data-full-url=\"https:\/\/tikowi.ch\/wp-content\/uploads\/2021\/06\/8cf2a76b-2b09-4ac2-a99c-82c1f4dae6ac.jpg\" data-link=\"https:\/\/tikowi.ch\/?attachment_id=5382\" class=\"wp-image-5382\" srcset=\"https:\/\/tikowi.ch\/wp-content\/uploads\/2021\/06\/8cf2a76b-2b09-4ac2-a99c-82c1f4dae6ac-767x1024.jpg 767w, https:\/\/tikowi.ch\/wp-content\/uploads\/2021\/06\/8cf2a76b-2b09-4ac2-a99c-82c1f4dae6ac-225x300.jpg 225w, https:\/\/tikowi.ch\/wp-content\/uploads\/2021\/06\/8cf2a76b-2b09-4ac2-a99c-82c1f4dae6ac-768x1025.jpg 768w, https:\/\/tikowi.ch\/wp-content\/uploads\/2021\/06\/8cf2a76b-2b09-4ac2-a99c-82c1f4dae6ac-1151x1536.jpg 1151w, https:\/\/tikowi.ch\/wp-content\/uploads\/2021\/06\/8cf2a76b-2b09-4ac2-a99c-82c1f4dae6ac-800x1068.jpg 800w, https:\/\/tikowi.ch\/wp-content\/uploads\/2021\/06\/8cf2a76b-2b09-4ac2-a99c-82c1f4dae6ac.jpg 1534w\" sizes=\"(max-width: 767px) 100vw, 767px\" \/><\/a><figcaption class=\"blocks-gallery-item__caption\">Koni testet die neue Kamera \ud83d\ude42<\/figcaption><\/figure><\/li><\/ul><\/figure>\n\n\n\n<p>Diese Woche lief viel auf der Baustelle. Abdichten gegen Feuchtigkeit, d\u00e4mmen gegen K\u00e4lte, trennen gegen Schall und Ersch\u00fctterungen. Es ist eine Wissenschaft, was da in der Baugrube abgeht. Diese ist in der Zwischenzeit leer. Ab Montag werden Armierungseisen gelegt, dann wird betoniert &#8211; ein erster Boden!<\/p>\n","protected":false},"excerpt":{"rendered":"<p>Der Verpackungsk\u00fcnstler Christo h\u00e4tte seine wahre Freude daran! Diese Woche stand definitiv unter dem Motto: einpacken, d\u00e4mmen, trennen&#8230; Diese Woche lief viel auf der Baustelle. Abdichten gegen Feuchtigkeit, d\u00e4mmen gegen K\u00e4lte, trennen gegen Schall und Ersch\u00fctterungen. Es ist eine Wissenschaft, was da in der Baugrube abgeht. Diese ist in der Zwischenzeit leer. Ab Montag werden&hellip; <br \/> <a class=\"button small blue\" href=\"https:\/\/tikowi.ch\/index.php\/the-tikowis\/woody-woodpecker\/kw-25-21-06-21\/\">Read more<\/a><\/p>\n","protected":false},"author":1,"featured_media":0,"parent":4784,"menu_order":0,"comment_status":"closed","ping_status":"closed","template":"","meta":{"ngg_post_thumbnail":0,"footnotes":""},"class_list":["post-5371","page","type-page","status-publish","hentry"],"_links":{"self":[{"href":"https:\/\/tikowi.ch\/index.php\/wp-json\/wp\/v2\/pages\/5371","targetHints":{"allow":["GET"]}}],"collection":[{"href":"https:\/\/tikowi.ch\/index.php\/wp-json\/wp\/v2\/pages"}],"about":[{"href":"https:\/\/tikowi.ch\/index.php\/wp-json\/wp\/v2\/types\/page"}],"author":[{"embeddable":true,"href":"https:\/\/tikowi.ch\/index.php\/wp-json\/wp\/v2\/users\/1"}],"replies":[{"embeddable":true,"href":"https:\/\/tikowi.ch\/index.php\/wp-json\/wp\/v2\/comments?post=5371"}],"version-history":[{"count":2,"href":"https:\/\/tikowi.ch\/index.php\/wp-json\/wp\/v2\/pages\/5371\/revisions"}],"predecessor-version":[{"id":5383,"href":"https:\/\/tikowi.ch\/index.php\/wp-json\/wp\/v2\/pages\/5371\/revisions\/5383"}],"up":[{"embeddable":true,"href":"https:\/\/tikowi.ch\/index.php\/wp-json\/wp\/v2\/pages\/4784"}],"wp:attachment":[{"href":"https:\/\/tikowi.ch\/index.php\/wp-json\/wp\/v2\/media?parent=5371"}],"curies":[{"name":"wp","href":"https:\/\/api.w.org\/{rel}","templated":true}]}}