{"id":5345,"date":"2021-06-21T18:19:06","date_gmt":"2021-06-21T18:19:06","guid":{"rendered":"https:\/\/tikowi.ch\/?page_id=5345"},"modified":"2021-06-21T18:19:07","modified_gmt":"2021-06-21T18:19:07","slug":"kw-24-14-06-21","status":"publish","type":"page","link":"https:\/\/tikowi.ch\/index.php\/the-tikowis\/woody-woodpecker\/kw-24-14-06-21\/","title":{"rendered":"KW 24 14.06.21"},"content":{"rendered":"\n<p>Wenn wir eines gelernt haben, diese Woche, dann sind das Baustellenfeinheiten. Die Wichtigkeit einer Baustelle ist definiert durch die mobile B\u00fcrocontainerinstallation f\u00fcr den Polier. Selbiger hier ist top, die Baustelle l\u00e4uft, der Schweiss auch &#8211; er l\u00e4uft baustellenintern unter &#171;die deutsche Kartoffel&#187;. Wir haben Tr\u00e4nen gelacht. <\/p>\n\n\n\n<figure class=\"wp-block-gallery columns-2 is-cropped wp-block-gallery-1 is-layout-flex wp-block-gallery-is-layout-flex\"><ul class=\"blocks-gallery-grid\"><li class=\"blocks-gallery-item\"><figure><img fetchpriority=\"high\" decoding=\"async\" width=\"1024\" height=\"768\" src=\"https:\/\/tikowi.ch\/wp-content\/uploads\/2021\/06\/IMG_2613-1024x768.jpeg\" alt=\"\" data-id=\"5346\" data-full-url=\"https:\/\/tikowi.ch\/wp-content\/uploads\/2021\/06\/IMG_2613-scaled.jpeg\" data-link=\"https:\/\/tikowi.ch\/?attachment_id=5346\" class=\"wp-image-5346\" srcset=\"https:\/\/tikowi.ch\/wp-content\/uploads\/2021\/06\/IMG_2613-1024x768.jpeg 1024w, https:\/\/tikowi.ch\/wp-content\/uploads\/2021\/06\/IMG_2613-300x225.jpeg 300w, https:\/\/tikowi.ch\/wp-content\/uploads\/2021\/06\/IMG_2613-768x576.jpeg 768w, https:\/\/tikowi.ch\/wp-content\/uploads\/2021\/06\/IMG_2613-1536x1152.jpeg 1536w, https:\/\/tikowi.ch\/wp-content\/uploads\/2021\/06\/IMG_2613-2048x1536.jpeg 2048w, https:\/\/tikowi.ch\/wp-content\/uploads\/2021\/06\/IMG_2613-800x600.jpeg 800w, https:\/\/tikowi.ch\/wp-content\/uploads\/2021\/06\/IMG_2613-400x300.jpeg 400w\" sizes=\"(max-width: 1024px) 100vw, 1024px\" \/><figcaption class=\"blocks-gallery-item__caption\">B\u00fcrogeb\u00e4ude &#8211; mit Grill<\/figcaption><\/figure><\/li><li class=\"blocks-gallery-item\"><figure><img decoding=\"async\" width=\"1024\" height=\"768\" src=\"https:\/\/tikowi.ch\/wp-content\/uploads\/2021\/06\/IMG_2618-1024x768.jpeg\" alt=\"\" data-id=\"5347\" data-full-url=\"https:\/\/tikowi.ch\/wp-content\/uploads\/2021\/06\/IMG_2618-scaled.jpeg\" data-link=\"https:\/\/tikowi.ch\/?attachment_id=5347\" class=\"wp-image-5347\" srcset=\"https:\/\/tikowi.ch\/wp-content\/uploads\/2021\/06\/IMG_2618-1024x768.jpeg 1024w, https:\/\/tikowi.ch\/wp-content\/uploads\/2021\/06\/IMG_2618-300x225.jpeg 300w, https:\/\/tikowi.ch\/wp-content\/uploads\/2021\/06\/IMG_2618-768x576.jpeg 768w, https:\/\/tikowi.ch\/wp-content\/uploads\/2021\/06\/IMG_2618-1536x1152.jpeg 1536w, https:\/\/tikowi.ch\/wp-content\/uploads\/2021\/06\/IMG_2618-2048x1536.jpeg 2048w, https:\/\/tikowi.ch\/wp-content\/uploads\/2021\/06\/IMG_2618-800x600.jpeg 800w, https:\/\/tikowi.ch\/wp-content\/uploads\/2021\/06\/IMG_2618-400x300.jpeg 400w\" sizes=\"(max-width: 1024px) 100vw, 1024px\" \/><figcaption class=\"blocks-gallery-item__caption\">Blick aus dem k\u00fcnftigen Musikzimmerchen<\/figcaption><\/figure><\/li><li class=\"blocks-gallery-item\"><figure><img decoding=\"async\" width=\"1024\" height=\"768\" src=\"https:\/\/tikowi.ch\/wp-content\/uploads\/2021\/06\/IMG_2633-1024x768.jpeg\" alt=\"\" data-id=\"5348\" data-full-url=\"https:\/\/tikowi.ch\/wp-content\/uploads\/2021\/06\/IMG_2633-scaled.jpeg\" data-link=\"https:\/\/tikowi.ch\/?attachment_id=5348\" class=\"wp-image-5348\" srcset=\"https:\/\/tikowi.ch\/wp-content\/uploads\/2021\/06\/IMG_2633-1024x768.jpeg 1024w, https:\/\/tikowi.ch\/wp-content\/uploads\/2021\/06\/IMG_2633-300x225.jpeg 300w, https:\/\/tikowi.ch\/wp-content\/uploads\/2021\/06\/IMG_2633-768x576.jpeg 768w, https:\/\/tikowi.ch\/wp-content\/uploads\/2021\/06\/IMG_2633-1536x1152.jpeg 1536w, https:\/\/tikowi.ch\/wp-content\/uploads\/2021\/06\/IMG_2633-2048x1536.jpeg 2048w, https:\/\/tikowi.ch\/wp-content\/uploads\/2021\/06\/IMG_2633-800x600.jpeg 800w, https:\/\/tikowi.ch\/wp-content\/uploads\/2021\/06\/IMG_2633-400x300.jpeg 400w\" sizes=\"(max-width: 1024px) 100vw, 1024px\" \/><figcaption class=\"blocks-gallery-item__caption\">hinter der Kreiss\u00e4ge &#8211; das wird der Liftschacht<\/figcaption><\/figure><\/li><\/ul><\/figure>\n\n\n\n<p>Wir sind beeindruckt, wie es vorw\u00e4rts geht. Ich meine, man sieht noch nichts &#171;\u00fcber Boden&#187;, aber am Samstagabend sind Koni und ich in die Baugrube gestiegen und haben mal gewerweisst, welches Loch wohl wof\u00fcr sein wird. Und es braucht Holz auf der Baustelle &#8211; erstaunlich viel Holz!<\/p>\n\n\n\n<p>Wir halten die Mannschaft bei Laune &#8211; pralle Sonne, es ist die ganze Woche \u00fcber 30\u00b0C, brrrr! harte M\u00e4nner!<\/p>\n","protected":false},"excerpt":{"rendered":"<p>Wenn wir eines gelernt haben, diese Woche, dann sind das Baustellenfeinheiten. Die Wichtigkeit einer Baustelle ist definiert durch die mobile B\u00fcrocontainerinstallation f\u00fcr den Polier. Selbiger hier ist top, die Baustelle l\u00e4uft, der Schweiss auch &#8211; er l\u00e4uft baustellenintern unter &#171;die deutsche Kartoffel&#187;. Wir haben Tr\u00e4nen gelacht. Wir sind beeindruckt, wie es vorw\u00e4rts geht. Ich meine,&hellip; <br \/> <a class=\"button small blue\" href=\"https:\/\/tikowi.ch\/index.php\/the-tikowis\/woody-woodpecker\/kw-24-14-06-21\/\">Read more<\/a><\/p>\n","protected":false},"author":1,"featured_media":0,"parent":4784,"menu_order":0,"comment_status":"closed","ping_status":"closed","template":"","meta":{"ngg_post_thumbnail":0,"footnotes":""},"class_list":["post-5345","page","type-page","status-publish","hentry"],"_links":{"self":[{"href":"https:\/\/tikowi.ch\/index.php\/wp-json\/wp\/v2\/pages\/5345","targetHints":{"allow":["GET"]}}],"collection":[{"href":"https:\/\/tikowi.ch\/index.php\/wp-json\/wp\/v2\/pages"}],"about":[{"href":"https:\/\/tikowi.ch\/index.php\/wp-json\/wp\/v2\/types\/page"}],"author":[{"embeddable":true,"href":"https:\/\/tikowi.ch\/index.php\/wp-json\/wp\/v2\/users\/1"}],"replies":[{"embeddable":true,"href":"https:\/\/tikowi.ch\/index.php\/wp-json\/wp\/v2\/comments?post=5345"}],"version-history":[{"count":1,"href":"https:\/\/tikowi.ch\/index.php\/wp-json\/wp\/v2\/pages\/5345\/revisions"}],"predecessor-version":[{"id":5349,"href":"https:\/\/tikowi.ch\/index.php\/wp-json\/wp\/v2\/pages\/5345\/revisions\/5349"}],"up":[{"embeddable":true,"href":"https:\/\/tikowi.ch\/index.php\/wp-json\/wp\/v2\/pages\/4784"}],"wp:attachment":[{"href":"https:\/\/tikowi.ch\/index.php\/wp-json\/wp\/v2\/media?parent=5345"}],"curies":[{"name":"wp","href":"https:\/\/api.w.org\/{rel}","templated":true}]}}