{"id":5330,"date":"2021-06-13T11:52:18","date_gmt":"2021-06-13T11:52:18","guid":{"rendered":"https:\/\/tikowi.ch\/?page_id=5330"},"modified":"2021-06-13T11:52:18","modified_gmt":"2021-06-13T11:52:18","slug":"kw-23-07-06-21","status":"publish","type":"page","link":"https:\/\/tikowi.ch\/index.php\/the-tikowis\/woody-woodpecker\/kw-23-07-06-21\/","title":{"rendered":"KW 23 07.06.21"},"content":{"rendered":"\n<p>Es geht weiter im Text &#8211; noch immer Baustelleninstallation. Am Montag werden Fundamente f\u00fcr den Kran betoniert, am Dienstag kommt er dann &#8211; wahnsinnig gross von unten. Und die M\u00e4nner, die Affen gleich darauf herumklettern. Brrr&#8230; mir wird vom Zusehen schon ganz anders. Die Strasse ist gesperrt, die Leute haben was zu reden \ud83d\ude42<\/p>\n\n\n\n<figure class=\"wp-block-gallery columns-2 is-cropped wp-block-gallery-1 is-layout-flex wp-block-gallery-is-layout-flex\"><ul class=\"blocks-gallery-grid\"><li class=\"blocks-gallery-item\"><figure><a href=\"https:\/\/tikowi.ch\/wp-content\/uploads\/2021\/06\/IMG_2516-scaled.jpeg\"><img fetchpriority=\"high\" decoding=\"async\" width=\"1024\" height=\"768\" src=\"https:\/\/tikowi.ch\/wp-content\/uploads\/2021\/06\/IMG_2516-1024x768.jpeg\" alt=\"\" data-id=\"5340\" data-full-url=\"https:\/\/tikowi.ch\/wp-content\/uploads\/2021\/06\/IMG_2516-scaled.jpeg\" data-link=\"https:\/\/tikowi.ch\/?attachment_id=5340\" class=\"wp-image-5340\" srcset=\"https:\/\/tikowi.ch\/wp-content\/uploads\/2021\/06\/IMG_2516-1024x768.jpeg 1024w, https:\/\/tikowi.ch\/wp-content\/uploads\/2021\/06\/IMG_2516-300x225.jpeg 300w, https:\/\/tikowi.ch\/wp-content\/uploads\/2021\/06\/IMG_2516-768x576.jpeg 768w, https:\/\/tikowi.ch\/wp-content\/uploads\/2021\/06\/IMG_2516-1536x1152.jpeg 1536w, https:\/\/tikowi.ch\/wp-content\/uploads\/2021\/06\/IMG_2516-2048x1536.jpeg 2048w, https:\/\/tikowi.ch\/wp-content\/uploads\/2021\/06\/IMG_2516-800x600.jpeg 800w, https:\/\/tikowi.ch\/wp-content\/uploads\/2021\/06\/IMG_2516-400x300.jpeg 400w\" sizes=\"(max-width: 1024px) 100vw, 1024px\" \/><\/a><figcaption class=\"blocks-gallery-item__caption\">Betonfundamente<\/figcaption><\/figure><\/li><li class=\"blocks-gallery-item\"><figure><a href=\"https:\/\/tikowi.ch\/wp-content\/uploads\/2021\/06\/IMG_2517-1024x768.jpeg\"><img decoding=\"async\" width=\"1024\" height=\"768\" src=\"https:\/\/tikowi.ch\/wp-content\/uploads\/2021\/06\/IMG_2517-1024x768.jpeg\" alt=\"\" data-id=\"5333\" data-link=\"https:\/\/tikowi.ch\/?attachment_id=5333\" class=\"wp-image-5333\" srcset=\"https:\/\/tikowi.ch\/wp-content\/uploads\/2021\/06\/IMG_2517-1024x768.jpeg 1024w, https:\/\/tikowi.ch\/wp-content\/uploads\/2021\/06\/IMG_2517-300x225.jpeg 300w, https:\/\/tikowi.ch\/wp-content\/uploads\/2021\/06\/IMG_2517-768x576.jpeg 768w, https:\/\/tikowi.ch\/wp-content\/uploads\/2021\/06\/IMG_2517-1536x1152.jpeg 1536w, https:\/\/tikowi.ch\/wp-content\/uploads\/2021\/06\/IMG_2517-2048x1536.jpeg 2048w, https:\/\/tikowi.ch\/wp-content\/uploads\/2021\/06\/IMG_2517-800x600.jpeg 800w, https:\/\/tikowi.ch\/wp-content\/uploads\/2021\/06\/IMG_2517-400x300.jpeg 400w\" sizes=\"(max-width: 1024px) 100vw, 1024px\" \/><\/a><figcaption class=\"blocks-gallery-item__caption\">noch etwas unkoordiniert<\/figcaption><\/figure><\/li><li class=\"blocks-gallery-item\"><figure><a href=\"https:\/\/tikowi.ch\/wp-content\/uploads\/2021\/06\/IMG_2507-1024x768.jpeg\"><img decoding=\"async\" width=\"1024\" height=\"768\" src=\"https:\/\/tikowi.ch\/wp-content\/uploads\/2021\/06\/IMG_2507-1024x768.jpeg\" alt=\"\" data-id=\"5331\" data-link=\"https:\/\/tikowi.ch\/?attachment_id=5331\" class=\"wp-image-5331\" srcset=\"https:\/\/tikowi.ch\/wp-content\/uploads\/2021\/06\/IMG_2507-1024x768.jpeg 1024w, https:\/\/tikowi.ch\/wp-content\/uploads\/2021\/06\/IMG_2507-300x225.jpeg 300w, https:\/\/tikowi.ch\/wp-content\/uploads\/2021\/06\/IMG_2507-768x576.jpeg 768w, https:\/\/tikowi.ch\/wp-content\/uploads\/2021\/06\/IMG_2507-1536x1152.jpeg 1536w, https:\/\/tikowi.ch\/wp-content\/uploads\/2021\/06\/IMG_2507-2048x1536.jpeg 2048w, https:\/\/tikowi.ch\/wp-content\/uploads\/2021\/06\/IMG_2507-800x600.jpeg 800w, https:\/\/tikowi.ch\/wp-content\/uploads\/2021\/06\/IMG_2507-400x300.jpeg 400w\" sizes=\"(max-width: 1024px) 100vw, 1024px\" \/><\/a><figcaption class=\"blocks-gallery-item__caption\">Grosse Vorbereitungen<\/figcaption><\/figure><\/li><li class=\"blocks-gallery-item\"><figure><a href=\"https:\/\/tikowi.ch\/wp-content\/uploads\/2021\/06\/fb9356e9-0f26-4063-9d8e-2fd4e6b4c947-1024x768.jpg\"><img loading=\"lazy\" decoding=\"async\" width=\"1024\" height=\"768\" src=\"https:\/\/tikowi.ch\/wp-content\/uploads\/2021\/06\/fb9356e9-0f26-4063-9d8e-2fd4e6b4c947-1024x768.jpg\" alt=\"\" data-id=\"5332\" data-link=\"https:\/\/tikowi.ch\/?attachment_id=5332\" class=\"wp-image-5332\" srcset=\"https:\/\/tikowi.ch\/wp-content\/uploads\/2021\/06\/fb9356e9-0f26-4063-9d8e-2fd4e6b4c947-1024x768.jpg 1024w, https:\/\/tikowi.ch\/wp-content\/uploads\/2021\/06\/fb9356e9-0f26-4063-9d8e-2fd4e6b4c947-300x225.jpg 300w, https:\/\/tikowi.ch\/wp-content\/uploads\/2021\/06\/fb9356e9-0f26-4063-9d8e-2fd4e6b4c947-768x576.jpg 768w, https:\/\/tikowi.ch\/wp-content\/uploads\/2021\/06\/fb9356e9-0f26-4063-9d8e-2fd4e6b4c947-1536x1152.jpg 1536w, https:\/\/tikowi.ch\/wp-content\/uploads\/2021\/06\/fb9356e9-0f26-4063-9d8e-2fd4e6b4c947-800x600.jpg 800w, https:\/\/tikowi.ch\/wp-content\/uploads\/2021\/06\/fb9356e9-0f26-4063-9d8e-2fd4e6b4c947-400x300.jpg 400w, https:\/\/tikowi.ch\/wp-content\/uploads\/2021\/06\/fb9356e9-0f26-4063-9d8e-2fd4e6b4c947.jpg 2048w\" sizes=\"(max-width: 1024px) 100vw, 1024px\" \/><\/a><figcaption class=\"blocks-gallery-item__caption\">viel Verkehr am fr\u00fchen Morgen<\/figcaption><\/figure><\/li><li class=\"blocks-gallery-item\"><figure><a href=\"https:\/\/tikowi.ch\/wp-content\/uploads\/2021\/06\/IMG_2530-1024x768.jpeg\"><img loading=\"lazy\" decoding=\"async\" width=\"1024\" height=\"768\" src=\"https:\/\/tikowi.ch\/wp-content\/uploads\/2021\/06\/IMG_2530-1024x768.jpeg\" alt=\"\" data-id=\"5334\" data-link=\"https:\/\/tikowi.ch\/?attachment_id=5334\" class=\"wp-image-5334\" srcset=\"https:\/\/tikowi.ch\/wp-content\/uploads\/2021\/06\/IMG_2530-1024x768.jpeg 1024w, https:\/\/tikowi.ch\/wp-content\/uploads\/2021\/06\/IMG_2530-300x225.jpeg 300w, https:\/\/tikowi.ch\/wp-content\/uploads\/2021\/06\/IMG_2530-768x576.jpeg 768w, https:\/\/tikowi.ch\/wp-content\/uploads\/2021\/06\/IMG_2530-1536x1152.jpeg 1536w, https:\/\/tikowi.ch\/wp-content\/uploads\/2021\/06\/IMG_2530-2048x1536.jpeg 2048w, https:\/\/tikowi.ch\/wp-content\/uploads\/2021\/06\/IMG_2530-800x600.jpeg 800w, https:\/\/tikowi.ch\/wp-content\/uploads\/2021\/06\/IMG_2530-400x300.jpeg 400w\" sizes=\"(max-width: 1024px) 100vw, 1024px\" \/><\/a><figcaption class=\"blocks-gallery-item__caption\">das erste Kreuz steht<\/figcaption><\/figure><\/li><li class=\"blocks-gallery-item\"><figure><a href=\"https:\/\/tikowi.ch\/wp-content\/uploads\/2021\/06\/IMG_2540-1024x768.jpeg\"><img loading=\"lazy\" decoding=\"async\" width=\"1024\" height=\"768\" src=\"https:\/\/tikowi.ch\/wp-content\/uploads\/2021\/06\/IMG_2540-1024x768.jpeg\" alt=\"\" data-id=\"5335\" data-link=\"https:\/\/tikowi.ch\/?attachment_id=5335\" class=\"wp-image-5335\" srcset=\"https:\/\/tikowi.ch\/wp-content\/uploads\/2021\/06\/IMG_2540-1024x768.jpeg 1024w, https:\/\/tikowi.ch\/wp-content\/uploads\/2021\/06\/IMG_2540-300x225.jpeg 300w, https:\/\/tikowi.ch\/wp-content\/uploads\/2021\/06\/IMG_2540-768x576.jpeg 768w, https:\/\/tikowi.ch\/wp-content\/uploads\/2021\/06\/IMG_2540-1536x1152.jpeg 1536w, https:\/\/tikowi.ch\/wp-content\/uploads\/2021\/06\/IMG_2540-2048x1536.jpeg 2048w, https:\/\/tikowi.ch\/wp-content\/uploads\/2021\/06\/IMG_2540-800x600.jpeg 800w, https:\/\/tikowi.ch\/wp-content\/uploads\/2021\/06\/IMG_2540-400x300.jpeg 400w\" sizes=\"(max-width: 1024px) 100vw, 1024px\" \/><\/a><figcaption class=\"blocks-gallery-item__caption\">Vormontage auf der Gottfried-Keller-Strasse<\/figcaption><\/figure><\/li><li class=\"blocks-gallery-item\"><figure><a href=\"https:\/\/tikowi.ch\/wp-content\/uploads\/2021\/06\/IMG_2546-1024x768.jpeg\"><img loading=\"lazy\" decoding=\"async\" width=\"1024\" height=\"768\" src=\"https:\/\/tikowi.ch\/wp-content\/uploads\/2021\/06\/IMG_2546-1024x768.jpeg\" alt=\"\" data-id=\"5336\" data-link=\"https:\/\/tikowi.ch\/?attachment_id=5336\" class=\"wp-image-5336\" srcset=\"https:\/\/tikowi.ch\/wp-content\/uploads\/2021\/06\/IMG_2546-1024x768.jpeg 1024w, https:\/\/tikowi.ch\/wp-content\/uploads\/2021\/06\/IMG_2546-300x225.jpeg 300w, https:\/\/tikowi.ch\/wp-content\/uploads\/2021\/06\/IMG_2546-768x576.jpeg 768w, https:\/\/tikowi.ch\/wp-content\/uploads\/2021\/06\/IMG_2546-1536x1152.jpeg 1536w, https:\/\/tikowi.ch\/wp-content\/uploads\/2021\/06\/IMG_2546-2048x1536.jpeg 2048w, https:\/\/tikowi.ch\/wp-content\/uploads\/2021\/06\/IMG_2546-800x600.jpeg 800w, https:\/\/tikowi.ch\/wp-content\/uploads\/2021\/06\/IMG_2546-400x300.jpeg 400w\" sizes=\"(max-width: 1024px) 100vw, 1024px\" \/><\/a><figcaption class=\"blocks-gallery-item__caption\">das Kranh\u00fcsli<\/figcaption><\/figure><\/li><li class=\"blocks-gallery-item\"><figure><a href=\"https:\/\/tikowi.ch\/wp-content\/uploads\/2021\/06\/abdcf39b-5aaa-41fa-8e3e-a99a0d1fb743-768x1024.jpg\"><img loading=\"lazy\" decoding=\"async\" width=\"768\" height=\"1024\" src=\"https:\/\/tikowi.ch\/wp-content\/uploads\/2021\/06\/abdcf39b-5aaa-41fa-8e3e-a99a0d1fb743-768x1024.jpg\" alt=\"\" data-id=\"5337\" data-link=\"https:\/\/tikowi.ch\/?attachment_id=5337\" class=\"wp-image-5337\" srcset=\"https:\/\/tikowi.ch\/wp-content\/uploads\/2021\/06\/abdcf39b-5aaa-41fa-8e3e-a99a0d1fb743-768x1024.jpg 768w, https:\/\/tikowi.ch\/wp-content\/uploads\/2021\/06\/abdcf39b-5aaa-41fa-8e3e-a99a0d1fb743-225x300.jpg 225w, https:\/\/tikowi.ch\/wp-content\/uploads\/2021\/06\/abdcf39b-5aaa-41fa-8e3e-a99a0d1fb743-1152x1536.jpg 1152w, https:\/\/tikowi.ch\/wp-content\/uploads\/2021\/06\/abdcf39b-5aaa-41fa-8e3e-a99a0d1fb743-800x1067.jpg 800w, https:\/\/tikowi.ch\/wp-content\/uploads\/2021\/06\/abdcf39b-5aaa-41fa-8e3e-a99a0d1fb743.jpg 1512w\" sizes=\"(max-width: 768px) 100vw, 768px\" \/><\/a><figcaption class=\"blocks-gallery-item__caption\">und dann steht er &#8211; der Gr\u00f6sste<\/figcaption><\/figure><\/li><li class=\"blocks-gallery-item\"><figure><a href=\"https:\/\/tikowi.ch\/wp-content\/uploads\/2021\/06\/IMG_2572-1024x768.jpeg\"><img loading=\"lazy\" decoding=\"async\" width=\"1024\" height=\"768\" src=\"https:\/\/tikowi.ch\/wp-content\/uploads\/2021\/06\/IMG_2572-1024x768.jpeg\" alt=\"\" data-id=\"5338\" data-link=\"https:\/\/tikowi.ch\/?attachment_id=5338\" class=\"wp-image-5338\" srcset=\"https:\/\/tikowi.ch\/wp-content\/uploads\/2021\/06\/IMG_2572-1024x768.jpeg 1024w, https:\/\/tikowi.ch\/wp-content\/uploads\/2021\/06\/IMG_2572-300x225.jpeg 300w, https:\/\/tikowi.ch\/wp-content\/uploads\/2021\/06\/IMG_2572-768x576.jpeg 768w, https:\/\/tikowi.ch\/wp-content\/uploads\/2021\/06\/IMG_2572-1536x1152.jpeg 1536w, https:\/\/tikowi.ch\/wp-content\/uploads\/2021\/06\/IMG_2572-2048x1536.jpeg 2048w, https:\/\/tikowi.ch\/wp-content\/uploads\/2021\/06\/IMG_2572-800x600.jpeg 800w, https:\/\/tikowi.ch\/wp-content\/uploads\/2021\/06\/IMG_2572-400x300.jpeg 400w\" sizes=\"(max-width: 1024px) 100vw, 1024px\" \/><\/a><figcaption class=\"blocks-gallery-item__caption\">Bau einer B\u00fchne<\/figcaption><\/figure><\/li><li class=\"blocks-gallery-item\"><figure><a href=\"https:\/\/tikowi.ch\/wp-content\/uploads\/2021\/06\/IMG_2591-768x1024.jpeg\"><img loading=\"lazy\" decoding=\"async\" width=\"768\" height=\"1024\" src=\"https:\/\/tikowi.ch\/wp-content\/uploads\/2021\/06\/IMG_2591-768x1024.jpeg\" alt=\"\" data-id=\"5339\" data-link=\"https:\/\/tikowi.ch\/?attachment_id=5339\" class=\"wp-image-5339\" srcset=\"https:\/\/tikowi.ch\/wp-content\/uploads\/2021\/06\/IMG_2591-768x1024.jpeg 768w, https:\/\/tikowi.ch\/wp-content\/uploads\/2021\/06\/IMG_2591-225x300.jpeg 225w, https:\/\/tikowi.ch\/wp-content\/uploads\/2021\/06\/IMG_2591-1152x1536.jpeg 1152w, https:\/\/tikowi.ch\/wp-content\/uploads\/2021\/06\/IMG_2591-1536x2048.jpeg 1536w, https:\/\/tikowi.ch\/wp-content\/uploads\/2021\/06\/IMG_2591-800x1067.jpeg 800w, https:\/\/tikowi.ch\/wp-content\/uploads\/2021\/06\/IMG_2591-scaled.jpeg 1920w\" sizes=\"(max-width: 768px) 100vw, 768px\" \/><\/a><figcaption class=\"blocks-gallery-item__caption\">also nachts sehen die zwei Container romantisch aus<\/figcaption><\/figure><\/li><\/ul><\/figure>\n\n\n\n<p>In der Baugrube werkelt der Baumeister, so ganz verstehe ich noch nicht, WAS da genau gemacht wird. Spezielle Erdung des Krans, wegen der Bahn, ein Telefonk\u00e4stli wof\u00fcr auch immer (ok, es sieht einfach so aus, noch weiss ich nicht, was sich darin verbirgt), die Rosen bl\u00fchen bezaubernd an der Bahnlinie und wir sind einmal mehr eifrig am Farben diskutieren. <\/p>\n\n\n\n<p><\/p>\n","protected":false},"excerpt":{"rendered":"<p>Es geht weiter im Text &#8211; noch immer Baustelleninstallation. Am Montag werden Fundamente f\u00fcr den Kran betoniert, am Dienstag kommt er dann &#8211; wahnsinnig gross von unten. Und die M\u00e4nner, die Affen gleich darauf herumklettern. Brrr&#8230; mir wird vom Zusehen schon ganz anders. Die Strasse ist gesperrt, die Leute haben was zu reden \ud83d\ude42 In&hellip; <br \/> <a class=\"button small blue\" href=\"https:\/\/tikowi.ch\/index.php\/the-tikowis\/woody-woodpecker\/kw-23-07-06-21\/\">Read more<\/a><\/p>\n","protected":false},"author":1,"featured_media":0,"parent":4784,"menu_order":0,"comment_status":"closed","ping_status":"closed","template":"","meta":{"ngg_post_thumbnail":0,"footnotes":""},"class_list":["post-5330","page","type-page","status-publish","hentry"],"_links":{"self":[{"href":"https:\/\/tikowi.ch\/index.php\/wp-json\/wp\/v2\/pages\/5330","targetHints":{"allow":["GET"]}}],"collection":[{"href":"https:\/\/tikowi.ch\/index.php\/wp-json\/wp\/v2\/pages"}],"about":[{"href":"https:\/\/tikowi.ch\/index.php\/wp-json\/wp\/v2\/types\/page"}],"author":[{"embeddable":true,"href":"https:\/\/tikowi.ch\/index.php\/wp-json\/wp\/v2\/users\/1"}],"replies":[{"embeddable":true,"href":"https:\/\/tikowi.ch\/index.php\/wp-json\/wp\/v2\/comments?post=5330"}],"version-history":[{"count":2,"href":"https:\/\/tikowi.ch\/index.php\/wp-json\/wp\/v2\/pages\/5330\/revisions"}],"predecessor-version":[{"id":5342,"href":"https:\/\/tikowi.ch\/index.php\/wp-json\/wp\/v2\/pages\/5330\/revisions\/5342"}],"up":[{"embeddable":true,"href":"https:\/\/tikowi.ch\/index.php\/wp-json\/wp\/v2\/pages\/4784"}],"wp:attachment":[{"href":"https:\/\/tikowi.ch\/index.php\/wp-json\/wp\/v2\/media?parent=5330"}],"curies":[{"name":"wp","href":"https:\/\/api.w.org\/{rel}","templated":true}]}}