{"id":5306,"date":"2021-05-31T11:16:00","date_gmt":"2021-05-31T11:16:00","guid":{"rendered":"https:\/\/tikowi.ch\/?page_id=5306"},"modified":"2021-05-31T11:16:00","modified_gmt":"2021-05-31T11:16:00","slug":"kw-21-24-05-21","status":"publish","type":"page","link":"https:\/\/tikowi.ch\/index.php\/the-tikowis\/woody-woodpecker\/kw-21-24-05-21\/","title":{"rendered":"KW 21 24.05.21"},"content":{"rendered":"\n<p>Rien ne va &#8211; es passiert nichts. Also rein gar \u00fcberhaupt nichts. Mindestens nicht, was man sehen t\u00e4te&#8230; die Baustelle bleibt unangetastet, der Beton trocknet und die Kr\u00e4he frisst zmitzt drin ihre erlegte Taube. Mit Platz rundum!<\/p>\n\n\n\n<p>Aber im Hintergrund l\u00e4uft doch etwas. Also eigentlich l\u00e4uft es auch da nicht. Die dritte, \u00fcberarbeitete Offerte von Sanitas Tr\u00f6sch nach unserem Besuch am 17.04. kommt nach einem dezent h\u00e4ssigen Nachfragemail meinerseits. Bereits die zweite Seite l\u00e4sst die Laune sinken&#8230; falsche Badewanne, falsche Armaturen im G\u00e4ste-WC, falsche Dusche, falsche Armaturen in Wohnung II&#8230; ja jupiduuh! das kann ja heiter werden. Und was sagt Urs auf Nachfrage nach einem anderen Anbieter? &#171;Sorry, den gibt es nicht!&#187;. Uffff!<\/p>\n","protected":false},"excerpt":{"rendered":"<p>Rien ne va &#8211; es passiert nichts. Also rein gar \u00fcberhaupt nichts. Mindestens nicht, was man sehen t\u00e4te&#8230; die Baustelle bleibt unangetastet, der Beton trocknet und die Kr\u00e4he frisst zmitzt drin ihre erlegte Taube. Mit Platz rundum! Aber im Hintergrund l\u00e4uft doch etwas. Also eigentlich l\u00e4uft es auch da nicht. Die dritte, \u00fcberarbeitete Offerte von&hellip; <br \/> <a class=\"button small blue\" href=\"https:\/\/tikowi.ch\/index.php\/the-tikowis\/woody-woodpecker\/kw-21-24-05-21\/\">Read more<\/a><\/p>\n","protected":false},"author":1,"featured_media":0,"parent":4784,"menu_order":0,"comment_status":"closed","ping_status":"closed","template":"","meta":{"ngg_post_thumbnail":0,"footnotes":""},"class_list":["post-5306","page","type-page","status-publish","hentry"],"_links":{"self":[{"href":"https:\/\/tikowi.ch\/index.php\/wp-json\/wp\/v2\/pages\/5306","targetHints":{"allow":["GET"]}}],"collection":[{"href":"https:\/\/tikowi.ch\/index.php\/wp-json\/wp\/v2\/pages"}],"about":[{"href":"https:\/\/tikowi.ch\/index.php\/wp-json\/wp\/v2\/types\/page"}],"author":[{"embeddable":true,"href":"https:\/\/tikowi.ch\/index.php\/wp-json\/wp\/v2\/users\/1"}],"replies":[{"embeddable":true,"href":"https:\/\/tikowi.ch\/index.php\/wp-json\/wp\/v2\/comments?post=5306"}],"version-history":[{"count":1,"href":"https:\/\/tikowi.ch\/index.php\/wp-json\/wp\/v2\/pages\/5306\/revisions"}],"predecessor-version":[{"id":5307,"href":"https:\/\/tikowi.ch\/index.php\/wp-json\/wp\/v2\/pages\/5306\/revisions\/5307"}],"up":[{"embeddable":true,"href":"https:\/\/tikowi.ch\/index.php\/wp-json\/wp\/v2\/pages\/4784"}],"wp:attachment":[{"href":"https:\/\/tikowi.ch\/index.php\/wp-json\/wp\/v2\/media?parent=5306"}],"curies":[{"name":"wp","href":"https:\/\/api.w.org\/{rel}","templated":true}]}}