{"id":5270,"date":"2021-05-23T11:04:09","date_gmt":"2021-05-23T11:04:09","guid":{"rendered":"https:\/\/tikowi.ch\/?page_id=5270"},"modified":"2021-05-23T11:07:04","modified_gmt":"2021-05-23T11:07:04","slug":"kw-20-17-05-21","status":"publish","type":"page","link":"https:\/\/tikowi.ch\/index.php\/the-tikowis\/woody-woodpecker\/kw-20-17-05-21\/","title":{"rendered":"KW 20 17.05.21 Pfingsten"},"content":{"rendered":"\n<p>Wir sind am Tiefpunkt angekommen diese Woche. Nicht moralisch, nein, beileibe nicht, aber ab jetzt geht es aufw\u00e4rts. Die ersten Magerbetonkubikmeter wurden eingef\u00fcllt. Ich meine, das sieht doch schon fast nach Haus aus. <\/p>\n\n\n\n<figure class=\"wp-block-gallery columns-0 is-cropped wp-block-gallery-1 is-layout-flex wp-block-gallery-is-layout-flex\"><ul class=\"blocks-gallery-grid\"><li class=\"blocks-gallery-item\"><figure><a href=\"https:\/\/tikowi.ch\/wp-content\/uploads\/2021\/05\/IMG_2137-scaled.jpg\"><img fetchpriority=\"high\" decoding=\"async\" width=\"1024\" height=\"683\" src=\"https:\/\/tikowi.ch\/wp-content\/uploads\/2021\/05\/IMG_2137-1024x683.jpg\" alt=\"\" data-id=\"5273\" data-full-url=\"https:\/\/tikowi.ch\/wp-content\/uploads\/2021\/05\/IMG_2137-scaled.jpg\" data-link=\"https:\/\/tikowi.ch\/?attachment_id=5273\" class=\"wp-image-5273\" srcset=\"https:\/\/tikowi.ch\/wp-content\/uploads\/2021\/05\/IMG_2137-1024x683.jpg 1024w, https:\/\/tikowi.ch\/wp-content\/uploads\/2021\/05\/IMG_2137-300x200.jpg 300w, https:\/\/tikowi.ch\/wp-content\/uploads\/2021\/05\/IMG_2137-768x512.jpg 768w, https:\/\/tikowi.ch\/wp-content\/uploads\/2021\/05\/IMG_2137-1536x1024.jpg 1536w, https:\/\/tikowi.ch\/wp-content\/uploads\/2021\/05\/IMG_2137-2048x1365.jpg 2048w, https:\/\/tikowi.ch\/wp-content\/uploads\/2021\/05\/IMG_2137-800x533.jpg 800w\" sizes=\"(max-width: 1024px) 100vw, 1024px\" \/><\/a><figcaption class=\"blocks-gallery-item__caption\">anfang Woche<\/figcaption><\/figure><\/li><li class=\"blocks-gallery-item\"><figure><a href=\"https:\/\/tikowi.ch\/wp-content\/uploads\/2021\/05\/IMG_2349-scaled.jpeg\"><img decoding=\"async\" width=\"1024\" height=\"768\" src=\"https:\/\/tikowi.ch\/wp-content\/uploads\/2021\/05\/IMG_2349-1024x768.jpeg\" alt=\"\" data-id=\"5278\" data-full-url=\"https:\/\/tikowi.ch\/wp-content\/uploads\/2021\/05\/IMG_2349-scaled.jpeg\" data-link=\"https:\/\/tikowi.ch\/?attachment_id=5278\" class=\"wp-image-5278\" srcset=\"https:\/\/tikowi.ch\/wp-content\/uploads\/2021\/05\/IMG_2349-1024x768.jpeg 1024w, https:\/\/tikowi.ch\/wp-content\/uploads\/2021\/05\/IMG_2349-300x225.jpeg 300w, https:\/\/tikowi.ch\/wp-content\/uploads\/2021\/05\/IMG_2349-768x576.jpeg 768w, https:\/\/tikowi.ch\/wp-content\/uploads\/2021\/05\/IMG_2349-1536x1152.jpeg 1536w, https:\/\/tikowi.ch\/wp-content\/uploads\/2021\/05\/IMG_2349-2048x1536.jpeg 2048w, https:\/\/tikowi.ch\/wp-content\/uploads\/2021\/05\/IMG_2349-800x600.jpeg 800w, https:\/\/tikowi.ch\/wp-content\/uploads\/2021\/05\/IMG_2349-400x300.jpeg 400w\" sizes=\"(max-width: 1024px) 100vw, 1024px\" \/><\/a><figcaption class=\"blocks-gallery-item__caption\">erste Magerbetonfundamente<\/figcaption><\/figure><\/li><li class=\"blocks-gallery-item\"><figure><a href=\"https:\/\/tikowi.ch\/wp-content\/uploads\/2021\/05\/IMG_2146-scaled.jpg\"><img decoding=\"async\" width=\"1024\" height=\"683\" src=\"https:\/\/tikowi.ch\/wp-content\/uploads\/2021\/05\/IMG_2146-1024x683.jpg\" alt=\"\" data-id=\"5274\" data-full-url=\"https:\/\/tikowi.ch\/wp-content\/uploads\/2021\/05\/IMG_2146-scaled.jpg\" data-link=\"https:\/\/tikowi.ch\/?attachment_id=5274\" class=\"wp-image-5274\" srcset=\"https:\/\/tikowi.ch\/wp-content\/uploads\/2021\/05\/IMG_2146-1024x683.jpg 1024w, https:\/\/tikowi.ch\/wp-content\/uploads\/2021\/05\/IMG_2146-300x200.jpg 300w, https:\/\/tikowi.ch\/wp-content\/uploads\/2021\/05\/IMG_2146-768x512.jpg 768w, https:\/\/tikowi.ch\/wp-content\/uploads\/2021\/05\/IMG_2146-1536x1024.jpg 1536w, https:\/\/tikowi.ch\/wp-content\/uploads\/2021\/05\/IMG_2146-2048x1365.jpg 2048w, https:\/\/tikowi.ch\/wp-content\/uploads\/2021\/05\/IMG_2146-800x533.jpg 800w\" sizes=\"(max-width: 1024px) 100vw, 1024px\" \/><\/a><figcaption class=\"blocks-gallery-item__caption\">Blick aus A &amp; E&#8217;s Bad to be<\/figcaption><\/figure><\/li><li class=\"blocks-gallery-item\"><figure><a href=\"https:\/\/tikowi.ch\/wp-content\/uploads\/2021\/05\/IMG_2147-scaled.jpg\"><img loading=\"lazy\" decoding=\"async\" width=\"1024\" height=\"683\" src=\"https:\/\/tikowi.ch\/wp-content\/uploads\/2021\/05\/IMG_2147-1024x683.jpg\" alt=\"\" data-id=\"5275\" data-full-url=\"https:\/\/tikowi.ch\/wp-content\/uploads\/2021\/05\/IMG_2147-scaled.jpg\" data-link=\"https:\/\/tikowi.ch\/?attachment_id=5275\" class=\"wp-image-5275\" srcset=\"https:\/\/tikowi.ch\/wp-content\/uploads\/2021\/05\/IMG_2147-1024x683.jpg 1024w, https:\/\/tikowi.ch\/wp-content\/uploads\/2021\/05\/IMG_2147-300x200.jpg 300w, https:\/\/tikowi.ch\/wp-content\/uploads\/2021\/05\/IMG_2147-768x512.jpg 768w, https:\/\/tikowi.ch\/wp-content\/uploads\/2021\/05\/IMG_2147-1536x1024.jpg 1536w, https:\/\/tikowi.ch\/wp-content\/uploads\/2021\/05\/IMG_2147-2048x1365.jpg 2048w, https:\/\/tikowi.ch\/wp-content\/uploads\/2021\/05\/IMG_2147-800x533.jpg 800w\" sizes=\"(max-width: 1024px) 100vw, 1024px\" \/><\/a><figcaption class=\"blocks-gallery-item__caption\">da sitzen wir etwa an AnnAs Pult to be<\/figcaption><\/figure><\/li><li class=\"blocks-gallery-item\"><figure><a href=\"https:\/\/tikowi.ch\/wp-content\/uploads\/2021\/05\/IMG_2151-scaled.jpg\"><img loading=\"lazy\" decoding=\"async\" width=\"1024\" height=\"683\" src=\"https:\/\/tikowi.ch\/wp-content\/uploads\/2021\/05\/IMG_2151-1024x683.jpg\" alt=\"\" data-id=\"5277\" data-full-url=\"https:\/\/tikowi.ch\/wp-content\/uploads\/2021\/05\/IMG_2151-scaled.jpg\" data-link=\"https:\/\/tikowi.ch\/?attachment_id=5277\" class=\"wp-image-5277\" srcset=\"https:\/\/tikowi.ch\/wp-content\/uploads\/2021\/05\/IMG_2151-1024x683.jpg 1024w, https:\/\/tikowi.ch\/wp-content\/uploads\/2021\/05\/IMG_2151-300x200.jpg 300w, https:\/\/tikowi.ch\/wp-content\/uploads\/2021\/05\/IMG_2151-768x512.jpg 768w, https:\/\/tikowi.ch\/wp-content\/uploads\/2021\/05\/IMG_2151-1536x1024.jpg 1536w, https:\/\/tikowi.ch\/wp-content\/uploads\/2021\/05\/IMG_2151-2048x1365.jpg 2048w, https:\/\/tikowi.ch\/wp-content\/uploads\/2021\/05\/IMG_2151-800x533.jpg 800w\" sizes=\"(max-width: 1024px) 100vw, 1024px\" \/><\/a><figcaption class=\"blocks-gallery-item__caption\">hat was von Beauty<\/figcaption><\/figure><\/li><\/ul><\/figure>\n\n\n\n<p>Bis am Donnerstag sp\u00e4t abends ist der Aushub fertig, die Nagelwand gestellt, die Fundamente betoniert, man kann erahnen, was wo wird&#8230;.<\/p>\n\n\n\n<figure class=\"wp-block-image size-large\"><img loading=\"lazy\" decoding=\"async\" width=\"1024\" height=\"683\" src=\"https:\/\/tikowi.ch\/wp-content\/uploads\/2021\/05\/IMG_2152-1024x683.jpg\" alt=\"\" class=\"wp-image-5279\" srcset=\"https:\/\/tikowi.ch\/wp-content\/uploads\/2021\/05\/IMG_2152-1024x683.jpg 1024w, https:\/\/tikowi.ch\/wp-content\/uploads\/2021\/05\/IMG_2152-300x200.jpg 300w, https:\/\/tikowi.ch\/wp-content\/uploads\/2021\/05\/IMG_2152-768x512.jpg 768w, https:\/\/tikowi.ch\/wp-content\/uploads\/2021\/05\/IMG_2152-1536x1024.jpg 1536w, https:\/\/tikowi.ch\/wp-content\/uploads\/2021\/05\/IMG_2152-2048x1365.jpg 2048w, https:\/\/tikowi.ch\/wp-content\/uploads\/2021\/05\/IMG_2152-800x533.jpg 800w\" sizes=\"(max-width: 1024px) 100vw, 1024px\" \/><\/figure>\n\n\n\n<p>Und der kleine und der grosse Bagger warten Schaufel an Schaufel auf den Abtransport. Am Freitag morgen wird alles abgeb\u00fcgelt, inklusive Baub\u00fcro und Materialkisten, fein s\u00e4uberlich aufger\u00e4umt und am Mittag ist Toggenburger -mindestens f\u00fcr den Moment- Geschichte auf unserer Baustelle. Ein grosses Lob an dieser Stelle &#8211; einfach toll gemacht! jederzeit freundlich, hilfsbereit, kundenfreundlich, allesamt mit nettem Tonfall auch untereinander &#8211; he, grosses Kompliment!<\/p>\n\n\n\n<div class=\"wp-block-image\"><figure class=\"aligncenter size-large\"><img loading=\"lazy\" decoding=\"async\" width=\"576\" height=\"1024\" src=\"https:\/\/tikowi.ch\/wp-content\/uploads\/2021\/05\/92936C9C-0442-4337-8A96-67D59B3AC56C-576x1024.jpg\" alt=\"\" class=\"wp-image-5272\" srcset=\"https:\/\/tikowi.ch\/wp-content\/uploads\/2021\/05\/92936C9C-0442-4337-8A96-67D59B3AC56C-576x1024.jpg 576w, https:\/\/tikowi.ch\/wp-content\/uploads\/2021\/05\/92936C9C-0442-4337-8A96-67D59B3AC56C-169x300.jpg 169w, https:\/\/tikowi.ch\/wp-content\/uploads\/2021\/05\/92936C9C-0442-4337-8A96-67D59B3AC56C-768x1365.jpg 768w, https:\/\/tikowi.ch\/wp-content\/uploads\/2021\/05\/92936C9C-0442-4337-8A96-67D59B3AC56C-864x1536.jpg 864w, https:\/\/tikowi.ch\/wp-content\/uploads\/2021\/05\/92936C9C-0442-4337-8A96-67D59B3AC56C-1152x2048.jpg 1152w, https:\/\/tikowi.ch\/wp-content\/uploads\/2021\/05\/92936C9C-0442-4337-8A96-67D59B3AC56C-800x1422.jpg 800w, https:\/\/tikowi.ch\/wp-content\/uploads\/2021\/05\/92936C9C-0442-4337-8A96-67D59B3AC56C-scaled.jpg 1440w\" sizes=\"(max-width: 576px) 100vw, 576px\" \/><figcaption>Drive-Trough &#8211; Coffee<\/figcaption><\/figure><\/div>\n\n\n\n<p>Am Freitag gibt es bei str\u00f6mendem Regen erstmals eine Tasse Kaffee direkt ab K\u00fcchenfenster &#8211; Drive trough Gottfried-Keller-Strasse &#8211; da haben wir Nachbarn was zu reden!<\/p>\n\n\n\n<p>Jetzt warten wir gespannt auf den Baumeister, der ab Pfingstdienstag anfangen k\u00f6nnte. Wenn er dann den Termin best\u00e4tigt h\u00e4tte&#8230; ufff!<\/p>\n\n\n\n<p>Und sonst? wir haben das Farbkonzept der Aussenh\u00fclle besprochen, das Balkongel\u00e4nder, die Beschattung &#8211; tolle Vorschl\u00e4ge von <a rel=\"noreferrer noopener\" href=\"https:\/\/www.atelier-surface.ch\/ueber\/petra-koeller-hugener.html\" target=\"_blank\">Petra K\u00f6ller<\/a> dezent, fein mit einer Prise Pfiff. Das kommt gut. Und das Dilemma mit dem Garten kriegen wir auch noch gebacken. Denkmalpflege hin oder her. Schliesslich haben wir auch noch einen Architekten an Bord. Und einen Juristen&#8230;<\/p>\n","protected":false},"excerpt":{"rendered":"<p>Wir sind am Tiefpunkt angekommen diese Woche. Nicht moralisch, nein, beileibe nicht, aber ab jetzt geht es aufw\u00e4rts. Die ersten Magerbetonkubikmeter wurden eingef\u00fcllt. Ich meine, das sieht doch schon fast nach Haus aus. Bis am Donnerstag sp\u00e4t abends ist der Aushub fertig, die Nagelwand gestellt, die Fundamente betoniert, man kann erahnen, was wo wird&#8230;. Und&hellip; <br \/> <a class=\"button small blue\" href=\"https:\/\/tikowi.ch\/index.php\/the-tikowis\/woody-woodpecker\/kw-20-17-05-21\/\">Read more<\/a><\/p>\n","protected":false},"author":1,"featured_media":0,"parent":4784,"menu_order":0,"comment_status":"closed","ping_status":"closed","template":"","meta":{"ngg_post_thumbnail":0,"footnotes":""},"class_list":["post-5270","page","type-page","status-publish","hentry"],"_links":{"self":[{"href":"https:\/\/tikowi.ch\/index.php\/wp-json\/wp\/v2\/pages\/5270","targetHints":{"allow":["GET"]}}],"collection":[{"href":"https:\/\/tikowi.ch\/index.php\/wp-json\/wp\/v2\/pages"}],"about":[{"href":"https:\/\/tikowi.ch\/index.php\/wp-json\/wp\/v2\/types\/page"}],"author":[{"embeddable":true,"href":"https:\/\/tikowi.ch\/index.php\/wp-json\/wp\/v2\/users\/1"}],"replies":[{"embeddable":true,"href":"https:\/\/tikowi.ch\/index.php\/wp-json\/wp\/v2\/comments?post=5270"}],"version-history":[{"count":4,"href":"https:\/\/tikowi.ch\/index.php\/wp-json\/wp\/v2\/pages\/5270\/revisions"}],"predecessor-version":[{"id":5285,"href":"https:\/\/tikowi.ch\/index.php\/wp-json\/wp\/v2\/pages\/5270\/revisions\/5285"}],"up":[{"embeddable":true,"href":"https:\/\/tikowi.ch\/index.php\/wp-json\/wp\/v2\/pages\/4784"}],"wp:attachment":[{"href":"https:\/\/tikowi.ch\/index.php\/wp-json\/wp\/v2\/media?parent=5270"}],"curies":[{"name":"wp","href":"https:\/\/api.w.org\/{rel}","templated":true}]}}