{"id":5145,"date":"2021-05-09T10:06:09","date_gmt":"2021-05-09T10:06:09","guid":{"rendered":"https:\/\/tikowi.ch\/?page_id=5145"},"modified":"2021-05-09T18:58:53","modified_gmt":"2021-05-09T18:58:53","slug":"kw-18-03-05-21","status":"publish","type":"page","link":"https:\/\/tikowi.ch\/index.php\/the-tikowis\/woody-woodpecker\/kw-18-03-05-21\/","title":{"rendered":"KW 18 03.05.21"},"content":{"rendered":"\n<p>Wir geniessen etwas den Bergfr\u00fchling und entfliehen der Baustelle f\u00fcr ein paar Tage. Es ist aber auch wundersch\u00f6n so am \u00dcbergang von Winter zu Sommer!<\/p>\n\n\n\n<figure class=\"wp-block-image size-large\"><img fetchpriority=\"high\" decoding=\"async\" width=\"1024\" height=\"768\" src=\"https:\/\/tikowi.ch\/wp-content\/uploads\/2021\/05\/IMG_2186-1024x768.jpeg\" alt=\"\" class=\"wp-image-5148\" srcset=\"https:\/\/tikowi.ch\/wp-content\/uploads\/2021\/05\/IMG_2186-1024x768.jpeg 1024w, https:\/\/tikowi.ch\/wp-content\/uploads\/2021\/05\/IMG_2186-300x225.jpeg 300w, https:\/\/tikowi.ch\/wp-content\/uploads\/2021\/05\/IMG_2186-768x576.jpeg 768w, https:\/\/tikowi.ch\/wp-content\/uploads\/2021\/05\/IMG_2186-1536x1152.jpeg 1536w, https:\/\/tikowi.ch\/wp-content\/uploads\/2021\/05\/IMG_2186-2048x1536.jpeg 2048w, https:\/\/tikowi.ch\/wp-content\/uploads\/2021\/05\/IMG_2186-800x600.jpeg 800w, https:\/\/tikowi.ch\/wp-content\/uploads\/2021\/05\/IMG_2186-400x300.jpeg 400w\" sizes=\"(max-width: 1024px) 100vw, 1024px\" \/><\/figure>\n\n\n\n<p>Aber halt, daheim ist man deswegen keinesfalls unt\u00e4tig. Die Elektrozufuhr f\u00fcr den Kran wird bereit gestellt &#8211; leider direkt in der Schusslinie der Einfahrt. \u00c4xg\u00fcsi&#8230; Aber aus irgend einem Grund kann man sprechen miteinander und nach einer (weiteren&#8230;) Kanne Kaffee und einem bis auf das letzte Br\u00f6smeli weggeputztem Cake ist der Elektrokasten weg und der Autokiller extrem dezent markiert. Frau am Steuer&#8230; aber \u00e4tsch, auch an der Kaffeemaschine!<\/p>\n\n\n\n<figure class=\"wp-block-gallery columns-2 is-cropped wp-block-gallery-1 is-layout-flex wp-block-gallery-is-layout-flex\"><ul class=\"blocks-gallery-grid\"><li class=\"blocks-gallery-item\"><figure><a href=\"https:\/\/tikowi.ch\/wp-content\/uploads\/2021\/05\/IMG_2096-scaled.jpg\"><img decoding=\"async\" width=\"1024\" height=\"683\" src=\"https:\/\/tikowi.ch\/wp-content\/uploads\/2021\/05\/IMG_2096-1024x683.jpg\" alt=\"\" data-id=\"5152\" data-full-url=\"https:\/\/tikowi.ch\/wp-content\/uploads\/2021\/05\/IMG_2096-scaled.jpg\" data-link=\"https:\/\/tikowi.ch\/index.php\/the-tikowis\/woody-woodpecker\/kw-18-03-05-21\/img_2096\/\" class=\"wp-image-5152\" srcset=\"https:\/\/tikowi.ch\/wp-content\/uploads\/2021\/05\/IMG_2096-1024x683.jpg 1024w, https:\/\/tikowi.ch\/wp-content\/uploads\/2021\/05\/IMG_2096-300x200.jpg 300w, https:\/\/tikowi.ch\/wp-content\/uploads\/2021\/05\/IMG_2096-768x512.jpg 768w, https:\/\/tikowi.ch\/wp-content\/uploads\/2021\/05\/IMG_2096-1536x1024.jpg 1536w, https:\/\/tikowi.ch\/wp-content\/uploads\/2021\/05\/IMG_2096-2048x1365.jpg 2048w, https:\/\/tikowi.ch\/wp-content\/uploads\/2021\/05\/IMG_2096-800x533.jpg 800w\" sizes=\"(max-width: 1024px) 100vw, 1024px\" \/><\/a><\/figure><\/li><li class=\"blocks-gallery-item\"><figure><a href=\"https:\/\/tikowi.ch\/wp-content\/uploads\/2021\/05\/IMG_2097-scaled.jpg\"><img decoding=\"async\" width=\"1024\" height=\"683\" src=\"https:\/\/tikowi.ch\/wp-content\/uploads\/2021\/05\/IMG_2097-1024x683.jpg\" alt=\"\" data-id=\"5153\" data-full-url=\"https:\/\/tikowi.ch\/wp-content\/uploads\/2021\/05\/IMG_2097-scaled.jpg\" data-link=\"https:\/\/tikowi.ch\/index.php\/the-tikowis\/woody-woodpecker\/kw-18-03-05-21\/img_2097\/\" class=\"wp-image-5153\" srcset=\"https:\/\/tikowi.ch\/wp-content\/uploads\/2021\/05\/IMG_2097-1024x683.jpg 1024w, https:\/\/tikowi.ch\/wp-content\/uploads\/2021\/05\/IMG_2097-300x200.jpg 300w, https:\/\/tikowi.ch\/wp-content\/uploads\/2021\/05\/IMG_2097-768x512.jpg 768w, https:\/\/tikowi.ch\/wp-content\/uploads\/2021\/05\/IMG_2097-1536x1024.jpg 1536w, https:\/\/tikowi.ch\/wp-content\/uploads\/2021\/05\/IMG_2097-2048x1365.jpg 2048w, https:\/\/tikowi.ch\/wp-content\/uploads\/2021\/05\/IMG_2097-800x533.jpg 800w\" sizes=\"(max-width: 1024px) 100vw, 1024px\" \/><\/a><\/figure><\/li><li class=\"blocks-gallery-item\"><figure><a href=\"https:\/\/tikowi.ch\/wp-content\/uploads\/2021\/05\/IMG_2199.jpeg\"><img loading=\"lazy\" decoding=\"async\" width=\"768\" height=\"1024\" src=\"https:\/\/tikowi.ch\/wp-content\/uploads\/2021\/05\/IMG_2199-768x1024.jpeg\" alt=\"\" data-id=\"5154\" data-full-url=\"https:\/\/tikowi.ch\/wp-content\/uploads\/2021\/05\/IMG_2199.jpeg\" data-link=\"https:\/\/tikowi.ch\/index.php\/the-tikowis\/woody-woodpecker\/kw-18-03-05-21\/img_2199\/\" class=\"wp-image-5154\" srcset=\"https:\/\/tikowi.ch\/wp-content\/uploads\/2021\/05\/IMG_2199-768x1025.jpeg 768w, https:\/\/tikowi.ch\/wp-content\/uploads\/2021\/05\/IMG_2199-225x300.jpeg 225w, https:\/\/tikowi.ch\/wp-content\/uploads\/2021\/05\/IMG_2199-1151x1536.jpeg 1151w, https:\/\/tikowi.ch\/wp-content\/uploads\/2021\/05\/IMG_2199-1535x2048.jpeg 1535w, https:\/\/tikowi.ch\/wp-content\/uploads\/2021\/05\/IMG_2199-800x1067.jpeg 800w, https:\/\/tikowi.ch\/wp-content\/uploads\/2021\/05\/IMG_2199.jpeg 1574w\" sizes=\"(max-width: 768px) 100vw, 768px\" \/><\/a><\/figure><\/li><\/ul><\/figure>\n\n\n\n<p>Aber auch in der Baugrube geht es weiter. Nagelwand das Thema. Diese soll, sagt Wikipedia, die Baugrube sichern und in unserem Fall bestimmt auch eine steilere solche erlauben. Sonst kriegt der Baumsch\u00fctzer der Stadt noch einen weiteren Herzinfarkt. Oder Urs. Oder ich. Aber dazu sp\u00e4ter&#8230;<\/p>\n\n\n\n<figure class=\"wp-block-gallery columns-2 is-cropped wp-block-gallery-2 is-layout-flex wp-block-gallery-is-layout-flex\"><ul class=\"blocks-gallery-grid\"><li class=\"blocks-gallery-item\"><figure><a href=\"https:\/\/tikowi.ch\/wp-content\/uploads\/2021\/05\/IMG_2112-scaled.jpg\"><img loading=\"lazy\" decoding=\"async\" width=\"1024\" height=\"683\" src=\"https:\/\/tikowi.ch\/wp-content\/uploads\/2021\/05\/IMG_2112-1024x683.jpg\" alt=\"\" data-id=\"5157\" data-full-url=\"https:\/\/tikowi.ch\/wp-content\/uploads\/2021\/05\/IMG_2112-scaled.jpg\" data-link=\"https:\/\/tikowi.ch\/index.php\/the-tikowis\/woody-woodpecker\/kw-18-03-05-21\/img_2112\/\" class=\"wp-image-5157\" srcset=\"https:\/\/tikowi.ch\/wp-content\/uploads\/2021\/05\/IMG_2112-1024x683.jpg 1024w, https:\/\/tikowi.ch\/wp-content\/uploads\/2021\/05\/IMG_2112-300x200.jpg 300w, https:\/\/tikowi.ch\/wp-content\/uploads\/2021\/05\/IMG_2112-768x512.jpg 768w, https:\/\/tikowi.ch\/wp-content\/uploads\/2021\/05\/IMG_2112-1536x1024.jpg 1536w, https:\/\/tikowi.ch\/wp-content\/uploads\/2021\/05\/IMG_2112-2048x1365.jpg 2048w, https:\/\/tikowi.ch\/wp-content\/uploads\/2021\/05\/IMG_2112-800x533.jpg 800w\" sizes=\"(max-width: 1024px) 100vw, 1024px\" \/><\/a><figcaption class=\"blocks-gallery-item__caption\">Bild vom s\u00fcd\u00f6stlichen Grundst\u00fcckende &#8211; der alten Mistgrube gen Westen. AnnA und Koni beim Bagger<\/figcaption><\/figure><\/li><li class=\"blocks-gallery-item\"><figure><a href=\"https:\/\/tikowi.ch\/wp-content\/uploads\/2021\/05\/IMG_2100-scaled.jpg\"><img loading=\"lazy\" decoding=\"async\" width=\"1024\" height=\"683\" src=\"https:\/\/tikowi.ch\/wp-content\/uploads\/2021\/05\/IMG_2100-1024x683.jpg\" alt=\"\" data-id=\"5156\" data-full-url=\"https:\/\/tikowi.ch\/wp-content\/uploads\/2021\/05\/IMG_2100-scaled.jpg\" data-link=\"https:\/\/tikowi.ch\/index.php\/the-tikowis\/woody-woodpecker\/kw-18-03-05-21\/img_2100\/\" class=\"wp-image-5156\" srcset=\"https:\/\/tikowi.ch\/wp-content\/uploads\/2021\/05\/IMG_2100-1024x683.jpg 1024w, https:\/\/tikowi.ch\/wp-content\/uploads\/2021\/05\/IMG_2100-300x200.jpg 300w, https:\/\/tikowi.ch\/wp-content\/uploads\/2021\/05\/IMG_2100-768x512.jpg 768w, https:\/\/tikowi.ch\/wp-content\/uploads\/2021\/05\/IMG_2100-1536x1024.jpg 1536w, https:\/\/tikowi.ch\/wp-content\/uploads\/2021\/05\/IMG_2100-2048x1365.jpg 2048w, https:\/\/tikowi.ch\/wp-content\/uploads\/2021\/05\/IMG_2100-800x533.jpg 800w\" sizes=\"(max-width: 1024px) 100vw, 1024px\" \/><\/a><\/figure><\/li><li class=\"blocks-gallery-item\"><figure><a href=\"https:\/\/tikowi.ch\/wp-content\/uploads\/2021\/05\/IMG_2204-scaled.jpeg\"><img loading=\"lazy\" decoding=\"async\" width=\"1024\" height=\"768\" src=\"https:\/\/tikowi.ch\/wp-content\/uploads\/2021\/05\/IMG_2204-1024x768.jpeg\" alt=\"\" data-id=\"5155\" data-full-url=\"https:\/\/tikowi.ch\/wp-content\/uploads\/2021\/05\/IMG_2204-scaled.jpeg\" data-link=\"https:\/\/tikowi.ch\/index.php\/the-tikowis\/woody-woodpecker\/kw-18-03-05-21\/img_2204\/\" class=\"wp-image-5155\" srcset=\"https:\/\/tikowi.ch\/wp-content\/uploads\/2021\/05\/IMG_2204-1024x768.jpeg 1024w, https:\/\/tikowi.ch\/wp-content\/uploads\/2021\/05\/IMG_2204-300x225.jpeg 300w, https:\/\/tikowi.ch\/wp-content\/uploads\/2021\/05\/IMG_2204-768x576.jpeg 768w, https:\/\/tikowi.ch\/wp-content\/uploads\/2021\/05\/IMG_2204-1536x1152.jpeg 1536w, https:\/\/tikowi.ch\/wp-content\/uploads\/2021\/05\/IMG_2204-2048x1536.jpeg 2048w, https:\/\/tikowi.ch\/wp-content\/uploads\/2021\/05\/IMG_2204-800x600.jpeg 800w, https:\/\/tikowi.ch\/wp-content\/uploads\/2021\/05\/IMG_2204-400x300.jpeg 400w\" sizes=\"(max-width: 1024px) 100vw, 1024px\" \/><\/a><\/figure><\/li><li class=\"blocks-gallery-item\"><figure><a href=\"https:\/\/tikowi.ch\/wp-content\/uploads\/2021\/05\/IMG_2088-scaled.jpg\"><img loading=\"lazy\" decoding=\"async\" width=\"1024\" height=\"683\" src=\"https:\/\/tikowi.ch\/wp-content\/uploads\/2021\/05\/IMG_2088-1024x683.jpg\" alt=\"\" data-id=\"5149\" data-full-url=\"https:\/\/tikowi.ch\/wp-content\/uploads\/2021\/05\/IMG_2088-scaled.jpg\" data-link=\"https:\/\/tikowi.ch\/index.php\/the-tikowis\/woody-woodpecker\/kw-18-03-05-21\/img_2088-2\/\" class=\"wp-image-5149\" srcset=\"https:\/\/tikowi.ch\/wp-content\/uploads\/2021\/05\/IMG_2088-1024x683.jpg 1024w, https:\/\/tikowi.ch\/wp-content\/uploads\/2021\/05\/IMG_2088-300x200.jpg 300w, https:\/\/tikowi.ch\/wp-content\/uploads\/2021\/05\/IMG_2088-768x512.jpg 768w, https:\/\/tikowi.ch\/wp-content\/uploads\/2021\/05\/IMG_2088-1536x1024.jpg 1536w, https:\/\/tikowi.ch\/wp-content\/uploads\/2021\/05\/IMG_2088-2048x1365.jpg 2048w, https:\/\/tikowi.ch\/wp-content\/uploads\/2021\/05\/IMG_2088-800x533.jpg 800w\" sizes=\"(max-width: 1024px) 100vw, 1024px\" \/><\/a><\/figure><\/li><\/ul><\/figure>\n\n\n\n<p>In zwei Etappen geht es runter. Tief runter. Hier im Bild vor dem kleineren gr\u00fcnen Vieh in etwa Erics Werkstatt-to-be. Der Geo-Rock-Typ schiesst etwa 2cm dicke Eisenst\u00e4be in den Grund, dann wird ein Armierungseisen davor geh\u00e4ngt \/ gelegt und alles mit Beton ausgespritzt. Spannend, aber eine riesige Sauerei. Der heftige Regen macht&#8217;s nicht besser.<\/p>\n\n\n\n<figure class=\"wp-block-gallery columns-2 is-cropped wp-block-gallery-3 is-layout-flex wp-block-gallery-is-layout-flex\"><ul class=\"blocks-gallery-grid\"><li class=\"blocks-gallery-item\"><figure><a href=\"https:\/\/tikowi.ch\/wp-content\/uploads\/2021\/05\/IMG_2118-scaled.jpg\"><img loading=\"lazy\" decoding=\"async\" width=\"1024\" height=\"683\" src=\"https:\/\/tikowi.ch\/wp-content\/uploads\/2021\/05\/IMG_2118-1024x683.jpg\" alt=\"\" data-id=\"5160\" data-full-url=\"https:\/\/tikowi.ch\/wp-content\/uploads\/2021\/05\/IMG_2118-scaled.jpg\" data-link=\"https:\/\/tikowi.ch\/index.php\/the-tikowis\/woody-woodpecker\/kw-18-03-05-21\/img_2118\/\" class=\"wp-image-5160\" srcset=\"https:\/\/tikowi.ch\/wp-content\/uploads\/2021\/05\/IMG_2118-1024x683.jpg 1024w, https:\/\/tikowi.ch\/wp-content\/uploads\/2021\/05\/IMG_2118-300x200.jpg 300w, https:\/\/tikowi.ch\/wp-content\/uploads\/2021\/05\/IMG_2118-768x512.jpg 768w, https:\/\/tikowi.ch\/wp-content\/uploads\/2021\/05\/IMG_2118-1536x1024.jpg 1536w, https:\/\/tikowi.ch\/wp-content\/uploads\/2021\/05\/IMG_2118-2048x1365.jpg 2048w, https:\/\/tikowi.ch\/wp-content\/uploads\/2021\/05\/IMG_2118-800x533.jpg 800w\" sizes=\"(max-width: 1024px) 100vw, 1024px\" \/><\/a><figcaption class=\"blocks-gallery-item__caption\">Wand gegen Villa<\/figcaption><\/figure><\/li><li class=\"blocks-gallery-item\"><figure><a href=\"https:\/\/tikowi.ch\/wp-content\/uploads\/2021\/05\/IMG_2117-scaled.jpg\"><img loading=\"lazy\" decoding=\"async\" width=\"1024\" height=\"683\" src=\"https:\/\/tikowi.ch\/wp-content\/uploads\/2021\/05\/IMG_2117-1024x683.jpg\" alt=\"\" data-id=\"5159\" data-full-url=\"https:\/\/tikowi.ch\/wp-content\/uploads\/2021\/05\/IMG_2117-scaled.jpg\" data-link=\"https:\/\/tikowi.ch\/index.php\/the-tikowis\/woody-woodpecker\/kw-18-03-05-21\/img_2117\/\" class=\"wp-image-5159\" srcset=\"https:\/\/tikowi.ch\/wp-content\/uploads\/2021\/05\/IMG_2117-1024x683.jpg 1024w, https:\/\/tikowi.ch\/wp-content\/uploads\/2021\/05\/IMG_2117-300x200.jpg 300w, https:\/\/tikowi.ch\/wp-content\/uploads\/2021\/05\/IMG_2117-768x512.jpg 768w, https:\/\/tikowi.ch\/wp-content\/uploads\/2021\/05\/IMG_2117-1536x1024.jpg 1536w, https:\/\/tikowi.ch\/wp-content\/uploads\/2021\/05\/IMG_2117-2048x1365.jpg 2048w, https:\/\/tikowi.ch\/wp-content\/uploads\/2021\/05\/IMG_2117-800x533.jpg 800w\" sizes=\"(max-width: 1024px) 100vw, 1024px\" \/><\/a><figcaption class=\"blocks-gallery-item__caption\">S\u00fcdwestliche Ecke<\/figcaption><\/figure><\/li><li class=\"blocks-gallery-item\"><figure><a href=\"https:\/\/tikowi.ch\/wp-content\/uploads\/2021\/05\/IMG_2124-scaled.jpg\"><img loading=\"lazy\" decoding=\"async\" width=\"1024\" height=\"683\" src=\"https:\/\/tikowi.ch\/wp-content\/uploads\/2021\/05\/IMG_2124-1024x683.jpg\" alt=\"\" data-id=\"5163\" data-full-url=\"https:\/\/tikowi.ch\/wp-content\/uploads\/2021\/05\/IMG_2124-scaled.jpg\" data-link=\"https:\/\/tikowi.ch\/index.php\/the-tikowis\/woody-woodpecker\/kw-18-03-05-21\/img_2124\/\" class=\"wp-image-5163\" srcset=\"https:\/\/tikowi.ch\/wp-content\/uploads\/2021\/05\/IMG_2124-1024x683.jpg 1024w, https:\/\/tikowi.ch\/wp-content\/uploads\/2021\/05\/IMG_2124-300x200.jpg 300w, https:\/\/tikowi.ch\/wp-content\/uploads\/2021\/05\/IMG_2124-768x512.jpg 768w, https:\/\/tikowi.ch\/wp-content\/uploads\/2021\/05\/IMG_2124-1536x1024.jpg 1536w, https:\/\/tikowi.ch\/wp-content\/uploads\/2021\/05\/IMG_2124-2048x1365.jpg 2048w, https:\/\/tikowi.ch\/wp-content\/uploads\/2021\/05\/IMG_2124-800x533.jpg 800w\" sizes=\"(max-width: 1024px) 100vw, 1024px\" \/><\/a><figcaption class=\"blocks-gallery-item__caption\">Lehm<\/figcaption><\/figure><\/li><li class=\"blocks-gallery-item\"><figure><a href=\"https:\/\/tikowi.ch\/wp-content\/uploads\/2021\/05\/IMG_2122-scaled.jpg\"><img loading=\"lazy\" decoding=\"async\" width=\"1024\" height=\"683\" src=\"https:\/\/tikowi.ch\/wp-content\/uploads\/2021\/05\/IMG_2122-1024x683.jpg\" alt=\"\" data-id=\"5162\" data-full-url=\"https:\/\/tikowi.ch\/wp-content\/uploads\/2021\/05\/IMG_2122-scaled.jpg\" data-link=\"https:\/\/tikowi.ch\/index.php\/the-tikowis\/woody-woodpecker\/kw-18-03-05-21\/img_2122-2\/\" class=\"wp-image-5162\" srcset=\"https:\/\/tikowi.ch\/wp-content\/uploads\/2021\/05\/IMG_2122-1024x683.jpg 1024w, https:\/\/tikowi.ch\/wp-content\/uploads\/2021\/05\/IMG_2122-300x200.jpg 300w, https:\/\/tikowi.ch\/wp-content\/uploads\/2021\/05\/IMG_2122-768x512.jpg 768w, https:\/\/tikowi.ch\/wp-content\/uploads\/2021\/05\/IMG_2122-1536x1024.jpg 1536w, https:\/\/tikowi.ch\/wp-content\/uploads\/2021\/05\/IMG_2122-2048x1365.jpg 2048w, https:\/\/tikowi.ch\/wp-content\/uploads\/2021\/05\/IMG_2122-800x533.jpg 800w\" sizes=\"(max-width: 1024px) 100vw, 1024px\" \/><\/a><figcaption class=\"blocks-gallery-item__caption\">Ruedis pl\u00f6tzlich einsehbare Sonnenterrasse<\/figcaption><\/figure><\/li><li class=\"blocks-gallery-item\"><figure><a href=\"https:\/\/tikowi.ch\/wp-content\/uploads\/2021\/05\/IMG_2121-scaled.jpg\"><img loading=\"lazy\" decoding=\"async\" width=\"1024\" height=\"683\" src=\"https:\/\/tikowi.ch\/wp-content\/uploads\/2021\/05\/IMG_2121-1024x683.jpg\" alt=\"\" data-id=\"5161\" data-full-url=\"https:\/\/tikowi.ch\/wp-content\/uploads\/2021\/05\/IMG_2121-scaled.jpg\" data-link=\"https:\/\/tikowi.ch\/index.php\/the-tikowis\/woody-woodpecker\/kw-18-03-05-21\/img_2121\/\" class=\"wp-image-5161\" srcset=\"https:\/\/tikowi.ch\/wp-content\/uploads\/2021\/05\/IMG_2121-1024x683.jpg 1024w, https:\/\/tikowi.ch\/wp-content\/uploads\/2021\/05\/IMG_2121-300x200.jpg 300w, https:\/\/tikowi.ch\/wp-content\/uploads\/2021\/05\/IMG_2121-768x512.jpg 768w, https:\/\/tikowi.ch\/wp-content\/uploads\/2021\/05\/IMG_2121-1536x1024.jpg 1536w, https:\/\/tikowi.ch\/wp-content\/uploads\/2021\/05\/IMG_2121-2048x1365.jpg 2048w, https:\/\/tikowi.ch\/wp-content\/uploads\/2021\/05\/IMG_2121-800x533.jpg 800w\" sizes=\"(max-width: 1024px) 100vw, 1024px\" \/><\/a><figcaption class=\"blocks-gallery-item__caption\">und \u00fcber allem blauer Himmel und die Blutbuche pl\u00f6tzlich belaubt<\/figcaption><\/figure><\/li><\/ul><\/figure>\n\n\n\n<p>Wir halten die Mannschaft mit weiteren Kannen Kaffee, mit kiloweise Zucker und literweise Milch bei Laune und freuen uns, dass es aufs Wochenende hin sch\u00f6n abtrocknet. <\/p>\n\n\n\n<p>Weniger freuen tut uns der unbekannte Besucher, der am Samstagmittag einfach eindringt. Keine Ahnung, WER das ist, man k\u00f6nnte auch l\u00e4uten und fragen&#8230;<\/p>\n\n\n\n<figure class=\"wp-block-gallery columns-3 is-cropped wp-block-gallery-4 is-layout-flex wp-block-gallery-is-layout-flex\"><ul class=\"blocks-gallery-grid\"><li class=\"blocks-gallery-item\"><figure><a href=\"https:\/\/tikowi.ch\/wp-content\/uploads\/2021\/05\/9fcefe32-47ad-43fc-8484-3c5a3f59ed59.jpg\"><img loading=\"lazy\" decoding=\"async\" width=\"768\" height=\"1024\" src=\"https:\/\/tikowi.ch\/wp-content\/uploads\/2021\/05\/9fcefe32-47ad-43fc-8484-3c5a3f59ed59-768x1024.jpg\" alt=\"\" data-id=\"5167\" data-full-url=\"https:\/\/tikowi.ch\/wp-content\/uploads\/2021\/05\/9fcefe32-47ad-43fc-8484-3c5a3f59ed59.jpg\" data-link=\"https:\/\/tikowi.ch\/index.php\/the-tikowis\/woody-woodpecker\/kw-18-03-05-21\/9fcefe32-47ad-43fc-8484-3c5a3f59ed59\/\" class=\"wp-image-5167\" srcset=\"https:\/\/tikowi.ch\/wp-content\/uploads\/2021\/05\/9fcefe32-47ad-43fc-8484-3c5a3f59ed59-768x1024.jpg 768w, https:\/\/tikowi.ch\/wp-content\/uploads\/2021\/05\/9fcefe32-47ad-43fc-8484-3c5a3f59ed59-225x300.jpg 225w, https:\/\/tikowi.ch\/wp-content\/uploads\/2021\/05\/9fcefe32-47ad-43fc-8484-3c5a3f59ed59-1152x1536.jpg 1152w, https:\/\/tikowi.ch\/wp-content\/uploads\/2021\/05\/9fcefe32-47ad-43fc-8484-3c5a3f59ed59-800x1067.jpg 800w, https:\/\/tikowi.ch\/wp-content\/uploads\/2021\/05\/9fcefe32-47ad-43fc-8484-3c5a3f59ed59.jpg 1512w\" sizes=\"(max-width: 768px) 100vw, 768px\" \/><\/a><\/figure><\/li><li class=\"blocks-gallery-item\"><figure><a href=\"https:\/\/tikowi.ch\/wp-content\/uploads\/2021\/05\/3a39f2eb-fbb6-49af-9689-89d0744829a1.jpg\"><img loading=\"lazy\" decoding=\"async\" width=\"768\" height=\"1024\" src=\"https:\/\/tikowi.ch\/wp-content\/uploads\/2021\/05\/3a39f2eb-fbb6-49af-9689-89d0744829a1-768x1024.jpg\" alt=\"\" data-id=\"5168\" data-full-url=\"https:\/\/tikowi.ch\/wp-content\/uploads\/2021\/05\/3a39f2eb-fbb6-49af-9689-89d0744829a1.jpg\" data-link=\"https:\/\/tikowi.ch\/index.php\/the-tikowis\/woody-woodpecker\/kw-18-03-05-21\/3a39f2eb-fbb6-49af-9689-89d0744829a1\/\" class=\"wp-image-5168\" srcset=\"https:\/\/tikowi.ch\/wp-content\/uploads\/2021\/05\/3a39f2eb-fbb6-49af-9689-89d0744829a1-768x1024.jpg 768w, https:\/\/tikowi.ch\/wp-content\/uploads\/2021\/05\/3a39f2eb-fbb6-49af-9689-89d0744829a1-225x300.jpg 225w, https:\/\/tikowi.ch\/wp-content\/uploads\/2021\/05\/3a39f2eb-fbb6-49af-9689-89d0744829a1-1152x1536.jpg 1152w, https:\/\/tikowi.ch\/wp-content\/uploads\/2021\/05\/3a39f2eb-fbb6-49af-9689-89d0744829a1-800x1067.jpg 800w, https:\/\/tikowi.ch\/wp-content\/uploads\/2021\/05\/3a39f2eb-fbb6-49af-9689-89d0744829a1.jpg 1512w\" sizes=\"(max-width: 768px) 100vw, 768px\" \/><\/a><\/figure><\/li><li class=\"blocks-gallery-item\"><figure><a href=\"https:\/\/tikowi.ch\/wp-content\/uploads\/2021\/05\/60c322ec-f27d-491d-8609-19f47d8ac3e4.jpg\"><img loading=\"lazy\" decoding=\"async\" width=\"768\" height=\"1024\" src=\"https:\/\/tikowi.ch\/wp-content\/uploads\/2021\/05\/60c322ec-f27d-491d-8609-19f47d8ac3e4-768x1024.jpg\" alt=\"\" data-id=\"5169\" data-full-url=\"https:\/\/tikowi.ch\/wp-content\/uploads\/2021\/05\/60c322ec-f27d-491d-8609-19f47d8ac3e4.jpg\" data-link=\"https:\/\/tikowi.ch\/index.php\/the-tikowis\/woody-woodpecker\/kw-18-03-05-21\/60c322ec-f27d-491d-8609-19f47d8ac3e4\/\" class=\"wp-image-5169\" srcset=\"https:\/\/tikowi.ch\/wp-content\/uploads\/2021\/05\/60c322ec-f27d-491d-8609-19f47d8ac3e4-768x1024.jpg 768w, https:\/\/tikowi.ch\/wp-content\/uploads\/2021\/05\/60c322ec-f27d-491d-8609-19f47d8ac3e4-225x300.jpg 225w, https:\/\/tikowi.ch\/wp-content\/uploads\/2021\/05\/60c322ec-f27d-491d-8609-19f47d8ac3e4-1152x1536.jpg 1152w, https:\/\/tikowi.ch\/wp-content\/uploads\/2021\/05\/60c322ec-f27d-491d-8609-19f47d8ac3e4-800x1067.jpg 800w, https:\/\/tikowi.ch\/wp-content\/uploads\/2021\/05\/60c322ec-f27d-491d-8609-19f47d8ac3e4.jpg 1512w\" sizes=\"(max-width: 768px) 100vw, 768px\" \/><\/a><\/figure><\/li><\/ul><\/figure>\n\n\n\n<p>Wir hoffen jetzt mal, der Kerl war in freundlicher Absicht hier. Vermutlich glaubt auch der, wir bauen einen Swimmingpool. Vermutlich ein Olympia-Becken mit 5m Sprungturm. <\/p>\n\n\n\n<p>Noch ein Wort zum Baumsch\u00fctzer. Das blaue WC-H\u00e4uschen musste noch einmal umgezogen werden. Baumschutz. Belastet den Wurzelbereich zu sehr. Toctoc&#8230; jetzt steht es neben dem Veloparkplatz, direkt unter dem K\u00fcchenfenster&#8230; aber nein, ich motze jetzt nicht auch noch. Sonst kriegen wir alle die Krise! Bauen ist nervenaufreibend, spannend, manchmal lustig, manchmal weniger. Wir freuen uns einfach riesig auf das vollendete Projekt! unseren Woody Woodpecker!<\/p>\n","protected":false},"excerpt":{"rendered":"<p>Wir geniessen etwas den Bergfr\u00fchling und entfliehen der Baustelle f\u00fcr ein paar Tage. Es ist aber auch wundersch\u00f6n so am \u00dcbergang von Winter zu Sommer! Aber halt, daheim ist man deswegen keinesfalls unt\u00e4tig. Die Elektrozufuhr f\u00fcr den Kran wird bereit gestellt &#8211; leider direkt in der Schusslinie der Einfahrt. \u00c4xg\u00fcsi&#8230; Aber aus irgend einem Grund&hellip; <br \/> <a class=\"button small blue\" href=\"https:\/\/tikowi.ch\/index.php\/the-tikowis\/woody-woodpecker\/kw-18-03-05-21\/\">Read more<\/a><\/p>\n","protected":false},"author":1,"featured_media":0,"parent":4784,"menu_order":0,"comment_status":"closed","ping_status":"closed","template":"","meta":{"ngg_post_thumbnail":0,"footnotes":""},"class_list":["post-5145","page","type-page","status-publish","hentry"],"_links":{"self":[{"href":"https:\/\/tikowi.ch\/index.php\/wp-json\/wp\/v2\/pages\/5145","targetHints":{"allow":["GET"]}}],"collection":[{"href":"https:\/\/tikowi.ch\/index.php\/wp-json\/wp\/v2\/pages"}],"about":[{"href":"https:\/\/tikowi.ch\/index.php\/wp-json\/wp\/v2\/types\/page"}],"author":[{"embeddable":true,"href":"https:\/\/tikowi.ch\/index.php\/wp-json\/wp\/v2\/users\/1"}],"replies":[{"embeddable":true,"href":"https:\/\/tikowi.ch\/index.php\/wp-json\/wp\/v2\/comments?post=5145"}],"version-history":[{"count":7,"href":"https:\/\/tikowi.ch\/index.php\/wp-json\/wp\/v2\/pages\/5145\/revisions"}],"predecessor-version":[{"id":5174,"href":"https:\/\/tikowi.ch\/index.php\/wp-json\/wp\/v2\/pages\/5145\/revisions\/5174"}],"up":[{"embeddable":true,"href":"https:\/\/tikowi.ch\/index.php\/wp-json\/wp\/v2\/pages\/4784"}],"wp:attachment":[{"href":"https:\/\/tikowi.ch\/index.php\/wp-json\/wp\/v2\/media?parent=5145"}],"curies":[{"name":"wp","href":"https:\/\/api.w.org\/{rel}","templated":true}]}}