{"id":5037,"date":"2021-04-26T10:18:47","date_gmt":"2021-04-26T10:18:47","guid":{"rendered":"https:\/\/tikowi.ch\/?page_id=5037"},"modified":"2021-05-09T18:58:44","modified_gmt":"2021-05-09T18:58:44","slug":"kw-16-26-04-21","status":"publish","type":"page","link":"https:\/\/tikowi.ch\/index.php\/the-tikowis\/woody-woodpecker\/kw-16-26-04-21\/","title":{"rendered":"KW 17 26.04.21"},"content":{"rendered":"\n<p>Am Montag fr\u00fch der erste&#8230; es wird nicht der letzte sein!<\/p>\n\n\n\n<figure class=\"wp-block-image size-large\"><img fetchpriority=\"high\" decoding=\"async\" width=\"768\" height=\"1024\" src=\"https:\/\/tikowi.ch\/wp-content\/uploads\/2021\/05\/939b13a8-44f1-4dae-995a-f569210d0841-768x1024.jpg\" alt=\"\" class=\"wp-image-5098\" srcset=\"https:\/\/tikowi.ch\/wp-content\/uploads\/2021\/05\/939b13a8-44f1-4dae-995a-f569210d0841-768x1024.jpg 768w, https:\/\/tikowi.ch\/wp-content\/uploads\/2021\/05\/939b13a8-44f1-4dae-995a-f569210d0841-225x300.jpg 225w, https:\/\/tikowi.ch\/wp-content\/uploads\/2021\/05\/939b13a8-44f1-4dae-995a-f569210d0841-1152x1536.jpg 1152w, https:\/\/tikowi.ch\/wp-content\/uploads\/2021\/05\/939b13a8-44f1-4dae-995a-f569210d0841-800x1067.jpg 800w, https:\/\/tikowi.ch\/wp-content\/uploads\/2021\/05\/939b13a8-44f1-4dae-995a-f569210d0841.jpg 1512w\" sizes=\"(max-width: 768px) 100vw, 768px\" \/><\/figure>\n\n\n\n<p>Auch hinterm Haus ist Action. Der Carport wird auseinander genommen. <\/p>\n\n\n\n<figure class=\"wp-block-gallery columns-2 is-cropped wp-block-gallery-1 is-layout-flex wp-block-gallery-is-layout-flex\"><ul class=\"blocks-gallery-grid\"><li class=\"blocks-gallery-item\"><figure><a href=\"https:\/\/tikowi.ch\/wp-content\/uploads\/2021\/05\/7d323e92-add4-4070-8cd8-64a981c4348b.jpg\"><img decoding=\"async\" width=\"1024\" height=\"768\" src=\"https:\/\/tikowi.ch\/wp-content\/uploads\/2021\/05\/7d323e92-add4-4070-8cd8-64a981c4348b-1024x768.jpg\" alt=\"\" data-id=\"5099\" data-full-url=\"https:\/\/tikowi.ch\/wp-content\/uploads\/2021\/05\/7d323e92-add4-4070-8cd8-64a981c4348b.jpg\" data-link=\"https:\/\/tikowi.ch\/index.php\/the-tikowis\/woody-woodpecker\/kw-16-26-04-21\/7d323e92-add4-4070-8cd8-64a981c4348b\/\" class=\"wp-image-5099\" srcset=\"https:\/\/tikowi.ch\/wp-content\/uploads\/2021\/05\/7d323e92-add4-4070-8cd8-64a981c4348b-1024x768.jpg 1024w, https:\/\/tikowi.ch\/wp-content\/uploads\/2021\/05\/7d323e92-add4-4070-8cd8-64a981c4348b-300x225.jpg 300w, https:\/\/tikowi.ch\/wp-content\/uploads\/2021\/05\/7d323e92-add4-4070-8cd8-64a981c4348b-768x576.jpg 768w, https:\/\/tikowi.ch\/wp-content\/uploads\/2021\/05\/7d323e92-add4-4070-8cd8-64a981c4348b-1536x1152.jpg 1536w, https:\/\/tikowi.ch\/wp-content\/uploads\/2021\/05\/7d323e92-add4-4070-8cd8-64a981c4348b-800x600.jpg 800w, https:\/\/tikowi.ch\/wp-content\/uploads\/2021\/05\/7d323e92-add4-4070-8cd8-64a981c4348b-400x300.jpg 400w, https:\/\/tikowi.ch\/wp-content\/uploads\/2021\/05\/7d323e92-add4-4070-8cd8-64a981c4348b.jpg 2048w\" sizes=\"(max-width: 1024px) 100vw, 1024px\" \/><\/a><figcaption class=\"blocks-gallery-item__caption\">Man beachte den Baggerzahn<\/figcaption><\/figure><\/li><li class=\"blocks-gallery-item\"><figure><a href=\"https:\/\/tikowi.ch\/wp-content\/uploads\/2021\/05\/2014b7c5-64a2-40b7-b964-779a96be2343.jpg\"><img decoding=\"async\" width=\"1024\" height=\"576\" src=\"https:\/\/tikowi.ch\/wp-content\/uploads\/2021\/05\/2014b7c5-64a2-40b7-b964-779a96be2343-1024x576.jpg\" alt=\"\" data-id=\"5100\" data-full-url=\"https:\/\/tikowi.ch\/wp-content\/uploads\/2021\/05\/2014b7c5-64a2-40b7-b964-779a96be2343.jpg\" data-link=\"https:\/\/tikowi.ch\/index.php\/the-tikowis\/woody-woodpecker\/kw-16-26-04-21\/2014b7c5-64a2-40b7-b964-779a96be2343\/\" class=\"wp-image-5100\" srcset=\"https:\/\/tikowi.ch\/wp-content\/uploads\/2021\/05\/2014b7c5-64a2-40b7-b964-779a96be2343-1024x576.jpg 1024w, https:\/\/tikowi.ch\/wp-content\/uploads\/2021\/05\/2014b7c5-64a2-40b7-b964-779a96be2343-300x169.jpg 300w, https:\/\/tikowi.ch\/wp-content\/uploads\/2021\/05\/2014b7c5-64a2-40b7-b964-779a96be2343-768x432.jpg 768w, https:\/\/tikowi.ch\/wp-content\/uploads\/2021\/05\/2014b7c5-64a2-40b7-b964-779a96be2343-1536x864.jpg 1536w, https:\/\/tikowi.ch\/wp-content\/uploads\/2021\/05\/2014b7c5-64a2-40b7-b964-779a96be2343-800x450.jpg 800w, https:\/\/tikowi.ch\/wp-content\/uploads\/2021\/05\/2014b7c5-64a2-40b7-b964-779a96be2343.jpg 1920w\" sizes=\"(max-width: 1024px) 100vw, 1024px\" \/><\/a><figcaption class=\"blocks-gallery-item__caption\">chli chaotisch<\/figcaption><\/figure><\/li><\/ul><\/figure>\n\n\n\n<figure class=\"wp-block-video\"><video controls src=\"https:\/\/tikowi.ch\/wp-content\/uploads\/2021\/05\/ba521868-1ebf-4bc6-b6f1-524d3ef7b118.mp4\"><\/video><\/figure>\n\n\n\n<p>Der Carport &#171;gewesen&#187; <\/p>\n\n\n\n<figure class=\"wp-block-gallery columns-2 is-cropped wp-block-gallery-2 is-layout-flex wp-block-gallery-is-layout-flex\"><ul class=\"blocks-gallery-grid\"><li class=\"blocks-gallery-item\"><figure><img loading=\"lazy\" decoding=\"async\" width=\"1024\" height=\"768\" src=\"https:\/\/tikowi.ch\/wp-content\/uploads\/2021\/05\/IMG_2122-1024x768.jpeg\" alt=\"\" data-id=\"5102\" data-full-url=\"https:\/\/tikowi.ch\/wp-content\/uploads\/2021\/05\/IMG_2122-scaled.jpeg\" data-link=\"https:\/\/tikowi.ch\/index.php\/the-tikowis\/woody-woodpecker\/kw-16-26-04-21\/img_2122\/\" class=\"wp-image-5102\" srcset=\"https:\/\/tikowi.ch\/wp-content\/uploads\/2021\/05\/IMG_2122-1024x768.jpeg 1024w, https:\/\/tikowi.ch\/wp-content\/uploads\/2021\/05\/IMG_2122-300x225.jpeg 300w, https:\/\/tikowi.ch\/wp-content\/uploads\/2021\/05\/IMG_2122-768x576.jpeg 768w, https:\/\/tikowi.ch\/wp-content\/uploads\/2021\/05\/IMG_2122-1536x1152.jpeg 1536w, https:\/\/tikowi.ch\/wp-content\/uploads\/2021\/05\/IMG_2122-2048x1536.jpeg 2048w, https:\/\/tikowi.ch\/wp-content\/uploads\/2021\/05\/IMG_2122-800x600.jpeg 800w, https:\/\/tikowi.ch\/wp-content\/uploads\/2021\/05\/IMG_2122-400x300.jpeg 400w\" sizes=\"(max-width: 1024px) 100vw, 1024px\" \/><figcaption class=\"blocks-gallery-item__caption\">ein zus\u00e4tzlicher P<\/figcaption><\/figure><\/li><li class=\"blocks-gallery-item\"><figure><img loading=\"lazy\" decoding=\"async\" width=\"768\" height=\"1024\" src=\"https:\/\/tikowi.ch\/wp-content\/uploads\/2021\/05\/IMG_2123-768x1024.jpeg\" alt=\"\" data-id=\"5103\" data-full-url=\"https:\/\/tikowi.ch\/wp-content\/uploads\/2021\/05\/IMG_2123-scaled.jpeg\" data-link=\"https:\/\/tikowi.ch\/index.php\/the-tikowis\/woody-woodpecker\/kw-16-26-04-21\/img_2123\/\" class=\"wp-image-5103\" srcset=\"https:\/\/tikowi.ch\/wp-content\/uploads\/2021\/05\/IMG_2123-768x1024.jpeg 768w, https:\/\/tikowi.ch\/wp-content\/uploads\/2021\/05\/IMG_2123-225x300.jpeg 225w, https:\/\/tikowi.ch\/wp-content\/uploads\/2021\/05\/IMG_2123-1152x1536.jpeg 1152w, https:\/\/tikowi.ch\/wp-content\/uploads\/2021\/05\/IMG_2123-1536x2048.jpeg 1536w, https:\/\/tikowi.ch\/wp-content\/uploads\/2021\/05\/IMG_2123-800x1067.jpeg 800w, https:\/\/tikowi.ch\/wp-content\/uploads\/2021\/05\/IMG_2123-scaled.jpeg 1920w\" sizes=\"(max-width: 768px) 100vw, 768px\" \/><figcaption class=\"blocks-gallery-item__caption\">Kellerabgang &#8211; gewesen<\/figcaption><\/figure><\/li><\/ul><\/figure>\n\n\n\n<p>Neu und etwas gew\u00f6hnungsbed\u00fcrftig ist auch der Ausblick aus meinem B\u00fcro. Gew\u00f6hnungsbed\u00fcrftig, weil die Maschine dermassen leise arbeitet, dass man bei geschlossenen Fenstern einfach nichts h\u00f6rt. Nichts.<\/p>\n\n\n\n<figure class=\"wp-block-image size-large\"><img loading=\"lazy\" decoding=\"async\" width=\"768\" height=\"1024\" src=\"https:\/\/tikowi.ch\/wp-content\/uploads\/2021\/05\/IMG_2125-768x1024.jpeg\" alt=\"\" class=\"wp-image-5104\" srcset=\"https:\/\/tikowi.ch\/wp-content\/uploads\/2021\/05\/IMG_2125-768x1024.jpeg 768w, https:\/\/tikowi.ch\/wp-content\/uploads\/2021\/05\/IMG_2125-225x300.jpeg 225w, https:\/\/tikowi.ch\/wp-content\/uploads\/2021\/05\/IMG_2125-1152x1536.jpeg 1152w, https:\/\/tikowi.ch\/wp-content\/uploads\/2021\/05\/IMG_2125-1536x2048.jpeg 1536w, https:\/\/tikowi.ch\/wp-content\/uploads\/2021\/05\/IMG_2125-800x1067.jpeg 800w, https:\/\/tikowi.ch\/wp-content\/uploads\/2021\/05\/IMG_2125-scaled.jpeg 1920w\" sizes=\"(max-width: 768px) 100vw, 768px\" \/><\/figure>\n\n\n\n<p>Leider m\u00fcssen wir uns auch von einigen so sch\u00f6n gewachsenen Bambus verabschieden. Wir retten, was zu retten ist &#8211; der Bagger gr\u00e4bt innert Sekunden den Ahorn, den Schneeball und den Hibiscus aus und l\u00e4dt ihn der Sunnegarte Mannschaft auf den Anh\u00e4nger&#8230;<\/p>\n\n\n\n<figure class=\"wp-block-gallery columns-2 is-cropped wp-block-gallery-3 is-layout-flex wp-block-gallery-is-layout-flex\"><ul class=\"blocks-gallery-grid\"><li class=\"blocks-gallery-item\"><figure><a href=\"https:\/\/tikowi.ch\/wp-content\/uploads\/2021\/05\/IMG_2127-scaled.jpeg\"><img loading=\"lazy\" decoding=\"async\" width=\"1024\" height=\"768\" src=\"https:\/\/tikowi.ch\/wp-content\/uploads\/2021\/05\/IMG_2127-1024x768.jpeg\" alt=\"\" data-id=\"5105\" data-full-url=\"https:\/\/tikowi.ch\/wp-content\/uploads\/2021\/05\/IMG_2127-scaled.jpeg\" data-link=\"https:\/\/tikowi.ch\/index.php\/the-tikowis\/woody-woodpecker\/kw-16-26-04-21\/img_2127\/\" class=\"wp-image-5105\" srcset=\"https:\/\/tikowi.ch\/wp-content\/uploads\/2021\/05\/IMG_2127-1024x768.jpeg 1024w, https:\/\/tikowi.ch\/wp-content\/uploads\/2021\/05\/IMG_2127-300x225.jpeg 300w, https:\/\/tikowi.ch\/wp-content\/uploads\/2021\/05\/IMG_2127-768x576.jpeg 768w, https:\/\/tikowi.ch\/wp-content\/uploads\/2021\/05\/IMG_2127-1536x1152.jpeg 1536w, https:\/\/tikowi.ch\/wp-content\/uploads\/2021\/05\/IMG_2127-2048x1536.jpeg 2048w, https:\/\/tikowi.ch\/wp-content\/uploads\/2021\/05\/IMG_2127-800x600.jpeg 800w, https:\/\/tikowi.ch\/wp-content\/uploads\/2021\/05\/IMG_2127-400x300.jpeg 400w\" sizes=\"(max-width: 1024px) 100vw, 1024px\" \/><\/a><\/figure><\/li><li class=\"blocks-gallery-item\"><figure><a href=\"https:\/\/tikowi.ch\/wp-content\/uploads\/2021\/05\/IMG_2134-scaled.jpeg\"><img loading=\"lazy\" decoding=\"async\" width=\"1024\" height=\"768\" src=\"https:\/\/tikowi.ch\/wp-content\/uploads\/2021\/05\/IMG_2134-1024x768.jpeg\" alt=\"\" data-id=\"5106\" data-full-url=\"https:\/\/tikowi.ch\/wp-content\/uploads\/2021\/05\/IMG_2134-scaled.jpeg\" data-link=\"https:\/\/tikowi.ch\/index.php\/the-tikowis\/woody-woodpecker\/kw-16-26-04-21\/img_2134\/\" class=\"wp-image-5106\" srcset=\"https:\/\/tikowi.ch\/wp-content\/uploads\/2021\/05\/IMG_2134-1024x768.jpeg 1024w, https:\/\/tikowi.ch\/wp-content\/uploads\/2021\/05\/IMG_2134-300x225.jpeg 300w, https:\/\/tikowi.ch\/wp-content\/uploads\/2021\/05\/IMG_2134-768x576.jpeg 768w, https:\/\/tikowi.ch\/wp-content\/uploads\/2021\/05\/IMG_2134-1536x1152.jpeg 1536w, https:\/\/tikowi.ch\/wp-content\/uploads\/2021\/05\/IMG_2134-2048x1536.jpeg 2048w, https:\/\/tikowi.ch\/wp-content\/uploads\/2021\/05\/IMG_2134-800x600.jpeg 800w, https:\/\/tikowi.ch\/wp-content\/uploads\/2021\/05\/IMG_2134-400x300.jpeg 400w\" sizes=\"(max-width: 1024px) 100vw, 1024px\" \/><\/a><figcaption class=\"blocks-gallery-item__caption\">Bye-bye Bambus &#8211; auf Wiedersehen<\/figcaption><\/figure><\/li><\/ul><\/figure>\n\n\n\n<p>Am Samstag verabschiedet sich ein erstes M\u00f6belst\u00fcck &#8211; es kommt zur Polsterin und findet hoffentlich ein gutes Pl\u00e4tzli!<\/p>\n\n\n\n<figure class=\"wp-block-image size-large\"><img loading=\"lazy\" decoding=\"async\" width=\"1024\" height=\"683\" src=\"https:\/\/tikowi.ch\/wp-content\/uploads\/2021\/05\/IMG_2087-1024x683.jpg\" alt=\"\" class=\"wp-image-5114\" srcset=\"https:\/\/tikowi.ch\/wp-content\/uploads\/2021\/05\/IMG_2087-1024x683.jpg 1024w, https:\/\/tikowi.ch\/wp-content\/uploads\/2021\/05\/IMG_2087-300x200.jpg 300w, https:\/\/tikowi.ch\/wp-content\/uploads\/2021\/05\/IMG_2087-768x512.jpg 768w, https:\/\/tikowi.ch\/wp-content\/uploads\/2021\/05\/IMG_2087-1536x1024.jpg 1536w, https:\/\/tikowi.ch\/wp-content\/uploads\/2021\/05\/IMG_2087-2048x1365.jpg 2048w, https:\/\/tikowi.ch\/wp-content\/uploads\/2021\/05\/IMG_2087-800x533.jpg 800w\" sizes=\"(max-width: 1024px) 100vw, 1024px\" \/><\/figure>\n\n\n\n<p>Weniger Freude haben wir am Kabelsalat im Garten&#8230;<\/p>\n\n\n\n<figure class=\"wp-block-gallery columns-2 is-cropped wp-block-gallery-4 is-layout-flex wp-block-gallery-is-layout-flex\"><ul class=\"blocks-gallery-grid\"><li class=\"blocks-gallery-item\"><figure><img loading=\"lazy\" decoding=\"async\" width=\"1024\" height=\"768\" src=\"https:\/\/tikowi.ch\/wp-content\/uploads\/2021\/05\/IMG_2151-1024x768.jpeg\" alt=\"\" data-id=\"5108\" data-full-url=\"https:\/\/tikowi.ch\/wp-content\/uploads\/2021\/05\/IMG_2151-scaled.jpeg\" data-link=\"https:\/\/tikowi.ch\/index.php\/the-tikowis\/woody-woodpecker\/kw-16-26-04-21\/img_2151\/\" class=\"wp-image-5108\" srcset=\"https:\/\/tikowi.ch\/wp-content\/uploads\/2021\/05\/IMG_2151-1024x768.jpeg 1024w, https:\/\/tikowi.ch\/wp-content\/uploads\/2021\/05\/IMG_2151-300x225.jpeg 300w, https:\/\/tikowi.ch\/wp-content\/uploads\/2021\/05\/IMG_2151-768x576.jpeg 768w, https:\/\/tikowi.ch\/wp-content\/uploads\/2021\/05\/IMG_2151-1536x1152.jpeg 1536w, https:\/\/tikowi.ch\/wp-content\/uploads\/2021\/05\/IMG_2151-2048x1536.jpeg 2048w, https:\/\/tikowi.ch\/wp-content\/uploads\/2021\/05\/IMG_2151-800x600.jpeg 800w, https:\/\/tikowi.ch\/wp-content\/uploads\/2021\/05\/IMG_2151-400x300.jpeg 400w\" sizes=\"(max-width: 1024px) 100vw, 1024px\" \/><\/figure><\/li><li class=\"blocks-gallery-item\"><figure><img loading=\"lazy\" decoding=\"async\" width=\"1024\" height=\"768\" src=\"https:\/\/tikowi.ch\/wp-content\/uploads\/2021\/05\/IMG_2150-1024x768.jpeg\" alt=\"\" data-id=\"5107\" data-full-url=\"https:\/\/tikowi.ch\/wp-content\/uploads\/2021\/05\/IMG_2150-scaled.jpeg\" data-link=\"https:\/\/tikowi.ch\/index.php\/the-tikowis\/woody-woodpecker\/kw-16-26-04-21\/img_2150\/\" class=\"wp-image-5107\" srcset=\"https:\/\/tikowi.ch\/wp-content\/uploads\/2021\/05\/IMG_2150-1024x768.jpeg 1024w, https:\/\/tikowi.ch\/wp-content\/uploads\/2021\/05\/IMG_2150-300x225.jpeg 300w, https:\/\/tikowi.ch\/wp-content\/uploads\/2021\/05\/IMG_2150-768x576.jpeg 768w, https:\/\/tikowi.ch\/wp-content\/uploads\/2021\/05\/IMG_2150-1536x1152.jpeg 1536w, https:\/\/tikowi.ch\/wp-content\/uploads\/2021\/05\/IMG_2150-2048x1536.jpeg 2048w, https:\/\/tikowi.ch\/wp-content\/uploads\/2021\/05\/IMG_2150-800x600.jpeg 800w, https:\/\/tikowi.ch\/wp-content\/uploads\/2021\/05\/IMG_2150-400x300.jpeg 400w\" sizes=\"(max-width: 1024px) 100vw, 1024px\" \/><figcaption class=\"blocks-gallery-item__caption\">die Wasseruhr<\/figcaption><\/figure><\/li><\/ul><\/figure>\n\n\n\n<p>Die Herrschaften von Stadtgr\u00fcn haben in unserem Restgarten einen Bew\u00e4sserungsschlauch ausgelegt. Wir hoffen mal, die Hunde zerfetzen das nicht beim Toben. <\/p>\n\n\n\n<p>Ganz ehrlich&#8230; ja, wir finden die Blutbuche auch sch\u00f6n, ja, sie ist toll, aber daf\u00fcr, dass die gute schon weit \u00fcber 2\/3 ihres erwarteten Lebens gelebt hat, schreibt uns Stadtgr\u00fcn schon ganz ordentlich viel vor&#8230;keine Tiefgarage, keine Attikawohnung, ja selbst der Weg vom Carport zur k\u00fcnftigen Haust\u00fcre darf nicht wie geplant verlaufen &#8211; der Wurzelbereich soll unangetastet bleiben&#8230; <\/p>\n","protected":false},"excerpt":{"rendered":"<p>Am Montag fr\u00fch der erste&#8230; es wird nicht der letzte sein! Auch hinterm Haus ist Action. Der Carport wird auseinander genommen. Der Carport &#171;gewesen&#187; Neu und etwas gew\u00f6hnungsbed\u00fcrftig ist auch der Ausblick aus meinem B\u00fcro. Gew\u00f6hnungsbed\u00fcrftig, weil die Maschine dermassen leise arbeitet, dass man bei geschlossenen Fenstern einfach nichts h\u00f6rt. Nichts. Leider m\u00fcssen wir uns&hellip; <br \/> <a class=\"button small blue\" href=\"https:\/\/tikowi.ch\/index.php\/the-tikowis\/woody-woodpecker\/kw-16-26-04-21\/\">Read more<\/a><\/p>\n","protected":false},"author":1,"featured_media":5041,"parent":4784,"menu_order":0,"comment_status":"closed","ping_status":"closed","template":"","meta":{"ngg_post_thumbnail":0,"footnotes":""},"class_list":["post-5037","page","type-page","status-publish","has-post-thumbnail","hentry"],"_links":{"self":[{"href":"https:\/\/tikowi.ch\/index.php\/wp-json\/wp\/v2\/pages\/5037","targetHints":{"allow":["GET"]}}],"collection":[{"href":"https:\/\/tikowi.ch\/index.php\/wp-json\/wp\/v2\/pages"}],"about":[{"href":"https:\/\/tikowi.ch\/index.php\/wp-json\/wp\/v2\/types\/page"}],"author":[{"embeddable":true,"href":"https:\/\/tikowi.ch\/index.php\/wp-json\/wp\/v2\/users\/1"}],"replies":[{"embeddable":true,"href":"https:\/\/tikowi.ch\/index.php\/wp-json\/wp\/v2\/comments?post=5037"}],"version-history":[{"count":12,"href":"https:\/\/tikowi.ch\/index.php\/wp-json\/wp\/v2\/pages\/5037\/revisions"}],"predecessor-version":[{"id":5116,"href":"https:\/\/tikowi.ch\/index.php\/wp-json\/wp\/v2\/pages\/5037\/revisions\/5116"}],"up":[{"embeddable":true,"href":"https:\/\/tikowi.ch\/index.php\/wp-json\/wp\/v2\/pages\/4784"}],"wp:featuredmedia":[{"embeddable":true,"href":"https:\/\/tikowi.ch\/index.php\/wp-json\/wp\/v2\/media\/5041"}],"wp:attachment":[{"href":"https:\/\/tikowi.ch\/index.php\/wp-json\/wp\/v2\/media?parent=5037"}],"curies":[{"name":"wp","href":"https:\/\/api.w.org\/{rel}","templated":true}]}}