{"id":5031,"date":"2021-04-26T09:51:40","date_gmt":"2021-04-26T09:51:40","guid":{"rendered":"https:\/\/tikowi.ch\/?page_id=5031"},"modified":"2021-05-09T18:57:55","modified_gmt":"2021-05-09T18:57:55","slug":"kw-12-29-03-21","status":"publish","type":"page","link":"https:\/\/tikowi.ch\/index.php\/the-tikowis\/woody-woodpecker\/kw-12-29-03-21\/","title":{"rendered":"KW 12 29.03.21"},"content":{"rendered":"\n<p>Also auf der Baustelle passiert nichts. Gar nix. Es ist die Osterwoche&#8230; immerhin l\u00e4uft hinter den Kulissen einiges. WC-Beseli und so&#8230;. komischerweise kosten selbige in selbiger Ausf\u00fchrung beim selben Anbieter f\u00fcr die Wohnung Ost und West nicht gleich viel. Komisch. Die haben vermutlich nicht mit meiner Akribie gerechnet&#8230;.<\/p>\n\n\n\n<figure class=\"wp-block-image size-large\"><img fetchpriority=\"high\" decoding=\"async\" width=\"768\" height=\"1024\" src=\"https:\/\/tikowi.ch\/wp-content\/uploads\/2021\/04\/IMG_1716-768x1024.jpeg\" alt=\"\" class=\"wp-image-4868\" srcset=\"https:\/\/tikowi.ch\/wp-content\/uploads\/2021\/04\/IMG_1716-768x1024.jpeg 768w, https:\/\/tikowi.ch\/wp-content\/uploads\/2021\/04\/IMG_1716-225x300.jpeg 225w, https:\/\/tikowi.ch\/wp-content\/uploads\/2021\/04\/IMG_1716-1152x1536.jpeg 1152w, https:\/\/tikowi.ch\/wp-content\/uploads\/2021\/04\/IMG_1716-1536x2048.jpeg 1536w, https:\/\/tikowi.ch\/wp-content\/uploads\/2021\/04\/IMG_1716-800x1067.jpeg 800w, https:\/\/tikowi.ch\/wp-content\/uploads\/2021\/04\/IMG_1716-scaled.jpeg 1920w\" sizes=\"(max-width: 768px) 100vw, 768px\" \/><\/figure>\n\n\n\n<h2 class=\"wp-block-heading\">KW 12 22.03.21 <\/h2>\n\n\n\n<p>Der Garten wirkt leer. Statt Fr\u00fchling ist \u00d6de angesagt. Und dann geht auch noch unser Schmuckst\u00fcck in die Ferien und ins Wellness nach Rickenbach &#8211; die S\u00e4ule!<\/p>\n\n\n\n<figure class=\"wp-block-gallery columns-3 wp-block-gallery-1 is-layout-flex wp-block-gallery-is-layout-flex\"><ul class=\"blocks-gallery-grid\"><li class=\"blocks-gallery-item\"><figure><img decoding=\"async\" width=\"1024\" height=\"768\" src=\"https:\/\/tikowi.ch\/wp-content\/uploads\/2021\/03\/IMG_1603-1024x768.jpeg\" alt=\"\" data-id=\"4790\" data-full-url=\"https:\/\/tikowi.ch\/wp-content\/uploads\/2021\/03\/IMG_1603-scaled.jpeg\" data-link=\"https:\/\/tikowi.ch\/index.php\/the-tikowis\/woody-woodpecker\/img_1603\/\" class=\"wp-image-4790\" srcset=\"https:\/\/tikowi.ch\/wp-content\/uploads\/2021\/03\/IMG_1603-1024x768.jpeg 1024w, https:\/\/tikowi.ch\/wp-content\/uploads\/2021\/03\/IMG_1603-300x225.jpeg 300w, https:\/\/tikowi.ch\/wp-content\/uploads\/2021\/03\/IMG_1603-768x576.jpeg 768w, https:\/\/tikowi.ch\/wp-content\/uploads\/2021\/03\/IMG_1603-1536x1152.jpeg 1536w, https:\/\/tikowi.ch\/wp-content\/uploads\/2021\/03\/IMG_1603-2048x1536.jpeg 2048w, https:\/\/tikowi.ch\/wp-content\/uploads\/2021\/03\/IMG_1603-800x600.jpeg 800w, https:\/\/tikowi.ch\/wp-content\/uploads\/2021\/03\/IMG_1603-400x300.jpeg 400w\" sizes=\"(max-width: 1024px) 100vw, 1024px\" \/><\/figure><\/li><li class=\"blocks-gallery-item\"><figure><img decoding=\"async\" width=\"1024\" height=\"768\" src=\"https:\/\/tikowi.ch\/wp-content\/uploads\/2021\/03\/IMG_1624-1024x768.jpeg\" alt=\"\" data-id=\"4793\" data-full-url=\"https:\/\/tikowi.ch\/wp-content\/uploads\/2021\/03\/IMG_1624-scaled.jpeg\" data-link=\"https:\/\/tikowi.ch\/index.php\/the-tikowis\/woody-woodpecker\/img_1624\/\" class=\"wp-image-4793\" srcset=\"https:\/\/tikowi.ch\/wp-content\/uploads\/2021\/03\/IMG_1624-1024x768.jpeg 1024w, https:\/\/tikowi.ch\/wp-content\/uploads\/2021\/03\/IMG_1624-300x225.jpeg 300w, https:\/\/tikowi.ch\/wp-content\/uploads\/2021\/03\/IMG_1624-768x576.jpeg 768w, https:\/\/tikowi.ch\/wp-content\/uploads\/2021\/03\/IMG_1624-1536x1152.jpeg 1536w, https:\/\/tikowi.ch\/wp-content\/uploads\/2021\/03\/IMG_1624-2048x1536.jpeg 2048w, https:\/\/tikowi.ch\/wp-content\/uploads\/2021\/03\/IMG_1624-800x600.jpeg 800w, https:\/\/tikowi.ch\/wp-content\/uploads\/2021\/03\/IMG_1624-400x300.jpeg 400w\" sizes=\"(max-width: 1024px) 100vw, 1024px\" \/><\/figure><\/li><li class=\"blocks-gallery-item\"><figure><img loading=\"lazy\" decoding=\"async\" width=\"1024\" height=\"768\" src=\"https:\/\/tikowi.ch\/wp-content\/uploads\/2021\/03\/66580c54-f7c6-4efa-a5a4-5638fcda6c82.jpg\" alt=\"\" data-id=\"4810\" data-full-url=\"https:\/\/tikowi.ch\/wp-content\/uploads\/2021\/03\/66580c54-f7c6-4efa-a5a4-5638fcda6c82.jpg\" data-link=\"https:\/\/tikowi.ch\/index.php\/the-tikowis\/woody-woodpecker\/66580c54-f7c6-4efa-a5a4-5638fcda6c82\/\" class=\"wp-image-4810\" srcset=\"https:\/\/tikowi.ch\/wp-content\/uploads\/2021\/03\/66580c54-f7c6-4efa-a5a4-5638fcda6c82.jpg 1024w, https:\/\/tikowi.ch\/wp-content\/uploads\/2021\/03\/66580c54-f7c6-4efa-a5a4-5638fcda6c82-300x225.jpg 300w, https:\/\/tikowi.ch\/wp-content\/uploads\/2021\/03\/66580c54-f7c6-4efa-a5a4-5638fcda6c82-768x576.jpg 768w, https:\/\/tikowi.ch\/wp-content\/uploads\/2021\/03\/66580c54-f7c6-4efa-a5a4-5638fcda6c82-800x600.jpg 800w, https:\/\/tikowi.ch\/wp-content\/uploads\/2021\/03\/66580c54-f7c6-4efa-a5a4-5638fcda6c82-400x300.jpg 400w\" sizes=\"(max-width: 1024px) 100vw, 1024px\" \/><\/figure><\/li><li class=\"blocks-gallery-item\"><figure><img loading=\"lazy\" decoding=\"async\" width=\"683\" height=\"1024\" src=\"https:\/\/tikowi.ch\/wp-content\/uploads\/2021\/03\/IMG_1353-683x1024.jpg\" alt=\"\" data-id=\"4795\" data-full-url=\"https:\/\/tikowi.ch\/wp-content\/uploads\/2021\/03\/IMG_1353-scaled.jpg\" data-link=\"https:\/\/tikowi.ch\/index.php\/the-tikowis\/woody-woodpecker\/shot-with-nomo-135-m6\/\" class=\"wp-image-4795\" srcset=\"https:\/\/tikowi.ch\/wp-content\/uploads\/2021\/03\/IMG_1353-683x1024.jpg 683w, https:\/\/tikowi.ch\/wp-content\/uploads\/2021\/03\/IMG_1353-200x300.jpg 200w, https:\/\/tikowi.ch\/wp-content\/uploads\/2021\/03\/IMG_1353-768x1152.jpg 768w, https:\/\/tikowi.ch\/wp-content\/uploads\/2021\/03\/IMG_1353-1024x1536.jpg 1024w, https:\/\/tikowi.ch\/wp-content\/uploads\/2021\/03\/IMG_1353-1366x2048.jpg 1366w, https:\/\/tikowi.ch\/wp-content\/uploads\/2021\/03\/IMG_1353-800x1200.jpg 800w, https:\/\/tikowi.ch\/wp-content\/uploads\/2021\/03\/IMG_1353-scaled.jpg 1707w\" sizes=\"(max-width: 683px) 100vw, 683px\" \/><figcaption class=\"blocks-gallery-item__caption\">Shot with NOMO 135 M6.<\/figcaption><\/figure><\/li><\/ul><\/figure>\n\n\n\n<figure class=\"wp-block-video\"><video controls src=\"https:\/\/tikowi.ch\/wp-content\/uploads\/2021\/03\/IMG_1621.mov\"><\/video><\/figure>\n\n\n\n<p>Und schwupp &#8211; schwebt sie \u00fcber dem Boden und liegt bald darauf auf dem Anh\u00e4nger.<\/p>\n\n\n\n<figure class=\"wp-block-image size-large\"><img loading=\"lazy\" decoding=\"async\" width=\"1024\" height=\"768\" src=\"https:\/\/tikowi.ch\/wp-content\/uploads\/2021\/03\/IMG_1632-1024x768.jpeg\" alt=\"\" class=\"wp-image-4815\" srcset=\"https:\/\/tikowi.ch\/wp-content\/uploads\/2021\/03\/IMG_1632-1024x768.jpeg 1024w, https:\/\/tikowi.ch\/wp-content\/uploads\/2021\/03\/IMG_1632-300x225.jpeg 300w, https:\/\/tikowi.ch\/wp-content\/uploads\/2021\/03\/IMG_1632-768x576.jpeg 768w, https:\/\/tikowi.ch\/wp-content\/uploads\/2021\/03\/IMG_1632-1536x1152.jpeg 1536w, https:\/\/tikowi.ch\/wp-content\/uploads\/2021\/03\/IMG_1632-2048x1536.jpeg 2048w, https:\/\/tikowi.ch\/wp-content\/uploads\/2021\/03\/IMG_1632-800x600.jpeg 800w, https:\/\/tikowi.ch\/wp-content\/uploads\/2021\/03\/IMG_1632-400x300.jpeg 400w\" sizes=\"(max-width: 1024px) 100vw, 1024px\" \/><figcaption>Bye-bye und bis bald!<\/figcaption><\/figure>\n\n\n\n<p>Dachten wir noch, das mit der S\u00e4ule sei das letzte Gefecht gewesen, kam beim Sonntagsznacht akut noch Hektik auf&#8230;<\/p>\n\n\n\n<figure class=\"wp-block-image size-large\"><img loading=\"lazy\" decoding=\"async\" width=\"1024\" height=\"768\" src=\"https:\/\/tikowi.ch\/wp-content\/uploads\/2021\/03\/9DE9910B-D2EC-42DD-9DE9-362981A3A647-1024x768.jpeg\" alt=\"\" class=\"wp-image-4850\" srcset=\"https:\/\/tikowi.ch\/wp-content\/uploads\/2021\/03\/9DE9910B-D2EC-42DD-9DE9-362981A3A647-1024x768.jpeg 1024w, https:\/\/tikowi.ch\/wp-content\/uploads\/2021\/03\/9DE9910B-D2EC-42DD-9DE9-362981A3A647-300x225.jpeg 300w, https:\/\/tikowi.ch\/wp-content\/uploads\/2021\/03\/9DE9910B-D2EC-42DD-9DE9-362981A3A647-768x576.jpeg 768w, https:\/\/tikowi.ch\/wp-content\/uploads\/2021\/03\/9DE9910B-D2EC-42DD-9DE9-362981A3A647-1536x1152.jpeg 1536w, https:\/\/tikowi.ch\/wp-content\/uploads\/2021\/03\/9DE9910B-D2EC-42DD-9DE9-362981A3A647-2048x1536.jpeg 2048w, https:\/\/tikowi.ch\/wp-content\/uploads\/2021\/03\/9DE9910B-D2EC-42DD-9DE9-362981A3A647-800x600.jpeg 800w, https:\/\/tikowi.ch\/wp-content\/uploads\/2021\/03\/9DE9910B-D2EC-42DD-9DE9-362981A3A647-400x300.jpeg 400w\" sizes=\"(max-width: 1024px) 100vw, 1024px\" \/><\/figure>\n\n\n\n<p>Grospapis Wildsau &#8211; mit Montageband vor 15 Jahren hingeklebt und heute Nacht mit Erics brachialer Gewalt entfernt. Erfolgreich!<\/p>\n","protected":false},"excerpt":{"rendered":"<p>Also auf der Baustelle passiert nichts. Gar nix. Es ist die Osterwoche&#8230; immerhin l\u00e4uft hinter den Kulissen einiges. WC-Beseli und so&#8230;. komischerweise kosten selbige in selbiger Ausf\u00fchrung beim selben Anbieter f\u00fcr die Wohnung Ost und West nicht gleich viel. Komisch. Die haben vermutlich nicht mit meiner Akribie gerechnet&#8230;. KW 12 22.03.21 Der Garten wirkt leer.&hellip; <br \/> <a class=\"button small blue\" href=\"https:\/\/tikowi.ch\/index.php\/the-tikowis\/woody-woodpecker\/kw-12-29-03-21\/\">Read more<\/a><\/p>\n","protected":false},"author":1,"featured_media":0,"parent":4784,"menu_order":0,"comment_status":"closed","ping_status":"closed","template":"","meta":{"ngg_post_thumbnail":0,"footnotes":""},"class_list":["post-5031","page","type-page","status-publish","hentry"],"_links":{"self":[{"href":"https:\/\/tikowi.ch\/index.php\/wp-json\/wp\/v2\/pages\/5031","targetHints":{"allow":["GET"]}}],"collection":[{"href":"https:\/\/tikowi.ch\/index.php\/wp-json\/wp\/v2\/pages"}],"about":[{"href":"https:\/\/tikowi.ch\/index.php\/wp-json\/wp\/v2\/types\/page"}],"author":[{"embeddable":true,"href":"https:\/\/tikowi.ch\/index.php\/wp-json\/wp\/v2\/users\/1"}],"replies":[{"embeddable":true,"href":"https:\/\/tikowi.ch\/index.php\/wp-json\/wp\/v2\/comments?post=5031"}],"version-history":[{"count":1,"href":"https:\/\/tikowi.ch\/index.php\/wp-json\/wp\/v2\/pages\/5031\/revisions"}],"predecessor-version":[{"id":5032,"href":"https:\/\/tikowi.ch\/index.php\/wp-json\/wp\/v2\/pages\/5031\/revisions\/5032"}],"up":[{"embeddable":true,"href":"https:\/\/tikowi.ch\/index.php\/wp-json\/wp\/v2\/pages\/4784"}],"wp:attachment":[{"href":"https:\/\/tikowi.ch\/index.php\/wp-json\/wp\/v2\/media?parent=5031"}],"curies":[{"name":"wp","href":"https:\/\/api.w.org\/{rel}","templated":true}]}}