{"id":5018,"date":"2021-04-26T09:44:28","date_gmt":"2021-04-26T09:44:28","guid":{"rendered":"https:\/\/tikowi.ch\/?page_id=5018"},"modified":"2021-05-09T18:58:33","modified_gmt":"2021-05-09T18:58:33","slug":"kw-15-12-04-21","status":"publish","type":"page","link":"https:\/\/tikowi.ch\/index.php\/the-tikowis\/woody-woodpecker\/kw-15-12-04-21\/","title":{"rendered":"KW 16 19.04.21"},"content":{"rendered":"\n<p>Die Baustelleninstallation nimmt Fahrt auf. Es muss auch einiges organisiert werden \u2013 unsere E-Autos brauchen irgendwoher Strom, die Lastwagen m\u00fcssen irgendwie in den Garten, die B\u00e4ume m\u00fcssen daher irgendwie raus und auch die Velos m\u00fcssen irgendwo Platz finden. Und der Container. Und\u2026 und\u2026.<\/p>\n\n\n\n<figure class=\"wp-block-gallery columns-2 is-cropped wp-block-gallery-1 is-layout-flex wp-block-gallery-is-layout-flex\"><ul class=\"blocks-gallery-grid\"><li class=\"blocks-gallery-item\"><figure><a href=\"https:\/\/tikowi.ch\/wp-content\/uploads\/2021\/04\/IMG_1947-scaled.jpeg\"><img fetchpriority=\"high\" decoding=\"async\" width=\"1024\" height=\"768\" src=\"https:\/\/tikowi.ch\/wp-content\/uploads\/2021\/04\/IMG_1947-1024x768.jpeg\" alt=\"\" data-id=\"5038\" data-full-url=\"https:\/\/tikowi.ch\/wp-content\/uploads\/2021\/04\/IMG_1947-scaled.jpeg\" data-link=\"https:\/\/tikowi.ch\/index.php\/the-tikowis\/woody-woodpecker\/kw-16-26-04-21\/img_1947\/\" class=\"wp-image-5038\" srcset=\"https:\/\/tikowi.ch\/wp-content\/uploads\/2021\/04\/IMG_1947-1024x768.jpeg 1024w, https:\/\/tikowi.ch\/wp-content\/uploads\/2021\/04\/IMG_1947-300x225.jpeg 300w, https:\/\/tikowi.ch\/wp-content\/uploads\/2021\/04\/IMG_1947-768x576.jpeg 768w, https:\/\/tikowi.ch\/wp-content\/uploads\/2021\/04\/IMG_1947-1536x1152.jpeg 1536w, https:\/\/tikowi.ch\/wp-content\/uploads\/2021\/04\/IMG_1947-2048x1536.jpeg 2048w, https:\/\/tikowi.ch\/wp-content\/uploads\/2021\/04\/IMG_1947-800x600.jpeg 800w, https:\/\/tikowi.ch\/wp-content\/uploads\/2021\/04\/IMG_1947-400x300.jpeg 400w\" sizes=\"(max-width: 1024px) 100vw, 1024px\" \/><\/a><figcaption class=\"blocks-gallery-item__caption\">Bye-bye Sonnensegel<\/figcaption><\/figure><\/li><li class=\"blocks-gallery-item\"><figure><a href=\"https:\/\/tikowi.ch\/wp-content\/uploads\/2021\/04\/IMG_1999-1-scaled.jpg\"><img decoding=\"async\" width=\"1024\" height=\"683\" src=\"https:\/\/tikowi.ch\/wp-content\/uploads\/2021\/04\/IMG_1999-1-1024x683.jpg\" alt=\"\" data-id=\"5039\" data-full-url=\"https:\/\/tikowi.ch\/wp-content\/uploads\/2021\/04\/IMG_1999-1-scaled.jpg\" data-link=\"https:\/\/tikowi.ch\/index.php\/the-tikowis\/woody-woodpecker\/kw-16-26-04-21\/img_1999-1\/\" class=\"wp-image-5039\" srcset=\"https:\/\/tikowi.ch\/wp-content\/uploads\/2021\/04\/IMG_1999-1-1024x683.jpg 1024w, https:\/\/tikowi.ch\/wp-content\/uploads\/2021\/04\/IMG_1999-1-300x200.jpg 300w, https:\/\/tikowi.ch\/wp-content\/uploads\/2021\/04\/IMG_1999-1-768x512.jpg 768w, https:\/\/tikowi.ch\/wp-content\/uploads\/2021\/04\/IMG_1999-1-1536x1024.jpg 1536w, https:\/\/tikowi.ch\/wp-content\/uploads\/2021\/04\/IMG_1999-1-2048x1365.jpg 2048w, https:\/\/tikowi.ch\/wp-content\/uploads\/2021\/04\/IMG_1999-1-800x533.jpg 800w\" sizes=\"(max-width: 1024px) 100vw, 1024px\" \/><\/a><figcaption class=\"blocks-gallery-item__caption\">das Baustellenkafi funktioniert<\/figcaption><\/figure><\/li><li class=\"blocks-gallery-item\"><figure><a href=\"https:\/\/tikowi.ch\/wp-content\/uploads\/2021\/04\/IMG_2001-scaled.jpg\"><img decoding=\"async\" width=\"1024\" height=\"683\" src=\"https:\/\/tikowi.ch\/wp-content\/uploads\/2021\/04\/IMG_2001-1024x683.jpg\" alt=\"\" data-id=\"5040\" data-full-url=\"https:\/\/tikowi.ch\/wp-content\/uploads\/2021\/04\/IMG_2001-scaled.jpg\" data-link=\"https:\/\/tikowi.ch\/index.php\/the-tikowis\/woody-woodpecker\/kw-16-26-04-21\/img_2001-2\/\" class=\"wp-image-5040\" srcset=\"https:\/\/tikowi.ch\/wp-content\/uploads\/2021\/04\/IMG_2001-1024x683.jpg 1024w, https:\/\/tikowi.ch\/wp-content\/uploads\/2021\/04\/IMG_2001-300x200.jpg 300w, https:\/\/tikowi.ch\/wp-content\/uploads\/2021\/04\/IMG_2001-768x512.jpg 768w, https:\/\/tikowi.ch\/wp-content\/uploads\/2021\/04\/IMG_2001-1536x1024.jpg 1536w, https:\/\/tikowi.ch\/wp-content\/uploads\/2021\/04\/IMG_2001-2048x1365.jpg 2048w, https:\/\/tikowi.ch\/wp-content\/uploads\/2021\/04\/IMG_2001-800x533.jpg 800w\" sizes=\"(max-width: 1024px) 100vw, 1024px\" \/><\/a><figcaption class=\"blocks-gallery-item__caption\">alternative Ladestation<\/figcaption><\/figure><\/li><li class=\"blocks-gallery-item\"><figure><a href=\"https:\/\/tikowi.ch\/wp-content\/uploads\/2021\/04\/IMG_2020-scaled.jpg\"><img loading=\"lazy\" decoding=\"async\" width=\"1024\" height=\"683\" src=\"https:\/\/tikowi.ch\/wp-content\/uploads\/2021\/04\/IMG_2020-1024x683.jpg\" alt=\"\" data-id=\"5043\" data-full-url=\"https:\/\/tikowi.ch\/wp-content\/uploads\/2021\/04\/IMG_2020-scaled.jpg\" data-link=\"https:\/\/tikowi.ch\/index.php\/the-tikowis\/woody-woodpecker\/kw-16-26-04-21\/img_2020\/\" class=\"wp-image-5043\" srcset=\"https:\/\/tikowi.ch\/wp-content\/uploads\/2021\/04\/IMG_2020-1024x683.jpg 1024w, https:\/\/tikowi.ch\/wp-content\/uploads\/2021\/04\/IMG_2020-300x200.jpg 300w, https:\/\/tikowi.ch\/wp-content\/uploads\/2021\/04\/IMG_2020-768x512.jpg 768w, https:\/\/tikowi.ch\/wp-content\/uploads\/2021\/04\/IMG_2020-1536x1024.jpg 1536w, https:\/\/tikowi.ch\/wp-content\/uploads\/2021\/04\/IMG_2020-2048x1365.jpg 2048w, https:\/\/tikowi.ch\/wp-content\/uploads\/2021\/04\/IMG_2020-800x533.jpg 800w\" sizes=\"(max-width: 1024px) 100vw, 1024px\" \/><\/a><figcaption class=\"blocks-gallery-item__caption\">da kommt der Baustellenzaun hin<\/figcaption><\/figure><\/li><\/ul><\/figure>\n\n\n\n<p>Auch hinterm Haus geht es rund! der Carport kommt weg und wird dem Bauinstallationsplatz und dem Kran Platz machen. Sehr sorgf\u00e4ltig wird demontiert \u2013 und aus den Resten entsteht ein supercooler Veloparkplatz!<\/p>\n\n\n\n<figure class=\"wp-block-gallery columns-2 is-cropped wp-block-gallery-2 is-layout-flex wp-block-gallery-is-layout-flex\"><ul class=\"blocks-gallery-grid\"><li class=\"blocks-gallery-item\"><figure><a href=\"https:\/\/tikowi.ch\/wp-content\/uploads\/2021\/04\/IMG_2053-scaled.jpg\"><img loading=\"lazy\" decoding=\"async\" width=\"1024\" height=\"683\" src=\"https:\/\/tikowi.ch\/wp-content\/uploads\/2021\/04\/IMG_2053-1024x683.jpg\" alt=\"\" data-id=\"5048\" data-full-url=\"https:\/\/tikowi.ch\/wp-content\/uploads\/2021\/04\/IMG_2053-scaled.jpg\" data-link=\"https:\/\/tikowi.ch\/index.php\/the-tikowis\/woody-woodpecker\/kw-16-26-04-21\/img_2053\/\" class=\"wp-image-5048\" srcset=\"https:\/\/tikowi.ch\/wp-content\/uploads\/2021\/04\/IMG_2053-1024x683.jpg 1024w, https:\/\/tikowi.ch\/wp-content\/uploads\/2021\/04\/IMG_2053-300x200.jpg 300w, https:\/\/tikowi.ch\/wp-content\/uploads\/2021\/04\/IMG_2053-768x512.jpg 768w, https:\/\/tikowi.ch\/wp-content\/uploads\/2021\/04\/IMG_2053-1536x1024.jpg 1536w, https:\/\/tikowi.ch\/wp-content\/uploads\/2021\/04\/IMG_2053-2048x1365.jpg 2048w, https:\/\/tikowi.ch\/wp-content\/uploads\/2021\/04\/IMG_2053-800x533.jpg 800w\" sizes=\"(max-width: 1024px) 100vw, 1024px\" \/><\/a><figcaption class=\"blocks-gallery-item__caption\">der Carport wird filetiert<\/figcaption><\/figure><\/li><li class=\"blocks-gallery-item\"><figure><a href=\"https:\/\/tikowi.ch\/wp-content\/uploads\/2021\/04\/IMG_2052-scaled.jpg\"><img loading=\"lazy\" decoding=\"async\" width=\"1024\" height=\"683\" src=\"https:\/\/tikowi.ch\/wp-content\/uploads\/2021\/04\/IMG_2052-1024x683.jpg\" alt=\"\" data-id=\"5047\" data-full-url=\"https:\/\/tikowi.ch\/wp-content\/uploads\/2021\/04\/IMG_2052-scaled.jpg\" data-link=\"https:\/\/tikowi.ch\/index.php\/the-tikowis\/woody-woodpecker\/kw-16-26-04-21\/img_2052\/\" class=\"wp-image-5047\" srcset=\"https:\/\/tikowi.ch\/wp-content\/uploads\/2021\/04\/IMG_2052-1024x683.jpg 1024w, https:\/\/tikowi.ch\/wp-content\/uploads\/2021\/04\/IMG_2052-300x200.jpg 300w, https:\/\/tikowi.ch\/wp-content\/uploads\/2021\/04\/IMG_2052-768x512.jpg 768w, https:\/\/tikowi.ch\/wp-content\/uploads\/2021\/04\/IMG_2052-1536x1024.jpg 1536w, https:\/\/tikowi.ch\/wp-content\/uploads\/2021\/04\/IMG_2052-2048x1365.jpg 2048w, https:\/\/tikowi.ch\/wp-content\/uploads\/2021\/04\/IMG_2052-800x533.jpg 800w\" sizes=\"(max-width: 1024px) 100vw, 1024px\" \/><\/a><figcaption class=\"blocks-gallery-item__caption\">Dachbegr\u00fcnung weg<\/figcaption><\/figure><\/li><li class=\"blocks-gallery-item\"><figure><a href=\"https:\/\/tikowi.ch\/wp-content\/uploads\/2021\/04\/IMG_2025-scaled.jpeg\"><img loading=\"lazy\" decoding=\"async\" width=\"1024\" height=\"768\" src=\"https:\/\/tikowi.ch\/wp-content\/uploads\/2021\/04\/IMG_2025-1024x768.jpeg\" alt=\"\" data-id=\"5052\" data-full-url=\"https:\/\/tikowi.ch\/wp-content\/uploads\/2021\/04\/IMG_2025-scaled.jpeg\" data-link=\"https:\/\/tikowi.ch\/index.php\/the-tikowis\/woody-woodpecker\/kw-16-26-04-21\/img_2025\/\" class=\"wp-image-5052\" srcset=\"https:\/\/tikowi.ch\/wp-content\/uploads\/2021\/04\/IMG_2025-1024x768.jpeg 1024w, https:\/\/tikowi.ch\/wp-content\/uploads\/2021\/04\/IMG_2025-300x225.jpeg 300w, https:\/\/tikowi.ch\/wp-content\/uploads\/2021\/04\/IMG_2025-768x576.jpeg 768w, https:\/\/tikowi.ch\/wp-content\/uploads\/2021\/04\/IMG_2025-1536x1152.jpeg 1536w, https:\/\/tikowi.ch\/wp-content\/uploads\/2021\/04\/IMG_2025-2048x1536.jpeg 2048w, https:\/\/tikowi.ch\/wp-content\/uploads\/2021\/04\/IMG_2025-800x600.jpeg 800w, https:\/\/tikowi.ch\/wp-content\/uploads\/2021\/04\/IMG_2025-400x300.jpeg 400w\" sizes=\"(max-width: 1024px) 100vw, 1024px\" \/><\/a><\/figure><\/li><\/ul><\/figure>\n\n\n\n<p>Es geht aber auch im Garten munter weiter. Die Baustellenzufahrt ist erstellt und -gef\u00fchlt- f\u00e4hrt der Lastwagenchauffeur durch die Kaffeetasse in der K\u00fcche. Die Spiegel sind zum Greifen nah und ein wenig komme ich mir beobachtet vor\u2026 immer sauber K\u00fcche aufr\u00e4umen, jeden Spritzer wegwischen\u2026 man weiss ja nie!<\/p>\n\n\n\n<figure class=\"wp-block-image size-large\"><img loading=\"lazy\" decoding=\"async\" width=\"1024\" height=\"768\" src=\"https:\/\/tikowi.ch\/wp-content\/uploads\/2021\/04\/IMG_1980-1024x768.jpeg\" alt=\"\" class=\"wp-image-5045\" srcset=\"https:\/\/tikowi.ch\/wp-content\/uploads\/2021\/04\/IMG_1980-1024x768.jpeg 1024w, https:\/\/tikowi.ch\/wp-content\/uploads\/2021\/04\/IMG_1980-300x225.jpeg 300w, https:\/\/tikowi.ch\/wp-content\/uploads\/2021\/04\/IMG_1980-768x576.jpeg 768w, https:\/\/tikowi.ch\/wp-content\/uploads\/2021\/04\/IMG_1980-1536x1152.jpeg 1536w, https:\/\/tikowi.ch\/wp-content\/uploads\/2021\/04\/IMG_1980-2048x1536.jpeg 2048w, https:\/\/tikowi.ch\/wp-content\/uploads\/2021\/04\/IMG_1980-800x600.jpeg 800w, https:\/\/tikowi.ch\/wp-content\/uploads\/2021\/04\/IMG_1980-400x300.jpeg 400w\" sizes=\"(max-width: 1024px) 100vw, 1024px\" \/><\/figure>\n\n\n\n<p>Im Garten geht es nach der Erstellung der Baupiste munter weiter. Magnolienbaum, Grosspapis \u201eSt\u00f6rgel\u201c, die l\u00e4ngst zu gross gewachsene Konifere, meine gehasste Eibe\u2026 alles weg.<\/p>\n\n\n\n<figure class=\"wp-block-gallery columns-2 is-cropped wp-block-gallery-3 is-layout-flex wp-block-gallery-is-layout-flex\"><ul class=\"blocks-gallery-grid\"><li class=\"blocks-gallery-item\"><figure><a href=\"https:\/\/tikowi.ch\/wp-content\/uploads\/2021\/04\/379c4198-5c2b-447a-9daa-1a389d5483a2.jpg\"><img loading=\"lazy\" decoding=\"async\" width=\"576\" height=\"1024\" src=\"https:\/\/tikowi.ch\/wp-content\/uploads\/2021\/04\/379c4198-5c2b-447a-9daa-1a389d5483a2-576x1024.jpg\" alt=\"\" data-id=\"5050\" data-full-url=\"https:\/\/tikowi.ch\/wp-content\/uploads\/2021\/04\/379c4198-5c2b-447a-9daa-1a389d5483a2.jpg\" data-link=\"https:\/\/tikowi.ch\/index.php\/the-tikowis\/woody-woodpecker\/kw-16-26-04-21\/379c4198-5c2b-447a-9daa-1a389d5483a2\/\" class=\"wp-image-5050\" srcset=\"https:\/\/tikowi.ch\/wp-content\/uploads\/2021\/04\/379c4198-5c2b-447a-9daa-1a389d5483a2-576x1024.jpg 576w, https:\/\/tikowi.ch\/wp-content\/uploads\/2021\/04\/379c4198-5c2b-447a-9daa-1a389d5483a2-169x300.jpg 169w, https:\/\/tikowi.ch\/wp-content\/uploads\/2021\/04\/379c4198-5c2b-447a-9daa-1a389d5483a2-768x1365.jpg 768w, https:\/\/tikowi.ch\/wp-content\/uploads\/2021\/04\/379c4198-5c2b-447a-9daa-1a389d5483a2-864x1536.jpg 864w, https:\/\/tikowi.ch\/wp-content\/uploads\/2021\/04\/379c4198-5c2b-447a-9daa-1a389d5483a2-800x1422.jpg 800w, https:\/\/tikowi.ch\/wp-content\/uploads\/2021\/04\/379c4198-5c2b-447a-9daa-1a389d5483a2.jpg 1080w\" sizes=\"(max-width: 576px) 100vw, 576px\" \/><\/a><figcaption class=\"blocks-gallery-item__caption\">der &#171;St\u00f6rgel&#187;<\/figcaption><\/figure><\/li><li class=\"blocks-gallery-item\"><figure><a href=\"https:\/\/tikowi.ch\/wp-content\/uploads\/2021\/04\/IMG_2010-scaled.jpeg\"><img loading=\"lazy\" decoding=\"async\" width=\"768\" height=\"1024\" src=\"https:\/\/tikowi.ch\/wp-content\/uploads\/2021\/04\/IMG_2010-768x1024.jpeg\" alt=\"\" data-id=\"5049\" data-full-url=\"https:\/\/tikowi.ch\/wp-content\/uploads\/2021\/04\/IMG_2010-scaled.jpeg\" data-link=\"https:\/\/tikowi.ch\/index.php\/the-tikowis\/woody-woodpecker\/kw-16-26-04-21\/img_2010\/\" class=\"wp-image-5049\" srcset=\"https:\/\/tikowi.ch\/wp-content\/uploads\/2021\/04\/IMG_2010-768x1024.jpeg 768w, https:\/\/tikowi.ch\/wp-content\/uploads\/2021\/04\/IMG_2010-225x300.jpeg 225w, https:\/\/tikowi.ch\/wp-content\/uploads\/2021\/04\/IMG_2010-1152x1536.jpeg 1152w, https:\/\/tikowi.ch\/wp-content\/uploads\/2021\/04\/IMG_2010-1536x2048.jpeg 1536w, https:\/\/tikowi.ch\/wp-content\/uploads\/2021\/04\/IMG_2010-800x1067.jpeg 800w, https:\/\/tikowi.ch\/wp-content\/uploads\/2021\/04\/IMG_2010-scaled.jpeg 1920w\" sizes=\"(max-width: 768px) 100vw, 768px\" \/><\/a><figcaption class=\"blocks-gallery-item__caption\">Buchsbaumreste<\/figcaption><\/figure><\/li><li class=\"blocks-gallery-item\"><figure><a href=\"https:\/\/tikowi.ch\/wp-content\/uploads\/2021\/04\/IMG_2023-scaled.jpg\"><img loading=\"lazy\" decoding=\"async\" width=\"1024\" height=\"683\" src=\"https:\/\/tikowi.ch\/wp-content\/uploads\/2021\/04\/IMG_2023-1024x683.jpg\" alt=\"\" data-id=\"5044\" data-full-url=\"https:\/\/tikowi.ch\/wp-content\/uploads\/2021\/04\/IMG_2023-scaled.jpg\" data-link=\"https:\/\/tikowi.ch\/index.php\/the-tikowis\/woody-woodpecker\/kw-16-26-04-21\/img_2023\/\" class=\"wp-image-5044\" srcset=\"https:\/\/tikowi.ch\/wp-content\/uploads\/2021\/04\/IMG_2023-1024x683.jpg 1024w, https:\/\/tikowi.ch\/wp-content\/uploads\/2021\/04\/IMG_2023-300x200.jpg 300w, https:\/\/tikowi.ch\/wp-content\/uploads\/2021\/04\/IMG_2023-768x512.jpg 768w, https:\/\/tikowi.ch\/wp-content\/uploads\/2021\/04\/IMG_2023-1536x1024.jpg 1536w, https:\/\/tikowi.ch\/wp-content\/uploads\/2021\/04\/IMG_2023-2048x1365.jpg 2048w, https:\/\/tikowi.ch\/wp-content\/uploads\/2021\/04\/IMG_2023-800x533.jpg 800w\" sizes=\"(max-width: 1024px) 100vw, 1024px\" \/><\/a><figcaption class=\"blocks-gallery-item__caption\">Magnolienbl\u00fcte &#8211; die letzte<\/figcaption><\/figure><\/li><\/ul><\/figure>\n\n\n\n<p>Und dann ist er leer, der Garten. Wir sehen ans Gericht r\u00fcber, in die Schreberg\u00e4rten gegen\u00fcber, AnnA meint, ein Vorhang w\u00e4re keine schlechte Idee\u2026 sie hat sozusagen ein B\u00fcro an \u201ebester Lage\u201c und sieht so ziemlich alles, was geht im Garten.&nbsp;<\/p>\n\n\n\n<p>AnnA und ich \u201ebegehen\u201c das Haus, visualisieren die K\u00fccheninsel, das Bad, mit der coolen Wand, wir sehen Erics Pult\u2026<\/p>\n\n\n\n<figure class=\"wp-block-gallery columns-2 is-cropped wp-block-gallery-4 is-layout-flex wp-block-gallery-is-layout-flex\"><ul class=\"blocks-gallery-grid\"><li class=\"blocks-gallery-item\"><figure><a href=\"https:\/\/tikowi.ch\/wp-content\/uploads\/2021\/04\/IMG_2024-scaled.jpeg\"><img loading=\"lazy\" decoding=\"async\" width=\"1024\" height=\"768\" src=\"https:\/\/tikowi.ch\/wp-content\/uploads\/2021\/04\/IMG_2024-1024x768.jpeg\" alt=\"\" data-id=\"5051\" data-full-url=\"https:\/\/tikowi.ch\/wp-content\/uploads\/2021\/04\/IMG_2024-scaled.jpeg\" data-link=\"https:\/\/tikowi.ch\/index.php\/the-tikowis\/woody-woodpecker\/kw-16-26-04-21\/img_2024\/\" class=\"wp-image-5051\" srcset=\"https:\/\/tikowi.ch\/wp-content\/uploads\/2021\/04\/IMG_2024-1024x768.jpeg 1024w, https:\/\/tikowi.ch\/wp-content\/uploads\/2021\/04\/IMG_2024-300x225.jpeg 300w, https:\/\/tikowi.ch\/wp-content\/uploads\/2021\/04\/IMG_2024-768x576.jpeg 768w, https:\/\/tikowi.ch\/wp-content\/uploads\/2021\/04\/IMG_2024-1536x1152.jpeg 1536w, https:\/\/tikowi.ch\/wp-content\/uploads\/2021\/04\/IMG_2024-2048x1536.jpeg 2048w, https:\/\/tikowi.ch\/wp-content\/uploads\/2021\/04\/IMG_2024-800x600.jpeg 800w, https:\/\/tikowi.ch\/wp-content\/uploads\/2021\/04\/IMG_2024-400x300.jpeg 400w\" sizes=\"(max-width: 1024px) 100vw, 1024px\" \/><\/a><figcaption class=\"blocks-gallery-item__caption\">Weitwinkelblick von der unteren Grenze<\/figcaption><\/figure><\/li><li class=\"blocks-gallery-item\"><figure><a href=\"https:\/\/tikowi.ch\/wp-content\/uploads\/2021\/04\/5bc4eb1b-0d01-4ac6-9336-ac94ca7affcc.jpg\"><img loading=\"lazy\" decoding=\"async\" width=\"768\" height=\"1024\" src=\"https:\/\/tikowi.ch\/wp-content\/uploads\/2021\/04\/5bc4eb1b-0d01-4ac6-9336-ac94ca7affcc-768x1024.jpg\" alt=\"\" data-id=\"5057\" data-full-url=\"https:\/\/tikowi.ch\/wp-content\/uploads\/2021\/04\/5bc4eb1b-0d01-4ac6-9336-ac94ca7affcc.jpg\" data-link=\"https:\/\/tikowi.ch\/index.php\/the-tikowis\/woody-woodpecker\/kw-16-26-04-21\/5bc4eb1b-0d01-4ac6-9336-ac94ca7affcc\/\" class=\"wp-image-5057\" srcset=\"https:\/\/tikowi.ch\/wp-content\/uploads\/2021\/04\/5bc4eb1b-0d01-4ac6-9336-ac94ca7affcc-768x1024.jpg 768w, https:\/\/tikowi.ch\/wp-content\/uploads\/2021\/04\/5bc4eb1b-0d01-4ac6-9336-ac94ca7affcc-225x300.jpg 225w, https:\/\/tikowi.ch\/wp-content\/uploads\/2021\/04\/5bc4eb1b-0d01-4ac6-9336-ac94ca7affcc-1152x1536.jpg 1152w, https:\/\/tikowi.ch\/wp-content\/uploads\/2021\/04\/5bc4eb1b-0d01-4ac6-9336-ac94ca7affcc-800x1067.jpg 800w, https:\/\/tikowi.ch\/wp-content\/uploads\/2021\/04\/5bc4eb1b-0d01-4ac6-9336-ac94ca7affcc.jpg 1512w\" sizes=\"(max-width: 768px) 100vw, 768px\" \/><\/a><figcaption class=\"blocks-gallery-item__caption\">Blick vom Nachbarn<\/figcaption><\/figure><\/li><\/ul><\/figure>\n\n\n\n<p>Und zu guter letzt, ganz sp\u00e4t am Freitagmittag wird auch noch der Deluxe-Velounterstand als Upcycling-Projekt des Carport gedeckt. Zugang noch etwas erschwert, aber he, Velos am Sch\u00e4rm\u00e4! was will frau mehr!<\/p>\n\n\n\n<figure class=\"wp-block-image size-large\"><img loading=\"lazy\" decoding=\"async\" width=\"1024\" height=\"768\" src=\"https:\/\/tikowi.ch\/wp-content\/uploads\/2021\/04\/IMG_2025-1024x768.jpeg\" alt=\"\" class=\"wp-image-5052\" srcset=\"https:\/\/tikowi.ch\/wp-content\/uploads\/2021\/04\/IMG_2025-1024x768.jpeg 1024w, https:\/\/tikowi.ch\/wp-content\/uploads\/2021\/04\/IMG_2025-300x225.jpeg 300w, https:\/\/tikowi.ch\/wp-content\/uploads\/2021\/04\/IMG_2025-768x576.jpeg 768w, https:\/\/tikowi.ch\/wp-content\/uploads\/2021\/04\/IMG_2025-1536x1152.jpeg 1536w, https:\/\/tikowi.ch\/wp-content\/uploads\/2021\/04\/IMG_2025-2048x1536.jpeg 2048w, https:\/\/tikowi.ch\/wp-content\/uploads\/2021\/04\/IMG_2025-800x600.jpeg 800w, https:\/\/tikowi.ch\/wp-content\/uploads\/2021\/04\/IMG_2025-400x300.jpeg 400w\" sizes=\"(max-width: 1024px) 100vw, 1024px\" \/><\/figure>\n","protected":false},"excerpt":{"rendered":"<p>Die Baustelleninstallation nimmt Fahrt auf. Es muss auch einiges organisiert werden \u2013 unsere E-Autos brauchen irgendwoher Strom, die Lastwagen m\u00fcssen irgendwie in den Garten, die B\u00e4ume m\u00fcssen daher irgendwie raus und auch die Velos m\u00fcssen irgendwo Platz finden. Und der Container. Und\u2026 und\u2026. Auch hinterm Haus geht es rund! der Carport kommt weg und wird&hellip; <br \/> <a class=\"button small blue\" href=\"https:\/\/tikowi.ch\/index.php\/the-tikowis\/woody-woodpecker\/kw-15-12-04-21\/\">Read more<\/a><\/p>\n","protected":false},"author":1,"featured_media":0,"parent":4784,"menu_order":0,"comment_status":"closed","ping_status":"closed","template":"","meta":{"ngg_post_thumbnail":0,"footnotes":""},"class_list":["post-5018","page","type-page","status-publish","hentry"],"_links":{"self":[{"href":"https:\/\/tikowi.ch\/index.php\/wp-json\/wp\/v2\/pages\/5018","targetHints":{"allow":["GET"]}}],"collection":[{"href":"https:\/\/tikowi.ch\/index.php\/wp-json\/wp\/v2\/pages"}],"about":[{"href":"https:\/\/tikowi.ch\/index.php\/wp-json\/wp\/v2\/types\/page"}],"author":[{"embeddable":true,"href":"https:\/\/tikowi.ch\/index.php\/wp-json\/wp\/v2\/users\/1"}],"replies":[{"embeddable":true,"href":"https:\/\/tikowi.ch\/index.php\/wp-json\/wp\/v2\/comments?post=5018"}],"version-history":[{"count":7,"href":"https:\/\/tikowi.ch\/index.php\/wp-json\/wp\/v2\/pages\/5018\/revisions"}],"predecessor-version":[{"id":5095,"href":"https:\/\/tikowi.ch\/index.php\/wp-json\/wp\/v2\/pages\/5018\/revisions\/5095"}],"up":[{"embeddable":true,"href":"https:\/\/tikowi.ch\/index.php\/wp-json\/wp\/v2\/pages\/4784"}],"wp:attachment":[{"href":"https:\/\/tikowi.ch\/index.php\/wp-json\/wp\/v2\/media?parent=5018"}],"curies":[{"name":"wp","href":"https:\/\/api.w.org\/{rel}","templated":true}]}}