{"id":4784,"date":"2021-03-23T13:18:20","date_gmt":"2021-03-23T13:18:20","guid":{"rendered":"https:\/\/tikowi.ch\/?page_id=4784"},"modified":"2023-01-16T16:23:43","modified_gmt":"2023-01-16T16:23:43","slug":"woody-woodpecker","status":"publish","type":"page","link":"https:\/\/tikowi.ch\/index.php\/the-tikowis\/woody-woodpecker\/","title":{"rendered":"Woody Woodpecker"},"content":{"rendered":"\n<p>Woody &#8211; das Projekt unserer Alters-WG. Entstanden aus dem Projekt &#171;Hollywood&#187;, welches von der Denkmalpflege in Grund und Boden gestampft wurde, entstanden in unz\u00e4hligen Diskussionen, Entwicklungen, aber immer mit der selben Kernidee:<\/p>\n\n\n\n<ul class=\"wp-block-list\">\n<li>wir m\u00f6chten im Quartier bleiben, auch wenn die Youngsters ausgeflogen sind<\/li>\n\n\n\n<li>wir m\u00f6chten aufs Alter kleiner werden. Weniger Gep\u00e4ck mitnehmen, einfach T\u00fcre zu und wegfahren!<\/li>\n\n\n\n<li>wir m\u00f6chten so lange, wie irgendwie m\u00f6glich daheim bleiben. Mit Lift, auf einem Stock, rollstuhlg\u00e4ngig und &#171;einfach&#187;.<\/li>\n\n\n\n<li>wir finden, die Villa muss leben, da m\u00fcssen Kinder wuseln, es muss getobt und gelebt werden &#8211; so wie wir es erleben durften. <\/li>\n<\/ul>\n\n\n\n<p>So stehen wir an der Schwelle zu einer neuen Epoche &#8211; aus unseren Kindern sind junge Erwachsene geworden, die sehr selbst\u00e4ndig und selbstbestimmt leben und wohnen und wir geniessen mehr Zweisamkeit und weniger Rest.<\/p>\n\n\n\n<p>Ein Fotor\u00fcckblick zeigt das Werden &#8211; jede Woche gibt es neue Bilder, gesammelt von Nachbarn, Familie, von oben, von rechts, von links, in guter und etwas br\u00f6seliger Qualit\u00e4t, einfach eine kleine Dokumentation. <\/p>\n\n\n\n<ul class=\"wp-block-list\">\n<li><a href=\"https:\/\/tikowi.ch\/index.php\/the-tikowis\/woody-woodpecker\/woody-april-2022\/\" data-type=\"page\" data-id=\"6651\">Bau Woody April 2022<\/a> &#8211; die Veranda endlich da! dann auch die K\u00fcche und der Verandaboden! und n\u00e4chsten Monat sollen wir umziehen<\/li>\n\n\n\n<li><a href=\"https:\/\/tikowi.ch\/index.php\/the-tikowis\/woody-woodpecker\/woody-maerz-2022\/\" data-type=\"page\" data-id=\"6576\">Bau Woody M\u00e4rz 2022<\/a> &#8211; Studiobau und Maler<\/li>\n\n\n\n<li><a href=\"https:\/\/tikowi.ch\/index.php\/the-tikowis\/woody-woodpecker\/woody-februar-2022\/\" data-type=\"page\" data-id=\"6527\">Bau Woody  Februar 2022<\/a> &#8211; Hektik bricht aus, pl\u00f6tzlich l\u00e4uft was!<\/li>\n\n\n\n<li><a href=\"https:\/\/tikowi.ch\/index.php\/the-tikowis\/woody-woodpecker\/woody-januar-2022\/\" data-type=\"page\" data-id=\"6537\">Bau Woody Januar 2022<\/a> &#8211; die Baustelle pennt<\/li>\n\n\n\n<li><a href=\"https:\/\/tikowi.ch\/index.php\/the-tikowis\/woody-woodpecker\/kw-50-52\/\" data-type=\"page\" data-id=\"6308\">KW 50-52<\/a> &#8211; erster Ap\u00e9ro bei Kerzenlicht<\/li>\n\n\n\n<li><a href=\"https:\/\/tikowi.ch\/index.php\/the-tikowis\/woody-woodpecker\/kw-49-05-12-21\/\" data-type=\"page\" data-id=\"6253\">KW 49<\/a> &#8211; wir heizen die Tropfsteinh\u00f6hle<\/li>\n\n\n\n<li><a href=\"https:\/\/tikowi.ch\/index.php\/the-tikowis\/woody-woodpecker\/kw-48-29-11-2021\/\" data-type=\"page\" data-id=\"6222\">KW 48<\/a> &#8211; Unterlagsb\u00f6den<\/li>\n\n\n\n<li><a href=\"https:\/\/tikowi.ch\/index.php\/the-tikowis\/woody-woodpecker\/kw-47-22-11-2021\/\" data-type=\"page\" data-id=\"6191\">KW 47<\/a> &#8211; Isolation \u00e0 gogo<\/li>\n\n\n\n<li><a href=\"https:\/\/tikowi.ch\/index.php\/the-tikowis\/woody-woodpecker\/kw-45-08-11-2021\/\" data-type=\"page\" data-id=\"6135\">KW 46 <\/a>&#8211; verputzt und zugespachtelt!<\/li>\n\n\n\n<li><a href=\"http:\/\/kw45\" data-type=\"URL\" data-id=\"kw45\">KW 45<\/a> &#8211; Rohre und der L\u00fcftungsschacht wird zugemauert<\/li>\n\n\n\n<li><a href=\"https:\/\/tikowi.ch\/index.php\/the-tikowis\/woody-woodpecker\/kw-44-01-11-2021\/\" data-type=\"page\" data-id=\"6099\">KW 44<\/a> &#8211; Licht wird ein Thema<\/li>\n\n\n\n<li><a href=\"https:\/\/tikowi.ch\/index.php\/the-tikowis\/woody-woodpecker\/kw-43-25-10-21\/\" data-type=\"page\" data-id=\"6080\">KW 43<\/a> &#8211; T\u00fcrzargen und jede Menge Rohre, Dr\u00e4hte und Leitungen<\/li>\n\n\n\n<li><a href=\"https:\/\/tikowi.ch\/index.php\/the-tikowis\/woody-woodpecker\/kw-42-18-10-21\/\" data-type=\"page\" data-id=\"6051\">KW 42<\/a> -fertig Villa Durchzug. Fenster gibt es und Dachpappe aufs Dach<\/li>\n\n\n\n<li><a href=\"https:\/\/tikowi.ch\/index.php\/the-tikowis\/woody-woodpecker\/kw-41-11-10-21\/\" data-type=\"page\" data-id=\"6025\">KW 41<\/a> &#8211; wir sind erleuchtet!<\/li>\n\n\n\n<li><a href=\"https:\/\/tikowi.ch\/index.php\/the-tikowis\/woody-woodpecker\/kw-40-04-10-21\/\" data-type=\"page\" data-id=\"5994\">KW 40<\/a> &#8211; neu W\u00e4nde werden aufgespitzt<\/li>\n\n\n\n<li><a href=\"https:\/\/tikowi.ch\/index.php\/the-tikowis\/woody-woodpecker\/kw-39-27-09-21\/\" data-type=\"page\" data-id=\"5958\">KW 39<\/a> &#8211; ein Kamin und Leitungen<\/li>\n\n\n\n<li><a href=\"https:\/\/tikowi.ch\/index.php\/the-tikowis\/woody-woodpecker\/kw-38-20-09-21\/\" data-type=\"page\" data-id=\"5925\">KW 38<\/a> &#8211; wir bekommen ein Dach \u00fcber dem Kopf und geniessen die Aussicht vom Dach<\/li>\n\n\n\n<li><a href=\"https:\/\/tikowi.ch\/index.php\/the-tikowis\/woody-woodpecker\/kw-36-06-09-21\/\" data-type=\"page\" data-id=\"5833\">KW 37<\/a> &#8211; finale H\u00f6he erreicht und ein famili\u00e4res Fotoshooting<\/li>\n\n\n\n<li><a href=\"https:\/\/tikowi.ch\/?page_id=5893&amp;preview=true\">KW 36<\/a> &#8211; der Liftschacht ist tiiiief und wir bekommen Seitenw\u00e4nde im Obergeschoss<\/li>\n\n\n\n<li><a href=\"https:\/\/tikowi.ch\/index.php\/the-tikowis\/woody-woodpecker\/kw-35-30-08-21\/\" data-type=\"page\" data-id=\"5802\">KW 35<\/a> &#8211; Decke ist betoniert und begehbar<\/li>\n\n\n\n<li><a href=\"https:\/\/tikowi.ch\/index.php\/the-tikowis\/woody-woodpecker\/kw-34-23-08-21\/\" data-type=\"page\" data-id=\"5775\">KW 34<\/a> &#8211; erste Decke wird geschalt<\/li>\n\n\n\n<li><a href=\"https:\/\/tikowi.ch\/index.php\/the-tikowis\/woody-woodpecker\/kw-33-16-08-21\/\" data-type=\"page\" data-id=\"5744\">KW 33<\/a> &#8211; 16.08.21. Die Aussenw\u00e4nde werden angeliefert und ein erster Besuch im Studio<\/li>\n\n\n\n<li><a href=\"https:\/\/tikowi.ch\/index.php\/the-tikowis\/woody-woodpecker\/kw-32-09-08-21\/\" data-type=\"page\" data-id=\"5714\">KW 32 <\/a>&#8211; 09.08.21 &#8211; aus 2-D-Plan wird 3-D-Raum<\/li>\n\n\n\n<li><a href=\"http:\/\/kw31\" data-type=\"URL\" data-id=\"kw31\">KW 31<\/a> &#8211; Reto zirkelt den Lastwagen hochkant in die L\u00fccke und bringt Backsteine.<\/li>\n\n\n\n<li><a href=\"https:\/\/tikowi.ch\/index.php\/the-tikowis\/woody-woodpecker\/kw-29-30\/\" data-type=\"page\" data-id=\"5610\">KW 29 &amp; 30<\/a> 19.07. &#8211; Decke \u00fcber UG<\/li>\n\n\n\n<li><a href=\"https:\/\/tikowi.ch\/index.php\/the-tikowis\/woody-woodpecker\/kw-28-12-07-21\/\" data-type=\"page\" data-id=\"5470\">KW 28, 12.07.21<\/a> &#8211; die erste Wand steht. Und es regnet VIEL!<\/li>\n\n\n\n<li><a href=\"https:\/\/tikowi.ch\/index.php\/the-tikowis\/woody-woodpecker\/kw-27-05-07-21\/\" data-type=\"page\" data-id=\"5442\">KW 27, 05.07.21 <\/a> &#8211; Bodenplatte wird gegossen. Und der EM-Final findet statt  \ud83d\ude42<\/li>\n\n\n\n<li><a href=\"https:\/\/tikowi.ch\/index.php\/the-tikowis\/woody-woodpecker\/kw-26-28-06-21\/\" data-type=\"page\" data-id=\"5415\">KW 26 28.06.21, isoliert, armiert und betoniert<\/a><\/li>\n\n\n\n<li><a href=\"https:\/\/tikowi.ch\/index.php\/the-tikowis\/woody-woodpecker\/kw-25-21-06-21\/\" data-type=\"page\" data-id=\"5371\">KW 25 21.06.21 isoliert, ged\u00e4mmt und abgedichtet<\/a><\/li>\n\n\n\n<li><a href=\"https:\/\/tikowi.ch\/index.php\/the-tikowis\/woody-woodpecker\/kw-24-14-06-21\/\" data-type=\"page\" data-id=\"5345\">KW 24 14.06.21<\/a><\/li>\n\n\n\n<li><a href=\"https:\/\/tikowi.ch\/index.php\/the-tikowis\/woody-woodpecker\/kw-23-07-06-21\/\" data-type=\"page\" data-id=\"5330\">KW 23 07.06.21<\/a><\/li>\n\n\n\n<li><a href=\"https:\/\/tikowi.ch\/index.php\/the-tikowis\/woody-woodpecker\/kw-22-31-05-21\/\" data-type=\"page\" data-id=\"5316\">KW 22 31.05.21<\/a><\/li>\n\n\n\n<li><a href=\"https:\/\/tikowi.ch\/index.php\/the-tikowis\/woody-woodpecker\/kw-21-24-05-21\/\" data-type=\"page\" data-id=\"5306\">KW 21 24.05.21<\/a><\/li>\n\n\n\n<li><a href=\"https:\/\/tikowi.ch\/index.php\/the-tikowis\/woody-woodpecker\/kw-20-17-05-21\/\" data-type=\"page\" data-id=\"5270\">KW 20 17.05.21<\/a><\/li>\n\n\n\n<li><a href=\"https:\/\/tikowi.ch\/index.php\/the-tikowis\/woody-woodpecker\/kw-19-10-05-21\/\" data-type=\"page\" data-id=\"5236\">KW 19 10.05.21<\/a><\/li>\n\n\n\n<li><a href=\"https:\/\/tikowi.ch\/index.php\/the-tikowis\/woody-woodpecker\/kw-18-03-05-21\/\" data-type=\"page\" data-id=\"5145\">KW 18 03.05.21<\/a><\/li>\n\n\n\n<li><a href=\"https:\/\/tikowi.ch\/index.php\/the-tikowis\/woody-woodpecker\/kw-16-26-04-21\/\" data-type=\"page\" data-id=\"5037\">KW 17<\/a><\/li>\n\n\n\n<li><a href=\"https:\/\/tikowi.ch\/index.php\/the-tikowis\/woody-woodpecker\/kw-15-12-04-21\/\" data-type=\"page\" data-id=\"5018\">KW 16<\/a><\/li>\n\n\n\n<li><a href=\"https:\/\/tikowi.ch\/index.php\/the-tikowis\/woody-woodpecker\/kw-15-12-04-21\/\" data-type=\"page\" data-id=\"5018\">KW 15<\/a><\/li>\n\n\n\n<li><a href=\"https:\/\/tikowi.ch\/index.php\/the-tikowis\/woody-woodpecker\/kw-14-05-04-21\/\" data-type=\"page\" data-id=\"5020\">KW14<\/a><\/li>\n\n\n\n<li><a href=\"https:\/\/tikowi.ch\/index.php\/the-tikowis\/woody-woodpecker\/kw-13-29-03-21\/\" data-type=\"page\" data-id=\"5029\">KW 13<\/a><\/li>\n\n\n\n<li><a href=\"https:\/\/tikowi.ch\/index.php\/the-tikowis\/woody-woodpecker\/kw-12-29-03-21\/\" data-type=\"page\" data-id=\"5031\">KW 12<\/a><\/li>\n\n\n\n<li><a href=\"https:\/\/tikowi.ch\/index.php\/the-tikowis\/woody-woodpecker\/kw-11-15-03-21\/\" data-type=\"page\" data-id=\"5033\">KW 11<\/a><\/li>\n<\/ul>\n","protected":false},"excerpt":{"rendered":"<p>Woody &#8211; das Projekt unserer Alters-WG. Entstanden aus dem Projekt &#171;Hollywood&#187;, welches von der Denkmalpflege in Grund und Boden gestampft wurde, entstanden in unz\u00e4hligen Diskussionen, Entwicklungen, aber immer mit der selben Kernidee: So stehen wir an der Schwelle zu einer neuen Epoche &#8211; aus unseren Kindern sind junge Erwachsene geworden, die sehr selbst\u00e4ndig und selbstbestimmt&hellip; <br \/> <a class=\"button small blue\" href=\"https:\/\/tikowi.ch\/index.php\/the-tikowis\/woody-woodpecker\/\">Read more<\/a><\/p>\n","protected":false},"author":1,"featured_media":5667,"parent":16,"menu_order":0,"comment_status":"closed","ping_status":"closed","template":"","meta":{"ngg_post_thumbnail":0,"footnotes":""},"class_list":["post-4784","page","type-page","status-publish","has-post-thumbnail","hentry"],"_links":{"self":[{"href":"https:\/\/tikowi.ch\/index.php\/wp-json\/wp\/v2\/pages\/4784","targetHints":{"allow":["GET"]}}],"collection":[{"href":"https:\/\/tikowi.ch\/index.php\/wp-json\/wp\/v2\/pages"}],"about":[{"href":"https:\/\/tikowi.ch\/index.php\/wp-json\/wp\/v2\/types\/page"}],"author":[{"embeddable":true,"href":"https:\/\/tikowi.ch\/index.php\/wp-json\/wp\/v2\/users\/1"}],"replies":[{"embeddable":true,"href":"https:\/\/tikowi.ch\/index.php\/wp-json\/wp\/v2\/comments?post=4784"}],"version-history":[{"count":63,"href":"https:\/\/tikowi.ch\/index.php\/wp-json\/wp\/v2\/pages\/4784\/revisions"}],"predecessor-version":[{"id":7663,"href":"https:\/\/tikowi.ch\/index.php\/wp-json\/wp\/v2\/pages\/4784\/revisions\/7663"}],"up":[{"embeddable":true,"href":"https:\/\/tikowi.ch\/index.php\/wp-json\/wp\/v2\/pages\/16"}],"wp:featuredmedia":[{"embeddable":true,"href":"https:\/\/tikowi.ch\/index.php\/wp-json\/wp\/v2\/media\/5667"}],"wp:attachment":[{"href":"https:\/\/tikowi.ch\/index.php\/wp-json\/wp\/v2\/media?parent=4784"}],"curies":[{"name":"wp","href":"https:\/\/api.w.org\/{rel}","templated":true}]}}